{"id":5478,"date":"2023-11-12T21:41:02","date_gmt":"2023-11-12T20:41:02","guid":{"rendered":"https:\/\/sweatrepublix.com\/fr\/product\/pantalon-de-survetement-unisexe\/"},"modified":"2023-11-13T00:33:15","modified_gmt":"2023-11-12T23:33:15","slug":"pantalon-de-survetement-unisexe","status":"publish","type":"product","link":"https:\/\/sweatrepublix.com\/fr\/product\/pantalon-de-survetement-unisexe\/","title":{"rendered":"Pantalon de surv\u00eatement unisexe"},"content":{"rendered":"<p>Pantalon de surv\u00eatement unisexe est votre nouveau favori pour faire de l&rsquo;exercice ou accommoder une tenue streetwear. La doublure en tissu et en maille r\u00e9sistante \u00e0 l&rsquo;eau vous offrent du confort, tandis que les \u00e9lastiques aux chevilles vous permettront de montrer vos coups de pied. Portez-le avec un coupe-vent pour un look et une sensation compl\u00e8tes.<\/p>\n<p>\u2022 100\u00a0% polyester<br \/>\n\u2022 Poids du tissu\u00a0:\u00a075\u00a0g\/m\u00b2 (2,21\u00a0oz\/yd\u00b2)<br \/>\n\u2022 Tissu l\u00e9ger et r\u00e9sistant \u00e0 l&rsquo;eau<br \/>\n\u2022 Doublure en maille enti\u00e8rement doubl\u00e9<br \/>\n\u2022 Coupe confortable<br \/>\n\u2022 Ceinture \u00e9lastique aux chevilles<br \/>\n\u2022 Poches zipp\u00e9es<br \/>\n\u2022 Port\u00e9 sur les hanches<br \/>\n\u2022 Produit vierge provenant de Chine<\/p>\n<p>\u2022 Tra\u00e7abilit\u00e9\u00a0:<br \/>\n&#8211; Tricotage\u00a0: Chine<br \/>\n&#8211; Teinture\u00a0: Chine<br \/>\n&#8211; Fabrication\u00a0: Lettonie<br \/>\n\u2022 Comprend 95\u00a0% de polyester recycl\u00e9<br \/>\n\u2022 Comprend 0\u00a0% de substances dangereuses<br \/>\n\u2022 Comme tous les v\u00eatements synth\u00e9tiques Cet article lib\u00e8re des microfibres en plastique dans l\u2019environnement pendant le lavage<\/p>\n","protected":false},"excerpt":{"rendered":"<p>Pantalon de surv\u00eatement unisexe est votre nouveau favori pour faire de l&rsquo;exercice ou accommoder une tenue streetwear. La doublure en tissu et en maille r\u00e9sistante \u00e0 l&rsquo;eau vous offrent du confort, tandis que les \u00e9lastiques aux chevilles vous permettront de montrer vos coups de pied. Portez-le avec un coupe-vent pour un look et une sensation [&hellip;]<\/p>\n","protected":false},"featured_media":5486,"comment_status":"open","ping_status":"closed","template":"","meta":{"site-sidebar-layout":"default","site-content-layout":"","ast-site-content-layout":"default","site-content-style":"default","site-sidebar-style":"default","ast-global-header-display":"","ast-banner-title-visibility":"","ast-main-header-display":"","ast-hfb-above-header-display":"","ast-hfb-below-header-display":"","ast-hfb-mobile-header-display":"","site-post-title":"","ast-breadcrumbs-content":"","ast-featured-img":"","footer-sml-layout":"","ast-disable-related-posts":"","theme-transparent-header-meta":"default","adv-header-id-meta":"","stick-header-meta":"","header-above-stick-meta":"","header-main-stick-meta":"","header-below-stick-meta":"","astra-migrate-meta-layouts":"set","ast-page-background-enabled":"default","ast-page-background-meta":{"desktop":{"background-color":"","background-image":"","background-repeat":"repeat","background-position":"center center","background-size":"auto","background-attachment":"scroll","background-type":"","background-media":"","overlay-type":"","overlay-color":"","overlay-opacity":"","overlay-gradient":""},"tablet":{"background-color":"","background-image":"","background-repeat":"repeat","background-position":"center center","background-size":"auto","background-attachment":"scroll","background-type":"","background-media":"","overlay-type":"","overlay-color":"","overlay-opacity":"","overlay-gradient":""},"mobile":{"background-color":"","background-image":"","background-repeat":"repeat","background-position":"center center","background-size":"auto","background-attachment":"scroll","background-type":"","background-media":"","overlay-type":"","overlay-color":"","overlay-opacity":"","overlay-gradient":""}},"ast-content-background-meta":{"desktop":{"background-color":"var(--ast-global-color-5)","background-image":"","background-repeat":"repeat","background-position":"center center","background-size":"auto","background-attachment":"scroll","background-type":"","background-media":"","overlay-type":"","overlay-color":"","overlay-opacity":"","overlay-gradient":""},"tablet":{"background-color":"var(--ast-global-color-5)","background-image":"","background-repeat":"repeat","background-position":"center center","background-size":"auto","background-attachment":"scroll","background-type":"","background-media":"","overlay-type":"","overlay-color":"","overlay-opacity":"","overlay-gradient":""},"mobile":{"background-color":"var(--ast-global-color-5)","background-image":"","background-repeat":"repeat","background-position":"center center","background-size":"auto","background-attachment":"scroll","background-type":"","background-media":"","overlay-type":"","overlay-color":"","overlay-opacity":"","overlay-gradient":""}}},"product_brand":[],"product_cat":[39,48,33,35,72,89,200],"product_tag":[],"class_list":{"0":"post-5478","1":"product","2":"type-product","3":"status-publish","4":"has-post-thumbnail","6":"product_cat-bas","7":"product_cat-bas-homme","8":"product_cat-women","9":"product_cat-men","10":"product_cat-new","11":"product_cat-unisexe","12":"product_cat-xmas","13":"desktop-align-center","14":"tablet-align-left","15":"mobile-align-left","17":"first","18":"instock","19":"taxable","20":"shipping-taxable","21":"purchasable","22":"product-type-variable"},"aioseo_notices":[],"_links":{"self":[{"href":"https:\/\/sweatrepublix.com\/fr\/wp-json\/wp\/v2\/product\/5478","targetHints":{"allow":["GET"]}}],"collection":[{"href":"https:\/\/sweatrepublix.com\/fr\/wp-json\/wp\/v2\/product"}],"about":[{"href":"https:\/\/sweatrepublix.com\/fr\/wp-json\/wp\/v2\/types\/product"}],"replies":[{"embeddable":true,"href":"https:\/\/sweatrepublix.com\/fr\/wp-json\/wp\/v2\/comments?post=5478"}],"wp:featuredmedia":[{"embeddable":true,"href":"https:\/\/sweatrepublix.com\/fr\/wp-json\/wp\/v2\/media\/5486"}],"wp:attachment":[{"href":"https:\/\/sweatrepublix.com\/fr\/wp-json\/wp\/v2\/media?parent=5478"}],"wp:term":[{"taxonomy":"product_brand","embeddable":true,"href":"https:\/\/sweatrepublix.com\/fr\/wp-json\/wp\/v2\/product_brand?post=5478"},{"taxonomy":"product_cat","embeddable":true,"href":"https:\/\/sweatrepublix.com\/fr\/wp-json\/wp\/v2\/product_cat?post=5478"},{"taxonomy":"product_tag","embeddable":true,"href":"https:\/\/sweatrepublix.com\/fr\/wp-json\/wp\/v2\/product_tag?post=5478"}],"curies":[{"name":"wp","href":"https:\/\/api.w.org\/{rel}","templated":true}]}}