{"id":5432,"date":"2023-11-12T21:35:35","date_gmt":"2023-11-12T20:35:35","guid":{"rendered":"https:\/\/sweatrepublix.com\/fr\/product\/sweat-shirt-unisexe\/"},"modified":"2023-11-13T00:24:15","modified_gmt":"2023-11-12T23:24:15","slug":"sweat-shirt-unisexe","status":"publish","type":"product","link":"https:\/\/sweatrepublix.com\/fr\/product\/sweat-shirt-unisexe\/","title":{"rendered":"Sweat-Shirt Unisexe"},"content":{"rendered":"<p>Chaque sweat-shirt imprim\u00e9 all over est coup\u00e9 avec pr\u00e9cision et cousu \u00e0 la main pour obtenir le meilleur look possible et faire ressortir le design complexe. De plus, le tissu durable avec un c\u00f4t\u00e9 au toucher sensation coton et une polaire bross\u00e9e douce \u00e0 l&rsquo;int\u00e9rieur laissent penser que ce sweat-shirt deviendra votre favori pour une longue p\u00e9riode.<\/p>\n<p>\u2022 95\u00a0%\u00a0polyester recycl\u00e9, 5\u00a0% spandex<br \/>\n\u2022 Poids du tissu (peut varier de 5\u00a0%)\u00a0:\u00a0308\u00a0g\/m\u00b2 (9,08\u00a0oz\/yd\u00b2)<br \/>\n\u2022 C\u00f4t\u00e9 doux au toucher du coton<br \/>\n\u2022 Tissu en polaire bross\u00e9 \u00e0 l&rsquo;int\u00e9rieur<br \/>\n\u2022 Coupe unisexe<br \/>\n\u2022 Coutures en surjet<\/p>\n<p>\u2022 Tra\u00e7abilit\u00e9\u00a0:<br \/>\n&#8211; Tricot : Chine<br \/>\n&#8211; Teinture : Chine<br \/>\n&#8211; Fabrication : Lettonie<br \/>\n\u2022 Contient 95\u00a0% de polyester recycl\u00e9<br \/>\n\u2022 Contient 0\u00a0% de substances dangereuses<br \/>\n\u2022 Comme tous les v\u00eatements synth\u00e9tiques Cet article lib\u00e8re des microfibres en plastique dans l\u2019environnement pendant le lavage<\/p>\n","protected":false},"excerpt":{"rendered":"<p>Chaque sweat-shirt imprim\u00e9 all over est coup\u00e9 avec pr\u00e9cision et cousu \u00e0 la main pour obtenir le meilleur look possible et faire ressortir le design complexe. De plus, le tissu durable avec un c\u00f4t\u00e9 au toucher sensation coton et une polaire bross\u00e9e douce \u00e0 l&rsquo;int\u00e9rieur laissent penser que ce sweat-shirt deviendra votre favori pour une [&hellip;]<\/p>\n","protected":false},"featured_media":5442,"comment_status":"open","ping_status":"closed","template":"","meta":{"site-sidebar-layout":"default","site-content-layout":"","ast-site-content-layout":"default","site-content-style":"default","site-sidebar-style":"default","ast-global-header-display":"","ast-banner-title-visibility":"","ast-main-header-display":"","ast-hfb-above-header-display":"","ast-hfb-below-header-display":"","ast-hfb-mobile-header-display":"","site-post-title":"","ast-breadcrumbs-content":"","ast-featured-img":"","footer-sml-layout":"","ast-disable-related-posts":"","theme-transparent-header-meta":"default","adv-header-id-meta":"","stick-header-meta":"","header-above-stick-meta":"","header-main-stick-meta":"","header-below-stick-meta":"","astra-migrate-meta-layouts":"set","ast-page-background-enabled":"default","ast-page-background-meta":{"desktop":{"background-color":"","background-image":"","background-repeat":"repeat","background-position":"center center","background-size":"auto","background-attachment":"scroll","background-type":"","background-media":"","overlay-type":"","overlay-color":"","overlay-opacity":"","overlay-gradient":""},"tablet":{"background-color":"","background-image":"","background-repeat":"repeat","background-position":"center center","background-size":"auto","background-attachment":"scroll","background-type":"","background-media":"","overlay-type":"","overlay-color":"","overlay-opacity":"","overlay-gradient":""},"mobile":{"background-color":"","background-image":"","background-repeat":"repeat","background-position":"center center","background-size":"auto","background-attachment":"scroll","background-type":"","background-media":"","overlay-type":"","overlay-color":"","overlay-opacity":"","overlay-gradient":""}},"ast-content-background-meta":{"desktop":{"background-color":"var(--ast-global-color-5)","background-image":"","background-repeat":"repeat","background-position":"center center","background-size":"auto","background-attachment":"scroll","background-type":"","background-media":"","overlay-type":"","overlay-color":"","overlay-opacity":"","overlay-gradient":""},"tablet":{"background-color":"var(--ast-global-color-5)","background-image":"","background-repeat":"repeat","background-position":"center center","background-size":"auto","background-attachment":"scroll","background-type":"","background-media":"","overlay-type":"","overlay-color":"","overlay-opacity":"","overlay-gradient":""},"mobile":{"background-color":"var(--ast-global-color-5)","background-image":"","background-repeat":"repeat","background-position":"center center","background-size":"auto","background-attachment":"scroll","background-type":"","background-media":"","overlay-type":"","overlay-color":"","overlay-opacity":"","overlay-gradient":""}}},"product_brand":[],"product_cat":[33,47,34,35,72,197,49,38,89,18,200],"product_tag":[],"class_list":{"0":"post-5432","1":"product","2":"type-product","3":"status-publish","4":"has-post-thumbnail","6":"product_cat-women","7":"product_cat-haut-hommes","8":"product_cat-haut-femmes","9":"product_cat-men","10":"product_cat-new","11":"product_cat-sweat-shirt-pulls-blousons","12":"product_cat-sweat-jacket-femme","13":"product_cat-sweatshirts-hommes","14":"product_cat-unisexe","15":"product_cat-clothing","16":"product_cat-xmas","17":"desktop-align-center","18":"tablet-align-left","19":"mobile-align-left","21":"first","22":"instock","23":"taxable","24":"shipping-taxable","25":"purchasable","26":"product-type-variable"},"aioseo_notices":[],"_links":{"self":[{"href":"https:\/\/sweatrepublix.com\/fr\/wp-json\/wp\/v2\/product\/5432","targetHints":{"allow":["GET"]}}],"collection":[{"href":"https:\/\/sweatrepublix.com\/fr\/wp-json\/wp\/v2\/product"}],"about":[{"href":"https:\/\/sweatrepublix.com\/fr\/wp-json\/wp\/v2\/types\/product"}],"replies":[{"embeddable":true,"href":"https:\/\/sweatrepublix.com\/fr\/wp-json\/wp\/v2\/comments?post=5432"}],"wp:featuredmedia":[{"embeddable":true,"href":"https:\/\/sweatrepublix.com\/fr\/wp-json\/wp\/v2\/media\/5442"}],"wp:attachment":[{"href":"https:\/\/sweatrepublix.com\/fr\/wp-json\/wp\/v2\/media?parent=5432"}],"wp:term":[{"taxonomy":"product_brand","embeddable":true,"href":"https:\/\/sweatrepublix.com\/fr\/wp-json\/wp\/v2\/product_brand?post=5432"},{"taxonomy":"product_cat","embeddable":true,"href":"https:\/\/sweatrepublix.com\/fr\/wp-json\/wp\/v2\/product_cat?post=5432"},{"taxonomy":"product_tag","embeddable":true,"href":"https:\/\/sweatrepublix.com\/fr\/wp-json\/wp\/v2\/product_tag?post=5432"}],"curies":[{"name":"wp","href":"https:\/\/api.w.org\/{rel}","templated":true}]}}