{"id":5237,"date":"2023-11-01T16:01:36","date_gmt":"2023-11-01T15:01:36","guid":{"rendered":"https:\/\/sweatrepublix.com\/fr\/product\/t-shirt-a-manches-courtes-2\/"},"modified":"2023-11-03T22:06:47","modified_gmt":"2023-11-03T21:06:47","slug":"t-shirt-a-manches-courtes-2","status":"publish","type":"product","link":"https:\/\/sweatrepublix.com\/fr\/product\/t-shirt-a-manches-courtes-2\/","title":{"rendered":"T-shirt \u00e0 Manches Courtes"},"content":{"rendered":"<p>Le coton m\u00e9lang\u00e9 cr\u00e9e un look vintage et ajust\u00e9. Et, gr\u00e2ce \u00e0 son extr\u00eame durabilit\u00e9, ce T-shirt r\u00e9siste aux lavages r\u00e9p\u00e9t\u00e9s tout en restant super confortable.<\/p>\n<ul>\n<li>Coton m\u00e9lang\u00e9 (50 % polyester \/ 25 % coton peign\u00e9 et fil\u00e9 \u00e0 l&rsquo;anneau \/ 25 % rayonne)<\/li>\n<li>Poids du tissu : 3,4 oz\/yd\u00b2 (115,3 g\/m\u00b2)<\/li>\n<li>Tissu pr\u00e9-r\u00e9tr\u00e9ci<\/li>\n<li>40 fils<\/li>\n<li>Coupe r\u00e9guli\u00e8re<\/li>\n<li>Structure \u00e0 coutures lat\u00e9rales<\/li>\n<\/ul>\n","protected":false},"excerpt":{"rendered":"<p>Le coton m\u00e9lang\u00e9 cr\u00e9e un look vintage et ajust\u00e9. Et, gr\u00e2ce \u00e0 son extr\u00eame durabilit\u00e9, ce T-shirt r\u00e9siste aux lavages r\u00e9p\u00e9t\u00e9s tout en restant super confortable. Coton m\u00e9lang\u00e9 (50 % polyester \/ 25 % coton peign\u00e9 et fil\u00e9 \u00e0 l&rsquo;anneau \/ 25 % rayonne) Poids du tissu : 3,4 oz\/yd\u00b2 (115,3 g\/m\u00b2) Tissu pr\u00e9-r\u00e9tr\u00e9ci 40 [&hellip;]<\/p>\n","protected":false},"featured_media":5289,"comment_status":"open","ping_status":"closed","template":"","meta":{"site-sidebar-layout":"default","site-content-layout":"","ast-site-content-layout":"default","site-content-style":"default","site-sidebar-style":"default","ast-global-header-display":"","ast-banner-title-visibility":"","ast-main-header-display":"","ast-hfb-above-header-display":"","ast-hfb-below-header-display":"","ast-hfb-mobile-header-display":"","site-post-title":"","ast-breadcrumbs-content":"","ast-featured-img":"","footer-sml-layout":"","ast-disable-related-posts":"","theme-transparent-header-meta":"default","adv-header-id-meta":"","stick-header-meta":"","header-above-stick-meta":"","header-main-stick-meta":"","header-below-stick-meta":"","astra-migrate-meta-layouts":"set","ast-page-background-enabled":"default","ast-page-background-meta":{"desktop":{"background-color":"","background-image":"","background-repeat":"repeat","background-position":"center center","background-size":"auto","background-attachment":"scroll","background-type":"","background-media":"","overlay-type":"","overlay-color":"","overlay-opacity":"","overlay-gradient":""},"tablet":{"background-color":"","background-image":"","background-repeat":"repeat","background-position":"center center","background-size":"auto","background-attachment":"scroll","background-type":"","background-media":"","overlay-type":"","overlay-color":"","overlay-opacity":"","overlay-gradient":""},"mobile":{"background-color":"","background-image":"","background-repeat":"repeat","background-position":"center center","background-size":"auto","background-attachment":"scroll","background-type":"","background-media":"","overlay-type":"","overlay-color":"","overlay-opacity":"","overlay-gradient":""}},"ast-content-background-meta":{"desktop":{"background-color":"var(--ast-global-color-5)","background-image":"","background-repeat":"repeat","background-position":"center center","background-size":"auto","background-attachment":"scroll","background-type":"","background-media":"","overlay-type":"","overlay-color":"","overlay-opacity":"","overlay-gradient":""},"tablet":{"background-color":"var(--ast-global-color-5)","background-image":"","background-repeat":"repeat","background-position":"center center","background-size":"auto","background-attachment":"scroll","background-type":"","background-media":"","overlay-type":"","overlay-color":"","overlay-opacity":"","overlay-gradient":""},"mobile":{"background-color":"var(--ast-global-color-5)","background-image":"","background-repeat":"repeat","background-position":"center center","background-size":"auto","background-attachment":"scroll","background-type":"","background-media":"","overlay-type":"","overlay-color":"","overlay-opacity":"","overlay-gradient":""}}},"product_brand":[],"product_cat":[177,33,47,34,35,72,45,36,195,111,89,18],"product_tag":[],"class_list":{"0":"post-5237","1":"product","2":"type-product","3":"status-publish","4":"has-post-thumbnail","6":"product_cat-collection-automne-hiver-2023","7":"product_cat-women","8":"product_cat-haut-hommes","9":"product_cat-haut-femmes","10":"product_cat-men","11":"product_cat-new","12":"product_cat-t-shirt-femmes","13":"product_cat-t-shirts-hommes","14":"product_cat-tshirts","15":"product_cat-spring_unisex","16":"product_cat-unisexe","17":"product_cat-clothing","18":"desktop-align-center","19":"tablet-align-left","20":"mobile-align-left","22":"first","23":"instock","24":"taxable","25":"shipping-taxable","26":"purchasable","27":"product-type-variable"},"aioseo_notices":[],"_links":{"self":[{"href":"https:\/\/sweatrepublix.com\/fr\/wp-json\/wp\/v2\/product\/5237","targetHints":{"allow":["GET"]}}],"collection":[{"href":"https:\/\/sweatrepublix.com\/fr\/wp-json\/wp\/v2\/product"}],"about":[{"href":"https:\/\/sweatrepublix.com\/fr\/wp-json\/wp\/v2\/types\/product"}],"replies":[{"embeddable":true,"href":"https:\/\/sweatrepublix.com\/fr\/wp-json\/wp\/v2\/comments?post=5237"}],"wp:featuredmedia":[{"embeddable":true,"href":"https:\/\/sweatrepublix.com\/fr\/wp-json\/wp\/v2\/media\/5289"}],"wp:attachment":[{"href":"https:\/\/sweatrepublix.com\/fr\/wp-json\/wp\/v2\/media?parent=5237"}],"wp:term":[{"taxonomy":"product_brand","embeddable":true,"href":"https:\/\/sweatrepublix.com\/fr\/wp-json\/wp\/v2\/product_brand?post=5237"},{"taxonomy":"product_cat","embeddable":true,"href":"https:\/\/sweatrepublix.com\/fr\/wp-json\/wp\/v2\/product_cat?post=5237"},{"taxonomy":"product_tag","embeddable":true,"href":"https:\/\/sweatrepublix.com\/fr\/wp-json\/wp\/v2\/product_tag?post=5237"}],"curies":[{"name":"wp","href":"https:\/\/api.w.org\/{rel}","templated":true}]}}