{"id":5194,"date":"2023-11-01T15:46:31","date_gmt":"2023-11-01T14:46:31","guid":{"rendered":"https:\/\/sweatrepublix.com\/fr\/product\/sweat-shirt-crop-top-death-by\/"},"modified":"2023-11-03T22:08:17","modified_gmt":"2023-11-03T21:08:17","slug":"sweat-shirt-crop-top-death-by","status":"publish","type":"product","link":"https:\/\/sweatrepublix.com\/fr\/product\/sweat-shirt-crop-top-death-by\/","title":{"rendered":"Sweat-Shirt Crop-Top Death-by"},"content":{"rendered":"<p>Saviez-vous que la mode peut aller de pair avec le confort\u00a0? Ce sweat crop-top en molleton est l\u00e0 pour le prouver. Le tissu est tr\u00e8s doux au toucher et la coupe tendance, avec son encolure c\u00f4tel\u00e9e et son ourlet brut, a l\u2019air tout droit sortie des magazines de mode.<\/p>\n<ul>\n<li>52 % coton peign\u00e9 et fil\u00e9 \u00e0 l&rsquo;anneau Airlume, 48 % polaire polyester<\/li>\n<li>Poids du tissu : 220.39 g\/m\u00b2 (6.5 oz\/yd\u00b2)<\/li>\n<li>\u00a0Corps d\u00e9coup\u00e9 \u00e0 ourlet brut<\/li>\n<li>Col rond et poignets c\u00f4tel\u00e9s<\/li>\n<li>\u00c9paules basses<\/li>\n<li>Coutures lat\u00e9rales<\/li>\n<\/ul>\n","protected":false},"excerpt":{"rendered":"<p>Saviez-vous que la mode peut aller de pair avec le confort\u00a0? Ce sweat crop-top en molleton est l\u00e0 pour le prouver. Le tissu est tr\u00e8s doux au toucher et la coupe tendance, avec son encolure c\u00f4tel\u00e9e et son ourlet brut, a l\u2019air tout droit sortie des magazines de mode. 52 % coton peign\u00e9 et fil\u00e9 [&hellip;]<\/p>\n","protected":false},"featured_media":5206,"comment_status":"open","ping_status":"closed","template":"","meta":{"site-sidebar-layout":"default","site-content-layout":"","ast-site-content-layout":"default","site-content-style":"default","site-sidebar-style":"default","ast-global-header-display":"","ast-banner-title-visibility":"","ast-main-header-display":"","ast-hfb-above-header-display":"","ast-hfb-below-header-display":"","ast-hfb-mobile-header-display":"","site-post-title":"","ast-breadcrumbs-content":"","ast-featured-img":"","footer-sml-layout":"","ast-disable-related-posts":"","theme-transparent-header-meta":"default","adv-header-id-meta":"","stick-header-meta":"","header-above-stick-meta":"","header-main-stick-meta":"","header-below-stick-meta":"","astra-migrate-meta-layouts":"set","ast-page-background-enabled":"default","ast-page-background-meta":{"desktop":{"background-color":"","background-image":"","background-repeat":"repeat","background-position":"center center","background-size":"auto","background-attachment":"scroll","background-type":"","background-media":"","overlay-type":"","overlay-color":"","overlay-opacity":"","overlay-gradient":""},"tablet":{"background-color":"","background-image":"","background-repeat":"repeat","background-position":"center center","background-size":"auto","background-attachment":"scroll","background-type":"","background-media":"","overlay-type":"","overlay-color":"","overlay-opacity":"","overlay-gradient":""},"mobile":{"background-color":"","background-image":"","background-repeat":"repeat","background-position":"center center","background-size":"auto","background-attachment":"scroll","background-type":"","background-media":"","overlay-type":"","overlay-color":"","overlay-opacity":"","overlay-gradient":""}},"ast-content-background-meta":{"desktop":{"background-color":"var(--ast-global-color-5)","background-image":"","background-repeat":"repeat","background-position":"center center","background-size":"auto","background-attachment":"scroll","background-type":"","background-media":"","overlay-type":"","overlay-color":"","overlay-opacity":"","overlay-gradient":""},"tablet":{"background-color":"var(--ast-global-color-5)","background-image":"","background-repeat":"repeat","background-position":"center center","background-size":"auto","background-attachment":"scroll","background-type":"","background-media":"","overlay-type":"","overlay-color":"","overlay-opacity":"","overlay-gradient":""},"mobile":{"background-color":"var(--ast-global-color-5)","background-image":"","background-repeat":"repeat","background-position":"center center","background-size":"auto","background-attachment":"scroll","background-type":"","background-media":"","overlay-type":"","overlay-color":"","overlay-opacity":"","overlay-gradient":""}}},"product_brand":[],"product_cat":[177,190,33,34,72,49,18],"product_tag":[],"class_list":{"0":"post-5194","1":"product","2":"type-product","3":"status-publish","4":"has-post-thumbnail","6":"product_cat-collection-automne-hiver-2023","7":"product_cat-crop-top","8":"product_cat-women","9":"product_cat-haut-femmes","10":"product_cat-new","11":"product_cat-sweat-jacket-femme","12":"product_cat-clothing","13":"desktop-align-center","14":"tablet-align-left","15":"mobile-align-left","17":"first","18":"instock","19":"taxable","20":"shipping-taxable","21":"purchasable","22":"product-type-variable"},"aioseo_notices":[],"_links":{"self":[{"href":"https:\/\/sweatrepublix.com\/fr\/wp-json\/wp\/v2\/product\/5194","targetHints":{"allow":["GET"]}}],"collection":[{"href":"https:\/\/sweatrepublix.com\/fr\/wp-json\/wp\/v2\/product"}],"about":[{"href":"https:\/\/sweatrepublix.com\/fr\/wp-json\/wp\/v2\/types\/product"}],"replies":[{"embeddable":true,"href":"https:\/\/sweatrepublix.com\/fr\/wp-json\/wp\/v2\/comments?post=5194"}],"wp:featuredmedia":[{"embeddable":true,"href":"https:\/\/sweatrepublix.com\/fr\/wp-json\/wp\/v2\/media\/5206"}],"wp:attachment":[{"href":"https:\/\/sweatrepublix.com\/fr\/wp-json\/wp\/v2\/media?parent=5194"}],"wp:term":[{"taxonomy":"product_brand","embeddable":true,"href":"https:\/\/sweatrepublix.com\/fr\/wp-json\/wp\/v2\/product_brand?post=5194"},{"taxonomy":"product_cat","embeddable":true,"href":"https:\/\/sweatrepublix.com\/fr\/wp-json\/wp\/v2\/product_cat?post=5194"},{"taxonomy":"product_tag","embeddable":true,"href":"https:\/\/sweatrepublix.com\/fr\/wp-json\/wp\/v2\/product_tag?post=5194"}],"curies":[{"name":"wp","href":"https:\/\/api.w.org\/{rel}","templated":true}]}}