{"id":4764,"date":"2023-07-03T03:21:39","date_gmt":"2023-07-03T02:21:39","guid":{"rendered":"https:\/\/sweatrepublix.com\/fr\/product\/serviette-popsicles\/"},"modified":"2023-11-04T19:31:07","modified_gmt":"2023-11-04T18:31:07","slug":"serviette-popsicles","status":"publish","type":"product","link":"https:\/\/sweatrepublix.com\/fr\/product\/serviette-popsicles\/","title":{"rendered":"Serviette Popsicles"},"content":{"rendered":"<p>Donnez \u00e0 votre salle de bains un aspect vivant et enveloppez-vous dans cette serviette aussi douce que confortable, con\u00e7ue pour la sublimation.<\/p>\n<p>\u2022 Taille unique\u00a0: 76 \u00d7 152 \u00d7 0,7 cm (30 \u00a0\u00bb x 60 \u00a0\u00bb \u00d7 0,28 \u2033)<br \/>\n\u2022 Poids du tissu : 360 g\/m\u00b2 (10,6 oz\/y\u00b2)<br \/>\n\u2022 52\u00a0% coton, 48\u00a0% polyester<br \/>\n\u2022 Fabriqu\u00e9e en Chine. Imprim\u00e9e aux \u00c9tats-Unis<br \/>\n\u2022 Impression sur une seule face<br \/>\n\u2022 La face non imprim\u00e9e est en tissu \u00e9ponge, pour une meilleure absorption<\/p>\n","protected":false},"excerpt":{"rendered":"<p>Donnez \u00e0 votre salle de bains un aspect vivant et enveloppez-vous dans cette serviette aussi douce que confortable, con\u00e7ue pour la sublimation. \u2022 Taille unique\u00a0: 76 \u00d7 152 \u00d7 0,7 cm (30 \u00a0\u00bb x 60 \u00a0\u00bb \u00d7 0,28 \u2033) \u2022 Poids du tissu : 360 g\/m\u00b2 (10,6 oz\/y\u00b2) \u2022 52\u00a0% coton, 48\u00a0% polyester \u2022 Fabriqu\u00e9e [&hellip;]<\/p>\n","protected":false},"featured_media":4765,"comment_status":"open","ping_status":"closed","template":"","meta":{"site-sidebar-layout":"default","site-content-layout":"","ast-site-content-layout":"default","site-content-style":"default","site-sidebar-style":"default","ast-global-header-display":"","ast-banner-title-visibility":"","ast-main-header-display":"","ast-hfb-above-header-display":"","ast-hfb-below-header-display":"","ast-hfb-mobile-header-display":"","site-post-title":"","ast-breadcrumbs-content":"","ast-featured-img":"","footer-sml-layout":"","ast-disable-related-posts":"","theme-transparent-header-meta":"","adv-header-id-meta":"","stick-header-meta":"","header-above-stick-meta":"","header-main-stick-meta":"","header-below-stick-meta":"","astra-migrate-meta-layouts":"default","ast-page-background-enabled":"default","ast-page-background-meta":{"desktop":{"background-color":"","background-image":"","background-repeat":"repeat","background-position":"center center","background-size":"auto","background-attachment":"scroll","background-type":"","background-media":"","overlay-type":"","overlay-color":"","overlay-opacity":"","overlay-gradient":""},"tablet":{"background-color":"","background-image":"","background-repeat":"repeat","background-position":"center center","background-size":"auto","background-attachment":"scroll","background-type":"","background-media":"","overlay-type":"","overlay-color":"","overlay-opacity":"","overlay-gradient":""},"mobile":{"background-color":"","background-image":"","background-repeat":"repeat","background-position":"center center","background-size":"auto","background-attachment":"scroll","background-type":"","background-media":"","overlay-type":"","overlay-color":"","overlay-opacity":"","overlay-gradient":""}},"ast-content-background-meta":{"desktop":{"background-color":"var(--ast-global-color-5)","background-image":"","background-repeat":"repeat","background-position":"center center","background-size":"auto","background-attachment":"scroll","background-type":"","background-media":"","overlay-type":"","overlay-color":"","overlay-opacity":"","overlay-gradient":""},"tablet":{"background-color":"var(--ast-global-color-5)","background-image":"","background-repeat":"repeat","background-position":"center center","background-size":"auto","background-attachment":"scroll","background-type":"","background-media":"","overlay-type":"","overlay-color":"","overlay-opacity":"","overlay-gradient":""},"mobile":{"background-color":"var(--ast-global-color-5)","background-image":"","background-repeat":"repeat","background-position":"center center","background-size":"auto","background-attachment":"scroll","background-type":"","background-media":"","overlay-type":"","overlay-color":"","overlay-opacity":"","overlay-gradient":""}}},"product_brand":[],"product_cat":[17,176,199,172],"product_tag":[],"class_list":{"0":"post-4764","1":"product","2":"type-product","3":"status-publish","4":"has-post-thumbnail","6":"product_cat-accessoires","7":"product_cat-popsicles","8":"product_cat-serviette-de-bain","9":"product_cat-vacances","10":"desktop-align-center","11":"tablet-align-left","12":"mobile-align-left","14":"first","15":"instock","16":"taxable","17":"shipping-taxable","18":"purchasable","19":"product-type-simple"},"aioseo_notices":[],"_links":{"self":[{"href":"https:\/\/sweatrepublix.com\/fr\/wp-json\/wp\/v2\/product\/4764","targetHints":{"allow":["GET"]}}],"collection":[{"href":"https:\/\/sweatrepublix.com\/fr\/wp-json\/wp\/v2\/product"}],"about":[{"href":"https:\/\/sweatrepublix.com\/fr\/wp-json\/wp\/v2\/types\/product"}],"replies":[{"embeddable":true,"href":"https:\/\/sweatrepublix.com\/fr\/wp-json\/wp\/v2\/comments?post=4764"}],"wp:featuredmedia":[{"embeddable":true,"href":"https:\/\/sweatrepublix.com\/fr\/wp-json\/wp\/v2\/media\/4765"}],"wp:attachment":[{"href":"https:\/\/sweatrepublix.com\/fr\/wp-json\/wp\/v2\/media?parent=4764"}],"wp:term":[{"taxonomy":"product_brand","embeddable":true,"href":"https:\/\/sweatrepublix.com\/fr\/wp-json\/wp\/v2\/product_brand?post=4764"},{"taxonomy":"product_cat","embeddable":true,"href":"https:\/\/sweatrepublix.com\/fr\/wp-json\/wp\/v2\/product_cat?post=4764"},{"taxonomy":"product_tag","embeddable":true,"href":"https:\/\/sweatrepublix.com\/fr\/wp-json\/wp\/v2\/product_tag?post=4764"}],"curies":[{"name":"wp","href":"https:\/\/api.w.org\/{rel}","templated":true}]}}