{"id":4705,"date":"2023-07-03T02:54:51","date_gmt":"2023-07-03T01:54:51","guid":{"rendered":"https:\/\/sweatrepublix.com\/fr\/product\/rash-guard-t-shirt-de-compression-popsicles\/"},"modified":"2023-11-04T19:20:45","modified_gmt":"2023-11-04T18:20:45","slug":"rash-guard-homme-popsicles","status":"publish","type":"product","link":"https:\/\/sweatrepublix.com\/fr\/product\/rash-guard-homme-popsicles\/","title":{"rendered":"Rash Guard (T-shirt de Compression) anti UV Popsicles"},"content":{"rendered":"<p>Ne laissez pas les coups de soleil, le vent, le sable ou autres \u00e9l\u00e9ments vous g\u00e2cher la journ\u00e9e\u00a0! Doux et polyvalent, ce T-shirt \u00e0 compression \u00e0 manches longues vous prot\u00e9gera pendant vos loisirs comme vos s\u00e9ances de sport. Outre sa coupe cintr\u00e9e et ses coutures plates et ergonomiques, il est un peu plus long que votre T-shirt habituel, pour plus de confort et de protection.<\/p>\n<p>\u2022 82\u00a0% polyester, 18\u00a0% \u00e9lasthanne<br \/>\n\u2022 Tissu tr\u00e8s doux, extensible dans les quatre sens, qui s&rsquo;\u00e9tire et se redresse sur les fibres transversales et longitudinales<br \/>\n\u2022 Indice SPF de plus de 50<br \/>\n\u2022 Corps et manches longs et confortables<br \/>\n\u2022 Coutures plates et surpiq\u00fbres<br \/>\n\u2022 Composants de produits vierges provenant de Chine<\/p>\n","protected":false},"excerpt":{"rendered":"<p>Ne laissez pas les coups de soleil, le vent, le sable ou autres \u00e9l\u00e9ments vous g\u00e2cher la journ\u00e9e\u00a0! Doux et polyvalent, ce T-shirt \u00e0 compression \u00e0 manches longues vous prot\u00e9gera pendant vos loisirs comme vos s\u00e9ances de sport. Outre sa coupe cintr\u00e9e et ses coutures plates et ergonomiques, il est un peu plus long que [&hellip;]<\/p>\n","protected":false},"featured_media":4715,"comment_status":"open","ping_status":"closed","template":"","meta":{"site-sidebar-layout":"default","site-content-layout":"default","ast-site-content-layout":"default","site-content-style":"default","site-sidebar-style":"default","ast-global-header-display":"","ast-banner-title-visibility":"","ast-main-header-display":"","ast-hfb-above-header-display":"","ast-hfb-below-header-display":"","ast-hfb-mobile-header-display":"","site-post-title":"","ast-breadcrumbs-content":"","ast-featured-img":"","footer-sml-layout":"","ast-disable-related-posts":"","theme-transparent-header-meta":"default","adv-header-id-meta":"","stick-header-meta":"","header-above-stick-meta":"","header-main-stick-meta":"","header-below-stick-meta":"","astra-migrate-meta-layouts":"default","ast-page-background-enabled":"default","ast-page-background-meta":{"desktop":{"background-color":"","background-image":"","background-repeat":"repeat","background-position":"center center","background-size":"auto","background-attachment":"scroll","background-type":"","background-media":"","overlay-type":"","overlay-color":"","overlay-opacity":"","overlay-gradient":""},"tablet":{"background-color":"","background-image":"","background-repeat":"repeat","background-position":"center center","background-size":"auto","background-attachment":"scroll","background-type":"","background-media":"","overlay-type":"","overlay-color":"","overlay-opacity":"","overlay-gradient":""},"mobile":{"background-color":"","background-image":"","background-repeat":"repeat","background-position":"center center","background-size":"auto","background-attachment":"scroll","background-type":"","background-media":"","overlay-type":"","overlay-color":"","overlay-opacity":"","overlay-gradient":""}},"ast-content-background-meta":{"desktop":{"background-color":"var(--ast-global-color-5)","background-image":"","background-repeat":"repeat","background-position":"center center","background-size":"auto","background-attachment":"scroll","background-type":"","background-media":"","overlay-type":"","overlay-color":"","overlay-opacity":"","overlay-gradient":""},"tablet":{"background-color":"var(--ast-global-color-5)","background-image":"","background-repeat":"repeat","background-position":"center center","background-size":"auto","background-attachment":"scroll","background-type":"","background-media":"","overlay-type":"","overlay-color":"","overlay-opacity":"","overlay-gradient":""},"mobile":{"background-color":"var(--ast-global-color-5)","background-image":"","background-repeat":"repeat","background-position":"center center","background-size":"auto","background-attachment":"scroll","background-type":"","background-media":"","overlay-type":"","overlay-color":"","overlay-opacity":"","overlay-gradient":""}}},"product_brand":[],"product_cat":[47,35,176,198,172,18],"product_tag":[],"class_list":{"0":"post-4705","1":"product","2":"type-product","3":"status-publish","4":"has-post-thumbnail","6":"product_cat-haut-hommes","7":"product_cat-men","8":"product_cat-popsicles","9":"product_cat-rashguard-haut-hommes","10":"product_cat-vacances","11":"product_cat-clothing","12":"desktop-align-center","13":"tablet-align-left","14":"mobile-align-left","16":"first","17":"instock","18":"taxable","19":"shipping-taxable","20":"purchasable","21":"product-type-variable"},"aioseo_notices":[],"_links":{"self":[{"href":"https:\/\/sweatrepublix.com\/fr\/wp-json\/wp\/v2\/product\/4705","targetHints":{"allow":["GET"]}}],"collection":[{"href":"https:\/\/sweatrepublix.com\/fr\/wp-json\/wp\/v2\/product"}],"about":[{"href":"https:\/\/sweatrepublix.com\/fr\/wp-json\/wp\/v2\/types\/product"}],"replies":[{"embeddable":true,"href":"https:\/\/sweatrepublix.com\/fr\/wp-json\/wp\/v2\/comments?post=4705"}],"wp:featuredmedia":[{"embeddable":true,"href":"https:\/\/sweatrepublix.com\/fr\/wp-json\/wp\/v2\/media\/4715"}],"wp:attachment":[{"href":"https:\/\/sweatrepublix.com\/fr\/wp-json\/wp\/v2\/media?parent=4705"}],"wp:term":[{"taxonomy":"product_brand","embeddable":true,"href":"https:\/\/sweatrepublix.com\/fr\/wp-json\/wp\/v2\/product_brand?post=4705"},{"taxonomy":"product_cat","embeddable":true,"href":"https:\/\/sweatrepublix.com\/fr\/wp-json\/wp\/v2\/product_cat?post=4705"},{"taxonomy":"product_tag","embeddable":true,"href":"https:\/\/sweatrepublix.com\/fr\/wp-json\/wp\/v2\/product_tag?post=4705"}],"curies":[{"name":"wp","href":"https:\/\/api.w.org\/{rel}","templated":true}]}}