{"id":4606,"date":"2023-07-03T02:38:07","date_gmt":"2023-07-03T01:38:07","guid":{"rendered":"https:\/\/sweatrepublix.com\/fr\/product\/swim-shorts-popsicles\/"},"modified":"2023-11-04T19:24:48","modified_gmt":"2023-11-04T18:24:48","slug":"swim-shorts-popsicles","status":"publish","type":"product","link":"https:\/\/sweatrepublix.com\/fr\/product\/swim-shorts-popsicles\/","title":{"rendered":"Swim shorts Popsicles"},"content":{"rendered":"<p>Ces maillots de bain all over homme disposent de tout ce dont vous avez besoin pour une chaude journ\u00e9e d&rsquo;\u00e9t\u00e9\u00a0: ils s\u00e8chent rapidement et sont respirants, sont dot\u00e9s de multiples poches pour vos affaires et disposent d&rsquo;une doublure int\u00e9rieure soyeuse et anti-irritations. Achetez-les d\u00e8s maintenant\u00a0!<\/p>\n<p>\u2022 Composition du tissu : (peut varier de 5 %) 91% polyester recycl\u00e9, 9% spandex<br \/>\n\u2022 Poids du tissu (peut varier de 5 %) : 174\u00a0g\/m\u00b2 (5,13\u00a0oz\/yd\u00b2)<br \/>\n\u2022 Tissu microfibre d\u00e9perlant extensible dans les quatre sens<br \/>\n\u2022 Doublure int\u00e9rieure en maille anti-chaleur<br \/>\n\u2022 Ceinture \u00e9lastique avec cordon de serrage<br \/>\n\u2022 Poches en maille<br \/>\n\u2022 Petite poche int\u00e9rieure pour les objets de valeur<br \/>\n\u2022 SPF 50+<\/p>\n","protected":false},"excerpt":{"rendered":"<p>Ces maillots de bain all over homme disposent de tout ce dont vous avez besoin pour une chaude journ\u00e9e d&rsquo;\u00e9t\u00e9\u00a0: ils s\u00e8chent rapidement et sont respirants, sont dot\u00e9s de multiples poches pour vos affaires et disposent d&rsquo;une doublure int\u00e9rieure soyeuse et anti-irritations. Achetez-les d\u00e8s maintenant\u00a0! \u2022 Composition du tissu : (peut varier de 5 %) [&hellip;]<\/p>\n","protected":false},"featured_media":4620,"comment_status":"open","ping_status":"closed","template":"","meta":{"site-sidebar-layout":"default","site-content-layout":"","ast-site-content-layout":"default","site-content-style":"default","site-sidebar-style":"default","ast-global-header-display":"","ast-banner-title-visibility":"","ast-main-header-display":"","ast-hfb-above-header-display":"","ast-hfb-below-header-display":"","ast-hfb-mobile-header-display":"","site-post-title":"","ast-breadcrumbs-content":"","ast-featured-img":"","footer-sml-layout":"","ast-disable-related-posts":"","theme-transparent-header-meta":"","adv-header-id-meta":"","stick-header-meta":"","header-above-stick-meta":"","header-main-stick-meta":"","header-below-stick-meta":"","astra-migrate-meta-layouts":"default","ast-page-background-enabled":"default","ast-page-background-meta":{"desktop":{"background-color":"","background-image":"","background-repeat":"repeat","background-position":"center center","background-size":"auto","background-attachment":"scroll","background-type":"","background-media":"","overlay-type":"","overlay-color":"","overlay-opacity":"","overlay-gradient":""},"tablet":{"background-color":"","background-image":"","background-repeat":"repeat","background-position":"center center","background-size":"auto","background-attachment":"scroll","background-type":"","background-media":"","overlay-type":"","overlay-color":"","overlay-opacity":"","overlay-gradient":""},"mobile":{"background-color":"","background-image":"","background-repeat":"repeat","background-position":"center center","background-size":"auto","background-attachment":"scroll","background-type":"","background-media":"","overlay-type":"","overlay-color":"","overlay-opacity":"","overlay-gradient":""}},"ast-content-background-meta":{"desktop":{"background-color":"var(--ast-global-color-5)","background-image":"","background-repeat":"repeat","background-position":"center center","background-size":"auto","background-attachment":"scroll","background-type":"","background-media":"","overlay-type":"","overlay-color":"","overlay-opacity":"","overlay-gradient":""},"tablet":{"background-color":"var(--ast-global-color-5)","background-image":"","background-repeat":"repeat","background-position":"center center","background-size":"auto","background-attachment":"scroll","background-type":"","background-media":"","overlay-type":"","overlay-color":"","overlay-opacity":"","overlay-gradient":""},"mobile":{"background-color":"var(--ast-global-color-5)","background-image":"","background-repeat":"repeat","background-position":"center center","background-size":"auto","background-attachment":"scroll","background-type":"","background-media":"","overlay-type":"","overlay-color":"","overlay-opacity":"","overlay-gradient":""}}},"product_brand":[],"product_cat":[48,35,176,193,172,18],"product_tag":[],"class_list":{"0":"post-4606","1":"product","2":"type-product","3":"status-publish","4":"has-post-thumbnail","6":"product_cat-bas-homme","7":"product_cat-men","8":"product_cat-popsicles","9":"product_cat-short-de-bain","10":"product_cat-vacances","11":"product_cat-clothing","12":"desktop-align-center","13":"tablet-align-left","14":"mobile-align-left","16":"first","17":"instock","18":"taxable","19":"shipping-taxable","20":"purchasable","21":"product-type-variable"},"aioseo_notices":[],"_links":{"self":[{"href":"https:\/\/sweatrepublix.com\/fr\/wp-json\/wp\/v2\/product\/4606","targetHints":{"allow":["GET"]}}],"collection":[{"href":"https:\/\/sweatrepublix.com\/fr\/wp-json\/wp\/v2\/product"}],"about":[{"href":"https:\/\/sweatrepublix.com\/fr\/wp-json\/wp\/v2\/types\/product"}],"replies":[{"embeddable":true,"href":"https:\/\/sweatrepublix.com\/fr\/wp-json\/wp\/v2\/comments?post=4606"}],"wp:featuredmedia":[{"embeddable":true,"href":"https:\/\/sweatrepublix.com\/fr\/wp-json\/wp\/v2\/media\/4620"}],"wp:attachment":[{"href":"https:\/\/sweatrepublix.com\/fr\/wp-json\/wp\/v2\/media?parent=4606"}],"wp:term":[{"taxonomy":"product_brand","embeddable":true,"href":"https:\/\/sweatrepublix.com\/fr\/wp-json\/wp\/v2\/product_brand?post=4606"},{"taxonomy":"product_cat","embeddable":true,"href":"https:\/\/sweatrepublix.com\/fr\/wp-json\/wp\/v2\/product_cat?post=4606"},{"taxonomy":"product_tag","embeddable":true,"href":"https:\/\/sweatrepublix.com\/fr\/wp-json\/wp\/v2\/product_tag?post=4606"}],"curies":[{"name":"wp","href":"https:\/\/api.w.org\/{rel}","templated":true}]}}