{"id":4543,"date":"2023-07-03T02:21:50","date_gmt":"2023-07-03T01:21:50","guid":{"rendered":"https:\/\/sweatrepublix.com\/fr\/product\/crop-top-lagoon\/"},"modified":"2023-11-04T19:29:09","modified_gmt":"2023-11-04T18:29:09","slug":"crop-top-lagoon","status":"publish","type":"product","link":"https:\/\/sweatrepublix.com\/fr\/product\/crop-top-lagoon\/","title":{"rendered":"Crop top Lagoon"},"content":{"rendered":"<p>Vous cherchez votre prochain v\u00eatement pr\u00e9f\u00e9r\u00e9\u00a0? Ne cherchez pas plus loin, ce T-shirt crop-top est fait pour vous ! Pour couronner le tout, le design original de l\u2019imprim\u00e9 int\u00e9gral vous donnera un style unique !<\/p>\n<p>\u2022 95\u00a0% polyester, 5\u00a0% \u00e9lasthanne (la composition du tissu peut varier de 1\u00a0%)<br \/>\n\u2022 Maille jersey de qualit\u00e9 sup\u00e9rieure et de poids moyen<br \/>\n\u2022 Tissu \u00e9lastique<br \/>\n\u2022 Coupe droite<\/p>\n","protected":false},"excerpt":{"rendered":"<p>Vous cherchez votre prochain v\u00eatement pr\u00e9f\u00e9r\u00e9\u00a0? Ne cherchez pas plus loin, ce T-shirt crop-top est fait pour vous ! Pour couronner le tout, le design original de l\u2019imprim\u00e9 int\u00e9gral vous donnera un style unique ! \u2022 95\u00a0% polyester, 5\u00a0% \u00e9lasthanne (la composition du tissu peut varier de 1\u00a0%) \u2022 Maille jersey de qualit\u00e9 sup\u00e9rieure et [&hellip;]<\/p>\n","protected":false},"featured_media":4553,"comment_status":"open","ping_status":"closed","template":"","meta":{"site-sidebar-layout":"default","site-content-layout":"","ast-site-content-layout":"default","site-content-style":"default","site-sidebar-style":"default","ast-global-header-display":"","ast-banner-title-visibility":"","ast-main-header-display":"","ast-hfb-above-header-display":"","ast-hfb-below-header-display":"","ast-hfb-mobile-header-display":"","site-post-title":"","ast-breadcrumbs-content":"","ast-featured-img":"","footer-sml-layout":"","ast-disable-related-posts":"","theme-transparent-header-meta":"","adv-header-id-meta":"","stick-header-meta":"","header-above-stick-meta":"","header-main-stick-meta":"","header-below-stick-meta":"","astra-migrate-meta-layouts":"default","ast-page-background-enabled":"default","ast-page-background-meta":{"desktop":{"background-color":"","background-image":"","background-repeat":"repeat","background-position":"center center","background-size":"auto","background-attachment":"scroll","background-type":"","background-media":"","overlay-type":"","overlay-color":"","overlay-opacity":"","overlay-gradient":""},"tablet":{"background-color":"","background-image":"","background-repeat":"repeat","background-position":"center center","background-size":"auto","background-attachment":"scroll","background-type":"","background-media":"","overlay-type":"","overlay-color":"","overlay-opacity":"","overlay-gradient":""},"mobile":{"background-color":"","background-image":"","background-repeat":"repeat","background-position":"center center","background-size":"auto","background-attachment":"scroll","background-type":"","background-media":"","overlay-type":"","overlay-color":"","overlay-opacity":"","overlay-gradient":""}},"ast-content-background-meta":{"desktop":{"background-color":"var(--ast-global-color-5)","background-image":"","background-repeat":"repeat","background-position":"center center","background-size":"auto","background-attachment":"scroll","background-type":"","background-media":"","overlay-type":"","overlay-color":"","overlay-opacity":"","overlay-gradient":""},"tablet":{"background-color":"var(--ast-global-color-5)","background-image":"","background-repeat":"repeat","background-position":"center center","background-size":"auto","background-attachment":"scroll","background-type":"","background-media":"","overlay-type":"","overlay-color":"","overlay-opacity":"","overlay-gradient":""},"mobile":{"background-color":"var(--ast-global-color-5)","background-image":"","background-repeat":"repeat","background-position":"center center","background-size":"auto","background-attachment":"scroll","background-type":"","background-media":"","overlay-type":"","overlay-color":"","overlay-opacity":"","overlay-gradient":""}}},"product_brand":[],"product_cat":[190,33,34,175,172,18],"product_tag":[],"class_list":{"0":"post-4543","1":"product","2":"type-product","3":"status-publish","4":"has-post-thumbnail","6":"product_cat-crop-top","7":"product_cat-women","8":"product_cat-haut-femmes","9":"product_cat-lagoon","10":"product_cat-vacances","11":"product_cat-clothing","12":"desktop-align-center","13":"tablet-align-left","14":"mobile-align-left","16":"first","17":"instock","18":"taxable","19":"shipping-taxable","20":"purchasable","21":"product-type-variable"},"aioseo_notices":[],"_links":{"self":[{"href":"https:\/\/sweatrepublix.com\/fr\/wp-json\/wp\/v2\/product\/4543","targetHints":{"allow":["GET"]}}],"collection":[{"href":"https:\/\/sweatrepublix.com\/fr\/wp-json\/wp\/v2\/product"}],"about":[{"href":"https:\/\/sweatrepublix.com\/fr\/wp-json\/wp\/v2\/types\/product"}],"replies":[{"embeddable":true,"href":"https:\/\/sweatrepublix.com\/fr\/wp-json\/wp\/v2\/comments?post=4543"}],"wp:featuredmedia":[{"embeddable":true,"href":"https:\/\/sweatrepublix.com\/fr\/wp-json\/wp\/v2\/media\/4553"}],"wp:attachment":[{"href":"https:\/\/sweatrepublix.com\/fr\/wp-json\/wp\/v2\/media?parent=4543"}],"wp:term":[{"taxonomy":"product_brand","embeddable":true,"href":"https:\/\/sweatrepublix.com\/fr\/wp-json\/wp\/v2\/product_brand?post=4543"},{"taxonomy":"product_cat","embeddable":true,"href":"https:\/\/sweatrepublix.com\/fr\/wp-json\/wp\/v2\/product_cat?post=4543"},{"taxonomy":"product_tag","embeddable":true,"href":"https:\/\/sweatrepublix.com\/fr\/wp-json\/wp\/v2\/product_tag?post=4543"}],"curies":[{"name":"wp","href":"https:\/\/api.w.org\/{rel}","templated":true}]}}