{"id":4404,"date":"2023-07-03T01:49:09","date_gmt":"2023-07-03T00:49:09","guid":{"rendered":"https:\/\/sweatrepublix.com\/fr\/product\/bikini-taille-haute-lagoon\/"},"modified":"2023-11-04T19:12:59","modified_gmt":"2023-11-04T18:12:59","slug":"bikini-lagoon","status":"publish","type":"product","link":"https:\/\/sweatrepublix.com\/fr\/product\/bikini-lagoon\/","title":{"rendered":"Bikini taille haute Lagoon"},"content":{"rendered":"<p>C&rsquo;est trop facile de tomber amoureux de ce maillot. Les coussinets amovibles et sa double \u00e9paisseur le rendent confortable \u00e0 porter toute la journ\u00e9e au bord de la piscine ou \u00e0 la plage.<\/p>\n<p>\u2022 Composition du tissu dans l&rsquo;UE\u00a0: 88\u00a0% polyester recycl\u00e9, 12\u00a0% \u00e9lasthanne<br \/>\n\u2022 Poids du tissu dans l&rsquo;UE\u00a0: 230 g\/m\u00b2 (192,21 g\/yd\u00b2), le poids peut varier de 5 %<br \/>\n\u2022 Composition du tissu au Mexique\u00a0: 81\u00a0% polyester recycl\u00e9 REPREVE, 19\u00a0% LYCRA XTRALIFE <br \/>\n\u2022 Poids du tissu au Mexique\u00a0: 255g\/m\u00b2 (213,19 g\/yd\u00b2)<br \/>\n\u2022 Double \u00e9paisseur et non-r\u00e9versible<br \/>\n\u2022 Rembourrage amovible<br \/>\n\u2022 \u00c9tiquette d&rsquo;entretien d\u00e9tachable <br \/>\n\u2022 Couture en zig-zag<br \/>\n\u2022 Composants de produits vierges dans l&rsquo;UE provenant d&rsquo;Espagne, d&rsquo;Allemagne, de Ta\u00efwan, du Vietnam, du Cambodge et de Lituanie<br \/>\n\u2022 Composants de produits vierges au Mexique provenant de Colombie, de Ta\u00efwan et de Chine<\/p>\n","protected":false},"excerpt":{"rendered":"<p>C&rsquo;est trop facile de tomber amoureux de ce maillot. Les coussinets amovibles et sa double \u00e9paisseur le rendent confortable \u00e0 porter toute la journ\u00e9e au bord de la piscine ou \u00e0 la plage. \u2022 Composition du tissu dans l&rsquo;UE\u00a0: 88\u00a0% polyester recycl\u00e9, 12\u00a0% \u00e9lasthanne \u2022 Poids du tissu dans l&rsquo;UE\u00a0: 230 g\/m\u00b2 (192,21 g\/yd\u00b2), le [&hellip;]<\/p>\n","protected":false},"featured_media":4414,"comment_status":"open","ping_status":"closed","template":"","meta":{"site-sidebar-layout":"default","site-content-layout":"default","ast-site-content-layout":"default","site-content-style":"default","site-sidebar-style":"default","ast-global-header-display":"","ast-banner-title-visibility":"","ast-main-header-display":"","ast-hfb-above-header-display":"","ast-hfb-below-header-display":"","ast-hfb-mobile-header-display":"","site-post-title":"","ast-breadcrumbs-content":"","ast-featured-img":"","footer-sml-layout":"","ast-disable-related-posts":"","theme-transparent-header-meta":"default","adv-header-id-meta":"","stick-header-meta":"","header-above-stick-meta":"","header-main-stick-meta":"","header-below-stick-meta":"","astra-migrate-meta-layouts":"default","ast-page-background-enabled":"default","ast-page-background-meta":{"desktop":{"background-color":"","background-image":"","background-repeat":"repeat","background-position":"center center","background-size":"auto","background-attachment":"scroll","background-type":"","background-media":"","overlay-type":"","overlay-color":"","overlay-opacity":"","overlay-gradient":""},"tablet":{"background-color":"","background-image":"","background-repeat":"repeat","background-position":"center center","background-size":"auto","background-attachment":"scroll","background-type":"","background-media":"","overlay-type":"","overlay-color":"","overlay-opacity":"","overlay-gradient":""},"mobile":{"background-color":"","background-image":"","background-repeat":"repeat","background-position":"center center","background-size":"auto","background-attachment":"scroll","background-type":"","background-media":"","overlay-type":"","overlay-color":"","overlay-opacity":"","overlay-gradient":""}},"ast-content-background-meta":{"desktop":{"background-color":"var(--ast-global-color-5)","background-image":"","background-repeat":"repeat","background-position":"center center","background-size":"auto","background-attachment":"scroll","background-type":"","background-media":"","overlay-type":"","overlay-color":"","overlay-opacity":"","overlay-gradient":""},"tablet":{"background-color":"var(--ast-global-color-5)","background-image":"","background-repeat":"repeat","background-position":"center center","background-size":"auto","background-attachment":"scroll","background-type":"","background-media":"","overlay-type":"","overlay-color":"","overlay-opacity":"","overlay-gradient":""},"mobile":{"background-color":"var(--ast-global-color-5)","background-image":"","background-repeat":"repeat","background-position":"center center","background-size":"auto","background-attachment":"scroll","background-type":"","background-media":"","overlay-type":"","overlay-color":"","overlay-opacity":"","overlay-gradient":""}}},"product_brand":[],"product_cat":[154,33,175,187,172,18],"product_tag":[],"class_list":{"0":"post-4404","1":"product","2":"type-product","3":"status-publish","4":"has-post-thumbnail","6":"product_cat-bikini","7":"product_cat-women","8":"product_cat-lagoon","9":"product_cat-swimsuits","10":"product_cat-vacances","11":"product_cat-clothing","12":"desktop-align-center","13":"tablet-align-left","14":"mobile-align-left","16":"first","17":"instock","18":"taxable","19":"shipping-taxable","20":"purchasable","21":"product-type-variable"},"aioseo_notices":[],"_links":{"self":[{"href":"https:\/\/sweatrepublix.com\/fr\/wp-json\/wp\/v2\/product\/4404","targetHints":{"allow":["GET"]}}],"collection":[{"href":"https:\/\/sweatrepublix.com\/fr\/wp-json\/wp\/v2\/product"}],"about":[{"href":"https:\/\/sweatrepublix.com\/fr\/wp-json\/wp\/v2\/types\/product"}],"replies":[{"embeddable":true,"href":"https:\/\/sweatrepublix.com\/fr\/wp-json\/wp\/v2\/comments?post=4404"}],"wp:featuredmedia":[{"embeddable":true,"href":"https:\/\/sweatrepublix.com\/fr\/wp-json\/wp\/v2\/media\/4414"}],"wp:attachment":[{"href":"https:\/\/sweatrepublix.com\/fr\/wp-json\/wp\/v2\/media?parent=4404"}],"wp:term":[{"taxonomy":"product_brand","embeddable":true,"href":"https:\/\/sweatrepublix.com\/fr\/wp-json\/wp\/v2\/product_brand?post=4404"},{"taxonomy":"product_cat","embeddable":true,"href":"https:\/\/sweatrepublix.com\/fr\/wp-json\/wp\/v2\/product_cat?post=4404"},{"taxonomy":"product_tag","embeddable":true,"href":"https:\/\/sweatrepublix.com\/fr\/wp-json\/wp\/v2\/product_tag?post=4404"}],"curies":[{"name":"wp","href":"https:\/\/api.w.org\/{rel}","templated":true}]}}