{"id":4280,"date":"2023-07-03T01:25:45","date_gmt":"2023-07-03T00:25:45","guid":{"rendered":"https:\/\/sweatrepublix.com\/fr\/product\/maillot-de-basket-recycle-all-over\/"},"modified":"2023-11-04T19:21:43","modified_gmt":"2023-11-04T18:21:43","slug":"maillot-basket-sunset","status":"publish","type":"product","link":"https:\/\/sweatrepublix.com\/fr\/product\/maillot-basket-sunset\/","title":{"rendered":"Maillot de basket All over print Unisexe Sunset"},"content":{"rendered":"<p>Maillot de basket recycl\u00e9 All over print Unisexe <br \/> Vous cherchez un maillot de basket-ball qui permettra de passer au niveau sup\u00e9rieur\u00a0? Ne cherchez plus\u00a0! Fabriqu\u00e9 en polyester recycl\u00e9, ce maillot haute technologie est con\u00e7u pour que vous soyez au frais et au sec, m\u00eame dans la chaleur de la comp\u00e9tition. Portez-le comme une pi\u00e8ce de streetwear et faites tourner les t\u00eates sur le terrain et en dehors.<\/p>\n<p>\u2022 100\u00a0% polyester recycl\u00e9<br \/>\n\u2022 Poids du tissu\u00a0:\u00a0160\u00a0g\/m\u00b2 (4,7\u00a0oz\/yd\u00b2)<br \/>\n\u2022 Tissu extensible dans les deux directions<br \/>\n\u2022 Mat\u00e9riau \u00e9vacuant l&rsquo;humidit\u00e9<br \/>\n\u2022 Coupe droite<br \/>\n\u2022 Protection UPF50+<br \/>\n\u2022 Panneaux lat\u00e9raux qui peuvent \u00eatre dessin\u00e9s<br \/>\n\u2022 Le tissu est certifi\u00e9 OEKO-TEX\u00a0100 et GRS (Global Recycled Standard)<\/p>\n","protected":false},"excerpt":{"rendered":"<p>Maillot de basket recycl\u00e9 All over print Unisexe Vous cherchez un maillot de basket-ball qui permettra de passer au niveau sup\u00e9rieur\u00a0? Ne cherchez plus\u00a0! Fabriqu\u00e9 en polyester recycl\u00e9, ce maillot haute technologie est con\u00e7u pour que vous soyez au frais et au sec, m\u00eame dans la chaleur de la comp\u00e9tition. Portez-le comme une pi\u00e8ce de [&hellip;]<\/p>\n","protected":false},"featured_media":4292,"comment_status":"open","ping_status":"closed","template":"","meta":{"site-sidebar-layout":"default","site-content-layout":"default","ast-site-content-layout":"default","site-content-style":"default","site-sidebar-style":"default","ast-global-header-display":"","ast-banner-title-visibility":"","ast-main-header-display":"","ast-hfb-above-header-display":"","ast-hfb-below-header-display":"","ast-hfb-mobile-header-display":"","site-post-title":"","ast-breadcrumbs-content":"","ast-featured-img":"","footer-sml-layout":"","ast-disable-related-posts":"","theme-transparent-header-meta":"default","adv-header-id-meta":"","stick-header-meta":"","header-above-stick-meta":"","header-main-stick-meta":"","header-below-stick-meta":"","astra-migrate-meta-layouts":"default","ast-page-background-enabled":"default","ast-page-background-meta":{"desktop":{"background-color":"","background-image":"","background-repeat":"repeat","background-position":"center center","background-size":"auto","background-attachment":"scroll","background-type":"","background-media":"","overlay-type":"","overlay-color":"","overlay-opacity":"","overlay-gradient":""},"tablet":{"background-color":"","background-image":"","background-repeat":"repeat","background-position":"center center","background-size":"auto","background-attachment":"scroll","background-type":"","background-media":"","overlay-type":"","overlay-color":"","overlay-opacity":"","overlay-gradient":""},"mobile":{"background-color":"","background-image":"","background-repeat":"repeat","background-position":"center center","background-size":"auto","background-attachment":"scroll","background-type":"","background-media":"","overlay-type":"","overlay-color":"","overlay-opacity":"","overlay-gradient":""}},"ast-content-background-meta":{"desktop":{"background-color":"var(--ast-global-color-5)","background-image":"","background-repeat":"repeat","background-position":"center center","background-size":"auto","background-attachment":"scroll","background-type":"","background-media":"","overlay-type":"","overlay-color":"","overlay-opacity":"","overlay-gradient":""},"tablet":{"background-color":"var(--ast-global-color-5)","background-image":"","background-repeat":"repeat","background-position":"center center","background-size":"auto","background-attachment":"scroll","background-type":"","background-media":"","overlay-type":"","overlay-color":"","overlay-opacity":"","overlay-gradient":""},"mobile":{"background-color":"var(--ast-global-color-5)","background-image":"","background-repeat":"repeat","background-position":"center center","background-size":"auto","background-attachment":"scroll","background-type":"","background-media":"","overlay-type":"","overlay-color":"","overlay-opacity":"","overlay-gradient":""}}},"product_brand":[],"product_cat":[33,47,34,35,192,194,196,72,172,173,89,18],"product_tag":[],"class_list":{"0":"post-4280","1":"product","2":"type-product","3":"status-publish","4":"has-post-thumbnail","6":"product_cat-women","7":"product_cat-haut-hommes","8":"product_cat-haut-femmes","9":"product_cat-men","10":"product_cat-jersey","11":"product_cat-jersey-haut-hommes","12":"product_cat-jersey-unisexe","13":"product_cat-new","14":"product_cat-vacances","15":"product_cat-sunset","16":"product_cat-unisexe","17":"product_cat-clothing","18":"desktop-align-center","19":"tablet-align-left","20":"mobile-align-left","22":"first","23":"instock","24":"taxable","25":"shipping-taxable","26":"purchasable","27":"product-type-variable"},"aioseo_notices":[],"_links":{"self":[{"href":"https:\/\/sweatrepublix.com\/fr\/wp-json\/wp\/v2\/product\/4280","targetHints":{"allow":["GET"]}}],"collection":[{"href":"https:\/\/sweatrepublix.com\/fr\/wp-json\/wp\/v2\/product"}],"about":[{"href":"https:\/\/sweatrepublix.com\/fr\/wp-json\/wp\/v2\/types\/product"}],"replies":[{"embeddable":true,"href":"https:\/\/sweatrepublix.com\/fr\/wp-json\/wp\/v2\/comments?post=4280"}],"wp:featuredmedia":[{"embeddable":true,"href":"https:\/\/sweatrepublix.com\/fr\/wp-json\/wp\/v2\/media\/4292"}],"wp:attachment":[{"href":"https:\/\/sweatrepublix.com\/fr\/wp-json\/wp\/v2\/media?parent=4280"}],"wp:term":[{"taxonomy":"product_brand","embeddable":true,"href":"https:\/\/sweatrepublix.com\/fr\/wp-json\/wp\/v2\/product_brand?post=4280"},{"taxonomy":"product_cat","embeddable":true,"href":"https:\/\/sweatrepublix.com\/fr\/wp-json\/wp\/v2\/product_cat?post=4280"},{"taxonomy":"product_tag","embeddable":true,"href":"https:\/\/sweatrepublix.com\/fr\/wp-json\/wp\/v2\/product_tag?post=4280"}],"curies":[{"name":"wp","href":"https:\/\/api.w.org\/{rel}","templated":true}]}}