{"id":4164,"date":"2023-07-03T00:30:55","date_gmt":"2023-07-02T23:30:55","guid":{"rendered":"https:\/\/sweatrepublix.com\/fr\/product\/crop-top-coupe-et-cousu-par-sublimation\/"},"modified":"2023-11-04T19:15:52","modified_gmt":"2023-11-04T18:15:52","slug":"crop-top-sans-manche-14-juillet","status":"publish","type":"product","link":"https:\/\/sweatrepublix.com\/fr\/product\/crop-top-sans-manche-14-juillet\/","title":{"rendered":"Crop-top sans manche"},"content":{"rendered":"<p>Faites des ravages dans ce top court moulant, imprim\u00e9e de bas en haut.   <\/p>\n<p>\u2022 82\u00a0% polyester, 18\u00a0% \u00e9lasthanne <br \/>\n\u2022 Poids du tissu : 230 g\/m\u00b2 (6.78 oz\/yd\u00b2) (le poids peut varier de 5%)<br \/>\n\u2022 Mati\u00e8re \u00e9lastique, les fibres du tissu s&rsquo;\u00e9tirent et se r\u00e9tractent sur la longueur comme sur la largeur <br \/>\n\u2022 Fabrication en fil microfibre doux et confortable<br \/>\n\u2022 Coupe ajust\u00e9e<br \/>\n\u2022 Coup\u00e9e avec pr\u00e9cision et cousue \u00e0 la main apr\u00e8s impression<br \/>\n\u2022 Composants de produits vierges en provenance de Chine<\/p>\n","protected":false},"excerpt":{"rendered":"<p>Faites des ravages dans ce top court moulant, imprim\u00e9e de bas en haut. \u2022 82\u00a0% polyester, 18\u00a0% \u00e9lasthanne \u2022 Poids du tissu : 230 g\/m\u00b2 (6.78 oz\/yd\u00b2) (le poids peut varier de 5%) \u2022 Mati\u00e8re \u00e9lastique, les fibres du tissu s&rsquo;\u00e9tirent et se r\u00e9tractent sur la longueur comme sur la largeur \u2022 Fabrication en fil [&hellip;]<\/p>\n","protected":false},"featured_media":4172,"comment_status":"open","ping_status":"closed","template":"","meta":{"site-sidebar-layout":"default","site-content-layout":"default","ast-site-content-layout":"default","site-content-style":"default","site-sidebar-style":"default","ast-global-header-display":"","ast-banner-title-visibility":"","ast-main-header-display":"","ast-hfb-above-header-display":"","ast-hfb-below-header-display":"","ast-hfb-mobile-header-display":"","site-post-title":"","ast-breadcrumbs-content":"","ast-featured-img":"","footer-sml-layout":"","ast-disable-related-posts":"","theme-transparent-header-meta":"default","adv-header-id-meta":"","stick-header-meta":"","header-above-stick-meta":"","header-main-stick-meta":"","header-below-stick-meta":"","astra-migrate-meta-layouts":"default","ast-page-background-enabled":"default","ast-page-background-meta":{"desktop":{"background-color":"","background-image":"","background-repeat":"repeat","background-position":"center center","background-size":"auto","background-attachment":"scroll","background-type":"","background-media":"","overlay-type":"","overlay-color":"","overlay-opacity":"","overlay-gradient":""},"tablet":{"background-color":"","background-image":"","background-repeat":"repeat","background-position":"center center","background-size":"auto","background-attachment":"scroll","background-type":"","background-media":"","overlay-type":"","overlay-color":"","overlay-opacity":"","overlay-gradient":""},"mobile":{"background-color":"","background-image":"","background-repeat":"repeat","background-position":"center center","background-size":"auto","background-attachment":"scroll","background-type":"","background-media":"","overlay-type":"","overlay-color":"","overlay-opacity":"","overlay-gradient":""}},"ast-content-background-meta":{"desktop":{"background-color":"var(--ast-global-color-5)","background-image":"","background-repeat":"repeat","background-position":"center center","background-size":"auto","background-attachment":"scroll","background-type":"","background-media":"","overlay-type":"","overlay-color":"","overlay-opacity":"","overlay-gradient":""},"tablet":{"background-color":"var(--ast-global-color-5)","background-image":"","background-repeat":"repeat","background-position":"center center","background-size":"auto","background-attachment":"scroll","background-type":"","background-media":"","overlay-type":"","overlay-color":"","overlay-opacity":"","overlay-gradient":""},"mobile":{"background-color":"var(--ast-global-color-5)","background-image":"","background-repeat":"repeat","background-position":"center center","background-size":"auto","background-attachment":"scroll","background-type":"","background-media":"","overlay-type":"","overlay-color":"","overlay-opacity":"","overlay-gradient":""}}},"product_brand":[],"product_cat":[155,190,33,34,72,18],"product_tag":[],"class_list":{"0":"post-4164","1":"product","2":"type-product","3":"status-publish","4":"has-post-thumbnail","6":"product_cat-france","7":"product_cat-crop-top","8":"product_cat-women","9":"product_cat-haut-femmes","10":"product_cat-new","11":"product_cat-clothing","12":"desktop-align-center","13":"tablet-align-left","14":"mobile-align-left","16":"first","17":"instock","18":"taxable","19":"shipping-taxable","20":"purchasable","21":"product-type-variable"},"aioseo_notices":[],"_links":{"self":[{"href":"https:\/\/sweatrepublix.com\/fr\/wp-json\/wp\/v2\/product\/4164","targetHints":{"allow":["GET"]}}],"collection":[{"href":"https:\/\/sweatrepublix.com\/fr\/wp-json\/wp\/v2\/product"}],"about":[{"href":"https:\/\/sweatrepublix.com\/fr\/wp-json\/wp\/v2\/types\/product"}],"replies":[{"embeddable":true,"href":"https:\/\/sweatrepublix.com\/fr\/wp-json\/wp\/v2\/comments?post=4164"}],"wp:featuredmedia":[{"embeddable":true,"href":"https:\/\/sweatrepublix.com\/fr\/wp-json\/wp\/v2\/media\/4172"}],"wp:attachment":[{"href":"https:\/\/sweatrepublix.com\/fr\/wp-json\/wp\/v2\/media?parent=4164"}],"wp:term":[{"taxonomy":"product_brand","embeddable":true,"href":"https:\/\/sweatrepublix.com\/fr\/wp-json\/wp\/v2\/product_brand?post=4164"},{"taxonomy":"product_cat","embeddable":true,"href":"https:\/\/sweatrepublix.com\/fr\/wp-json\/wp\/v2\/product_cat?post=4164"},{"taxonomy":"product_tag","embeddable":true,"href":"https:\/\/sweatrepublix.com\/fr\/wp-json\/wp\/v2\/product_tag?post=4164"}],"curies":[{"name":"wp","href":"https:\/\/api.w.org\/{rel}","templated":true}]}}