{"id":3049,"date":"2023-03-30T16:12:55","date_gmt":"2023-03-30T15:12:55","guid":{"rendered":"https:\/\/sweatrepublix.com\/fr\/product\/casquette-de-baseball-pastel\/"},"modified":"2023-03-30T18:28:52","modified_gmt":"2023-03-30T17:28:52","slug":"baseball-hat-pastel","status":"publish","type":"product","link":"https:\/\/sweatrepublix.com\/fr\/product\/baseball-hat-pastel\/","title":{"rendered":"Casquette de baseball pastel"},"content":{"rendered":"<p>La casquette de baseball pastel est en 100\u00a0% coton chino. Dot\u00e9e d\u2019une couronne non structur\u00e9e, 6 panneaux et \u00e0 profil bas. Mais surtout, cette casquette est la candidate id\u00e9ale pour venir agr\u00e9menter vos tenues\u00a0!<\/p>\n<p><strong>Ce produit est fabriqu\u00e9 \u00e0 la demande.<\/strong><br \/>\nCela signifie qu&rsquo;il est fabriqu\u00e9 sp\u00e9cialement pour vous d\u00e8s que vous passez commande, c&rsquo;est pourquoi il nous faut un peu plus de temps pour vous le livrer. <strong>Le fait de fabriquer des produits \u00e0 la demande plut\u00f4t qu&rsquo;en vrac permet de r\u00e9duire la surproduction. Nous vous remercions donc de prendre des d\u00e9cisions d&rsquo;achat r\u00e9fl\u00e9chies !<\/strong><\/p>\n<p><a href=\"https:\/\/sweatrepublix.com\/fr\/foire-aux-questions-faq\/info-produit\/\">Info produit<\/a><\/p>\n","protected":false},"excerpt":{"rendered":"<p>La casquette de baseball pastel est en 100\u00a0% coton chino. Dot\u00e9e d\u2019une couronne non structur\u00e9e, 6 panneaux et \u00e0 profil bas. Mais surtout, cette casquette est la candidate id\u00e9ale pour venir agr\u00e9menter vos tenues\u00a0! Ce produit est fabriqu\u00e9 \u00e0 la demande. Cela signifie qu&rsquo;il est fabriqu\u00e9 sp\u00e9cialement pour vous d\u00e8s que vous passez commande, c&rsquo;est [&hellip;]<\/p>\n","protected":false},"featured_media":3069,"comment_status":"open","ping_status":"closed","template":"","meta":{"site-sidebar-layout":"default","site-content-layout":"default","ast-site-content-layout":"default","site-content-style":"default","site-sidebar-style":"default","ast-global-header-display":"","ast-banner-title-visibility":"","ast-main-header-display":"","ast-hfb-above-header-display":"","ast-hfb-below-header-display":"","ast-hfb-mobile-header-display":"","site-post-title":"","ast-breadcrumbs-content":"","ast-featured-img":"","footer-sml-layout":"","ast-disable-related-posts":"","theme-transparent-header-meta":"default","adv-header-id-meta":"","stick-header-meta":"","header-above-stick-meta":"","header-main-stick-meta":"","header-below-stick-meta":"","astra-migrate-meta-layouts":"default","ast-page-background-enabled":"default","ast-page-background-meta":{"desktop":{"background-color":"","background-image":"","background-repeat":"repeat","background-position":"center center","background-size":"auto","background-attachment":"scroll","background-type":"","background-media":"","overlay-type":"","overlay-color":"","overlay-opacity":"","overlay-gradient":""},"tablet":{"background-color":"","background-image":"","background-repeat":"repeat","background-position":"center center","background-size":"auto","background-attachment":"scroll","background-type":"","background-media":"","overlay-type":"","overlay-color":"","overlay-opacity":"","overlay-gradient":""},"mobile":{"background-color":"","background-image":"","background-repeat":"repeat","background-position":"center center","background-size":"auto","background-attachment":"scroll","background-type":"","background-media":"","overlay-type":"","overlay-color":"","overlay-opacity":"","overlay-gradient":""}},"ast-content-background-meta":{"desktop":{"background-color":"var(--ast-global-color-5)","background-image":"","background-repeat":"repeat","background-position":"center center","background-size":"auto","background-attachment":"scroll","background-type":"","background-media":"","overlay-type":"","overlay-color":"","overlay-opacity":"","overlay-gradient":""},"tablet":{"background-color":"var(--ast-global-color-5)","background-image":"","background-repeat":"repeat","background-position":"center center","background-size":"auto","background-attachment":"scroll","background-type":"","background-media":"","overlay-type":"","overlay-color":"","overlay-opacity":"","overlay-gradient":""},"mobile":{"background-color":"var(--ast-global-color-5)","background-image":"","background-repeat":"repeat","background-position":"center center","background-size":"auto","background-attachment":"scroll","background-type":"","background-media":"","overlay-type":"","overlay-color":"","overlay-opacity":"","overlay-gradient":""}}},"product_brand":[],"product_cat":[17,112,113,106,72],"product_tag":[139,141,145,142,146,143,144],"class_list":{"0":"post-3049","1":"product","2":"type-product","3":"status-publish","4":"has-post-thumbnail","6":"product_cat-accessoires","7":"product_cat-spring_accessories","8":"product_cat-hat","9":"product_cat-spring2023","10":"product_cat-new","11":"product_tag-cap","12":"product_tag-casquette","13":"product_tag-couleurdeprintemps","14":"product_tag-pastel","15":"product_tag-printemps","16":"product_tag-springcolors","17":"product_tag-springcolours","18":"desktop-align-center","19":"tablet-align-left","20":"mobile-align-left","22":"first","23":"instock","24":"taxable","25":"shipping-taxable","26":"purchasable","27":"product-type-variable"},"aioseo_notices":[],"_links":{"self":[{"href":"https:\/\/sweatrepublix.com\/fr\/wp-json\/wp\/v2\/product\/3049","targetHints":{"allow":["GET"]}}],"collection":[{"href":"https:\/\/sweatrepublix.com\/fr\/wp-json\/wp\/v2\/product"}],"about":[{"href":"https:\/\/sweatrepublix.com\/fr\/wp-json\/wp\/v2\/types\/product"}],"replies":[{"embeddable":true,"href":"https:\/\/sweatrepublix.com\/fr\/wp-json\/wp\/v2\/comments?post=3049"}],"wp:featuredmedia":[{"embeddable":true,"href":"https:\/\/sweatrepublix.com\/fr\/wp-json\/wp\/v2\/media\/3069"}],"wp:attachment":[{"href":"https:\/\/sweatrepublix.com\/fr\/wp-json\/wp\/v2\/media?parent=3049"}],"wp:term":[{"taxonomy":"product_brand","embeddable":true,"href":"https:\/\/sweatrepublix.com\/fr\/wp-json\/wp\/v2\/product_brand?post=3049"},{"taxonomy":"product_cat","embeddable":true,"href":"https:\/\/sweatrepublix.com\/fr\/wp-json\/wp\/v2\/product_cat?post=3049"},{"taxonomy":"product_tag","embeddable":true,"href":"https:\/\/sweatrepublix.com\/fr\/wp-json\/wp\/v2\/product_tag?post=3049"}],"curies":[{"name":"wp","href":"https:\/\/api.w.org\/{rel}","templated":true}]}}