{"id":2887,"date":"2023-03-30T02:27:23","date_gmt":"2023-03-30T01:27:23","guid":{"rendered":"https:\/\/sweatrepublix.com\/fr\/product\/all-over-print-short-recycle-vert-rafflesia\/"},"modified":"2023-11-01T17:47:50","modified_gmt":"2023-11-01T16:47:50","slug":"short-femme-vert-rafflesia","status":"publish","type":"product","link":"https:\/\/sweatrepublix.com\/fr\/product\/short-femme-vert-rafflesia\/","title":{"rendered":"All over print short recycl\u00e9 vert Rafflesia"},"content":{"rendered":"<p>Vous allez courir ? Vous avez envie de nager ? Peut-\u00eatre les deux ? Eh bien, voici le produit qu&rsquo;il vous faut ! Ce short court athl\u00e9tique pour femmes est si confortable et fabriqu\u00e9 dans un tissu si adaptable qu&rsquo;il convient pour n&rsquo;importe quel sport. Et, en plus, il a des poches. Que demande de plus ? Achetez-en une paire d\u00e8s maintenant !<\/p>\n<p>Le design est une fleur Indon\u00e9sienne, une merveille de la nature. Cliquer ici pour apprendre plus sur la plus grande fleur au monde :<br \/>\n<a href=\"https:\/\/www.geo.fr\/environnement\/letrange-vie-de-rafflesia-arnoldii-la-plus-grande-fleur-au-monde-204125\">https:\/\/www.geo.fr\/environnement\/letrange-vie-de-rafflesia-arnoldii-la-plus-grande-fleur-au-monde-204125<\/a><\/p>\n<p><strong>Avantages de la fabrication \u00ab\u00a0All over print\u00a0\u00bb qui est une m\u00e9thode de produire \u00e0 la demande :<\/strong><br \/>\nCe produit est fabriqu\u00e9 sp\u00e9cialement pour vous d\u00e8s que vous passez commande, c\u2019est pourquoi il nous faut un peu plus de temps pour vous le livrer.<br \/>\n<strong>Fabriquer des produits \u00e0 la demande plut\u00f4t qu\u2019en vrac permet de r\u00e9duire la surproduction. Merci donc de prendre des d\u00e9cisions d\u2019achat r\u00e9fl\u00e9chies !<\/strong><\/p>\n<p><a href=\"https:\/\/sweatrepublix.com\/fr\/foire-aux-questions-faq\/info-produit\/\">Info produit<\/a><\/p>\n<p><a href=\"https:\/\/sweatrepublix.com\/fr\/foire-aux-questions-faq\/warning-for-shipments-to-california\/\">Warning for shipments to California<\/a><\/p>\n","protected":false},"excerpt":{"rendered":"<p>Vous allez courir ? Vous avez envie de nager ? Peut-\u00eatre les deux ? Eh bien, voici le produit qu&rsquo;il vous faut ! Ce short court athl\u00e9tique pour femmes est si confortable et fabriqu\u00e9 dans un tissu si adaptable qu&rsquo;il convient pour n&rsquo;importe quel sport. Et, en plus, il a des poches. Que demande de [&hellip;]<\/p>\n","protected":false},"featured_media":2898,"comment_status":"open","ping_status":"closed","template":"","meta":{"site-sidebar-layout":"default","site-content-layout":"default","ast-site-content-layout":"default","site-content-style":"default","site-sidebar-style":"default","ast-global-header-display":"","ast-banner-title-visibility":"","ast-main-header-display":"","ast-hfb-above-header-display":"","ast-hfb-below-header-display":"","ast-hfb-mobile-header-display":"","site-post-title":"","ast-breadcrumbs-content":"","ast-featured-img":"","footer-sml-layout":"","ast-disable-related-posts":"","theme-transparent-header-meta":"default","adv-header-id-meta":"","stick-header-meta":"","header-above-stick-meta":"","header-main-stick-meta":"","header-below-stick-meta":"","astra-migrate-meta-layouts":"default","ast-page-background-enabled":"default","ast-page-background-meta":{"desktop":{"background-color":"","background-image":"","background-repeat":"repeat","background-position":"center center","background-size":"auto","background-attachment":"scroll","background-type":"","background-media":"","overlay-type":"","overlay-color":"","overlay-opacity":"","overlay-gradient":""},"tablet":{"background-color":"","background-image":"","background-repeat":"repeat","background-position":"center center","background-size":"auto","background-attachment":"scroll","background-type":"","background-media":"","overlay-type":"","overlay-color":"","overlay-opacity":"","overlay-gradient":""},"mobile":{"background-color":"","background-image":"","background-repeat":"repeat","background-position":"center center","background-size":"auto","background-attachment":"scroll","background-type":"","background-media":"","overlay-type":"","overlay-color":"","overlay-opacity":"","overlay-gradient":""}},"ast-content-background-meta":{"desktop":{"background-color":"var(--ast-global-color-5)","background-image":"","background-repeat":"repeat","background-position":"center center","background-size":"auto","background-attachment":"scroll","background-type":"","background-media":"","overlay-type":"","overlay-color":"","overlay-opacity":"","overlay-gradient":""},"tablet":{"background-color":"var(--ast-global-color-5)","background-image":"","background-repeat":"repeat","background-position":"center center","background-size":"auto","background-attachment":"scroll","background-type":"","background-media":"","overlay-type":"","overlay-color":"","overlay-opacity":"","overlay-gradient":""},"mobile":{"background-color":"var(--ast-global-color-5)","background-image":"","background-repeat":"repeat","background-position":"center center","background-size":"auto","background-attachment":"scroll","background-type":"","background-media":"","overlay-type":"","overlay-color":"","overlay-opacity":"","overlay-gradient":""}}},"product_brand":[],"product_cat":[39,106,109,33,44,18],"product_tag":[],"class_list":{"0":"post-2887","1":"product","2":"type-product","3":"status-publish","4":"has-post-thumbnail","6":"product_cat-bas","7":"product_cat-spring2023","8":"product_cat-spring_woman","9":"product_cat-women","10":"product_cat-shorts-femmes","11":"product_cat-clothing","12":"desktop-align-center","13":"tablet-align-left","14":"mobile-align-left","16":"first","17":"instock","18":"taxable","19":"shipping-taxable","20":"purchasable","21":"product-type-variable"},"aioseo_notices":[],"_links":{"self":[{"href":"https:\/\/sweatrepublix.com\/fr\/wp-json\/wp\/v2\/product\/2887","targetHints":{"allow":["GET"]}}],"collection":[{"href":"https:\/\/sweatrepublix.com\/fr\/wp-json\/wp\/v2\/product"}],"about":[{"href":"https:\/\/sweatrepublix.com\/fr\/wp-json\/wp\/v2\/types\/product"}],"replies":[{"embeddable":true,"href":"https:\/\/sweatrepublix.com\/fr\/wp-json\/wp\/v2\/comments?post=2887"}],"wp:featuredmedia":[{"embeddable":true,"href":"https:\/\/sweatrepublix.com\/fr\/wp-json\/wp\/v2\/media\/2898"}],"wp:attachment":[{"href":"https:\/\/sweatrepublix.com\/fr\/wp-json\/wp\/v2\/media?parent=2887"}],"wp:term":[{"taxonomy":"product_brand","embeddable":true,"href":"https:\/\/sweatrepublix.com\/fr\/wp-json\/wp\/v2\/product_brand?post=2887"},{"taxonomy":"product_cat","embeddable":true,"href":"https:\/\/sweatrepublix.com\/fr\/wp-json\/wp\/v2\/product_cat?post=2887"},{"taxonomy":"product_tag","embeddable":true,"href":"https:\/\/sweatrepublix.com\/fr\/wp-json\/wp\/v2\/product_tag?post=2887"}],"curies":[{"name":"wp","href":"https:\/\/api.w.org\/{rel}","templated":true}]}}