{"id":2592,"date":"2023-03-26T01:05:57","date_gmt":"2023-03-26T00:05:57","guid":{"rendered":"https:\/\/sweatrepublix.com\/fr\/product\/all-over-print-legging-de-yoga-court\/"},"modified":"2023-11-04T19:53:05","modified_gmt":"2023-11-04T18:53:05","slug":"capri-yoga-rafflesia","status":"publish","type":"product","link":"https:\/\/sweatrepublix.com\/fr\/product\/capri-yoga-rafflesia\/","title":{"rendered":"All over print : capri de Yoga Rafflesia"},"content":{"rendered":"<p>Ce legging de yoga court taille haute et \u00e9lastique est id\u00e9al pour le yoga, la gym ou simplement une soir\u00e9e cocooning \u00e0 la maison.<\/p>\n<p>Le design est une fleur Indon\u00e9sienne, une merveille de la nature. Cliquer ici pour apprendre plus sur la plus grande fleur au monde :<br \/>\n<a href=\"https:\/\/www.geo.fr\/environnement\/letrange-vie-de-rafflesia-arnoldii-la-plus-grande-fleur-au-monde-204125\">https:\/\/www.geo.fr\/environnement\/letrange-vie-de-rafflesia-arnoldii-la-plus-grande-fleur-au-monde-204125<\/a><\/p>\n<p><strong>Avantages de la fabrication \u00ab\u00a0All over print\u00a0\u00bb qui est une m\u00e9thode de produire \u00e0 la demande :<\/strong><br \/>\nCe produit est fabriqu\u00e9 sp\u00e9cialement pour vous d\u00e8s que vous passez commande, c&rsquo;est pourquoi il nous faut un peu plus de temps pour vous le livrer.<br \/>\n<strong>Fabriquer des produits \u00e0 la demande plut\u00f4t qu&rsquo;en vrac permet de r\u00e9duire la surproduction. Merci donc de prendre des d\u00e9cisions d&rsquo;achat r\u00e9fl\u00e9chies !<\/strong><\/p>\n<p><a href=\"https:\/\/sweatrepublix.com\/fr\/foire-aux-questions-faq\/info-produit\/\">Info produit<\/a><\/p>\n","protected":false},"excerpt":{"rendered":"<p>Ce legging de yoga court taille haute et \u00e9lastique est id\u00e9al pour le yoga, la gym ou simplement une soir\u00e9e cocooning \u00e0 la maison. Le design est une fleur Indon\u00e9sienne, une merveille de la nature. Cliquer ici pour apprendre plus sur la plus grande fleur au monde : https:\/\/www.geo.fr\/environnement\/letrange-vie-de-rafflesia-arnoldii-la-plus-grande-fleur-au-monde-204125 Avantages de la fabrication \u00ab\u00a0All over [&hellip;]<\/p>\n","protected":false},"featured_media":2600,"comment_status":"open","ping_status":"closed","template":"","meta":{"site-sidebar-layout":"default","site-content-layout":"default","ast-site-content-layout":"default","site-content-style":"default","site-sidebar-style":"default","ast-global-header-display":"","ast-banner-title-visibility":"","ast-main-header-display":"","ast-hfb-above-header-display":"","ast-hfb-below-header-display":"","ast-hfb-mobile-header-display":"","site-post-title":"","ast-breadcrumbs-content":"","ast-featured-img":"","footer-sml-layout":"","ast-disable-related-posts":"","theme-transparent-header-meta":"default","adv-header-id-meta":"","stick-header-meta":"","header-above-stick-meta":"","header-main-stick-meta":"","header-below-stick-meta":"","astra-migrate-meta-layouts":"default","ast-page-background-enabled":"default","ast-page-background-meta":{"desktop":{"background-color":"","background-image":"","background-repeat":"repeat","background-position":"center center","background-size":"auto","background-attachment":"scroll","background-type":"","background-media":"","overlay-type":"","overlay-color":"","overlay-opacity":"","overlay-gradient":""},"tablet":{"background-color":"","background-image":"","background-repeat":"repeat","background-position":"center center","background-size":"auto","background-attachment":"scroll","background-type":"","background-media":"","overlay-type":"","overlay-color":"","overlay-opacity":"","overlay-gradient":""},"mobile":{"background-color":"","background-image":"","background-repeat":"repeat","background-position":"center center","background-size":"auto","background-attachment":"scroll","background-type":"","background-media":"","overlay-type":"","overlay-color":"","overlay-opacity":"","overlay-gradient":""}},"ast-content-background-meta":{"desktop":{"background-color":"var(--ast-global-color-5)","background-image":"","background-repeat":"repeat","background-position":"center center","background-size":"auto","background-attachment":"scroll","background-type":"","background-media":"","overlay-type":"","overlay-color":"","overlay-opacity":"","overlay-gradient":""},"tablet":{"background-color":"var(--ast-global-color-5)","background-image":"","background-repeat":"repeat","background-position":"center center","background-size":"auto","background-attachment":"scroll","background-type":"","background-media":"","overlay-type":"","overlay-color":"","overlay-opacity":"","overlay-gradient":""},"mobile":{"background-color":"var(--ast-global-color-5)","background-image":"","background-repeat":"repeat","background-position":"center center","background-size":"auto","background-attachment":"scroll","background-type":"","background-media":"","overlay-type":"","overlay-color":"","overlay-opacity":"","overlay-gradient":""}}},"product_brand":[],"product_cat":[39,106,109,33,43,18],"product_tag":[],"class_list":{"0":"post-2592","1":"product","2":"type-product","3":"status-publish","4":"has-post-thumbnail","6":"product_cat-bas","7":"product_cat-spring2023","8":"product_cat-spring_woman","9":"product_cat-women","10":"product_cat-leggings-femmes","11":"product_cat-clothing","12":"desktop-align-center","13":"tablet-align-left","14":"mobile-align-left","16":"first","17":"instock","18":"taxable","19":"shipping-taxable","20":"purchasable","21":"product-type-variable"},"aioseo_notices":[],"_links":{"self":[{"href":"https:\/\/sweatrepublix.com\/fr\/wp-json\/wp\/v2\/product\/2592","targetHints":{"allow":["GET"]}}],"collection":[{"href":"https:\/\/sweatrepublix.com\/fr\/wp-json\/wp\/v2\/product"}],"about":[{"href":"https:\/\/sweatrepublix.com\/fr\/wp-json\/wp\/v2\/types\/product"}],"replies":[{"embeddable":true,"href":"https:\/\/sweatrepublix.com\/fr\/wp-json\/wp\/v2\/comments?post=2592"}],"wp:featuredmedia":[{"embeddable":true,"href":"https:\/\/sweatrepublix.com\/fr\/wp-json\/wp\/v2\/media\/2600"}],"wp:attachment":[{"href":"https:\/\/sweatrepublix.com\/fr\/wp-json\/wp\/v2\/media?parent=2592"}],"wp:term":[{"taxonomy":"product_brand","embeddable":true,"href":"https:\/\/sweatrepublix.com\/fr\/wp-json\/wp\/v2\/product_brand?post=2592"},{"taxonomy":"product_cat","embeddable":true,"href":"https:\/\/sweatrepublix.com\/fr\/wp-json\/wp\/v2\/product_cat?post=2592"},{"taxonomy":"product_tag","embeddable":true,"href":"https:\/\/sweatrepublix.com\/fr\/wp-json\/wp\/v2\/product_tag?post=2592"}],"curies":[{"name":"wp","href":"https:\/\/api.w.org\/{rel}","templated":true}]}}