{"id":2580,"date":"2023-03-26T01:00:30","date_gmt":"2023-03-26T00:00:30","guid":{"rendered":"https:\/\/sweatrepublix.com\/fr\/product\/all-over-print-short-de-cycliste-pink-rafflesia\/"},"modified":"2023-11-04T19:53:23","modified_gmt":"2023-11-04T18:53:23","slug":"biker-short-pink-rafflesia","status":"publish","type":"product","link":"https:\/\/sweatrepublix.com\/fr\/product\/biker-short-pink-rafflesia\/","title":{"rendered":"All over print : short de cycliste Rafflesia (pink)"},"content":{"rendered":"<p>Procurez-vous ce short de cycliste taille haute flatteur pour faire l\u2019exp\u00e9rience du vrai confort et style. Ce short polyvalent s\u2019adapte parfaitement avec toutes sortes de tenues, que ce soit activewear ou streetwear\u00a0!<\/p>\n<p>Le design est une fleur Indon\u00e9sienne, une merveille de la nature. Cliquer ici pour apprendre plus sur la plus grande fleur au monde :<br \/>\n<a href=\"https:\/\/www.geo.fr\/environnement\/letrange-vie-de-rafflesia-arnoldii-la-plus-grande-fleur-au-monde-204125\">https:\/\/www.geo.fr\/environnement\/letrange-vie-de-rafflesia-arnoldii-la-plus-grande-fleur-au-monde-204125<\/a><\/p>\n<p><strong>Avantages de la fabrication \u00ab\u00a0All over print\u00a0\u00bb qui est une m\u00e9thode de produire \u00e0 la demande :<\/strong><br \/>\nCe produit est fabriqu\u00e9 sp\u00e9cialement pour vous d\u00e8s que vous passez commande, c&rsquo;est pourquoi il nous faut un peu plus de temps pour vous le livrer.<br \/>\nFabriquer des produits \u00e0 la demande plut\u00f4t qu&rsquo;en vrac permet de r\u00e9duire la surproduction. Merci donc de prendre des d\u00e9cisions d&rsquo;achat r\u00e9fl\u00e9chies !<\/p>\n<p><a href=\"https:\/\/sweatrepublix.com\/fr\/foire-aux-questions-faq\/info-produit\/\">Info produit<\/a><\/p>\n<p>Veuillez noter\u00a0: \u00e9viter le contact avec des surfaces rugueuses car cela peut tirer les fibres blanches dans le tissu et endommager le short.<\/p>\n","protected":false},"excerpt":{"rendered":"<p>Procurez-vous ce short de cycliste taille haute flatteur pour faire l\u2019exp\u00e9rience du vrai confort et style. Ce short polyvalent s\u2019adapte parfaitement avec toutes sortes de tenues, que ce soit activewear ou streetwear\u00a0! Le design est une fleur Indon\u00e9sienne, une merveille de la nature. Cliquer ici pour apprendre plus sur la plus grande fleur au monde [&hellip;]<\/p>\n","protected":false},"featured_media":2588,"comment_status":"open","ping_status":"closed","template":"","meta":{"site-sidebar-layout":"default","site-content-layout":"default","ast-site-content-layout":"default","site-content-style":"default","site-sidebar-style":"default","ast-global-header-display":"","ast-banner-title-visibility":"","ast-main-header-display":"","ast-hfb-above-header-display":"","ast-hfb-below-header-display":"","ast-hfb-mobile-header-display":"","site-post-title":"","ast-breadcrumbs-content":"","ast-featured-img":"","footer-sml-layout":"","ast-disable-related-posts":"","theme-transparent-header-meta":"default","adv-header-id-meta":"","stick-header-meta":"","header-above-stick-meta":"","header-main-stick-meta":"","header-below-stick-meta":"","astra-migrate-meta-layouts":"default","ast-page-background-enabled":"default","ast-page-background-meta":{"desktop":{"background-color":"","background-image":"","background-repeat":"repeat","background-position":"center center","background-size":"auto","background-attachment":"scroll","background-type":"","background-media":"","overlay-type":"","overlay-color":"","overlay-opacity":"","overlay-gradient":""},"tablet":{"background-color":"","background-image":"","background-repeat":"repeat","background-position":"center center","background-size":"auto","background-attachment":"scroll","background-type":"","background-media":"","overlay-type":"","overlay-color":"","overlay-opacity":"","overlay-gradient":""},"mobile":{"background-color":"","background-image":"","background-repeat":"repeat","background-position":"center center","background-size":"auto","background-attachment":"scroll","background-type":"","background-media":"","overlay-type":"","overlay-color":"","overlay-opacity":"","overlay-gradient":""}},"ast-content-background-meta":{"desktop":{"background-color":"var(--ast-global-color-5)","background-image":"","background-repeat":"repeat","background-position":"center center","background-size":"auto","background-attachment":"scroll","background-type":"","background-media":"","overlay-type":"","overlay-color":"","overlay-opacity":"","overlay-gradient":""},"tablet":{"background-color":"var(--ast-global-color-5)","background-image":"","background-repeat":"repeat","background-position":"center center","background-size":"auto","background-attachment":"scroll","background-type":"","background-media":"","overlay-type":"","overlay-color":"","overlay-opacity":"","overlay-gradient":""},"mobile":{"background-color":"var(--ast-global-color-5)","background-image":"","background-repeat":"repeat","background-position":"center center","background-size":"auto","background-attachment":"scroll","background-type":"","background-media":"","overlay-type":"","overlay-color":"","overlay-opacity":"","overlay-gradient":""}}},"product_brand":[],"product_cat":[39,106,109,33,44],"product_tag":[],"class_list":{"0":"post-2580","1":"product","2":"type-product","3":"status-publish","4":"has-post-thumbnail","6":"product_cat-bas","7":"product_cat-spring2023","8":"product_cat-spring_woman","9":"product_cat-women","10":"product_cat-shorts-femmes","11":"desktop-align-center","12":"tablet-align-left","13":"mobile-align-left","15":"first","16":"instock","17":"taxable","18":"shipping-taxable","19":"purchasable","20":"product-type-variable"},"aioseo_notices":[],"_links":{"self":[{"href":"https:\/\/sweatrepublix.com\/fr\/wp-json\/wp\/v2\/product\/2580","targetHints":{"allow":["GET"]}}],"collection":[{"href":"https:\/\/sweatrepublix.com\/fr\/wp-json\/wp\/v2\/product"}],"about":[{"href":"https:\/\/sweatrepublix.com\/fr\/wp-json\/wp\/v2\/types\/product"}],"replies":[{"embeddable":true,"href":"https:\/\/sweatrepublix.com\/fr\/wp-json\/wp\/v2\/comments?post=2580"}],"wp:featuredmedia":[{"embeddable":true,"href":"https:\/\/sweatrepublix.com\/fr\/wp-json\/wp\/v2\/media\/2588"}],"wp:attachment":[{"href":"https:\/\/sweatrepublix.com\/fr\/wp-json\/wp\/v2\/media?parent=2580"}],"wp:term":[{"taxonomy":"product_brand","embeddable":true,"href":"https:\/\/sweatrepublix.com\/fr\/wp-json\/wp\/v2\/product_brand?post=2580"},{"taxonomy":"product_cat","embeddable":true,"href":"https:\/\/sweatrepublix.com\/fr\/wp-json\/wp\/v2\/product_cat?post=2580"},{"taxonomy":"product_tag","embeddable":true,"href":"https:\/\/sweatrepublix.com\/fr\/wp-json\/wp\/v2\/product_tag?post=2580"}],"curies":[{"name":"wp","href":"https:\/\/api.w.org\/{rel}","templated":true}]}}