{"id":2471,"date":"2023-03-25T21:19:42","date_gmt":"2023-03-25T20:19:42","guid":{"rendered":"https:\/\/sweatrepublix.com\/fr\/product\/all-over-print-sac-de-sport-rafflesia\/"},"modified":"2023-11-01T17:50:56","modified_gmt":"2023-11-01T16:50:56","slug":"gym-bag-rangkong","status":"publish","type":"product","link":"https:\/\/sweatrepublix.com\/fr\/product\/gym-bag-rangkong\/","title":{"rendered":"All over print : sac de sport Rangkong"},"content":{"rendered":"<p>Pr\u00eat \u00e0 vous mettre en forme ? Ajoutez un peu de punch \u00e0 votre entra\u00eenement avec ce sac de sport imprim\u00e9 au technique \u00ab\u00a0All over Print\u00a0\u00bb. Fabriqu\u00e9 en 100 % polyester et en tissu robuste et r\u00e9sistant \u00e0 l&rsquo;eau, ce sac allie l&rsquo;utile \u00e0 l&rsquo;agr\u00e9able. Et il a des poches !<\/p>\n<p>L\u2019image du sac est un oiseau Indon\u00e9sien, cliquer ici pour apprendre plus sur cet esp\u00e8ce en danger :<br \/>\n<a href=\"https:\/\/rangkong.org\/en\/enggang-in-indonesia\/helmeted-hornbill\">https:\/\/rangkong.org\/en\/enggang-in-indonesia\/helmeted-hornbill<\/a><\/p>\n<p><strong>Avantages de la fabrication \u00ab\u00a0All over print\u00a0\u00bb qui est une m\u00e9thode de produire \u00e0 la demande :<\/strong><br \/>\nCe produit est fabriqu\u00e9 sp\u00e9cialement pour vous d\u00e8s que vous passez commande, c&rsquo;est pourquoi il nous faut un peu plus de temps pour vous le livrer.<br \/>\n<strong>Fabriquer des produits \u00e0 la demande plut\u00f4t qu&rsquo;en vrac permet de r\u00e9duire la surproduction. Merci donc de prendre des d\u00e9cisions d&rsquo;achat r\u00e9fl\u00e9chies !<\/strong><\/p>\n<p><a href=\"https:\/\/sweatrepublix.com\/fr\/foire-aux-questions-faq\/info-produit\/\">Info produit<\/a><\/p>\n","protected":false},"excerpt":{"rendered":"<p>Pr\u00eat \u00e0 vous mettre en forme ? Ajoutez un peu de punch \u00e0 votre entra\u00eenement avec ce sac de sport imprim\u00e9 au technique \u00ab\u00a0All over Print\u00a0\u00bb. Fabriqu\u00e9 en 100 % polyester et en tissu robuste et r\u00e9sistant \u00e0 l&rsquo;eau, ce sac allie l&rsquo;utile \u00e0 l&rsquo;agr\u00e9able. Et il a des poches ! L\u2019image du sac est [&hellip;]<\/p>\n","protected":false},"featured_media":2480,"comment_status":"open","ping_status":"closed","template":"","meta":{"site-sidebar-layout":"default","site-content-layout":"default","ast-site-content-layout":"default","site-content-style":"default","site-sidebar-style":"default","ast-global-header-display":"","ast-banner-title-visibility":"","ast-main-header-display":"","ast-hfb-above-header-display":"","ast-hfb-below-header-display":"","ast-hfb-mobile-header-display":"","site-post-title":"","ast-breadcrumbs-content":"","ast-featured-img":"","footer-sml-layout":"","ast-disable-related-posts":"","theme-transparent-header-meta":"default","adv-header-id-meta":"","stick-header-meta":"","header-above-stick-meta":"","header-main-stick-meta":"","header-below-stick-meta":"","astra-migrate-meta-layouts":"default","ast-page-background-enabled":"default","ast-page-background-meta":{"desktop":{"background-color":"","background-image":"","background-repeat":"repeat","background-position":"center center","background-size":"auto","background-attachment":"scroll","background-type":"","background-media":"","overlay-type":"","overlay-color":"","overlay-opacity":"","overlay-gradient":""},"tablet":{"background-color":"","background-image":"","background-repeat":"repeat","background-position":"center center","background-size":"auto","background-attachment":"scroll","background-type":"","background-media":"","overlay-type":"","overlay-color":"","overlay-opacity":"","overlay-gradient":""},"mobile":{"background-color":"","background-image":"","background-repeat":"repeat","background-position":"center center","background-size":"auto","background-attachment":"scroll","background-type":"","background-media":"","overlay-type":"","overlay-color":"","overlay-opacity":"","overlay-gradient":""}},"ast-content-background-meta":{"desktop":{"background-color":"var(--ast-global-color-5)","background-image":"","background-repeat":"repeat","background-position":"center center","background-size":"auto","background-attachment":"scroll","background-type":"","background-media":"","overlay-type":"","overlay-color":"","overlay-opacity":"","overlay-gradient":""},"tablet":{"background-color":"var(--ast-global-color-5)","background-image":"","background-repeat":"repeat","background-position":"center center","background-size":"auto","background-attachment":"scroll","background-type":"","background-media":"","overlay-type":"","overlay-color":"","overlay-opacity":"","overlay-gradient":""},"mobile":{"background-color":"var(--ast-global-color-5)","background-image":"","background-repeat":"repeat","background-position":"center center","background-size":"auto","background-attachment":"scroll","background-type":"","background-media":"","overlay-type":"","overlay-color":"","overlay-opacity":"","overlay-gradient":""}}},"product_brand":[],"product_cat":[17,112,106,120,100],"product_tag":[131,130,127,123,129,128,52],"class_list":{"0":"post-2471","1":"product","2":"type-product","3":"status-publish","4":"has-post-thumbnail","6":"product_cat-accessoires","7":"product_cat-spring_accessories","8":"product_cat-spring2023","9":"product_cat-sac","10":"product_cat-gym-bag","11":"product_tag-endangeredbird","12":"product_tag-gym","13":"product_tag-gymbag","14":"product_tag-rangkong","15":"product_tag-sac","16":"product_tag-sacdesport","17":"product_tag-sport","18":"desktop-align-center","19":"tablet-align-left","20":"mobile-align-left","22":"first","23":"instock","24":"taxable","25":"shipping-taxable","26":"purchasable","27":"product-type-simple"},"aioseo_notices":[],"_links":{"self":[{"href":"https:\/\/sweatrepublix.com\/fr\/wp-json\/wp\/v2\/product\/2471","targetHints":{"allow":["GET"]}}],"collection":[{"href":"https:\/\/sweatrepublix.com\/fr\/wp-json\/wp\/v2\/product"}],"about":[{"href":"https:\/\/sweatrepublix.com\/fr\/wp-json\/wp\/v2\/types\/product"}],"replies":[{"embeddable":true,"href":"https:\/\/sweatrepublix.com\/fr\/wp-json\/wp\/v2\/comments?post=2471"}],"wp:featuredmedia":[{"embeddable":true,"href":"https:\/\/sweatrepublix.com\/fr\/wp-json\/wp\/v2\/media\/2480"}],"wp:attachment":[{"href":"https:\/\/sweatrepublix.com\/fr\/wp-json\/wp\/v2\/media?parent=2471"}],"wp:term":[{"taxonomy":"product_brand","embeddable":true,"href":"https:\/\/sweatrepublix.com\/fr\/wp-json\/wp\/v2\/product_brand?post=2471"},{"taxonomy":"product_cat","embeddable":true,"href":"https:\/\/sweatrepublix.com\/fr\/wp-json\/wp\/v2\/product_cat?post=2471"},{"taxonomy":"product_tag","embeddable":true,"href":"https:\/\/sweatrepublix.com\/fr\/wp-json\/wp\/v2\/product_tag?post=2471"}],"curies":[{"name":"wp","href":"https:\/\/api.w.org\/{rel}","templated":true}]}}