{"id":2463,"date":"2023-03-25T21:10:16","date_gmt":"2023-03-25T20:10:16","guid":{"rendered":"https:\/\/sweatrepublix.com\/fr\/product\/tote-bag-rafflesia\/"},"modified":"2023-11-01T17:51:17","modified_gmt":"2023-11-01T16:51:17","slug":"tote-bag-rafflesia","status":"publish","type":"product","link":"https:\/\/sweatrepublix.com\/fr\/product\/tote-bag-rafflesia\/","title":{"rendered":"All over print : tote bag Rafflesia"},"content":{"rendered":"<p>Un tote bag large et tendance pour vous aider \u00e0 transporter tout ce qui compte.<br \/>\nLe design est une fleur Indon\u00e9sienne, une merveille de la nature.<br \/>\nCliquer ici pour apprendre plus sur la plus grande fleur au monde :<br \/>\n<a href=\"https:\/\/www.geo.fr\/environnement\/letrange-vie-de-rafflesia-arnoldii-la-plus-grande-fleur-au-monde-204125\">https:\/\/www.geo.fr\/environnement\/letrange-vie-de-rafflesia-arnoldii-la-plus-grande-fleur-au-monde-204125<\/a><\/p>\n<p><strong>Avantages de la fabrication \u00ab\u00a0All over print\u00a0\u00bb qui est une m\u00e9thode de produire \u00e0 la demande :<\/strong><br \/>\nCe produit est fabriqu\u00e9 sp\u00e9cialement pour vous d\u00e8s que vous passez commande, c&rsquo;est pourquoi il nous faut un peu plus de temps pour vous le livrer.<br \/>\n<strong>Fabriquer des produits \u00e0 la demande plut\u00f4t qu&rsquo;en vrac permet de r\u00e9duire la surproduction. Merci donc de prendre des d\u00e9cisions d&rsquo;achat r\u00e9fl\u00e9chies !<\/strong><\/p>\n<p><a href=\"https:\/\/sweatrepublix.com\/fr\/foire-aux-questions-faq\/info-produit\/\">Info produit<\/a><\/p>\n","protected":false},"excerpt":{"rendered":"<p>Un tote bag large et tendance pour vous aider \u00e0 transporter tout ce qui compte. Le design est une fleur Indon\u00e9sienne, une merveille de la nature. Cliquer ici pour apprendre plus sur la plus grande fleur au monde : https:\/\/www.geo.fr\/environnement\/letrange-vie-de-rafflesia-arnoldii-la-plus-grande-fleur-au-monde-204125 Avantages de la fabrication \u00ab\u00a0All over print\u00a0\u00bb qui est une m\u00e9thode de produire \u00e0 la [&hellip;]<\/p>\n","protected":false},"featured_media":2464,"comment_status":"open","ping_status":"closed","template":"","meta":{"site-sidebar-layout":"default","site-content-layout":"default","ast-site-content-layout":"default","site-content-style":"default","site-sidebar-style":"default","ast-global-header-display":"","ast-banner-title-visibility":"","ast-main-header-display":"","ast-hfb-above-header-display":"","ast-hfb-below-header-display":"","ast-hfb-mobile-header-display":"","site-post-title":"","ast-breadcrumbs-content":"","ast-featured-img":"","footer-sml-layout":"","ast-disable-related-posts":"","theme-transparent-header-meta":"default","adv-header-id-meta":"","stick-header-meta":"","header-above-stick-meta":"","header-main-stick-meta":"","header-below-stick-meta":"","astra-migrate-meta-layouts":"default","ast-page-background-enabled":"default","ast-page-background-meta":{"desktop":{"background-color":"","background-image":"","background-repeat":"repeat","background-position":"center center","background-size":"auto","background-attachment":"scroll","background-type":"","background-media":"","overlay-type":"","overlay-color":"","overlay-opacity":"","overlay-gradient":""},"tablet":{"background-color":"","background-image":"","background-repeat":"repeat","background-position":"center center","background-size":"auto","background-attachment":"scroll","background-type":"","background-media":"","overlay-type":"","overlay-color":"","overlay-opacity":"","overlay-gradient":""},"mobile":{"background-color":"","background-image":"","background-repeat":"repeat","background-position":"center center","background-size":"auto","background-attachment":"scroll","background-type":"","background-media":"","overlay-type":"","overlay-color":"","overlay-opacity":"","overlay-gradient":""}},"ast-content-background-meta":{"desktop":{"background-color":"var(--ast-global-color-5)","background-image":"","background-repeat":"repeat","background-position":"center center","background-size":"auto","background-attachment":"scroll","background-type":"","background-media":"","overlay-type":"","overlay-color":"","overlay-opacity":"","overlay-gradient":""},"tablet":{"background-color":"var(--ast-global-color-5)","background-image":"","background-repeat":"repeat","background-position":"center center","background-size":"auto","background-attachment":"scroll","background-type":"","background-media":"","overlay-type":"","overlay-color":"","overlay-opacity":"","overlay-gradient":""},"mobile":{"background-color":"var(--ast-global-color-5)","background-image":"","background-repeat":"repeat","background-position":"center center","background-size":"auto","background-attachment":"scroll","background-type":"","background-media":"","overlay-type":"","overlay-color":"","overlay-opacity":"","overlay-gradient":""}}},"product_brand":[],"product_cat":[17,112,106,120,102],"product_tag":[125,126,124,132,133],"class_list":{"0":"post-2463","1":"product","2":"type-product","3":"status-publish","4":"has-post-thumbnail","6":"product_cat-accessoires","7":"product_cat-spring_accessories","8":"product_cat-spring2023","9":"product_cat-sac","10":"product_cat-tote-bag","11":"product_tag-fleur","12":"product_tag-flower","13":"product_tag-rafflesia","14":"product_tag-tote","15":"product_tag-totebag","16":"desktop-align-center","17":"tablet-align-left","18":"mobile-align-left","20":"first","21":"instock","22":"taxable","23":"shipping-taxable","24":"purchasable","25":"product-type-simple"},"aioseo_notices":[],"_links":{"self":[{"href":"https:\/\/sweatrepublix.com\/fr\/wp-json\/wp\/v2\/product\/2463","targetHints":{"allow":["GET"]}}],"collection":[{"href":"https:\/\/sweatrepublix.com\/fr\/wp-json\/wp\/v2\/product"}],"about":[{"href":"https:\/\/sweatrepublix.com\/fr\/wp-json\/wp\/v2\/types\/product"}],"replies":[{"embeddable":true,"href":"https:\/\/sweatrepublix.com\/fr\/wp-json\/wp\/v2\/comments?post=2463"}],"wp:featuredmedia":[{"embeddable":true,"href":"https:\/\/sweatrepublix.com\/fr\/wp-json\/wp\/v2\/media\/2464"}],"wp:attachment":[{"href":"https:\/\/sweatrepublix.com\/fr\/wp-json\/wp\/v2\/media?parent=2463"}],"wp:term":[{"taxonomy":"product_brand","embeddable":true,"href":"https:\/\/sweatrepublix.com\/fr\/wp-json\/wp\/v2\/product_brand?post=2463"},{"taxonomy":"product_cat","embeddable":true,"href":"https:\/\/sweatrepublix.com\/fr\/wp-json\/wp\/v2\/product_cat?post=2463"},{"taxonomy":"product_tag","embeddable":true,"href":"https:\/\/sweatrepublix.com\/fr\/wp-json\/wp\/v2\/product_tag?post=2463"}],"curies":[{"name":"wp","href":"https:\/\/api.w.org\/{rel}","templated":true}]}}