{"id":1328,"date":"2022-12-11T17:46:59","date_gmt":"2022-12-11T16:46:59","guid":{"rendered":"https:\/\/sweatrepublix.com\/fr\/product\/sac-a-cordon-bleu-kali-rangda\/"},"modified":"2023-03-30T18:25:59","modified_gmt":"2023-03-30T17:25:59","slug":"sac-a-cordon-rangda","status":"publish","type":"product","link":"https:\/\/sweatrepublix.com\/fr\/product\/sac-a-cordon-rangda\/","title":{"rendered":"All over print : sac \u00e0 cordon Rangda"},"content":{"rendered":"<p>Sac \u00e0 cordon indispensable pour transporter ses affaires de sport, peut \u00eatre aussi port\u00e9 comme un sac \u00e0 dos gr\u00e2ce \u00e0 sa fermeture \u00e0 cordon de serrage sur le haut et ses bretelles \u00e9troites et contrast\u00e9es.<\/p>\n<p><strong>Avantages de la fabrication \u00ab\u00a0All over print\u00a0\u00bb qui est une m\u00e9thode de produire \u00e0 la demande :<\/strong><br \/>\nCe produit est fabriqu\u00e9 sp\u00e9cialement pour vous d\u00e8s que vous passez commande, c\u2019est pourquoi il nous faut un peu plus de temps pour vous le livrer.<br \/>\n<strong>Fabriquer des produits \u00e0 la demande plut\u00f4t qu\u2019en vrac permet de r\u00e9duire la surproduction. Merci donc de prendre des d\u00e9cisions d\u2019achat r\u00e9fl\u00e9chies !<\/strong><\/p>\n<p>Plus d&rsquo;info sur le produit se trouve dans la <a href=\"https:\/\/sweatrepublix.com\/fr\/foire-aux-questions-faq\/\">FAQ<\/a>.<br \/>\nMa source d&rsquo;inspiration pour le design:<br \/>\n<a href=\"https:\/\/sweatrepublix.com\/fr\/rangda\/\">Rangda<\/a><\/p>\n","protected":false},"excerpt":{"rendered":"<p>Sac \u00e0 cordon indispensable pour transporter ses affaires de sport, peut \u00eatre aussi port\u00e9 comme un sac \u00e0 dos gr\u00e2ce \u00e0 sa fermeture \u00e0 cordon de serrage sur le haut et ses bretelles \u00e9troites et contrast\u00e9es. Avantages de la fabrication \u00ab\u00a0All over print\u00a0\u00bb qui est une m\u00e9thode de produire \u00e0 la demande : Ce produit [&hellip;]<\/p>\n","protected":false},"featured_media":1333,"comment_status":"open","ping_status":"closed","template":"","meta":{"site-sidebar-layout":"default","site-content-layout":"default","ast-site-content-layout":"default","site-content-style":"default","site-sidebar-style":"default","ast-global-header-display":"","ast-banner-title-visibility":"","ast-main-header-display":"","ast-hfb-above-header-display":"","ast-hfb-below-header-display":"","ast-hfb-mobile-header-display":"","site-post-title":"","ast-breadcrumbs-content":"","ast-featured-img":"","footer-sml-layout":"","ast-disable-related-posts":"","theme-transparent-header-meta":"default","adv-header-id-meta":"","stick-header-meta":"","header-above-stick-meta":"","header-main-stick-meta":"","header-below-stick-meta":"","astra-migrate-meta-layouts":"default","ast-page-background-enabled":"default","ast-page-background-meta":{"desktop":{"background-color":"","background-image":"","background-repeat":"repeat","background-position":"center center","background-size":"auto","background-attachment":"scroll","background-type":"","background-media":"","overlay-type":"","overlay-color":"","overlay-opacity":"","overlay-gradient":""},"tablet":{"background-color":"","background-image":"","background-repeat":"repeat","background-position":"center center","background-size":"auto","background-attachment":"scroll","background-type":"","background-media":"","overlay-type":"","overlay-color":"","overlay-opacity":"","overlay-gradient":""},"mobile":{"background-color":"","background-image":"","background-repeat":"repeat","background-position":"center center","background-size":"auto","background-attachment":"scroll","background-type":"","background-media":"","overlay-type":"","overlay-color":"","overlay-opacity":"","overlay-gradient":""}},"ast-content-background-meta":{"desktop":{"background-color":"var(--ast-global-color-5)","background-image":"","background-repeat":"repeat","background-position":"center center","background-size":"auto","background-attachment":"scroll","background-type":"","background-media":"","overlay-type":"","overlay-color":"","overlay-opacity":"","overlay-gradient":""},"tablet":{"background-color":"var(--ast-global-color-5)","background-image":"","background-repeat":"repeat","background-position":"center center","background-size":"auto","background-attachment":"scroll","background-type":"","background-media":"","overlay-type":"","overlay-color":"","overlay-opacity":"","overlay-gradient":""},"mobile":{"background-color":"var(--ast-global-color-5)","background-image":"","background-repeat":"repeat","background-position":"center center","background-size":"auto","background-attachment":"scroll","background-type":"","background-media":"","overlay-type":"","overlay-color":"","overlay-opacity":"","overlay-gradient":""}}},"product_brand":[],"product_cat":[17,120,101],"product_tag":[135,54,129,137,134,136],"class_list":{"0":"post-1328","1":"product","2":"type-product","3":"status-publish","4":"has-post-thumbnail","6":"product_cat-accessoires","7":"product_cat-sac","8":"product_cat-drawstring-bag","9":"product_tag-drawstringbag","10":"product_tag-rangda","11":"product_tag-sac","12":"product_tag-sacachaussure","13":"product_tag-sacacordon","14":"product_tag-shoebag","15":"desktop-align-center","16":"tablet-align-left","17":"mobile-align-left","19":"first","20":"instock","21":"taxable","22":"shipping-taxable","23":"purchasable","24":"product-type-simple"},"aioseo_notices":[],"_links":{"self":[{"href":"https:\/\/sweatrepublix.com\/fr\/wp-json\/wp\/v2\/product\/1328","targetHints":{"allow":["GET"]}}],"collection":[{"href":"https:\/\/sweatrepublix.com\/fr\/wp-json\/wp\/v2\/product"}],"about":[{"href":"https:\/\/sweatrepublix.com\/fr\/wp-json\/wp\/v2\/types\/product"}],"replies":[{"embeddable":true,"href":"https:\/\/sweatrepublix.com\/fr\/wp-json\/wp\/v2\/comments?post=1328"}],"wp:featuredmedia":[{"embeddable":true,"href":"https:\/\/sweatrepublix.com\/fr\/wp-json\/wp\/v2\/media\/1333"}],"wp:attachment":[{"href":"https:\/\/sweatrepublix.com\/fr\/wp-json\/wp\/v2\/media?parent=1328"}],"wp:term":[{"taxonomy":"product_brand","embeddable":true,"href":"https:\/\/sweatrepublix.com\/fr\/wp-json\/wp\/v2\/product_brand?post=1328"},{"taxonomy":"product_cat","embeddable":true,"href":"https:\/\/sweatrepublix.com\/fr\/wp-json\/wp\/v2\/product_cat?post=1328"},{"taxonomy":"product_tag","embeddable":true,"href":"https:\/\/sweatrepublix.com\/fr\/wp-json\/wp\/v2\/product_tag?post=1328"}],"curies":[{"name":"wp","href":"https:\/\/api.w.org\/{rel}","templated":true}]}}