{"id":751,"date":"2022-11-28T21:57:42","date_gmt":"2022-11-28T20:57:42","guid":{"rendered":"https:\/\/sweatrepublix.com\/?page_id=751"},"modified":"2022-11-28T21:59:47","modified_gmt":"2022-11-28T20:59:47","slug":"les-origines-de-la-marque","status":"publish","type":"page","link":"https:\/\/sweatrepublix.com\/fr\/les-origines-de-la-marque\/","title":{"rendered":"Les origines de la marque"},"content":{"rendered":"\n<div class=\"wp-block-uagb-image uagb-block-b5cf2ba7 wp-block-uagb-image--layout-default wp-block-uagb-image--effect-static wp-block-uagb-image--align-center\"><figure class=\"wp-block-uagb-image__figure\"><img decoding=\"async\" srcset=\"https:\/\/sweatrepublix.com\/wp-content\/uploads\/2022\/08\/cropped-sweat-republix-logo.png \" src=\"https:\/\/sweatrepublix.com\/wp-content\/uploads\/2022\/08\/cropped-sweat-republix-logo.png\" alt=\"\" class=\"uag-image-426\" width=\"189\" height=\"189\" title=\"\" loading=\"lazy\"\/><\/figure><\/div>\n\n\n\n<p><strong>Pourquoi ce piment soul\u00e8ve-t-il la barre ?<\/strong><br>Je sais que certaines choses nous font transpirer : le temps chaud, la nourriture \u00e9pic\u00e9e et les exercices.<\/p>\n\n\n\n<p>En tant qu&rsquo;Indon\u00e9sienne, je regrette de ne pas b\u00e9n\u00e9ficier de 12 heures de soleil toute l&rsquo;ann\u00e9e et de ne pas pouvoir trouver sur les trottoirs des stands de nourriture qui vendent des vari\u00e9t\u00e9s de plats (tr\u00e8s) \u00e9pic\u00e9s qui vous font transpirer comme dans un sauna.<\/p>\n\n\n\n<p>Bien que je m&rsquo;adapte au temps froid et au manque de stands de nourriture \u00e9pic\u00e9e en faisant r\u00e9guli\u00e8rement du sport et en cuisinant des plats indon\u00e9siens \u00e0 la maison. J&rsquo;ai toujours une relation d&rsquo;amour et de haine avec le temps des 4 saisons. C&rsquo;est bien d&rsquo;avoir des changements mais je n&rsquo;aime toujours pas le froid (vous voyez, je ne dis pas que je d\u00e9teste le froid). J&rsquo;ai d\u00e9couvert le CrossFit en 2018 et depuis, dans le cadre de mon entra\u00eenement, j&rsquo;apprends l&rsquo;halt\u00e9rophilie olympique plusieurs fois par semaine (j&rsquo;aime le fait qu&rsquo;en vieillissant, je parvienne \u00e0 soulever plus lourd).<\/p>\n\n\n\n<p>Faire du CrossFit a chang\u00e9 ma vie. J&rsquo;ai une meilleure sant\u00e9, une meilleure humeur et je ne me lasse plus d&rsquo;une s\u00e9ance d&rsquo;entra\u00eenement car il y a toujours quelque chose de nouveau \u00e0 apprendre. Il est essentiel d&rsquo;avoir des v\u00eatements appropri\u00e9s \u00e0 porter, encore mieux s&rsquo;ils ont l&rsquo;air cool. Apr\u00e8s la p\u00e9riode COVID, j&rsquo;ai d\u00e9cid\u00e9 de faire quelque chose pour repr\u00e9senter ma culture dans quelque chose que j&rsquo;aime.<\/p>\n\n\n\n<p>Sweat Republix est cr\u00e9\u00e9 pour ceux qui aiment les v\u00eatements cool, pour ceux qui veulent d\u00e9couvrir la culture, les l\u00e9gendes et les mythes indon\u00e9siens et pour ceux qui aiment transpirer (en mangeant du piment, en profitant du soleil ou en faisant des exercices).<\/p>\n","protected":false},"excerpt":{"rendered":"<p>Pourquoi ce piment soul\u00e8ve-t-il la barre ?Je sais que certaines choses nous font transpirer : le temps chaud, la nourriture \u00e9pic\u00e9e et les exercices. En tant qu&rsquo;Indon\u00e9sienne, je regrette de ne pas b\u00e9n\u00e9ficier de 12 heures de soleil toute l&rsquo;ann\u00e9e et de ne pas pouvoir trouver sur les trottoirs des stands de nourriture qui vendent [&hellip;]<\/p>\n","protected":false},"author":1,"featured_media":0,"parent":0,"menu_order":0,"comment_status":"closed","ping_status":"closed","template":"","meta":{"site-sidebar-layout":"default","site-content-layout":"","ast-site-content-layout":"default","site-content-style":"default","site-sidebar-style":"default","ast-global-header-display":"","ast-banner-title-visibility":"","ast-main-header-display":"","ast-hfb-above-header-display":"","ast-hfb-below-header-display":"","ast-hfb-mobile-header-display":"","site-post-title":"","ast-breadcrumbs-content":"","ast-featured-img":"","footer-sml-layout":"","ast-disable-related-posts":"","theme-transparent-header-meta":"","adv-header-id-meta":"","stick-header-meta":"","header-above-stick-meta":"","header-main-stick-meta":"","header-below-stick-meta":"","astra-migrate-meta-layouts":"default","ast-page-background-enabled":"default","ast-page-background-meta":{"desktop":{"background-color":"","background-image":"","background-repeat":"repeat","background-position":"center center","background-size":"auto","background-attachment":"scroll","background-type":"","background-media":"","overlay-type":"","overlay-color":"","overlay-opacity":"","overlay-gradient":""},"tablet":{"background-color":"","background-image":"","background-repeat":"repeat","background-position":"center center","background-size":"auto","background-attachment":"scroll","background-type":"","background-media":"","overlay-type":"","overlay-color":"","overlay-opacity":"","overlay-gradient":""},"mobile":{"background-color":"","background-image":"","background-repeat":"repeat","background-position":"center center","background-size":"auto","background-attachment":"scroll","background-type":"","background-media":"","overlay-type":"","overlay-color":"","overlay-opacity":"","overlay-gradient":""}},"ast-content-background-meta":{"desktop":{"background-color":"var(--ast-global-color-5)","background-image":"","background-repeat":"repeat","background-position":"center center","background-size":"auto","background-attachment":"scroll","background-type":"","background-media":"","overlay-type":"","overlay-color":"","overlay-opacity":"","overlay-gradient":""},"tablet":{"background-color":"var(--ast-global-color-5)","background-image":"","background-repeat":"repeat","background-position":"center center","background-size":"auto","background-attachment":"scroll","background-type":"","background-media":"","overlay-type":"","overlay-color":"","overlay-opacity":"","overlay-gradient":""},"mobile":{"background-color":"var(--ast-global-color-5)","background-image":"","background-repeat":"repeat","background-position":"center center","background-size":"auto","background-attachment":"scroll","background-type":"","background-media":"","overlay-type":"","overlay-color":"","overlay-opacity":"","overlay-gradient":""}},"footnotes":""},"class_list":["post-751","page","type-page","status-publish","hentry"],"aioseo_notices":[],"_links":{"self":[{"href":"https:\/\/sweatrepublix.com\/fr\/wp-json\/wp\/v2\/pages\/751","targetHints":{"allow":["GET"]}}],"collection":[{"href":"https:\/\/sweatrepublix.com\/fr\/wp-json\/wp\/v2\/pages"}],"about":[{"href":"https:\/\/sweatrepublix.com\/fr\/wp-json\/wp\/v2\/types\/page"}],"author":[{"embeddable":true,"href":"https:\/\/sweatrepublix.com\/fr\/wp-json\/wp\/v2\/users\/1"}],"replies":[{"embeddable":true,"href":"https:\/\/sweatrepublix.com\/fr\/wp-json\/wp\/v2\/comments?post=751"}],"version-history":[{"count":4,"href":"https:\/\/sweatrepublix.com\/fr\/wp-json\/wp\/v2\/pages\/751\/revisions"}],"predecessor-version":[{"id":976,"href":"https:\/\/sweatrepublix.com\/fr\/wp-json\/wp\/v2\/pages\/751\/revisions\/976"}],"wp:attachment":[{"href":"https:\/\/sweatrepublix.com\/fr\/wp-json\/wp\/v2\/media?parent=751"}],"curies":[{"name":"wp","href":"https:\/\/api.w.org\/{rel}","templated":true}]}}