{"id":709,"date":"2022-11-17T21:29:05","date_gmt":"2022-11-17T21:29:05","guid":{"rendered":"https:\/\/sweatrepublix.com\/?page_id=709"},"modified":"2022-12-22T00:07:53","modified_gmt":"2022-12-21T23:07:53","slug":"barong","status":"publish","type":"page","link":"https:\/\/sweatrepublix.com\/fr\/barong\/","title":{"rendered":"Barong"},"content":{"rendered":"\n<div class=\"wp-block-cover alignwide is-light\"><span aria-hidden=\"true\" class=\"wp-block-cover__background has-white-background-color has-background-dim-70 has-background-dim\"><\/span><img decoding=\"async\" width=\"665\" height=\"1000\" class=\"wp-block-cover__image-background wp-image-1581\" alt=\"\" src=\"https:\/\/sweatrepublix.com\/wp-content\/uploads\/2022\/12\/Barong_and_Kris_dance.jpg\" data-object-fit=\"cover\" srcset=\"https:\/\/sweatrepublix.com\/wp-content\/uploads\/2022\/12\/Barong_and_Kris_dance.jpg 665w, https:\/\/sweatrepublix.com\/wp-content\/uploads\/2022\/12\/Barong_and_Kris_dance-200x300.jpg 200w, https:\/\/sweatrepublix.com\/wp-content\/uploads\/2022\/12\/Barong_and_Kris_dance-8x12.jpg 8w, https:\/\/sweatrepublix.com\/wp-content\/uploads\/2022\/12\/Barong_and_Kris_dance-600x902.jpg 600w\" sizes=\"(max-width: 665px) 100vw, 665px\" \/><div class=\"wp-block-cover__inner-container is-layout-flow wp-block-cover-is-layout-flow\">\n<p><strong>Qui est <em>Barong <\/em>?<\/strong><\/p>\n\n\n\n<p class=\"has-small-font-size\"><mark style=\"background-color:rgba(0, 0, 0, 0)\" class=\"has-inline-color has-ast-global-color-3-color\"><strong><em>Barong <\/em><\/strong>est le roi des esprits et l&rsquo;ennemi de <strong><em>Rangda<\/em><\/strong>. Selon la mythologie Balinaise, le <strong><em>Barong <\/em><\/strong>est un symbole de justice et est souvent repr\u00e9sent\u00e9 sous la forme de lions, de vaches, ou m\u00eame de dragons. Les Balinais croient que tout ce qui existe est une dualit\u00e9, qui apporte un \u00e9quilibre \u00e0 l&rsquo;univers. Donc, sans l&rsquo;existence du mal, le bien ne peut pas exister. Ce concept est nomm\u00e9 <strong><em>Rwa Bhineda<\/em><\/strong> (qui signifie : deux oppos\u00e9s). La naissance \u00e9quilibre la mort, le jeune \u00e9quilibre le vieux, le positif \u00e9quilibre le n\u00e9gatif, la joie \u00e9quilibre le chagrin, l&rsquo;ordre \u00e9quilibre le chaos et ainsi de suite. Pour atteindre l&rsquo;\u00e9quilibre parfait l&rsquo;univers s&rsquo;ajuste continuellement.<\/mark><\/p>\n\n\n\n<p class=\"has-small-font-size\"><mark style=\"background-color:rgba(0, 0, 0, 0)\" class=\"has-inline-color has-ast-global-color-3-color\">En tant que roi des bons esprits, <strong><em>Barong <\/em><\/strong>m\u00e8ne un combat sans fin contre la reine des d\u00e9mons <strong><em>Rangda<\/em><\/strong>. La bataille entre <strong><em>Barong <\/em><\/strong>et <strong><em>Rangda <\/em><\/strong>est pr\u00e9sent\u00e9e dans la danse <strong><em>Barong<\/em><\/strong>, l&rsquo;\u00e9ternel combat entre le bien et le mal. <\/mark><strong><em>Barong <\/em><\/strong>se lance alors dans la bataille, avec une arm\u00e9e fournie par <strong><em>Airlangga <\/em><\/strong>(le prince du royaume, le fils de <strong><em>Rangda<\/em><\/strong>), pour traduire <strong><em>Rangda <\/em><\/strong>en justice. <strong><em>Rangda<\/em><\/strong>, \u00e9tant une puissante sorci\u00e8re, a jet\u00e9 un sort aux soldats pour qu&rsquo;ils se poignardent avec <strong><em>Keris <\/em><\/strong>(lire: queue-risse aussi connu comme <strong><em>Kriss<\/em><\/strong>; une dague traditionnelle Indon\u00e9sienne). De l&rsquo;autre c\u00f4t\u00e9, <strong><em>Barong<\/em><\/strong>, prot\u00e8ge ces soldats pour que les Keris ne leur transpercent pas la peau. <\/p>\n\n\n\n<p class=\"has-small-font-size\">Pendant la danse, les danseurs sont en \u00e9tat de transe. Ils ne se blessent pas malgr\u00e9 le fait qu&rsquo;ils se poignardent avec une arme tranchante, ce qui fascinent les touristes qui regardent de pr\u00e8s. La danse peut \u00eatre ex\u00e9cut\u00e9e toute la nuit et lorsque le jour se l\u00e8ve, les danseurs sortent de leur transe. Une fois la transe est termin\u00e9e, <strong><em>Barong <\/em><\/strong>et son arm\u00e9e renversent finalement <strong><em>Rangda<\/em><\/strong>. La victoire de <strong><em>Barong <\/em><\/strong>affirme sa protection du royaume, mais <strong><em>Rangda <\/em><\/strong>ne meurt pas. Elle se r\u00e9incarne et <strong><em>Barong <\/em><\/strong>doit la vaincre un autre jour.<\/p>\n\n\n\n<p class=\"has-small-font-size\">Un <strong><em>Barong <\/em><\/strong>se compose de deux parties : la t\u00eate et le corps; dont dans la danse de <strong><em>Barong<\/em><\/strong>, deux personnes est n\u00e9cessaire pour l&rsquo;animer. Les masques <strong><em>Barong <\/em><\/strong>sont consid\u00e9r\u00e9s comme des objets sacr\u00e9s et exigent un travail artistique, complexe et minutieux. M\u00eame si les masques <strong><em>Barong <\/em><\/strong>sont devenus des objets de collection populaires aupr\u00e8s des \u00e9trangers, pour les Balinais, ils sont honor\u00e9s au-del\u00e0 de ses valeurs esth\u00e9tiques. Chaque village a un <strong><em>Barong <\/em><\/strong>qui est consid\u00e9r\u00e9 comme son gardien. Conserv\u00e9 dans le temple du village, le masque est sorti que pour les occasions sp\u00e9ciales. On lui demande d&rsquo;accorder des b\u00e9n\u00e9diction au peuple du village ou de r\u00e9tablir l&rsquo;\u00e9quilibre des forces cosmiques.<\/p>\n\n\n\n<p><strong>Pourquoi j&rsquo;ai choisi <em>Barong <\/em>?<\/strong><\/p>\n\n\n\n<p class=\"has-small-font-size\">Contrairement \u00e0 de nombreux contes de f\u00e9es ou histoires, cette bataille entre <strong><em>Barong<\/em><\/strong> et <strong><em>Rangda <\/em><\/strong>ne se termine pas par \u00ab\u00a0et ils v\u00e9curent heureux pour toujours\u00a0\u00bb. Cette bataille est une guerre perp\u00e9tuelle, qui entrelace la relation complexe entre le bien et le mal. Comme le concept cit\u00e9 dessus, le <strong><em>Rwa Bhineda<\/em><\/strong>, l&rsquo;ordre \u00e9quilibre le chaos. Mais l&rsquo;univers s&rsquo;ajuste constamment pour atteindre l&rsquo;\u00e9quilibre parfait.<\/p>\n\n\n\n<p class=\"has-small-font-size\">J&rsquo;adore le concept de la victoire du bien sur le mal qui n&rsquo;est pas permanent, car dans la vie, il y a aussi des hauts et des bas. Nous devons \u00eatre reconnaissants pour les bons moments, mais nous devons toujours \u00eatre pr\u00eats pour les mauvaises (surprises).<\/p>\n\n\n\n<p class=\"has-small-font-size\">Quand j&rsquo;ai commenc\u00e9 le CrossFit, je d\u00e9testais beaucoup de mouvements. Apr\u00e8s plusieurs ann\u00e9es de pratique, je les d\u00e9teste moins. Je consid\u00e8re que chaque s\u00e9ance d&rsquo;entra\u00eenement est une bataille entre une partie de moi-m\u00eame qui veut \u00eatre meilleure, plus forte et en meilleure sant\u00e9 en vieillissant, et l&rsquo;autre partie qui veut sauter une ou deux choses, voire une s\u00e9ance enti\u00e8re, juste parce que c&rsquo;est fatigant ou qu&rsquo;il fait froid dehors.<\/p>\n\n\n\n<p class=\"has-small-font-size\">Chacun d&rsquo;entre nous a une bataille \u00e0 mener chaque jour et <em><strong>Barong <\/strong><\/em>nous apprend \u00e0 ramasser notre \u00e9quipement pour combattre un autre jour.<\/p>\n\n\n\n<p><strong>En savoir plus :<\/strong><\/p>\n\n\n\n<p class=\"has-small-font-size\"><a href=\"https:\/\/volunteerprogramsbali.org\/rwa-bhineda-the-philosophy-of-balance\/\">https:\/\/volunteerprogramsbali.org\/rwa-bhineda-the-philosophy-of-balance\/<\/a><\/p>\n\n\n\n<p class=\"has-small-font-size\"><a href=\"https:\/\/unicare-clinic.com\/rangda-queen-leak-balinese-ghost\/\">https:\/\/unicare-clinic.com\/rangda-queen-leak-balinese-ghost\/<\/a><\/p>\n\n\n\n<p class=\"has-small-font-size\"><a href=\"https:\/\/www.baliaround.com\/barong-and-rangda-balinese-two-opposites\/\">https:\/\/www.baliaround.com\/barong-and-rangda-balinese-two-opposites\/<\/a><\/p>\n\n\n\n<p class=\"has-small-font-size\"><a href=\"https:\/\/en.wikipedia.org\/wiki\/Barong_dance\">https:\/\/en.wikipedia.org\/wiki\/Barong_dance<\/a><\/p>\n\n\n\n<p class=\"has-small-font-size\"><a href=\"https:\/\/en.wikipedia.org\/wiki\/Barong_(mythology)\">https:\/\/en.wikipedia.org\/wiki\/Barong_(mythology)<\/a><\/p>\n<\/div><\/div>\n","protected":false},"excerpt":{"rendered":"","protected":false},"author":1,"featured_media":0,"parent":0,"menu_order":0,"comment_status":"closed","ping_status":"closed","template":"","meta":{"site-sidebar-layout":"default","site-content-layout":"","ast-site-content-layout":"default","site-content-style":"default","site-sidebar-style":"default","ast-global-header-display":"","ast-banner-title-visibility":"","ast-main-header-display":"","ast-hfb-above-header-display":"","ast-hfb-below-header-display":"","ast-hfb-mobile-header-display":"","site-post-title":"","ast-breadcrumbs-content":"","ast-featured-img":"","footer-sml-layout":"","ast-disable-related-posts":"","theme-transparent-header-meta":"","adv-header-id-meta":"","stick-header-meta":"","header-above-stick-meta":"","header-main-stick-meta":"","header-below-stick-meta":"","astra-migrate-meta-layouts":"default","ast-page-background-enabled":"default","ast-page-background-meta":{"desktop":{"background-color":"","background-image":"","background-repeat":"repeat","background-position":"center center","background-size":"auto","background-attachment":"scroll","background-type":"","background-media":"","overlay-type":"","overlay-color":"","overlay-opacity":"","overlay-gradient":""},"tablet":{"background-color":"","background-image":"","background-repeat":"repeat","background-position":"center center","background-size":"auto","background-attachment":"scroll","background-type":"","background-media":"","overlay-type":"","overlay-color":"","overlay-opacity":"","overlay-gradient":""},"mobile":{"background-color":"","background-image":"","background-repeat":"repeat","background-position":"center center","background-size":"auto","background-attachment":"scroll","background-type":"","background-media":"","overlay-type":"","overlay-color":"","overlay-opacity":"","overlay-gradient":""}},"ast-content-background-meta":{"desktop":{"background-color":"var(--ast-global-color-5)","background-image":"","background-repeat":"repeat","background-position":"center center","background-size":"auto","background-attachment":"scroll","background-type":"","background-media":"","overlay-type":"","overlay-color":"","overlay-opacity":"","overlay-gradient":""},"tablet":{"background-color":"var(--ast-global-color-5)","background-image":"","background-repeat":"repeat","background-position":"center center","background-size":"auto","background-attachment":"scroll","background-type":"","background-media":"","overlay-type":"","overlay-color":"","overlay-opacity":"","overlay-gradient":""},"mobile":{"background-color":"var(--ast-global-color-5)","background-image":"","background-repeat":"repeat","background-position":"center center","background-size":"auto","background-attachment":"scroll","background-type":"","background-media":"","overlay-type":"","overlay-color":"","overlay-opacity":"","overlay-gradient":""}},"footnotes":""},"class_list":["post-709","page","type-page","status-publish","hentry"],"aioseo_notices":[],"_links":{"self":[{"href":"https:\/\/sweatrepublix.com\/fr\/wp-json\/wp\/v2\/pages\/709","targetHints":{"allow":["GET"]}}],"collection":[{"href":"https:\/\/sweatrepublix.com\/fr\/wp-json\/wp\/v2\/pages"}],"about":[{"href":"https:\/\/sweatrepublix.com\/fr\/wp-json\/wp\/v2\/types\/page"}],"author":[{"embeddable":true,"href":"https:\/\/sweatrepublix.com\/fr\/wp-json\/wp\/v2\/users\/1"}],"replies":[{"embeddable":true,"href":"https:\/\/sweatrepublix.com\/fr\/wp-json\/wp\/v2\/comments?post=709"}],"version-history":[{"count":15,"href":"https:\/\/sweatrepublix.com\/fr\/wp-json\/wp\/v2\/pages\/709\/revisions"}],"predecessor-version":[{"id":1596,"href":"https:\/\/sweatrepublix.com\/fr\/wp-json\/wp\/v2\/pages\/709\/revisions\/1596"}],"wp:attachment":[{"href":"https:\/\/sweatrepublix.com\/fr\/wp-json\/wp\/v2\/media?parent=709"}],"curies":[{"name":"wp","href":"https:\/\/api.w.org\/{rel}","templated":true}]}}