{"id":701,"date":"2022-11-17T21:18:58","date_gmt":"2022-11-17T21:18:58","guid":{"rendered":"https:\/\/sweatrepublix.com\/?page_id=701"},"modified":"2022-12-22T00:09:59","modified_gmt":"2022-12-21T23:09:59","slug":"batik","status":"publish","type":"page","link":"https:\/\/sweatrepublix.com\/fr\/batik\/","title":{"rendered":"Batik"},"content":{"rendered":"\n<p style=\"font-size:25px\"><strong>Qu&rsquo;est-ce que le Batik ?<\/strong><\/p>\n\n\n\n<figure class=\"wp-block-gallery has-nested-images columns-5 is-cropped is-style-square wp-block-gallery-1 is-layout-flex wp-block-gallery-is-layout-flex\">\n<figure class=\"wp-block-image size-large\"><img decoding=\"async\" width=\"1024\" height=\"512\" data-id=\"436\" src=\"https:\/\/sweatrepublix.com\/wp-content\/uploads\/2022\/08\/Web-BG-1024x512.png\" alt=\"\" class=\"wp-image-436\" srcset=\"https:\/\/sweatrepublix.com\/wp-content\/uploads\/2022\/08\/Web-BG-1024x512.png 1024w, https:\/\/sweatrepublix.com\/wp-content\/uploads\/2022\/08\/Web-BG-800x400.png 800w, https:\/\/sweatrepublix.com\/wp-content\/uploads\/2022\/08\/Web-BG-300x150.png 300w, https:\/\/sweatrepublix.com\/wp-content\/uploads\/2022\/08\/Web-BG-768x384.png 768w, https:\/\/sweatrepublix.com\/wp-content\/uploads\/2022\/08\/Web-BG-1536x768.png 1536w, https:\/\/sweatrepublix.com\/wp-content\/uploads\/2022\/08\/Web-BG-2048x1024.png 2048w\" sizes=\"(max-width: 1024px) 100vw, 1024px\" \/><figcaption class=\"wp-element-caption\">Batik de Sweat Republix<\/figcaption><\/figure>\n\n\n\n<figure class=\"wp-block-image size-large\"><img decoding=\"async\" width=\"1024\" height=\"683\" data-id=\"1527\" src=\"https:\/\/sweatrepublix.com\/wp-content\/uploads\/2022\/12\/2048px-Batik_pedalaman_-_parang_klithik-1024x683.jpg\" alt=\"\" class=\"wp-image-1527\" srcset=\"https:\/\/sweatrepublix.com\/wp-content\/uploads\/2022\/12\/2048px-Batik_pedalaman_-_parang_klithik-1024x683.jpg 1024w, https:\/\/sweatrepublix.com\/wp-content\/uploads\/2022\/12\/2048px-Batik_pedalaman_-_parang_klithik-800x533.jpg 800w, https:\/\/sweatrepublix.com\/wp-content\/uploads\/2022\/12\/2048px-Batik_pedalaman_-_parang_klithik-300x200.jpg 300w, https:\/\/sweatrepublix.com\/wp-content\/uploads\/2022\/12\/2048px-Batik_pedalaman_-_parang_klithik-768x512.jpg 768w, https:\/\/sweatrepublix.com\/wp-content\/uploads\/2022\/12\/2048px-Batik_pedalaman_-_parang_klithik-1536x1024.jpg 1536w, https:\/\/sweatrepublix.com\/wp-content\/uploads\/2022\/12\/2048px-Batik_pedalaman_-_parang_klithik-18x12.jpg 18w, https:\/\/sweatrepublix.com\/wp-content\/uploads\/2022\/12\/2048px-Batik_pedalaman_-_parang_klithik-1320x880.jpg 1320w, https:\/\/sweatrepublix.com\/wp-content\/uploads\/2022\/12\/2048px-Batik_pedalaman_-_parang_klithik.jpg 2048w\" sizes=\"(max-width: 1024px) 100vw, 1024px\" \/><figcaption class=\"wp-element-caption\">Batik int\u00e9rieur contemporain de Solo, en Indon\u00e9sie, avec motif parang klithik.<\/figcaption><\/figure>\n\n\n\n<figure class=\"wp-block-image size-large\"><img decoding=\"async\" width=\"733\" height=\"1024\" data-id=\"1531\" src=\"https:\/\/sweatrepublix.com\/wp-content\/uploads\/2022\/12\/Raffles_A_Javan_in_the_Court_dress-733x1024.jpg\" alt=\"\" class=\"wp-image-1531\" srcset=\"https:\/\/sweatrepublix.com\/wp-content\/uploads\/2022\/12\/Raffles_A_Javan_in_the_Court_dress-733x1024.jpg 733w, https:\/\/sweatrepublix.com\/wp-content\/uploads\/2022\/12\/Raffles_A_Javan_in_the_Court_dress-scaled-800x1118.jpg 800w, https:\/\/sweatrepublix.com\/wp-content\/uploads\/2022\/12\/Raffles_A_Javan_in_the_Court_dress-215x300.jpg 215w, https:\/\/sweatrepublix.com\/wp-content\/uploads\/2022\/12\/Raffles_A_Javan_in_the_Court_dress-768x1073.jpg 768w, https:\/\/sweatrepublix.com\/wp-content\/uploads\/2022\/12\/Raffles_A_Javan_in_the_Court_dress-1099x1536.jpg 1099w, https:\/\/sweatrepublix.com\/wp-content\/uploads\/2022\/12\/Raffles_A_Javan_in_the_Court_dress-1465x2048.jpg 1465w, https:\/\/sweatrepublix.com\/wp-content\/uploads\/2022\/12\/Raffles_A_Javan_in_the_Court_dress-9x12.jpg 9w, https:\/\/sweatrepublix.com\/wp-content\/uploads\/2022\/12\/Raffles_A_Javan_in_the_Court_dress-1320x1845.jpg 1320w, https:\/\/sweatrepublix.com\/wp-content\/uploads\/2022\/12\/Raffles_A_Javan_in_the_Court_dress-scaled.jpg 1832w\" sizes=\"(max-width: 733px) 100vw, 733px\" \/><figcaption class=\"wp-element-caption\">Dessin d&rsquo;un homme javanais en tenue de cour.<\/figcaption><\/figure>\n\n\n\n<figure class=\"wp-block-image size-large\"><img decoding=\"async\" width=\"668\" height=\"1024\" data-id=\"1532\" src=\"https:\/\/sweatrepublix.com\/wp-content\/uploads\/2022\/12\/Stone_statue_of_Mahakala-668x1024.jpg\" alt=\"\" class=\"wp-image-1532\" srcset=\"https:\/\/sweatrepublix.com\/wp-content\/uploads\/2022\/12\/Stone_statue_of_Mahakala-668x1024.jpg 668w, https:\/\/sweatrepublix.com\/wp-content\/uploads\/2022\/12\/Stone_statue_of_Mahakala-scaled-800x1226.jpg 800w, https:\/\/sweatrepublix.com\/wp-content\/uploads\/2022\/12\/Stone_statue_of_Mahakala-196x300.jpg 196w, https:\/\/sweatrepublix.com\/wp-content\/uploads\/2022\/12\/Stone_statue_of_Mahakala-768x1177.jpg 768w, https:\/\/sweatrepublix.com\/wp-content\/uploads\/2022\/12\/Stone_statue_of_Mahakala-1002x1536.jpg 1002w, https:\/\/sweatrepublix.com\/wp-content\/uploads\/2022\/12\/Stone_statue_of_Mahakala-1336x2048.jpg 1336w, https:\/\/sweatrepublix.com\/wp-content\/uploads\/2022\/12\/Stone_statue_of_Mahakala-8x12.jpg 8w, https:\/\/sweatrepublix.com\/wp-content\/uploads\/2022\/12\/Stone_statue_of_Mahakala-1320x2023.jpg 1320w, https:\/\/sweatrepublix.com\/wp-content\/uploads\/2022\/12\/Stone_statue_of_Mahakala-scaled.jpg 1670w\" sizes=\"(max-width: 668px) 100vw, 668px\" \/><figcaption class=\"wp-element-caption\">Batik <em>Kawung<\/em>&nbsp;motif sur la statue Mahakala, du temple \u00e0&nbsp;<a href=\"https:\/\/en.wikipedia.org\/wiki\/Singhasari\">Singhasari<\/a>,&nbsp;<a href=\"https:\/\/en.wikipedia.org\/wiki\/East_Java\">Java<\/a> Est, 1275\u20131300<\/figcaption><\/figure>\n\n\n\n<figure class=\"wp-block-image size-large\"><img decoding=\"async\" width=\"1024\" height=\"675\" data-id=\"1537\" src=\"https:\/\/sweatrepublix.com\/wp-content\/uploads\/2022\/12\/Pertunjukkan_Nani_Tari_Topeng_Losari-1024x675.jpg\" alt=\"\" class=\"wp-image-1537\" srcset=\"https:\/\/sweatrepublix.com\/wp-content\/uploads\/2022\/12\/Pertunjukkan_Nani_Tari_Topeng_Losari-1024x675.jpg 1024w, https:\/\/sweatrepublix.com\/wp-content\/uploads\/2022\/12\/Pertunjukkan_Nani_Tari_Topeng_Losari-800x528.jpg 800w, https:\/\/sweatrepublix.com\/wp-content\/uploads\/2022\/12\/Pertunjukkan_Nani_Tari_Topeng_Losari-300x198.jpg 300w, https:\/\/sweatrepublix.com\/wp-content\/uploads\/2022\/12\/Pertunjukkan_Nani_Tari_Topeng_Losari-768x507.jpg 768w, https:\/\/sweatrepublix.com\/wp-content\/uploads\/2022\/12\/Pertunjukkan_Nani_Tari_Topeng_Losari-18x12.jpg 18w, https:\/\/sweatrepublix.com\/wp-content\/uploads\/2022\/12\/Pertunjukkan_Nani_Tari_Topeng_Losari.jpg 1119w\" sizes=\"(max-width: 1024px) 100vw, 1024px\" \/><figcaption class=\"wp-element-caption\">Samba masque pour Nani Losari dance performance de Cirebon (lire : tchi-reu-bonne), Java Ouest.<\/figcaption><\/figure>\n<\/figure>\n\n\n\n<p style=\"font-size:5px\"><\/p>\n\n\n\n<p class=\"has-small-font-size\">\u00ab\u00a0Batik\u00a0\u00bb \/bat\u026ak\/ est inscrit par l&rsquo;Unesco en 2009 au patrimoine culturel immat\u00e9riel indon\u00e9sien de l&rsquo;humanit\u00e9. Le mot indon\u00e9sien \u00ab\u00a0Batik\u00a0\u00bb vient du javanais \u00ab\u00a0bathik\u00a0\u00bb (\ua9a7\ua99b\ua9b6\ua98f\ua9c0) qui signifie jeter\/poser des points encore et encore.     <\/p>\n\n\n\n<p style=\"font-size:5px\"><img decoding=\"async\" width=\"400\" height=\"250\" class=\"wp-image-1528\" style=\"width: 400px;\" src=\"https:\/\/sweatrepublix.com\/wp-content\/uploads\/2022\/12\/Proses_Nembok_Salah_Satu_Tahapan_Membatik_Tulis.jpg\" alt=\"\" srcset=\"https:\/\/sweatrepublix.com\/wp-content\/uploads\/2022\/12\/Proses_Nembok_Salah_Satu_Tahapan_Membatik_Tulis.jpg 2048w, https:\/\/sweatrepublix.com\/wp-content\/uploads\/2022\/12\/Proses_Nembok_Salah_Satu_Tahapan_Membatik_Tulis-800x500.jpg 800w, https:\/\/sweatrepublix.com\/wp-content\/uploads\/2022\/12\/Proses_Nembok_Salah_Satu_Tahapan_Membatik_Tulis-300x188.jpg 300w, https:\/\/sweatrepublix.com\/wp-content\/uploads\/2022\/12\/Proses_Nembok_Salah_Satu_Tahapan_Membatik_Tulis-1024x640.jpg 1024w, https:\/\/sweatrepublix.com\/wp-content\/uploads\/2022\/12\/Proses_Nembok_Salah_Satu_Tahapan_Membatik_Tulis-768x480.jpg 768w, https:\/\/sweatrepublix.com\/wp-content\/uploads\/2022\/12\/Proses_Nembok_Salah_Satu_Tahapan_Membatik_Tulis-1536x960.jpg 1536w, https:\/\/sweatrepublix.com\/wp-content\/uploads\/2022\/12\/Proses_Nembok_Salah_Satu_Tahapan_Membatik_Tulis-18x12.jpg 18w, https:\/\/sweatrepublix.com\/wp-content\/uploads\/2022\/12\/Proses_Nembok_Salah_Satu_Tahapan_Membatik_Tulis-1320x825.jpg 1320w\" sizes=\"(max-width: 400px) 100vw, 400px\" \/><\/p>\n\n\n\n<p style=\"font-size:3px\"><\/p>\n\n\n\n<p class=\"has-small-font-size\">Le batik est un textile traditionnel auquel des valeurs culturelles immat\u00e9rielles tr\u00e8s riches sont associ\u00e9es et qui se transmet de g\u00e9n\u00e9ration en g\u00e9n\u00e9ration \u00e0 Java, ainsi que dans d\u2019autres r\u00e9gions  depuis le d\u00e9but du XIXe si\u00e8cle . Il s\u2019est r\u00e9pandu plus largement par la suite, en particulier depuis le milieu des ann\u00e9es 1980 1,2,4,7 . <\/p>\n\n\n\n<p style=\"font-size:5px\"><img decoding=\"async\" width=\"350\" height=\"251\" class=\"wp-image-1530\" style=\"width: 350px;\" src=\"https:\/\/sweatrepublix.com\/wp-content\/uploads\/2022\/12\/COLLECTIE_TROPENMUSEUM_Studioportret_van_twee_Javaanse_batiksters_TMnr_60027241.jpg\" alt=\"\" srcset=\"https:\/\/sweatrepublix.com\/wp-content\/uploads\/2022\/12\/COLLECTIE_TROPENMUSEUM_Studioportret_van_twee_Javaanse_batiksters_TMnr_60027241.jpg 700w, https:\/\/sweatrepublix.com\/wp-content\/uploads\/2022\/12\/COLLECTIE_TROPENMUSEUM_Studioportret_van_twee_Javaanse_batiksters_TMnr_60027241-300x215.jpg 300w, https:\/\/sweatrepublix.com\/wp-content\/uploads\/2022\/12\/COLLECTIE_TROPENMUSEUM_Studioportret_van_twee_Javaanse_batiksters_TMnr_60027241-18x12.jpg 18w, https:\/\/sweatrepublix.com\/wp-content\/uploads\/2022\/12\/COLLECTIE_TROPENMUSEUM_Studioportret_van_twee_Javaanse_batiksters_TMnr_60027241-600x429.jpg 600w\" sizes=\"(max-width: 350px) 100vw, 350px\" \/>           <img decoding=\"async\" width=\"350\" height=\"255\" class=\"wp-image-1533\" style=\"width: 350px;\" src=\"https:\/\/sweatrepublix.com\/wp-content\/uploads\/2022\/12\/COLLECTIE_TROPENMUSEUM_Batikken_het_oplossen_van_de_overbodige_waslaag_TMnr_10014215.jpg\" alt=\"\" srcset=\"https:\/\/sweatrepublix.com\/wp-content\/uploads\/2022\/12\/COLLECTIE_TROPENMUSEUM_Batikken_het_oplossen_van_de_overbodige_waslaag_TMnr_10014215.jpg 700w, https:\/\/sweatrepublix.com\/wp-content\/uploads\/2022\/12\/COLLECTIE_TROPENMUSEUM_Batikken_het_oplossen_van_de_overbodige_waslaag_TMnr_10014215-300x218.jpg 300w, https:\/\/sweatrepublix.com\/wp-content\/uploads\/2022\/12\/COLLECTIE_TROPENMUSEUM_Batikken_het_oplossen_van_de_overbodige_waslaag_TMnr_10014215-18x12.jpg 18w, https:\/\/sweatrepublix.com\/wp-content\/uploads\/2022\/12\/COLLECTIE_TROPENMUSEUM_Batikken_het_oplossen_van_de_overbodige_waslaag_TMnr_10014215-600x436.jpg 600w\" sizes=\"(max-width: 350px) 100vw, 350px\" \/><\/p>\n\n\n\n<p style=\"font-size:3px\"><\/p>\n\n\n\n<p class=\"has-small-font-size\">Le batik indon\u00e9sien est r\u00e9alis\u00e9 par application sur du tissu de cire chaude, en points ou en ligne, \u00e0 l\u2019aide d\u2019un instrument de cuivre en forme de stylet ou de tampons de cuivre . La cire permet de r\u00e9sister au processus de teinture naturelle ou synth\u00e9tique, effectu\u00e9 \u00e0 la main. Le tissu est ensuite mis \u00e0 bouillir et\/ou gratt\u00e9 pour en \u00f4ter la cire, ce proc\u00e9d\u00e9 \u00e9tant r\u00e9p\u00e9t\u00e9 pour chaque teinte. Les motifs du batik sont dot\u00e9s d\u2019un profond symbolisme 3 li\u00e9 au statut social, \u00e0 la communaut\u00e9 locale, \u00e0 la nature, \u00e0 l\u2019histoire et au patrimoine culturel.<\/p>\n\n\n\n<p style=\"font-size:5px\"><img decoding=\"async\" width=\"400\" height=\"225\" class=\"wp-image-1534\" style=\"width: 400px;\" src=\"https:\/\/sweatrepublix.com\/wp-content\/uploads\/2022\/12\/Tjanting.jpg\" alt=\"\" srcset=\"https:\/\/sweatrepublix.com\/wp-content\/uploads\/2022\/12\/Tjanting.jpg 640w, https:\/\/sweatrepublix.com\/wp-content\/uploads\/2022\/12\/Tjanting-300x169.jpg 300w, https:\/\/sweatrepublix.com\/wp-content\/uploads\/2022\/12\/Tjanting-18x10.jpg 18w, https:\/\/sweatrepublix.com\/wp-content\/uploads\/2022\/12\/Tjanting-600x338.jpg 600w\" sizes=\"(max-width: 400px) 100vw, 400px\" \/>     <img decoding=\"async\" width=\"350\" height=\"233\" class=\"wp-image-1535\" style=\"width: 350px;\" src=\"https:\/\/sweatrepublix.com\/wp-content\/uploads\/2022\/12\/Batik_Trusmi_Cirebon_11-scaled.jpg\" alt=\"\" srcset=\"https:\/\/sweatrepublix.com\/wp-content\/uploads\/2022\/12\/Batik_Trusmi_Cirebon_11-scaled.jpg 2560w, https:\/\/sweatrepublix.com\/wp-content\/uploads\/2022\/12\/Batik_Trusmi_Cirebon_11-scaled-800x533.jpg 800w, https:\/\/sweatrepublix.com\/wp-content\/uploads\/2022\/12\/Batik_Trusmi_Cirebon_11-300x200.jpg 300w, https:\/\/sweatrepublix.com\/wp-content\/uploads\/2022\/12\/Batik_Trusmi_Cirebon_11-1024x683.jpg 1024w, https:\/\/sweatrepublix.com\/wp-content\/uploads\/2022\/12\/Batik_Trusmi_Cirebon_11-768x512.jpg 768w, https:\/\/sweatrepublix.com\/wp-content\/uploads\/2022\/12\/Batik_Trusmi_Cirebon_11-1536x1024.jpg 1536w, https:\/\/sweatrepublix.com\/wp-content\/uploads\/2022\/12\/Batik_Trusmi_Cirebon_11-2048x1365.jpg 2048w, https:\/\/sweatrepublix.com\/wp-content\/uploads\/2022\/12\/Batik_Trusmi_Cirebon_11-18x12.jpg 18w, https:\/\/sweatrepublix.com\/wp-content\/uploads\/2022\/12\/Batik_Trusmi_Cirebon_11-1320x880.jpg 1320w\" sizes=\"(max-width: 350px) 100vw, 350px\" \/><\/p>\n\n\n\n<p style=\"font-size:3px\"><\/p>\n\n\n\n<p class=\"has-small-font-size\">Selon l&rsquo;Unesco (1), le Batik est d\u00e9crit comme le textile traditionnel fabriqu\u00e9 \u00e0 la main, riche en valeurs culturelles immat\u00e9rielles, transmis de g\u00e9n\u00e9ration en g\u00e9n\u00e9ration \u00e0 Java et ailleurs depuis le d\u00e9but du 19\u00e8me si\u00e8cle, Il est fabriqu\u00e9 en appliquant des points et des lignes de cire chaude sur le tissu \u00e0 l&rsquo;aide d&rsquo;un instrument en cuivre ressemblant \u00e0 un stylo (canthing tulis \/t\u0283ant\u026a\u014b tul\u026as\/), ou de tampons en cuivre (canthing cap \/t\u0283ant\u026a\u014b t\u0283ap\/), comme une r\u00e9sistance \u00e0 la teinture \u00e0 la main qui est ensuite \u00e9limin\u00e9e par \u00e9bullition et\/ou grattage, en r\u00e9p\u00e9tant le processus pour chaque couleur. Plusieurs jours sont n\u00e9cessaires pour r\u00e9aliser un batik au tampon, et au moins un mois et jusqu\u2019\u00e0 un an pour une pi\u00e8ce de batik o\u00f9 les dessins sont trac\u00e9s \u00e0 la main.<\/p>\n\n\n\n<p style=\"font-size:5px\"><img decoding=\"async\" width=\"400\" height=\"272\" class=\"wp-image-1536\" style=\"width: 400px;\" src=\"https:\/\/sweatrepublix.com\/wp-content\/uploads\/2022\/12\/Printing_wax-resin_resist_for_Batik_with_a_Tjap_Yogyakarta_1996.jpg\" alt=\"\" srcset=\"https:\/\/sweatrepublix.com\/wp-content\/uploads\/2022\/12\/Printing_wax-resin_resist_for_Batik_with_a_Tjap_Yogyakarta_1996.jpg 2303w, https:\/\/sweatrepublix.com\/wp-content\/uploads\/2022\/12\/Printing_wax-resin_resist_for_Batik_with_a_Tjap_Yogyakarta_1996-800x544.jpg 800w, https:\/\/sweatrepublix.com\/wp-content\/uploads\/2022\/12\/Printing_wax-resin_resist_for_Batik_with_a_Tjap_Yogyakarta_1996-300x204.jpg 300w, https:\/\/sweatrepublix.com\/wp-content\/uploads\/2022\/12\/Printing_wax-resin_resist_for_Batik_with_a_Tjap_Yogyakarta_1996-1024x697.jpg 1024w, https:\/\/sweatrepublix.com\/wp-content\/uploads\/2022\/12\/Printing_wax-resin_resist_for_Batik_with_a_Tjap_Yogyakarta_1996-768x523.jpg 768w, https:\/\/sweatrepublix.com\/wp-content\/uploads\/2022\/12\/Printing_wax-resin_resist_for_Batik_with_a_Tjap_Yogyakarta_1996-1536x1045.jpg 1536w, https:\/\/sweatrepublix.com\/wp-content\/uploads\/2022\/12\/Printing_wax-resin_resist_for_Batik_with_a_Tjap_Yogyakarta_1996-2048x1393.jpg 2048w, https:\/\/sweatrepublix.com\/wp-content\/uploads\/2022\/12\/Printing_wax-resin_resist_for_Batik_with_a_Tjap_Yogyakarta_1996-18x12.jpg 18w, https:\/\/sweatrepublix.com\/wp-content\/uploads\/2022\/12\/Printing_wax-resin_resist_for_Batik_with_a_Tjap_Yogyakarta_1996-1320x898.jpg 1320w\" sizes=\"(max-width: 400px) 100vw, 400px\" \/><\/p>\n\n\n\n<p style=\"font-size:5px\"><\/p>\n\n\n\n<p><strong>En savoir plus :<\/strong><\/p>\n\n\n\n<p class=\"has-small-font-size\">1. Extrait du document de la convention pour la sauvegarde du patrimoine culturel immat\u00e9riel ONU\/UNESCO : <a href=\"https:\/\/ich.unesco.org\/fr\/RL\/le-batik-indonsien-00170\">https:\/\/ich.unesco.org\/fr\/RL\/le-batik-indonsien-00170<\/a><\/p>\n\n\n\n<p class=\"has-small-font-size\">2. Journ\u00e9e internationale de Batik : <a href=\"https:\/\/lepetitjournal.com\/vivre-a-jakarta\/symbole-batik-indonesie-232292\">https:\/\/lepetitjournal.com\/vivre-a-jakarta\/symbole-batik-indonesie-232292<\/a><\/p>\n\n\n\n<p class=\"has-small-font-size\">3. Vid\u00e9o sur Batik par l&rsquo;Unesco : <a href=\"https:\/\/www.youtube.com\/watch?v=wylWYSHkzoQ&amp;ab_channel=UNESCO\" target=\"_blank\" rel=\"noopener\" title=\"\">https:\/\/www.youtube.com\/watch?v=wylWYSHkzoQ&amp;ab_channel=UNESCO<\/a><\/p>\n\n\n\n<p style=\"font-size:3px\"><\/p>\n","protected":false},"excerpt":{"rendered":"<p>Qu&rsquo;est-ce que le Batik ? \u00ab\u00a0Batik\u00a0\u00bb \/bat\u026ak\/ est inscrit par l&rsquo;Unesco en 2009 au patrimoine culturel immat\u00e9riel indon\u00e9sien de l&rsquo;humanit\u00e9. Le mot indon\u00e9sien \u00ab\u00a0Batik\u00a0\u00bb vient du javanais \u00ab\u00a0bathik\u00a0\u00bb (\ua9a7\ua99b\ua9b6\ua98f\ua9c0) qui signifie jeter\/poser des points encore et encore. Le batik est un textile traditionnel auquel des valeurs culturelles immat\u00e9rielles tr\u00e8s riches sont associ\u00e9es et qui se [&hellip;]<\/p>\n","protected":false},"author":1,"featured_media":0,"parent":0,"menu_order":0,"comment_status":"closed","ping_status":"closed","template":"","meta":{"site-sidebar-layout":"default","site-content-layout":"","ast-site-content-layout":"default","site-content-style":"default","site-sidebar-style":"default","ast-global-header-display":"","ast-banner-title-visibility":"","ast-main-header-display":"","ast-hfb-above-header-display":"","ast-hfb-below-header-display":"","ast-hfb-mobile-header-display":"","site-post-title":"","ast-breadcrumbs-content":"","ast-featured-img":"","footer-sml-layout":"","ast-disable-related-posts":"","theme-transparent-header-meta":"","adv-header-id-meta":"","stick-header-meta":"","header-above-stick-meta":"","header-main-stick-meta":"","header-below-stick-meta":"","astra-migrate-meta-layouts":"default","ast-page-background-enabled":"default","ast-page-background-meta":{"desktop":{"background-color":"","background-image":"","background-repeat":"repeat","background-position":"center center","background-size":"auto","background-attachment":"scroll","background-type":"","background-media":"","overlay-type":"","overlay-color":"","overlay-opacity":"","overlay-gradient":""},"tablet":{"background-color":"","background-image":"","background-repeat":"repeat","background-position":"center center","background-size":"auto","background-attachment":"scroll","background-type":"","background-media":"","overlay-type":"","overlay-color":"","overlay-opacity":"","overlay-gradient":""},"mobile":{"background-color":"","background-image":"","background-repeat":"repeat","background-position":"center center","background-size":"auto","background-attachment":"scroll","background-type":"","background-media":"","overlay-type":"","overlay-color":"","overlay-opacity":"","overlay-gradient":""}},"ast-content-background-meta":{"desktop":{"background-color":"var(--ast-global-color-5)","background-image":"","background-repeat":"repeat","background-position":"center center","background-size":"auto","background-attachment":"scroll","background-type":"","background-media":"","overlay-type":"","overlay-color":"","overlay-opacity":"","overlay-gradient":""},"tablet":{"background-color":"var(--ast-global-color-5)","background-image":"","background-repeat":"repeat","background-position":"center center","background-size":"auto","background-attachment":"scroll","background-type":"","background-media":"","overlay-type":"","overlay-color":"","overlay-opacity":"","overlay-gradient":""},"mobile":{"background-color":"var(--ast-global-color-5)","background-image":"","background-repeat":"repeat","background-position":"center center","background-size":"auto","background-attachment":"scroll","background-type":"","background-media":"","overlay-type":"","overlay-color":"","overlay-opacity":"","overlay-gradient":""}},"footnotes":""},"class_list":["post-701","page","type-page","status-publish","hentry"],"aioseo_notices":[],"_links":{"self":[{"href":"https:\/\/sweatrepublix.com\/fr\/wp-json\/wp\/v2\/pages\/701","targetHints":{"allow":["GET"]}}],"collection":[{"href":"https:\/\/sweatrepublix.com\/fr\/wp-json\/wp\/v2\/pages"}],"about":[{"href":"https:\/\/sweatrepublix.com\/fr\/wp-json\/wp\/v2\/types\/page"}],"author":[{"embeddable":true,"href":"https:\/\/sweatrepublix.com\/fr\/wp-json\/wp\/v2\/users\/1"}],"replies":[{"embeddable":true,"href":"https:\/\/sweatrepublix.com\/fr\/wp-json\/wp\/v2\/comments?post=701"}],"version-history":[{"count":25,"href":"https:\/\/sweatrepublix.com\/fr\/wp-json\/wp\/v2\/pages\/701\/revisions"}],"predecessor-version":[{"id":1598,"href":"https:\/\/sweatrepublix.com\/fr\/wp-json\/wp\/v2\/pages\/701\/revisions\/1598"}],"wp:attachment":[{"href":"https:\/\/sweatrepublix.com\/fr\/wp-json\/wp\/v2\/media?parent=701"}],"curies":[{"name":"wp","href":"https:\/\/api.w.org\/{rel}","templated":true}]}}