{"id":636,"date":"2022-11-16T23:40:27","date_gmt":"2022-11-16T23:40:27","guid":{"rendered":"https:\/\/sweatrepublix.com\/?page_id=636"},"modified":"2022-12-21T20:18:27","modified_gmt":"2022-12-21T19:18:27","slug":"rangda","status":"publish","type":"page","link":"https:\/\/sweatrepublix.com\/fr\/rangda\/","title":{"rendered":"Rangda"},"content":{"rendered":"\n<div class=\"wp-block-uagb-container uagb-block-f7e0784d alignfull uagb-is-root-container\"><div class=\"uagb-container-inner-blocks-wrap\">\n<div class=\"wp-block-cover alignwide\"><span aria-hidden=\"true\" class=\"wp-block-cover__background has-background-dim\"><\/span><img decoding=\"async\" class=\"wp-block-cover__image-background wp-image-649\" alt=\"\" src=\"https:\/\/sweatrepublix.com\/wp-content\/uploads\/2022\/11\/800px-Bali_0713a-1-683x1024.jpg\" style=\"object-position:1% 1%\" data-object-fit=\"cover\" data-object-position=\"1% 1%\"\/><div class=\"wp-block-cover__inner-container is-layout-flow wp-block-cover-is-layout-flow\">\n<p class=\"has-text-align-justify has-medium-font-size\" style=\"padding-top:var(--wp--preset--spacing--30);padding-right:var(--wp--preset--spacing--30);padding-bottom:var(--wp--preset--spacing--30);padding-left:var(--wp--preset--spacing--30)\"><strong>Qui est <em>Rangda <\/em>?<\/strong><\/p>\n\n\n\n<p class=\"has-small-font-size\"><strong><em>Rangda <\/em><\/strong>est un personnage tr\u00e8s important de la mythologie et des traditions de gu\u00e9rison balinaises. Elle est la manifestation dramatique de la d\u00e9esse du monde souterrain, <strong><em>Durga<\/em><\/strong>, et est la reine d\u00e9moniaque des <strong><em>Leyaks<\/em><\/strong>. Les Balinais croient qu&rsquo;il existe deux forces oppos\u00e9es qui sont n\u00e9cessaires pour maintenir l&rsquo;\u00e9quilibre universel. C&rsquo;est le concept de <strong><em>Rwa Bhineda<\/em><\/strong> (qui signifie : deux oppos\u00e9s).<\/p>\n\n\n\n<p class=\"has-small-font-size\">Le concept de <strong><em>Rwa Bhineda<\/em><\/strong> explique que l&rsquo;univers, cr\u00e9\u00e9 par le Tout-Puissant, se pr\u00e9sente par paires avec des caract\u00e9ristiques contradictoires qui se d\u00e9roulent harmonieusement. Ce concept d&rsquo;\u00e9quilibre est incarn\u00e9 par la relation mythologique entre <strong><em>Barong <\/em><\/strong>et <strong><em>Rangda<\/em><\/strong>. S&rsquo;il y a du bien, le mal doit exister pour apporter l&rsquo;\u00e9quilibre. La naissance \u00e9quilibre la mort, le jeune \u00e9quilibre le vieux, le positif \u00e9quilibre le n\u00e9gatif, la joie \u00e9quilibre le chagrin, et ainsi de suite.<\/p>\n\n\n\n<p class=\"has-small-font-size\">Le mot \u00ab\u00a0<strong><em>Rangda<\/em><\/strong>\u00a0\u00bb en ancienne Balinais et aussi en Kawi (ancien Javanais) signifie une veuve. Cette d\u00e9esse incarne l&rsquo;\u00e9nergie n\u00e9gative divine. <strong><em>Rangda <\/em><\/strong>est la reine des d\u00e9mons <strong><em>Leyaks<\/em><\/strong> selon la mythologie traditionnelle Balinaise. Terrifiante, <strong><em>Rangda<\/em><\/strong>, qui mange les enfants, dirige une arm\u00e9e de sorci\u00e8res mal\u00e9fiques contre le chef des forces du bien, <strong><em>Barong<\/em><\/strong>.<\/p>\n\n\n\n<p class=\"has-small-font-size\">M\u00eame si <strong><em>Rangda <\/em><\/strong>et <strong><em>Barong <\/em><\/strong>represent les \u00e9nergies inverses comme n\u00e9gative et positive, le conflit entre <strong><em>Rangda <\/em><\/strong>et <strong><em>Barong <\/em><\/strong>est bien au-del\u00e0 d&rsquo;une simple bataille du bien et du mal, car ils sont des forces ins\u00e9parables et ne pourraient pas \u00eatre isol\u00e9s les unes des autres. <strong><em>Rangda <\/em><\/strong>peut aussi bien gu\u00e9rir que d\u00e9truire, et le pouvoir protecteur de <strong><em>Barong<\/em><\/strong> peut aussi \u00eatre mal utilis\u00e9. La bataille entre l&rsquo;\u00e9nergie positive et n\u00e9gative est une lutte permanente, dont il n&rsquo;y a pas un vainqueur.<\/p>\n\n\n\n<p class=\"has-medium-font-size\"><strong>Pourquoi j&rsquo;ai choisi <em>Rangda <\/em>?<\/strong><\/p>\n\n\n\n<p class=\"has-small-font-size\">Apr\u00e8s avoir lu des diff\u00e9rents articles repr\u00e9sentants <strong><em>Rangda<\/em><\/strong>, je suis attir\u00e9e par son histoire. Qui est elle avant devenir la reine de d\u00e9mons ? <\/p>\n\n\n\n<p class=\"has-small-font-size\">Selon d&rsquo;autre diff\u00e9rente interpr\u00e9tation, <strong><em>Rangda <\/em><\/strong>\u00e9tait <strong><em>Mahendradatta<\/em><\/strong>, une princesse Javanaise du 11e si\u00e8cle, s\u0153ur de <strong><em>Dharmawangsa <\/em><\/strong>(qui \u00e9tait le dernier roi du Royaume de Mataram, qui a r\u00e9gn\u00e9 de 990 \u00e0 1016 AD). Elle \u00e9tait la reine consort du roi Balinais <strong><em>Udayana<\/em><\/strong>, une position sans pouvoir mais avec le devoir de produire des h\u00e9ritiers et le mariage \u00e9tait un arrangement strat\u00e9gique entre le royaume de Java et de Bali. Le roi <strong><em>Udayana<\/em><\/strong>, avant se marier avec une autre femme, a condamn\u00e9 et a mis en exile <strong><em>Mahendradatta <\/em><\/strong>pour avoir pr\u00e9tendument pratiqu\u00e9 la sorcellerie et la magie noire. Rejet\u00e9e, devenue veuve, bless\u00e9e et humili\u00e9e, elle a cherch\u00e9 \u00e0 se venger de la cour de son ex-mari et de l&rsquo;ensemble de son royaume. <\/p>\n\n\n\n<p class=\"has-small-font-size\">Malgr\u00e9 la mauvaise tournure de l&rsquo;histoire, j&rsquo;appr\u00e9cie certains traits de personnalit\u00e9 de <strong><em>Mahendradatta<\/em><\/strong>. Elle \u00e9tait d\u00e9vou\u00e9e \u00e0 <strong><em>Durga<\/em><\/strong>, qui est associ\u00e9e \u00e0 la protection, la force, la maternit\u00e9, la destruction et les guerres. <strong><em>Durga<\/em><\/strong>, avec ses 10 bras serrant des armes, chevauchant un tigre, inspire une guerri\u00e8re f\u00e9roce, une femme forte. <strong><em>Mahendradatta <\/em><\/strong>avait envie de pouvoir, elle veut \u00eatre forte. Elle d\u00e9cida alors de rechercher le pouvoir qui lui est interdit. Elle apprit la sorcellerie et ma\u00eetrisait le contr\u00f4le des d\u00e9mons, puis se vengea de ceux qui lui ont fait du tort. Elle chercha la justice contre l&rsquo;oppression de la seule mani\u00e8re qui lui \u00e9tait accessible.<\/p>\n\n\n\n<p class=\"has-small-font-size\">M\u00eame de nos jours, les femmes sont souvent per\u00e7ues comme des \u00eatres faibles. Les femmes ne sont pas autoris\u00e9es \u00e0 faire du sport, \u00e0 soulever des poids (lourds) et sont d\u00e9sapprouv\u00e9es ou moqu\u00e9es lorsqu&rsquo;elles ont des muscles.<\/p>\n\n\n\n<p class=\"has-small-font-size\">De plus en plus de femmes ont rejoint la lutte pour avoir le droit de prendre soin de leur propre sant\u00e9 en faisant du sport r\u00e9guli\u00e8rement et en ayant ainsi une posture muscl\u00e9e. Nous cherchons \u00e0 \u00eatre fortes non seulement pour notre bien mais aussi pour prendre soin de nos proches.<\/p>\n\n\n\n<p class=\"has-small-font-size\">Je per\u00e7ois toujours ce combat comme similaire \u00e0 celui de <strong><em>Rangda<\/em><\/strong>. La rage n&rsquo;est pas toujours une mauvaise chose, la rage peut nous pousser \u00e0 briser la perception sociale qui \u00e9tait autrement interdite.<\/p>\n\n\n\n<p><strong>En savoir plus :<\/strong><\/p>\n\n\n\n<p class=\"has-small-font-size\"><a href=\"https:\/\/indonesiakaya.com\/pustaka-indonesia\/tari-barong-rangda-menghantar-khalayak-awam-memahami-rwa-bhineda\/\">https:\/\/indonesiakaya.com\/pustaka-indonesia\/tari-barong-rangda-menghantar-khalayak-awam-memahami-rwa-bhineda\/<\/a><\/p>\n\n\n\n<p class=\"has-small-font-size\"><a href=\"https:\/\/volunteerprogramsbali.org\/rwa-bhineda-the-philosophy-of-balance\/\">https:\/\/volunteerprogramsbali.org\/rwa-bhineda-the-philosophy-of-balance\/<\/a><\/p>\n\n\n\n<p class=\"has-small-font-size\"><a href=\"https:\/\/www.aly-abbara.com\/voyages_personnels\/indonesie\/Bali\/rangda.html\">https:\/\/www.aly-abbara.com\/voyages_personnels\/indonesie\/Bali\/rangda.html<\/a><\/p>\n\n\n\n<p class=\"has-small-font-size\"><a href=\"https:\/\/www.thenotsoinnocentsabroad.com\/blog\/the-legend-of-rangda-balis-queen-of-the-demons\">https:\/\/www.thenotsoinnocentsabroad.com\/blog\/the-legend-of-rangda-balis-queen-of-the-demons<\/a><\/p>\n\n\n\n<p class=\"has-small-font-size\"><a href=\"https:\/\/en.wikipedia.org\/wiki\/Rangda\">https:\/\/en.wikipedia.org\/wiki\/Rangda<\/a><\/p>\n<\/div><\/div>\n<\/div><\/div>\n\n\n\n<p style=\"font-size:8px\"><\/p>\n","protected":false},"excerpt":{"rendered":"","protected":false},"author":1,"featured_media":0,"parent":0,"menu_order":0,"comment_status":"closed","ping_status":"closed","template":"","meta":{"site-sidebar-layout":"default","site-content-layout":"","ast-site-content-layout":"default","site-content-style":"default","site-sidebar-style":"default","ast-global-header-display":"","ast-banner-title-visibility":"","ast-main-header-display":"","ast-hfb-above-header-display":"","ast-hfb-below-header-display":"","ast-hfb-mobile-header-display":"","site-post-title":"","ast-breadcrumbs-content":"","ast-featured-img":"","footer-sml-layout":"","ast-disable-related-posts":"","theme-transparent-header-meta":"","adv-header-id-meta":"","stick-header-meta":"","header-above-stick-meta":"","header-main-stick-meta":"","header-below-stick-meta":"","astra-migrate-meta-layouts":"default","ast-page-background-enabled":"default","ast-page-background-meta":{"desktop":{"background-color":"","background-image":"","background-repeat":"repeat","background-position":"center center","background-size":"auto","background-attachment":"scroll","background-type":"","background-media":"","overlay-type":"","overlay-color":"","overlay-opacity":"","overlay-gradient":""},"tablet":{"background-color":"","background-image":"","background-repeat":"repeat","background-position":"center center","background-size":"auto","background-attachment":"scroll","background-type":"","background-media":"","overlay-type":"","overlay-color":"","overlay-opacity":"","overlay-gradient":""},"mobile":{"background-color":"","background-image":"","background-repeat":"repeat","background-position":"center center","background-size":"auto","background-attachment":"scroll","background-type":"","background-media":"","overlay-type":"","overlay-color":"","overlay-opacity":"","overlay-gradient":""}},"ast-content-background-meta":{"desktop":{"background-color":"var(--ast-global-color-5)","background-image":"","background-repeat":"repeat","background-position":"center center","background-size":"auto","background-attachment":"scroll","background-type":"","background-media":"","overlay-type":"","overlay-color":"","overlay-opacity":"","overlay-gradient":""},"tablet":{"background-color":"var(--ast-global-color-5)","background-image":"","background-repeat":"repeat","background-position":"center center","background-size":"auto","background-attachment":"scroll","background-type":"","background-media":"","overlay-type":"","overlay-color":"","overlay-opacity":"","overlay-gradient":""},"mobile":{"background-color":"var(--ast-global-color-5)","background-image":"","background-repeat":"repeat","background-position":"center center","background-size":"auto","background-attachment":"scroll","background-type":"","background-media":"","overlay-type":"","overlay-color":"","overlay-opacity":"","overlay-gradient":""}},"footnotes":""},"class_list":["post-636","page","type-page","status-publish","hentry"],"aioseo_notices":[],"_links":{"self":[{"href":"https:\/\/sweatrepublix.com\/fr\/wp-json\/wp\/v2\/pages\/636","targetHints":{"allow":["GET"]}}],"collection":[{"href":"https:\/\/sweatrepublix.com\/fr\/wp-json\/wp\/v2\/pages"}],"about":[{"href":"https:\/\/sweatrepublix.com\/fr\/wp-json\/wp\/v2\/types\/page"}],"author":[{"embeddable":true,"href":"https:\/\/sweatrepublix.com\/fr\/wp-json\/wp\/v2\/users\/1"}],"replies":[{"embeddable":true,"href":"https:\/\/sweatrepublix.com\/fr\/wp-json\/wp\/v2\/comments?post=636"}],"version-history":[{"count":23,"href":"https:\/\/sweatrepublix.com\/fr\/wp-json\/wp\/v2\/pages\/636\/revisions"}],"predecessor-version":[{"id":1575,"href":"https:\/\/sweatrepublix.com\/fr\/wp-json\/wp\/v2\/pages\/636\/revisions\/1575"}],"wp:attachment":[{"href":"https:\/\/sweatrepublix.com\/fr\/wp-json\/wp\/v2\/media?parent=636"}],"curies":[{"name":"wp","href":"https:\/\/api.w.org\/{rel}","templated":true}]}}