{"id":3136,"date":"2023-03-31T21:07:31","date_gmt":"2023-03-31T20:07:31","guid":{"rendered":"https:\/\/sweatrepublix.com\/?page_id=3136"},"modified":"2023-03-31T21:07:33","modified_gmt":"2023-03-31T20:07:33","slug":"livraison-coupe-vent","status":"publish","type":"page","link":"https:\/\/sweatrepublix.com\/fr\/foire-aux-questions-faq\/livraison-coupe-vent\/","title":{"rendered":"Livraison pour coupe-vent"},"content":{"rendered":"\n<p> Actuellement,\u00a0le\u00a0<a href=\"https:\/\/www.printful.com\/fr\/personnaliser\/femme\/vestes\/coupe-vent-court-all-over-femme\">All over print coupe-vent<\/a>\u00a0est disponible seulement dans les pays suivants : <\/p>\n\n\n\n<p> \u00c9tats-Unis, Canada, Australie, Royaume-Uni, Nouvelle-Z\u00e9lande, Japon, Autriche, Belgique, Bulgarie, Croatie, R\u00e9publique tch\u00e8que, Danemark, Estonie, Finlande, France Metropolitaine (<strong>pas disponible pour les t\u00e9ritoires d&rsquo;outre-mer<\/strong>), Allemagne, Gr\u00e8ce, Saint-Si\u00e8ge (Cit\u00e9 du Vatican), Hongrie, Irlande, Isra\u00ebl, Islande, Italie, Lettonie, Lituanie, Liechtenstein, Luxembourg, Malte, Monaco, Pays-Bas, Norv\u00e8ge, Pologne, Portugal, Saint-Marin, Slovaquie, Slov\u00e9nie, Suisse, Espagne, Su\u00e8de et Turquie. <\/p>\n\n\n\n<p> <strong>Si votre adresse de livraison se trouve en dehors de ces pays, veuillez choisir un autre produit.<\/strong><\/p>\n\n\n\n<p><\/p>\n","protected":false},"excerpt":{"rendered":"<p>Actuellement,\u00a0le\u00a0All over print coupe-vent\u00a0est disponible seulement dans les pays suivants : \u00c9tats-Unis, Canada, Australie, Royaume-Uni, Nouvelle-Z\u00e9lande, Japon, Autriche, Belgique, Bulgarie, Croatie, R\u00e9publique tch\u00e8que, Danemark, Estonie, Finlande, France Metropolitaine (pas disponible pour les t\u00e9ritoires d&rsquo;outre-mer), Allemagne, Gr\u00e8ce, Saint-Si\u00e8ge (Cit\u00e9 du Vatican), Hongrie, Irlande, Isra\u00ebl, Islande, Italie, Lettonie, Lituanie, Liechtenstein, Luxembourg, Malte, Monaco, Pays-Bas, Norv\u00e8ge, Pologne, Portugal, [&hellip;]<\/p>\n","protected":false},"author":1,"featured_media":0,"parent":1735,"menu_order":0,"comment_status":"closed","ping_status":"closed","template":"","meta":{"site-sidebar-layout":"default","site-content-layout":"","ast-site-content-layout":"default","site-content-style":"default","site-sidebar-style":"default","ast-global-header-display":"","ast-banner-title-visibility":"","ast-main-header-display":"","ast-hfb-above-header-display":"","ast-hfb-below-header-display":"","ast-hfb-mobile-header-display":"","site-post-title":"","ast-breadcrumbs-content":"","ast-featured-img":"","footer-sml-layout":"","ast-disable-related-posts":"","theme-transparent-header-meta":"","adv-header-id-meta":"","stick-header-meta":"","header-above-stick-meta":"","header-main-stick-meta":"","header-below-stick-meta":"","astra-migrate-meta-layouts":"default","ast-page-background-enabled":"default","ast-page-background-meta":{"desktop":{"background-color":"","background-image":"","background-repeat":"repeat","background-position":"center center","background-size":"auto","background-attachment":"scroll","background-type":"","background-media":"","overlay-type":"","overlay-color":"","overlay-opacity":"","overlay-gradient":""},"tablet":{"background-color":"","background-image":"","background-repeat":"repeat","background-position":"center center","background-size":"auto","background-attachment":"scroll","background-type":"","background-media":"","overlay-type":"","overlay-color":"","overlay-opacity":"","overlay-gradient":""},"mobile":{"background-color":"","background-image":"","background-repeat":"repeat","background-position":"center center","background-size":"auto","background-attachment":"scroll","background-type":"","background-media":"","overlay-type":"","overlay-color":"","overlay-opacity":"","overlay-gradient":""}},"ast-content-background-meta":{"desktop":{"background-color":"var(--ast-global-color-5)","background-image":"","background-repeat":"repeat","background-position":"center center","background-size":"auto","background-attachment":"scroll","background-type":"","background-media":"","overlay-type":"","overlay-color":"","overlay-opacity":"","overlay-gradient":""},"tablet":{"background-color":"var(--ast-global-color-5)","background-image":"","background-repeat":"repeat","background-position":"center center","background-size":"auto","background-attachment":"scroll","background-type":"","background-media":"","overlay-type":"","overlay-color":"","overlay-opacity":"","overlay-gradient":""},"mobile":{"background-color":"var(--ast-global-color-5)","background-image":"","background-repeat":"repeat","background-position":"center center","background-size":"auto","background-attachment":"scroll","background-type":"","background-media":"","overlay-type":"","overlay-color":"","overlay-opacity":"","overlay-gradient":""}},"footnotes":""},"class_list":["post-3136","page","type-page","status-publish","hentry"],"aioseo_notices":[],"_links":{"self":[{"href":"https:\/\/sweatrepublix.com\/fr\/wp-json\/wp\/v2\/pages\/3136","targetHints":{"allow":["GET"]}}],"collection":[{"href":"https:\/\/sweatrepublix.com\/fr\/wp-json\/wp\/v2\/pages"}],"about":[{"href":"https:\/\/sweatrepublix.com\/fr\/wp-json\/wp\/v2\/types\/page"}],"author":[{"embeddable":true,"href":"https:\/\/sweatrepublix.com\/fr\/wp-json\/wp\/v2\/users\/1"}],"replies":[{"embeddable":true,"href":"https:\/\/sweatrepublix.com\/fr\/wp-json\/wp\/v2\/comments?post=3136"}],"version-history":[{"count":1,"href":"https:\/\/sweatrepublix.com\/fr\/wp-json\/wp\/v2\/pages\/3136\/revisions"}],"predecessor-version":[{"id":3137,"href":"https:\/\/sweatrepublix.com\/fr\/wp-json\/wp\/v2\/pages\/3136\/revisions\/3137"}],"up":[{"embeddable":true,"href":"https:\/\/sweatrepublix.com\/fr\/wp-json\/wp\/v2\/pages\/1735"}],"wp:attachment":[{"href":"https:\/\/sweatrepublix.com\/fr\/wp-json\/wp\/v2\/media?parent=3136"}],"curies":[{"name":"wp","href":"https:\/\/api.w.org\/{rel}","templated":true}]}}