{"id":3087,"date":"2023-03-30T17:51:29","date_gmt":"2023-03-30T16:51:29","guid":{"rendered":"https:\/\/sweatrepublix.com\/?page_id=3087"},"modified":"2023-03-30T19:23:06","modified_gmt":"2023-03-30T18:23:06","slug":"info-produit","status":"publish","type":"page","link":"https:\/\/sweatrepublix.com\/fr\/foire-aux-questions-faq\/info-produit\/","title":{"rendered":"Info Produit"},"content":{"rendered":"\n<p style=\"font-size:15px\"><strong>All over print hoodie taille unisexe<\/strong><\/p>\n\n\n\n<p>\u2022 70 % polyester, 27 % coton, 3 % \u00e9lasthanne<br>\u2022 Poids du tissu : 300 g\/m\u00b2 (8,85 oz\/yd\u00b2) (le poids peut varier de 5 %)<br>\u2022 Tissu en coton doux au toucher<br>\u2022 Polaire bross\u00e9e \u00e0 l&rsquo;int\u00e9rieur<br>\u2022 Capuche doubl\u00e9e avec motif des deux c\u00f4t\u00e9s<br>\u2022 Style unisexe<br>\u2022 Coutures surjet\u00e9es<br>\u2022 Livr\u00e9 avec les cordons<br>\u2022 Les composants de produits vierges au Mexique proviennent de Pologne et du Mexique<br>\u2022 Les composants de produits vierges dans l&rsquo;UE proviennent de Chine et de Pologne<\/p>\n\n\n\n<p id=\"product-info-hoodie\" style=\"font-size:5px\"><\/p>\n\n\n\n<p style=\"font-size:5px\"><\/p>\n\n\n\n<p><strong>All over print legging femme<\/strong><\/p>\n\n\n\n<p>\u2022 82 % polyester, 18 % \u00e9lasthanne<br>\u2022 Mat\u00e9riau extensible dans les 4 directions, de sorte qu&rsquo;il s&rsquo;\u00e9tire et reprend sa forme dans les sections transversale et longitudinale.<br>\u2022 Fabriqu\u00e9 avec un fil lisse et confortable en microfibre<br>\u2022 Ceinture sur\u00e9lev\u00e9e<br>\u2022 Coupe de pr\u00e9cision et cousu \u00e0 la main apr\u00e8s impression<\/p>\n\n\n\n<p style=\"font-size:5px\"><\/p>\n\n\n\n<p><strong>All over print t-shirt femme<\/strong><\/p>\n\n\n\n<p>\u2022 92&nbsp;% polyester, 8&nbsp;% \u00e9lasthanne<br>\u2022 Poids du tissu&nbsp;: 150 g\/m\u00b2 (4.42 oz\/yd\u00b2)<br>\u2022 Gestion de l&rsquo;humidit\u00e9 MaxDri et tissu MicroBlok antimicrobien<br>\u2022 Tissu en maille de sport tr\u00e8s doux et \u00e9lastique<br>\u2022 Coupe confortable<br>\u2022 Surjet et surpiq\u00fbre<\/p>\n\n\n\n<p style=\"font-size:5px\"><\/p>\n\n\n\n<p><strong>All over print t-shirt homme<\/strong><\/p>\n\n\n\n<p>\u2022 92&nbsp;% polyester, 8&nbsp;% \u00e9lasthanne<br>\u2022 Poids du tissu&nbsp;: 150 g\/m\u00b2 (4.42 oz\/yd\u00b2), le poids peut varier de 5 %<br>\u2022 Gestion de l&rsquo;humidit\u00e9 MaxDri et tissu MicroBlok antimicrobien<br>\u2022 Tissu en maille de sport tr\u00e8s doux et extensible dans tous les sens<br>\u2022 Coupe confortable<br>\u2022 Surjet et surpiq\u00fbre<br>\u2022 Les composants de produits vierges proviennent de Chine<\/p>\n\n\n\n<p style=\"font-size:5px\"><\/p>\n\n\n\n<p><strong>All over print crop-top femme<\/strong><\/p>\n\n\n\n<p>\u2022 95&nbsp;% polyester, 5&nbsp;% \u00e9lasthanne (la composition du tissu peut varier de 1&nbsp;%)<br>\u2022 Maille jersey de qualit\u00e9 sup\u00e9rieure et de poids moyen<br>\u2022 Tissu \u00e9lastique<br>\u2022 Coupe droite<\/p>\n\n\n\n<p style=\"font-size:5px\"><\/p>\n\n\n\n<p><strong>All over print short recycl\u00e9 homme<\/strong><\/p>\n\n\n\n<p>\u2022 91% polyester recycl\u00e9, 9% \u00e9lasthanne (la composition du tissu peut varier de 3 %)<br>\u2022 Poids du tissu : 174 g\/m\u00b2 (5,13 oz.\/yd.\u00b2)<br>\u2022 Tissu microfibre extensible dans les quatre sens et \u00e9vacuant l&rsquo;humidit\u00e9<br>\u2022 Mati\u00e8re respirante et \u00e0 s\u00e9chage rapide<br>\u2022 Protection UPF: 50+<br>\u2022 Entrejambe de 16,5 cm (6,5\u2033)<br>\u2022 Ceinture \u00e9lastique avec cordon de serrage blanc plat<br>\u2022 Poches lat\u00e9rales en maille<br>\u2022 Pas de doublure int\u00e9rieure<br>\u2022 Composants du produit vierge provenant de la Chine<\/p>\n\n\n\n<p style=\"font-size:5px\"><\/p>\n\n\n\n<p><strong>All over print blouson<\/strong><\/p>\n\n\n\n<p>\u2022 100 % polyester<br>\u2022 Poids du tissu : 220 g\/m\u00b2 (6,49 oz\/yd\u00b2) (le poids peut varier de 5%)<br>\u2022 Doublure int\u00e9rieure polaire bross\u00e9e<br>\u2022 Coupe unisexe<br>\u2022 Coutures surjet\u00e9es<br>\u2022 Encolure renforc\u00e9e<br>\u2022 Fermeture \u00e9clair argent\u00e9e YKK<br>\u2022 2 poches assorties<br>\u2022 Composants de produits vierges provenant des \u00c9tats-Unis et de la Chine<\/p>\n\n\n\n<p style=\"font-size:5px\"><\/p>\n\n\n\n<p><strong>All over print sac \u00e0 cordon<\/strong><\/p>\n\n\n\n<p>\u2022 100&nbsp;% polyester fil\u00e9<br>\u2022 Taille unique : 38,1 cm \u00d7 43,2 cm (15 \u2033 \u00d7 17 \u2033).<br>\u2022 Poids du tissu dans l&rsquo;UE (le poids peut varier de 5 %) : 225 g\/m\u00b2 (6,64 oz\/yd\u00b2)<br>\u2022 Limite de poids maximale : 33 lbs (15 kg)<br>\u2022 Poign\u00e9es doubles en coton<br>\u2022 Fermeture avec cordon de serrage<br>\u2022 Les composants du produit vierge proviennent de Chine<\/p>\n\n\n\n<p style=\"font-size:5px\"><\/p>\n\n\n\n<p><strong>All over print short recycl\u00e9 femme<\/strong><\/p>\n\n\n\n<p>\u2022 91% polyester recycl\u00e9, 9% \u00e9lasthanne (la composition du tissu peut varier de 3%)<br>\u2022 Poids du tissu : 174 g\/m\u00b2 (5,13 oz.\/yd.\u00b2)<br>\u2022 Tissu microfibre extensible dans les quatre sens et \u00e9vacuant l\u2019humidit\u00e9<br>\u2022 Mati\u00e8re respirante et \u00e0 s\u00e9chage rapide<br>\u2022 Protection UPF: 50+<br>\u2022 Entrejambe de 16,5 cm (6,5\u2033)<br>\u2022 Ceinture \u00e9lastique avec cordon de serrage blanc plat<br>\u2022 Poches lat\u00e9rales en maille<br>\u2022 Pas de doublure int\u00e9rieure<br>\u2022 Composants de produits vierges au Mexique provenant de Chine et du Mexique.<br>\u2022 Composants de produits vierges dans l\u2019UE provenant de Chine et de Lituanie.<\/p>\n\n\n\n<p style=\"font-size:5px\"><\/p>\n\n\n\n<p><strong>All over print short de cycliste<\/strong><\/p>\n\n\n\n<p>\u2022 82&nbsp;% polyester, 18&nbsp;% spandex<br>\u2022 Poids du tissu&nbsp;: 250 g\/m\u00b2 (208,94 g\/yd\u00b2), le poids peut varier de 5 %<br>\u2022 Ceinture \u00e9lastique confortable : 2,5 cm (1 \u201c)<br>\u2022 Ceinture double \u00e9paisseur avec une poche \u00e0 l\u2019arri\u00e8re pour le t\u00e9l\u00e9phone et les cl\u00e9s<br>\u2022 Coupe taille haute<br>\u2022 Coupe qui soul\u00e8ve les fesses<br>\u2022 Longueur flatteuse adapt\u00e9e \u00e0 toutes les formes<br>\u2022&nbsp;Produit vierge au Mexique provenant de Chine<br>\u2022 Produits vierges en Europe provenant de Chine et Lituanie<\/p>\n\n\n\n<p style=\"font-size:5px\"><\/p>\n\n\n\n<p><strong>All over print coupe-vent<\/strong><\/p>\n\n\n\n<p>\u2022 100&nbsp;% polyester<br>\u2022 Doublure en maille respirante, r\u00e9duit l\u2019\u00e9lectricit\u00e9 statique<br>\u2022 R\u00e9sistant \u00e0 l\u2019eau<br>\u2022 Ceinture \u00e9lastique<br>\u2022 Cordons de serrage r\u00e9glables sur la capuche et la taille<br>\u2022 Avant zippable \u00e0 moiti\u00e9<br>\u2022 Poches lat\u00e9rales<br>\u2022 Produit vierge provenant de Chine<\/p>\n\n\n\n<p style=\"font-size:5px\"><\/p>\n\n\n\n<p><strong>All over print short yoga<\/strong><\/p>\n\n\n\n<p>\u2022 82&nbsp;% polyester, 18&nbsp;% \u00e9lasthanne<br>\u2022 Tissu tr\u00e8s doux et \u00e9lastique<br>\u2022 Taille haute confortable<br>\u2022 Coutures plates et surpiq\u00fbres<br>\u2022 Les composants de produits vierges aux \u00c9tats-Unis et au Mexique proviennent de Chine<br>\u2022 Les composants de produits vierges dans l\u2019UE proviennent de Chine et de Lituanie<\/p>\n\n\n\n<p style=\"font-size:5px\"><\/p>\n\n\n\n<p><strong>All over print capri yoga<\/strong><\/p>\n\n\n\n<p>\u2022 82&nbsp;% polyester, 18&nbsp;% \u00e9lasthanne<br>\u2022 Longueur mi-mollet<br>\u2022 Tissu tr\u00e8s doux et \u00e9lastique<br>\u2022 Taille haute confortable<br>\u2022 Coutures plates et surpiq\u00fbres<br>\u2022 Les composants de produits vierges aux \u00c9tats-Unis et au Mexique proviennent de Chine<br>\u2022 Les composants de produits vierges dans l\u2019UE proviennent de Chine et de Lituanie<\/p>\n\n\n\n<p style=\"font-size:5px\"><\/p>\n\n\n\n<p><strong>T-shirt unisex<\/strong><\/p>\n\n\n\n<p>\u2022 100 % coton peign\u00e9 et fil\u00e9 \u00e0 l&rsquo;anneau<br>\u2022 Poids du tissu : 142 g\/m\u00b2 (4,2 oz\/y\u00b2)<br>\u2022 Tissu pr\u00e9-r\u00e9tr\u00e9ci<br>\u2022 \u00c9tiquette d\u00e9tachable<br>\u2022 Couture lat\u00e9rale<br>\u2022 Bande de propret\u00e9 d&rsquo;\u00e9paule \u00e0 \u00e9paule<br>\u2022 Produit vierge provenant du Guatemala, Nicaragua, Mexique, Honduras, ou les \u00c9tats-Unis<\/p>\n\n\n\n<p style=\"font-size:5px\"><\/p>\n\n\n\n<p><strong>All over print sac banane<\/strong><\/p>\n\n\n\n<p>\u2022 100&nbsp;% polyester<br>\u2022 Poids du tissu&nbsp;: 325 g\/m\u00b2 (9.56 oz\/yd\u00b2), le poids peut varier de 5 %<br>\u2022 Dimensions&nbsp;: hauteur: 16&nbsp;cm (6.5&Prime;), longueur: 33&nbsp;cm (13&Prime;), profondeur: 7&nbsp;cm (2\u00be\u00a0\u00bb)<br>\u2022 Mat\u00e9riau r\u00e9sistant \u00e0 l\u2019eau<br>\u2022 Fermeture \u00e9clair sup\u00e9rieure \u00e0 2 curseurs<br>\u2022 Doublure soyeuse, ourlets int\u00e9rieurs passepoil\u00e9s<br>\u2022 Sangles r\u00e9glables de 1\u00bc\u00a0\u00bb de large avec r\u00e9gulateurs en plastique<br>\u2022 Composants de produits vierges en provenance de Chine<\/p>\n\n\n\n<p style=\"font-size:5px\"><\/p>\n\n\n\n<p> <strong>All over print tote bag<\/strong><\/p>\n\n\n\n<p>\u2022 100 % polyester fil\u00e9, tissu r\u00e9sistant aux intemp\u00e9ries<br>\u2022 Sac 38,1 cm x 38,1 cm (15 \u00a0\u00bb x 15 \u00ab\u00a0)<br>\u2022 Capacit\u00e9 : 10 l (2,6 gal US)<br>\u2022 Limite de poids maximum : 20 kg (44 lb)<br>\u2022 Denim 100 % coton naturel teint apr\u00e8s tissage avec anse double<br>\u2022 Longueur des anses : 30 cm (11,8 \u00ab\u00a0), largeur de 2,5 cm (1 \u00ab\u00a0)<br>\u2022 Les anses peuvent l\u00e9g\u00e8rement diff\u00e9rer selon le lieu d&rsquo;ex\u00e9cution<\/p>\n\n\n\n<p style=\"font-size:5px\"><\/p>\n\n\n\n<p> <strong>All over print sac de sport (gym bag)<\/strong><\/p>\n\n\n\n<p>\u2022 100&nbsp;% polyester<br>\u2022 Poids du tissu&nbsp;:&nbsp;336&nbsp;g\/m\u00b2 (9,91&nbsp;oz\/yd\u00b2)<br>\u2022 R\u00e9sistant \u00e0 l\u2019eau et durable<br>\u2022 Tissu robuste avec un renfort fusible pour plus de fermet\u00e9<br>\u2022 Passepoil en T pour la stabilit\u00e9<br>\u2022 Poign\u00e9es doubles rembourr\u00e9es<br>\u2022 Poche int\u00e9rieure pour les objets de valeur<\/p>\n\n\n\n<p style=\"font-size:5px\"><\/p>\n\n\n\n<p><strong>Casquette de baseball en couleur pastel<\/strong><\/p>\n\n\n\n<p>\u2022 100&nbsp;% coton chino<br>\u2022 Couronne souple et non structur\u00e9e<br>\u2022 6 panneaux, profil bas<br>\u2022 Sommet pr\u00e9d\u00e9fini<br>\u2022 \u0152illets cousus<br>\u2022 Sangle dans le m\u00eame tissu avec boucle \u00e0 trois barres<br>\u2022 Nettoyage \u00e0 l\u2019\u00e9ponge seulement<br>\u2022&nbsp;Produit vierge provenant de Chine<\/p>\n\n\n\n<p style=\"font-size:5px\"><\/p>\n\n\n\n<p><strong>Casquette vintage en serg\u00e9 de coton<\/strong><\/p>\n\n\n\n<p>\u2022 100 % serg\u00e9 de coton<br>\u2022 Casquette non structur\u00e9e \u00e0 6 pans et \u00e0 profil bas<br>\u2022 6 \u0153illets cousus<br>\u2022 Bandeau de transpiration noir<br>\u2022 Boucle \u00e0 pression en m\u00e9tal<\/p>\n\n\n\n<p><\/p>\n","protected":false},"excerpt":{"rendered":"<p>All over print hoodie taille unisexe \u2022 70 % polyester, 27 % coton, 3 % \u00e9lasthanne\u2022 Poids du tissu : 300 g\/m\u00b2 (8,85 oz\/yd\u00b2) (le poids peut varier de 5 %)\u2022 Tissu en coton doux au toucher\u2022 Polaire bross\u00e9e \u00e0 l&rsquo;int\u00e9rieur\u2022 Capuche doubl\u00e9e avec motif des deux c\u00f4t\u00e9s\u2022 Style unisexe\u2022 Coutures surjet\u00e9es\u2022 Livr\u00e9 avec les [&hellip;]<\/p>\n","protected":false},"author":1,"featured_media":0,"parent":1735,"menu_order":0,"comment_status":"closed","ping_status":"closed","template":"","meta":{"site-sidebar-layout":"default","site-content-layout":"","ast-site-content-layout":"default","site-content-style":"default","site-sidebar-style":"default","ast-global-header-display":"","ast-banner-title-visibility":"","ast-main-header-display":"","ast-hfb-above-header-display":"","ast-hfb-below-header-display":"","ast-hfb-mobile-header-display":"","site-post-title":"","ast-breadcrumbs-content":"","ast-featured-img":"","footer-sml-layout":"","ast-disable-related-posts":"","theme-transparent-header-meta":"","adv-header-id-meta":"","stick-header-meta":"","header-above-stick-meta":"","header-main-stick-meta":"","header-below-stick-meta":"","astra-migrate-meta-layouts":"default","ast-page-background-enabled":"default","ast-page-background-meta":{"desktop":{"background-color":"","background-image":"","background-repeat":"repeat","background-position":"center center","background-size":"auto","background-attachment":"scroll","background-type":"","background-media":"","overlay-type":"","overlay-color":"","overlay-opacity":"","overlay-gradient":""},"tablet":{"background-color":"","background-image":"","background-repeat":"repeat","background-position":"center center","background-size":"auto","background-attachment":"scroll","background-type":"","background-media":"","overlay-type":"","overlay-color":"","overlay-opacity":"","overlay-gradient":""},"mobile":{"background-color":"","background-image":"","background-repeat":"repeat","background-position":"center center","background-size":"auto","background-attachment":"scroll","background-type":"","background-media":"","overlay-type":"","overlay-color":"","overlay-opacity":"","overlay-gradient":""}},"ast-content-background-meta":{"desktop":{"background-color":"var(--ast-global-color-5)","background-image":"","background-repeat":"repeat","background-position":"center center","background-size":"auto","background-attachment":"scroll","background-type":"","background-media":"","overlay-type":"","overlay-color":"","overlay-opacity":"","overlay-gradient":""},"tablet":{"background-color":"var(--ast-global-color-5)","background-image":"","background-repeat":"repeat","background-position":"center center","background-size":"auto","background-attachment":"scroll","background-type":"","background-media":"","overlay-type":"","overlay-color":"","overlay-opacity":"","overlay-gradient":""},"mobile":{"background-color":"var(--ast-global-color-5)","background-image":"","background-repeat":"repeat","background-position":"center center","background-size":"auto","background-attachment":"scroll","background-type":"","background-media":"","overlay-type":"","overlay-color":"","overlay-opacity":"","overlay-gradient":""}},"footnotes":""},"class_list":["post-3087","page","type-page","status-publish","hentry"],"aioseo_notices":[],"_links":{"self":[{"href":"https:\/\/sweatrepublix.com\/fr\/wp-json\/wp\/v2\/pages\/3087","targetHints":{"allow":["GET"]}}],"collection":[{"href":"https:\/\/sweatrepublix.com\/fr\/wp-json\/wp\/v2\/pages"}],"about":[{"href":"https:\/\/sweatrepublix.com\/fr\/wp-json\/wp\/v2\/types\/page"}],"author":[{"embeddable":true,"href":"https:\/\/sweatrepublix.com\/fr\/wp-json\/wp\/v2\/users\/1"}],"replies":[{"embeddable":true,"href":"https:\/\/sweatrepublix.com\/fr\/wp-json\/wp\/v2\/comments?post=3087"}],"version-history":[{"count":6,"href":"https:\/\/sweatrepublix.com\/fr\/wp-json\/wp\/v2\/pages\/3087\/revisions"}],"predecessor-version":[{"id":3104,"href":"https:\/\/sweatrepublix.com\/fr\/wp-json\/wp\/v2\/pages\/3087\/revisions\/3104"}],"up":[{"embeddable":true,"href":"https:\/\/sweatrepublix.com\/fr\/wp-json\/wp\/v2\/pages\/1735"}],"wp:attachment":[{"href":"https:\/\/sweatrepublix.com\/fr\/wp-json\/wp\/v2\/media?parent=3087"}],"curies":[{"name":"wp","href":"https:\/\/api.w.org\/{rel}","templated":true}]}}