{"id":5652,"date":"2024-01-29T00:27:59","date_gmt":"2024-01-28T23:27:59","guid":{"rendered":"https:\/\/sweatrepublix.com\/fr\/product\/t-shirt-a-manches-courtes-5\/"},"modified":"2024-01-29T00:34:30","modified_gmt":"2024-01-28T23:34:30","slug":"my-love-language-white-text","status":"publish","type":"product","link":"https:\/\/sweatrepublix.com\/en\/product\/my-love-language-white-text\/","title":{"rendered":"My love language (White text)"},"content":{"rendered":"<p>Le coton m\u00e9lang\u00e9 cr\u00e9e un look vintage et ajust\u00e9. Et, gr\u00e2ce \u00e0 son extr\u00eame durabilit\u00e9, ce T-shirt r\u00e9siste aux lavages r\u00e9p\u00e9t\u00e9s tout en restant super confortable.<\/p>\n<p>\u2022 Coton m\u00e9lang\u00e9 (50\u00a0% polyester \/ 25\u00a0% coton peign\u00e9 et fil\u00e9 \u00e0 l&rsquo;anneau \/ 25\u00a0% rayonne)<br \/>\n\u2022 Poids du tissu : 3,4 oz\/yd\u00b2 (115,3 g\/m\u00b2)<br \/>\n\u2022 Pre-shrunk fabric<br \/>\n\u2022 40 fils<br \/>\n\u2022 Coupe r\u00e9guli\u00e8re<br \/>\n\u2022 Structure \u00e0 coutures lat\u00e9rales<\/p>","protected":false},"excerpt":{"rendered":"<p>Le coton m\u00e9lang\u00e9 cr\u00e9e un look vintage et ajust\u00e9. Et, gr\u00e2ce \u00e0 son extr\u00eame durabilit\u00e9, ce T-shirt r\u00e9siste aux lavages r\u00e9p\u00e9t\u00e9s tout en restant super confortable. \u2022 Coton m\u00e9lang\u00e9 (50\u00a0% polyester \/ 25\u00a0% coton peign\u00e9 et fil\u00e9 \u00e0 l&rsquo;anneau \/ 25\u00a0% rayonne) \u2022 Poids du tissu : 3,4 oz\/yd\u00b2 (115,3 g\/m\u00b2) \u2022 Tissu pr\u00e9-r\u00e9tr\u00e9ci \u2022 [&hellip;]<\/p>\n","protected":false},"featured_media":5662,"comment_status":"open","ping_status":"closed","template":"","meta":{"site-sidebar-layout":"default","site-content-layout":"","ast-site-content-layout":"default","site-content-style":"default","site-sidebar-style":"default","ast-global-header-display":"","ast-banner-title-visibility":"","ast-main-header-display":"","ast-hfb-above-header-display":"","ast-hfb-below-header-display":"","ast-hfb-mobile-header-display":"","site-post-title":"","ast-breadcrumbs-content":"","ast-featured-img":"","footer-sml-layout":"","ast-disable-related-posts":"","theme-transparent-header-meta":"default","adv-header-id-meta":"","stick-header-meta":"","header-above-stick-meta":"","header-main-stick-meta":"","header-below-stick-meta":"","astra-migrate-meta-layouts":"set","ast-page-background-enabled":"default","ast-page-background-meta":{"desktop":{"background-color":"","background-image":"","background-repeat":"repeat","background-position":"center center","background-size":"auto","background-attachment":"scroll","background-type":"","background-media":"","overlay-type":"","overlay-color":"","overlay-opacity":"","overlay-gradient":""},"tablet":{"background-color":"","background-image":"","background-repeat":"repeat","background-position":"center center","background-size":"auto","background-attachment":"scroll","background-type":"","background-media":"","overlay-type":"","overlay-color":"","overlay-opacity":"","overlay-gradient":""},"mobile":{"background-color":"","background-image":"","background-repeat":"repeat","background-position":"center center","background-size":"auto","background-attachment":"scroll","background-type":"","background-media":"","overlay-type":"","overlay-color":"","overlay-opacity":"","overlay-gradient":""}},"ast-content-background-meta":{"desktop":{"background-color":"var(--ast-global-color-5)","background-image":"","background-repeat":"repeat","background-position":"center center","background-size":"auto","background-attachment":"scroll","background-type":"","background-media":"","overlay-type":"","overlay-color":"","overlay-opacity":"","overlay-gradient":""},"tablet":{"background-color":"var(--ast-global-color-5)","background-image":"","background-repeat":"repeat","background-position":"center center","background-size":"auto","background-attachment":"scroll","background-type":"","background-media":"","overlay-type":"","overlay-color":"","overlay-opacity":"","overlay-gradient":""},"mobile":{"background-color":"var(--ast-global-color-5)","background-image":"","background-repeat":"repeat","background-position":"center center","background-size":"auto","background-attachment":"scroll","background-type":"","background-media":"","overlay-type":"","overlay-color":"","overlay-opacity":"","overlay-gradient":""}}},"product_brand":[],"product_cat":[186,72,73,195,89],"product_tag":[],"class_list":{"0":"post-5652","1":"product","2":"type-product","3":"status-publish","4":"has-post-thumbnail","6":"product_cat-collections","7":"product_cat-new","8":"product_cat-saint-valentin","9":"product_cat-tshirts","10":"product_cat-unisexe","11":"desktop-align-center","12":"tablet-align-left","13":"mobile-align-left","15":"first","16":"instock","17":"taxable","18":"shipping-taxable","19":"purchasable","20":"product-type-variable"},"aioseo_notices":[],"_links":{"self":[{"href":"https:\/\/sweatrepublix.com\/en\/wp-json\/wp\/v2\/product\/5652","targetHints":{"allow":["GET"]}}],"collection":[{"href":"https:\/\/sweatrepublix.com\/en\/wp-json\/wp\/v2\/product"}],"about":[{"href":"https:\/\/sweatrepublix.com\/en\/wp-json\/wp\/v2\/types\/product"}],"replies":[{"embeddable":true,"href":"https:\/\/sweatrepublix.com\/en\/wp-json\/wp\/v2\/comments?post=5652"}],"wp:featuredmedia":[{"embeddable":true,"href":"https:\/\/sweatrepublix.com\/en\/wp-json\/wp\/v2\/media\/5662"}],"wp:attachment":[{"href":"https:\/\/sweatrepublix.com\/en\/wp-json\/wp\/v2\/media?parent=5652"}],"wp:term":[{"taxonomy":"product_brand","embeddable":true,"href":"https:\/\/sweatrepublix.com\/en\/wp-json\/wp\/v2\/product_brand?post=5652"},{"taxonomy":"product_cat","embeddable":true,"href":"https:\/\/sweatrepublix.com\/en\/wp-json\/wp\/v2\/product_cat?post=5652"},{"taxonomy":"product_tag","embeddable":true,"href":"https:\/\/sweatrepublix.com\/en\/wp-json\/wp\/v2\/product_tag?post=5652"}],"curies":[{"name":"wp","href":"https:\/\/api.w.org\/{rel}","templated":true}]}}