{"id":5558,"date":"2023-11-12T21:49:18","date_gmt":"2023-11-12T20:49:18","guid":{"rendered":"https:\/\/sweatrepublix.com\/fr\/product\/veste-de-bombardier-unisexe\/"},"modified":"2023-11-13T00:20:43","modified_gmt":"2023-11-12T23:20:43","slug":"veste-de-bombardier-unisexe","status":"publish","type":"product","link":"https:\/\/sweatrepublix.com\/en\/product\/veste-de-bombardier-unisexe\/","title":{"rendered":"Unisex bomber jacket."},"content":{"rendered":"<p>Ajoutez un peu de piquant \u00e0 votre garde-robe avec cette veste bombardier \u00e0 imprim\u00e9 all-over \u00e9clatant. \u00c0 porter sur un t-shirt basique, ou \u00e0 superposer sur un sweat \u00e0 capuche bien chaud, il sera magnifique de toute fa\u00e7on. Avec une doublure polaire bross\u00e9e \u00e0 l&rsquo;int\u00e9rieur, et une coupe unisexe d\u00e9contract\u00e9e, cette veste bombardier est un truc de r\u00eave, alors faites vite\u00a0!<\/p>\n<p>\u2022 100% polyester<br \/>\n\u2022 Fabric weight: 220 g\/m\u00b2 (6,49 oz\/yd\u00b2) (weight may vary by 5%)<br \/>\n\u2022 Brushed fleece fabric inside<br \/>\n\u2022 Unisex fit<br \/>\n\u2022 Comes with drawstrings<br \/>\n\u2022 Overlock seams<br \/>\n\u2022 Silver YKK zipper<br \/>\n\u2022 2 self-fabric pockets<\/p>\n<p>\u2022 Tra\u00e7abilit\u00e9\u00a0:<br \/>\n&#8211; Tricotage\u00a0: Chine<br \/>\n&#8211; Teinture\u00a0: Chine<br \/>\n&#8211; Fabrication\u00a0: Lettonie<br \/>\n\u2022 Comprend 95\u00a0% de polyester recycl\u00e9<br \/>\n\u2022 Comprend 0\u00a0% de substances dangereuses<\/p>","protected":false},"excerpt":{"rendered":"<p>Ajoutez un peu de piquant \u00e0 votre garde-robe avec cette veste bombardier \u00e0 imprim\u00e9 all-over \u00e9clatant. \u00c0 porter sur un t-shirt basique, ou \u00e0 superposer sur un sweat \u00e0 capuche bien chaud, il sera magnifique de toute fa\u00e7on. Avec une doublure polaire bross\u00e9e \u00e0 l&rsquo;int\u00e9rieur, et une coupe unisexe d\u00e9contract\u00e9e, cette veste bombardier est un [&hellip;]<\/p>\n","protected":false},"featured_media":5568,"comment_status":"open","ping_status":"closed","template":"","meta":{"site-sidebar-layout":"default","site-content-layout":"","ast-site-content-layout":"default","site-content-style":"default","site-sidebar-style":"default","ast-global-header-display":"","ast-banner-title-visibility":"","ast-main-header-display":"","ast-hfb-above-header-display":"","ast-hfb-below-header-display":"","ast-hfb-mobile-header-display":"","site-post-title":"","ast-breadcrumbs-content":"","ast-featured-img":"","footer-sml-layout":"","ast-disable-related-posts":"","theme-transparent-header-meta":"default","adv-header-id-meta":"","stick-header-meta":"","header-above-stick-meta":"","header-main-stick-meta":"","header-below-stick-meta":"","astra-migrate-meta-layouts":"set","ast-page-background-enabled":"default","ast-page-background-meta":{"desktop":{"background-color":"","background-image":"","background-repeat":"repeat","background-position":"center center","background-size":"auto","background-attachment":"scroll","background-type":"","background-media":"","overlay-type":"","overlay-color":"","overlay-opacity":"","overlay-gradient":""},"tablet":{"background-color":"","background-image":"","background-repeat":"repeat","background-position":"center center","background-size":"auto","background-attachment":"scroll","background-type":"","background-media":"","overlay-type":"","overlay-color":"","overlay-opacity":"","overlay-gradient":""},"mobile":{"background-color":"","background-image":"","background-repeat":"repeat","background-position":"center center","background-size":"auto","background-attachment":"scroll","background-type":"","background-media":"","overlay-type":"","overlay-color":"","overlay-opacity":"","overlay-gradient":""}},"ast-content-background-meta":{"desktop":{"background-color":"var(--ast-global-color-5)","background-image":"","background-repeat":"repeat","background-position":"center center","background-size":"auto","background-attachment":"scroll","background-type":"","background-media":"","overlay-type":"","overlay-color":"","overlay-opacity":"","overlay-gradient":""},"tablet":{"background-color":"var(--ast-global-color-5)","background-image":"","background-repeat":"repeat","background-position":"center center","background-size":"auto","background-attachment":"scroll","background-type":"","background-media":"","overlay-type":"","overlay-color":"","overlay-opacity":"","overlay-gradient":""},"mobile":{"background-color":"var(--ast-global-color-5)","background-image":"","background-repeat":"repeat","background-position":"center center","background-size":"auto","background-attachment":"scroll","background-type":"","background-media":"","overlay-type":"","overlay-color":"","overlay-opacity":"","overlay-gradient":""}}},"product_brand":[],"product_cat":[177,33,47,34,35,72,197,49,38,89,18],"product_tag":[],"class_list":{"0":"post-5558","1":"product","2":"type-product","3":"status-publish","4":"has-post-thumbnail","6":"product_cat-collection-automne-hiver-2023","7":"product_cat-women","8":"product_cat-haut-hommes","9":"product_cat-haut-femmes","10":"product_cat-men","11":"product_cat-new","12":"product_cat-sweat-shirt-pulls-blousons","13":"product_cat-sweat-jacket-femme","14":"product_cat-sweatshirts-hommes","15":"product_cat-unisexe","16":"product_cat-clothing","17":"desktop-align-center","18":"tablet-align-left","19":"mobile-align-left","21":"first","22":"instock","23":"taxable","24":"shipping-taxable","25":"purchasable","26":"product-type-variable"},"aioseo_notices":[],"_links":{"self":[{"href":"https:\/\/sweatrepublix.com\/en\/wp-json\/wp\/v2\/product\/5558","targetHints":{"allow":["GET"]}}],"collection":[{"href":"https:\/\/sweatrepublix.com\/en\/wp-json\/wp\/v2\/product"}],"about":[{"href":"https:\/\/sweatrepublix.com\/en\/wp-json\/wp\/v2\/types\/product"}],"replies":[{"embeddable":true,"href":"https:\/\/sweatrepublix.com\/en\/wp-json\/wp\/v2\/comments?post=5558"}],"wp:featuredmedia":[{"embeddable":true,"href":"https:\/\/sweatrepublix.com\/en\/wp-json\/wp\/v2\/media\/5568"}],"wp:attachment":[{"href":"https:\/\/sweatrepublix.com\/en\/wp-json\/wp\/v2\/media?parent=5558"}],"wp:term":[{"taxonomy":"product_brand","embeddable":true,"href":"https:\/\/sweatrepublix.com\/en\/wp-json\/wp\/v2\/product_brand?post=5558"},{"taxonomy":"product_cat","embeddable":true,"href":"https:\/\/sweatrepublix.com\/en\/wp-json\/wp\/v2\/product_cat?post=5558"},{"taxonomy":"product_tag","embeddable":true,"href":"https:\/\/sweatrepublix.com\/en\/wp-json\/wp\/v2\/product_tag?post=5558"}],"curies":[{"name":"wp","href":"https:\/\/api.w.org\/{rel}","templated":true}]}}