{"id":5534,"date":"2023-11-12T21:46:56","date_gmt":"2023-11-12T20:46:56","guid":{"rendered":"https:\/\/sweatrepublix.com\/fr\/product\/maillot-all-over-unisexe\/"},"modified":"2023-11-13T00:17:08","modified_gmt":"2023-11-12T23:17:08","slug":"maillot-all-over-unisexe","status":"publish","type":"product","link":"https:\/\/sweatrepublix.com\/en\/product\/maillot-all-over-unisexe\/","title":{"rendered":"UNISEX ALL-OVER JERSEY"},"content":{"rendered":"<p>Vous cherchez le maillot de sport parfait\u00a0? Nous avons ce qu&rsquo;il vous faut\u00a0:\u00a0fabriqu\u00e9 \u00e0 100\u00a0%\u00a0en tissu de polyester recycl\u00e9, ce haut est respirant et \u00e9vacue l&rsquo;humidit\u00e9, et est dot\u00e9 d&rsquo;un col en V \u00e0 double \u00e9paisseur qui cr\u00e9e un look Premium.<\/p>\n<p>\u2022 100\u00a0% polyester recycl\u00e9<br \/>\n\u2022 Poids du tissu\u00a0:\u00a0160\u00a0g\/m\u00b2 (4,7\u00a0oz\/yd\u00b2)<br \/>\n\u2022 Tissu extensible dans les deux directions<br \/>\n\u2022 Mat\u00e9riau \u00e9vacuant l&rsquo;humidit\u00e9<br \/>\n\u2022 Regular fit<br \/>\n\u2022 Protection UPF50+<br \/>\n\u2022 Col en V \u00e0 double \u00e9paisseur<\/p>\n<p>\u2022 Tra\u00e7abilit\u00e9\u00a0:<br \/>\n&#8211; Tricotage\u00a0: Chine<br \/>\n&#8211; Teinture\u00a0: Chine<br \/>\n&#8211; Fabrication\u00a0: Lettonie<br \/>\n\u2022 Comprend 95\u00a0% de polyester recycl\u00e9<br \/>\n\u2022 Comprend 0\u00a0% de substances dangereuses<br \/>\n\u2022 Comme tout v\u00eatement en fibre synth\u00e9tique Cet article lib\u00e8re des microfibres en plastique dans l&rsquo;environnement pendant le lavage<\/p>","protected":false},"excerpt":{"rendered":"<p>Vous cherchez le maillot de sport parfait\u00a0? Nous avons ce qu&rsquo;il vous faut\u00a0:\u00a0fabriqu\u00e9 \u00e0 100\u00a0%\u00a0en tissu de polyester recycl\u00e9, ce haut est respirant et \u00e9vacue l&rsquo;humidit\u00e9, et est dot\u00e9 d&rsquo;un col en V \u00e0 double \u00e9paisseur qui cr\u00e9e un look Premium. \u2022 100\u00a0% polyester recycl\u00e9 \u2022 Poids du tissu\u00a0:\u00a0160\u00a0g\/m\u00b2 (4,7\u00a0oz\/yd\u00b2) \u2022 Tissu extensible dans les [&hellip;]<\/p>\n","protected":false},"featured_media":5548,"comment_status":"open","ping_status":"closed","template":"","meta":{"site-sidebar-layout":"default","site-content-layout":"","ast-site-content-layout":"default","site-content-style":"default","site-sidebar-style":"default","ast-global-header-display":"","ast-banner-title-visibility":"","ast-main-header-display":"","ast-hfb-above-header-display":"","ast-hfb-below-header-display":"","ast-hfb-mobile-header-display":"","site-post-title":"","ast-breadcrumbs-content":"","ast-featured-img":"","footer-sml-layout":"","ast-disable-related-posts":"","theme-transparent-header-meta":"default","adv-header-id-meta":"","stick-header-meta":"","header-above-stick-meta":"","header-main-stick-meta":"","header-below-stick-meta":"","astra-migrate-meta-layouts":"set","ast-page-background-enabled":"default","ast-page-background-meta":{"desktop":{"background-color":"","background-image":"","background-repeat":"repeat","background-position":"center center","background-size":"auto","background-attachment":"scroll","background-type":"","background-media":"","overlay-type":"","overlay-color":"","overlay-opacity":"","overlay-gradient":""},"tablet":{"background-color":"","background-image":"","background-repeat":"repeat","background-position":"center center","background-size":"auto","background-attachment":"scroll","background-type":"","background-media":"","overlay-type":"","overlay-color":"","overlay-opacity":"","overlay-gradient":""},"mobile":{"background-color":"","background-image":"","background-repeat":"repeat","background-position":"center center","background-size":"auto","background-attachment":"scroll","background-type":"","background-media":"","overlay-type":"","overlay-color":"","overlay-opacity":"","overlay-gradient":""}},"ast-content-background-meta":{"desktop":{"background-color":"var(--ast-global-color-5)","background-image":"","background-repeat":"repeat","background-position":"center center","background-size":"auto","background-attachment":"scroll","background-type":"","background-media":"","overlay-type":"","overlay-color":"","overlay-opacity":"","overlay-gradient":""},"tablet":{"background-color":"var(--ast-global-color-5)","background-image":"","background-repeat":"repeat","background-position":"center center","background-size":"auto","background-attachment":"scroll","background-type":"","background-media":"","overlay-type":"","overlay-color":"","overlay-opacity":"","overlay-gradient":""},"mobile":{"background-color":"var(--ast-global-color-5)","background-image":"","background-repeat":"repeat","background-position":"center center","background-size":"auto","background-attachment":"scroll","background-type":"","background-media":"","overlay-type":"","overlay-color":"","overlay-opacity":"","overlay-gradient":""}}},"product_brand":[],"product_cat":[177,33,47,34,35,192,194,196,72,89,18],"product_tag":[],"class_list":{"0":"post-5534","1":"product","2":"type-product","3":"status-publish","4":"has-post-thumbnail","6":"product_cat-collection-automne-hiver-2023","7":"product_cat-women","8":"product_cat-haut-hommes","9":"product_cat-haut-femmes","10":"product_cat-men","11":"product_cat-jersey","12":"product_cat-jersey-haut-hommes","13":"product_cat-jersey-unisexe","14":"product_cat-new","15":"product_cat-unisexe","16":"product_cat-clothing","17":"desktop-align-center","18":"tablet-align-left","19":"mobile-align-left","21":"first","22":"instock","23":"taxable","24":"shipping-taxable","25":"purchasable","26":"product-type-variable"},"aioseo_notices":[],"_links":{"self":[{"href":"https:\/\/sweatrepublix.com\/en\/wp-json\/wp\/v2\/product\/5534","targetHints":{"allow":["GET"]}}],"collection":[{"href":"https:\/\/sweatrepublix.com\/en\/wp-json\/wp\/v2\/product"}],"about":[{"href":"https:\/\/sweatrepublix.com\/en\/wp-json\/wp\/v2\/types\/product"}],"replies":[{"embeddable":true,"href":"https:\/\/sweatrepublix.com\/en\/wp-json\/wp\/v2\/comments?post=5534"}],"wp:featuredmedia":[{"embeddable":true,"href":"https:\/\/sweatrepublix.com\/en\/wp-json\/wp\/v2\/media\/5548"}],"wp:attachment":[{"href":"https:\/\/sweatrepublix.com\/en\/wp-json\/wp\/v2\/media?parent=5534"}],"wp:term":[{"taxonomy":"product_brand","embeddable":true,"href":"https:\/\/sweatrepublix.com\/en\/wp-json\/wp\/v2\/product_brand?post=5534"},{"taxonomy":"product_cat","embeddable":true,"href":"https:\/\/sweatrepublix.com\/en\/wp-json\/wp\/v2\/product_cat?post=5534"},{"taxonomy":"product_tag","embeddable":true,"href":"https:\/\/sweatrepublix.com\/en\/wp-json\/wp\/v2\/product_tag?post=5534"}],"curies":[{"name":"wp","href":"https:\/\/api.w.org\/{rel}","templated":true}]}}