{"id":5515,"date":"2023-11-12T21:44:55","date_gmt":"2023-11-12T20:44:55","guid":{"rendered":"https:\/\/sweatrepublix.com\/fr\/product\/t-shirt-pour-femme-2\/"},"modified":"2023-11-12T21:45:50","modified_gmt":"2023-11-12T20:45:50","slug":"t-shirt-pour-femme-2","status":"publish","type":"product","link":"https:\/\/sweatrepublix.com\/en\/product\/t-shirt-pour-femme-2\/","title":{"rendered":"T-shirt for Women"},"content":{"rendered":"<p>D\u00e9couvrez votre nouveau T-shirt pr\u00e9f\u00e9r\u00e9\u00a0: il est super doux, tr\u00e8s confortable et fabriqu\u00e9 dans un jersey de polyester au toucher coton qui ne ternit pas au lavage. <\/p>\n<p>\u2022 95% polyester, 5% elastane (fabric composition may vary by 1%)<br \/>\n\u2022 Premium knit mid-weight jersey<br \/>\n\u2022 Mati\u00e8re extensible dans tous les sens : les fibres du tissu se r\u00e9tractent sur la longueur et la largeur<br \/>\n\u2022 Regular fit<\/p>\n<p>\u2022 Tra\u00e7abilit\u00e9\u00a0: <br \/>\n&#8211; Tricotage\u00a0: Chine <br \/>\n&#8211; Teinture\u00a0: Chine <br \/>\n&#8211; Fabrication\u00a0: Lettonie <br \/>\n\u2022 Comprend 95\u00a0% de polyester recycl\u00e9 <br \/>\n\u2022 Comprend 0\u00a0% de substances dangereuses <br \/>\n\u2022 Cet article lib\u00e8re des microfibres en plastique dans l&rsquo;environnement pendant le lavage<\/p>","protected":false},"excerpt":{"rendered":"<p>D\u00e9couvrez votre nouveau T-shirt pr\u00e9f\u00e9r\u00e9\u00a0: il est super doux, tr\u00e8s confortable et fabriqu\u00e9 dans un jersey de polyester au toucher coton qui ne ternit pas au lavage. \u2022 95\u00a0% polyester, 5\u00a0% \u00e9lasthanne (la composition du tissu peut varier de 1\u00a0%) \u2022 Maille jersey de qualit\u00e9 sup\u00e9rieure et de poids moyen \u2022 Mati\u00e8re extensible dans tous [&hellip;]<\/p>\n","protected":false},"featured_media":5524,"comment_status":"open","ping_status":"closed","template":"","meta":{"site-sidebar-layout":"default","site-content-layout":"","ast-site-content-layout":"default","site-content-style":"default","site-sidebar-style":"default","ast-global-header-display":"","ast-banner-title-visibility":"","ast-main-header-display":"","ast-hfb-above-header-display":"","ast-hfb-below-header-display":"","ast-hfb-mobile-header-display":"","site-post-title":"","ast-breadcrumbs-content":"","ast-featured-img":"","footer-sml-layout":"","ast-disable-related-posts":"","theme-transparent-header-meta":"","adv-header-id-meta":"","stick-header-meta":"","header-above-stick-meta":"","header-main-stick-meta":"","header-below-stick-meta":"","astra-migrate-meta-layouts":"default","ast-page-background-enabled":"default","ast-page-background-meta":{"desktop":{"background-color":"","background-image":"","background-repeat":"repeat","background-position":"center center","background-size":"auto","background-attachment":"scroll","background-type":"","background-media":"","overlay-type":"","overlay-color":"","overlay-opacity":"","overlay-gradient":""},"tablet":{"background-color":"","background-image":"","background-repeat":"repeat","background-position":"center center","background-size":"auto","background-attachment":"scroll","background-type":"","background-media":"","overlay-type":"","overlay-color":"","overlay-opacity":"","overlay-gradient":""},"mobile":{"background-color":"","background-image":"","background-repeat":"repeat","background-position":"center center","background-size":"auto","background-attachment":"scroll","background-type":"","background-media":"","overlay-type":"","overlay-color":"","overlay-opacity":"","overlay-gradient":""}},"ast-content-background-meta":{"desktop":{"background-color":"var(--ast-global-color-5)","background-image":"","background-repeat":"repeat","background-position":"center center","background-size":"auto","background-attachment":"scroll","background-type":"","background-media":"","overlay-type":"","overlay-color":"","overlay-opacity":"","overlay-gradient":""},"tablet":{"background-color":"var(--ast-global-color-5)","background-image":"","background-repeat":"repeat","background-position":"center center","background-size":"auto","background-attachment":"scroll","background-type":"","background-media":"","overlay-type":"","overlay-color":"","overlay-opacity":"","overlay-gradient":""},"mobile":{"background-color":"var(--ast-global-color-5)","background-image":"","background-repeat":"repeat","background-position":"center center","background-size":"auto","background-attachment":"scroll","background-type":"","background-media":"","overlay-type":"","overlay-color":"","overlay-opacity":"","overlay-gradient":""}}},"product_brand":[],"product_cat":[177,33,34,72,45,195,89],"product_tag":[],"class_list":{"0":"post-5515","1":"product","2":"type-product","3":"status-publish","4":"has-post-thumbnail","6":"product_cat-collection-automne-hiver-2023","7":"product_cat-women","8":"product_cat-haut-femmes","9":"product_cat-new","10":"product_cat-t-shirt-femmes","11":"product_cat-tshirts","12":"product_cat-unisexe","13":"desktop-align-center","14":"tablet-align-left","15":"mobile-align-left","17":"first","18":"instock","19":"taxable","20":"shipping-taxable","21":"purchasable","22":"product-type-variable"},"aioseo_notices":[],"_links":{"self":[{"href":"https:\/\/sweatrepublix.com\/en\/wp-json\/wp\/v2\/product\/5515","targetHints":{"allow":["GET"]}}],"collection":[{"href":"https:\/\/sweatrepublix.com\/en\/wp-json\/wp\/v2\/product"}],"about":[{"href":"https:\/\/sweatrepublix.com\/en\/wp-json\/wp\/v2\/types\/product"}],"replies":[{"embeddable":true,"href":"https:\/\/sweatrepublix.com\/en\/wp-json\/wp\/v2\/comments?post=5515"}],"wp:featuredmedia":[{"embeddable":true,"href":"https:\/\/sweatrepublix.com\/en\/wp-json\/wp\/v2\/media\/5524"}],"wp:attachment":[{"href":"https:\/\/sweatrepublix.com\/en\/wp-json\/wp\/v2\/media?parent=5515"}],"wp:term":[{"taxonomy":"product_brand","embeddable":true,"href":"https:\/\/sweatrepublix.com\/en\/wp-json\/wp\/v2\/product_brand?post=5515"},{"taxonomy":"product_cat","embeddable":true,"href":"https:\/\/sweatrepublix.com\/en\/wp-json\/wp\/v2\/product_cat?post=5515"},{"taxonomy":"product_tag","embeddable":true,"href":"https:\/\/sweatrepublix.com\/en\/wp-json\/wp\/v2\/product_tag?post=5515"}],"curies":[{"name":"wp","href":"https:\/\/api.w.org\/{rel}","templated":true}]}}