{"id":5493,"date":"2023-11-12T21:42:23","date_gmt":"2023-11-12T20:42:23","guid":{"rendered":"https:\/\/sweatrepublix.com\/fr\/product\/pantalon-large-all-over-unisexe\/"},"modified":"2023-11-13T00:32:25","modified_gmt":"2023-11-12T23:32:25","slug":"pantalon-large-all-over-unisexe","status":"publish","type":"product","link":"https:\/\/sweatrepublix.com\/en\/product\/pantalon-large-all-over-unisexe\/","title":{"rendered":"Unisex all-over wide-leg trousers"},"content":{"rendered":"<p>Obtenez le confort de pyjamas dans ce pantalon large \u00e9l\u00e9gant pantalon. Avec la taille r\u00e9glable et le tissu extensible, il est comme votre pantalon de surv\u00eatement pr\u00e9f\u00e9r\u00e9 mais en mieux.<\/p>\n<p>\u2022 Coupe unisexe d\u00e9contract\u00e9e<br \/>\n\u2022 Poches lat\u00e9rales pratiques<br \/>\n\u2022 Ceinture \u00e9lastique avec un cordon blanc<br \/>\n\u2022 Peut \u00eatre port\u00e9 \u00e0 la taille ou sur les hanches<br \/>\n\u2022 Maille jersey en tricot moyen Premium<br \/>\n\u2022 95\u00a0%\u00a0de polyester, 5\u00a0% d&rsquo;\u00e9lasthanne (la composition du tissu peut varier de 1\u00a0%)<br \/>\n\u2022 Poids du tissu\u00a0:\u00a0210\u00a0g\/m\u00b2 (6,19\u00a0oz\/yd\u00b2) (le poids peut varier de 5\u00a0%)<\/p>\n<p>\u2022 Tra\u00e7abilit\u00e9\u00a0:<br \/>\n&#8211; Tricotage\u00a0: Chine<br \/>\n&#8211; Teinture\u00a0: Chine<br \/>\n&#8211; Fabrication\u00a0: Lettonie<br \/>\n\u2022 Comprend 95\u00a0% de polyester recycl\u00e9<br \/>\n\u2022 Comprend 0\u00a0% de substances dangereuses<br \/>\n\u2022 Comme tous les v\u00eatements synth\u00e9tiques Cet article lib\u00e8re des microfibres en plastique dans l\u2019environnement pendant le lavage<\/p>","protected":false},"excerpt":{"rendered":"<p>Obtenez le confort de pyjamas dans ce pantalon large \u00e9l\u00e9gant pantalon. Avec la taille r\u00e9glable et le tissu extensible, il est comme votre pantalon de surv\u00eatement pr\u00e9f\u00e9r\u00e9 mais en mieux. \u2022 Coupe unisexe d\u00e9contract\u00e9e \u2022 Poches lat\u00e9rales pratiques \u2022 Ceinture \u00e9lastique avec un cordon blanc \u2022 Peut \u00eatre port\u00e9 \u00e0 la taille ou sur les [&hellip;]<\/p>\n","protected":false},"featured_media":5507,"comment_status":"open","ping_status":"closed","template":"","meta":{"site-sidebar-layout":"default","site-content-layout":"","ast-site-content-layout":"default","site-content-style":"default","site-sidebar-style":"default","ast-global-header-display":"","ast-banner-title-visibility":"","ast-main-header-display":"","ast-hfb-above-header-display":"","ast-hfb-below-header-display":"","ast-hfb-mobile-header-display":"","site-post-title":"","ast-breadcrumbs-content":"","ast-featured-img":"","footer-sml-layout":"","ast-disable-related-posts":"","theme-transparent-header-meta":"default","adv-header-id-meta":"","stick-header-meta":"","header-above-stick-meta":"","header-main-stick-meta":"","header-below-stick-meta":"","astra-migrate-meta-layouts":"set","ast-page-background-enabled":"default","ast-page-background-meta":{"desktop":{"background-color":"","background-image":"","background-repeat":"repeat","background-position":"center center","background-size":"auto","background-attachment":"scroll","background-type":"","background-media":"","overlay-type":"","overlay-color":"","overlay-opacity":"","overlay-gradient":""},"tablet":{"background-color":"","background-image":"","background-repeat":"repeat","background-position":"center center","background-size":"auto","background-attachment":"scroll","background-type":"","background-media":"","overlay-type":"","overlay-color":"","overlay-opacity":"","overlay-gradient":""},"mobile":{"background-color":"","background-image":"","background-repeat":"repeat","background-position":"center center","background-size":"auto","background-attachment":"scroll","background-type":"","background-media":"","overlay-type":"","overlay-color":"","overlay-opacity":"","overlay-gradient":""}},"ast-content-background-meta":{"desktop":{"background-color":"var(--ast-global-color-5)","background-image":"","background-repeat":"repeat","background-position":"center center","background-size":"auto","background-attachment":"scroll","background-type":"","background-media":"","overlay-type":"","overlay-color":"","overlay-opacity":"","overlay-gradient":""},"tablet":{"background-color":"var(--ast-global-color-5)","background-image":"","background-repeat":"repeat","background-position":"center center","background-size":"auto","background-attachment":"scroll","background-type":"","background-media":"","overlay-type":"","overlay-color":"","overlay-opacity":"","overlay-gradient":""},"mobile":{"background-color":"var(--ast-global-color-5)","background-image":"","background-repeat":"repeat","background-position":"center center","background-size":"auto","background-attachment":"scroll","background-type":"","background-media":"","overlay-type":"","overlay-color":"","overlay-opacity":"","overlay-gradient":""}}},"product_brand":[],"product_cat":[48,39,33,35,72,89,18,200],"product_tag":[],"class_list":{"0":"post-5493","1":"product","2":"type-product","3":"status-publish","4":"has-post-thumbnail","6":"product_cat-bas-homme","7":"product_cat-bas","8":"product_cat-women","9":"product_cat-men","10":"product_cat-new","11":"product_cat-unisexe","12":"product_cat-clothing","13":"product_cat-xmas","14":"desktop-align-center","15":"tablet-align-left","16":"mobile-align-left","18":"first","19":"instock","20":"taxable","21":"shipping-taxable","22":"purchasable","23":"product-type-variable"},"aioseo_notices":[],"_links":{"self":[{"href":"https:\/\/sweatrepublix.com\/en\/wp-json\/wp\/v2\/product\/5493","targetHints":{"allow":["GET"]}}],"collection":[{"href":"https:\/\/sweatrepublix.com\/en\/wp-json\/wp\/v2\/product"}],"about":[{"href":"https:\/\/sweatrepublix.com\/en\/wp-json\/wp\/v2\/types\/product"}],"replies":[{"embeddable":true,"href":"https:\/\/sweatrepublix.com\/en\/wp-json\/wp\/v2\/comments?post=5493"}],"wp:featuredmedia":[{"embeddable":true,"href":"https:\/\/sweatrepublix.com\/en\/wp-json\/wp\/v2\/media\/5507"}],"wp:attachment":[{"href":"https:\/\/sweatrepublix.com\/en\/wp-json\/wp\/v2\/media?parent=5493"}],"wp:term":[{"taxonomy":"product_brand","embeddable":true,"href":"https:\/\/sweatrepublix.com\/en\/wp-json\/wp\/v2\/product_brand?post=5493"},{"taxonomy":"product_cat","embeddable":true,"href":"https:\/\/sweatrepublix.com\/en\/wp-json\/wp\/v2\/product_cat?post=5493"},{"taxonomy":"product_tag","embeddable":true,"href":"https:\/\/sweatrepublix.com\/en\/wp-json\/wp\/v2\/product_tag?post=5493"}],"curies":[{"name":"wp","href":"https:\/\/api.w.org\/{rel}","templated":true}]}}