{"id":5455,"date":"2023-11-12T21:38:53","date_gmt":"2023-11-12T20:38:53","guid":{"rendered":"https:\/\/sweatrepublix.com\/fr\/product\/sweat-a-capuche-unisexe\/"},"modified":"2023-11-13T00:27:30","modified_gmt":"2023-11-12T23:27:30","slug":"sweat-a-capuche-unisexe","status":"publish","type":"product","link":"https:\/\/sweatrepublix.com\/en\/product\/sweat-a-capuche-unisexe\/","title":{"rendered":"Sweat \u00e0 Capuche Unisexe"},"content":{"rendered":"<p>Ce sweat \u00e0 capuche unisexe confortable poss\u00e8de un ext\u00e9rieur doux avec une impression vibrante et un int\u00e9rieur en polaire bross\u00e9e encore plus doux. Le sweat \u00e0 capuche a une coupe d\u00e9contract\u00e9e et il est parfait pour vous envelopper lors d&rsquo;une soir\u00e9e fra\u00eeche.<\/p>\n<p>\u2022 95\u00a0%\u00a0polyester recycl\u00e9, 5\u00a0% spandex<br \/>\n\u2022 Poids du tissu (peut varier de 5\u00a0%)\u00a0:\u00a0308\u00a0g\/m\u00b2 (9,08\u00a0oz\/yd\u00b2)<br \/>\n\u2022 C\u00f4t\u00e9 en tissu au toucher doux en coton<br \/>\n\u2022 Tissu en polaire bross\u00e9 \u00e0 l&rsquo;int\u00e9rieur<br \/>\n\u2022 Capuche doubl\u00e9e avec design des deux c\u00f4t\u00e9s<br \/>\n\u2022 Unisex style<br \/>\n\u2022 Avec cordons de serrage<br \/>\n\u2022 Coutures en surjet<br \/>\n\u2022 Composants du produit vierge au Mexique provenant de Pologne et du Mexique<br \/>\n\u2022 Composants du produit vierge de l&rsquo;UE provenant de Chine et de Pologne<\/p>\n<p>\u2022 Tra\u00e7abilit\u00e9\u00a0:<br \/>\n&#8211; Tricotage\u00a0: Chine<br \/>\n&#8211; Teinture\u00a0: Chine<br \/>\n&#8211; Fabrication\u00a0: Lettonie<br \/>\n\u2022 Comprend 95\u00a0% de polyester recycl\u00e9<br \/>\n\u2022 Comprend 0\u00a0% de substances dangereuses<br \/>\n\u2022 Comme tous les v\u00eatements synth\u00e9tiques Cet article lib\u00e8re des microfibres en plastique dans l\u2019environnement pendant le lavage<\/p>","protected":false},"excerpt":{"rendered":"<p>Ce sweat \u00e0 capuche unisexe confortable poss\u00e8de un ext\u00e9rieur doux avec une impression vibrante et un int\u00e9rieur en polaire bross\u00e9e encore plus doux. Le sweat \u00e0 capuche a une coupe d\u00e9contract\u00e9e et il est parfait pour vous envelopper lors d&rsquo;une soir\u00e9e fra\u00eeche. \u2022 95\u00a0%\u00a0polyester recycl\u00e9, 5\u00a0% spandex \u2022 Poids du tissu (peut varier de 5\u00a0%)\u00a0:\u00a0308\u00a0g\/m\u00b2 [&hellip;]<\/p>\n","protected":false},"featured_media":5465,"comment_status":"open","ping_status":"closed","template":"","meta":{"site-sidebar-layout":"default","site-content-layout":"","ast-site-content-layout":"default","site-content-style":"default","site-sidebar-style":"default","ast-global-header-display":"","ast-banner-title-visibility":"","ast-main-header-display":"","ast-hfb-above-header-display":"","ast-hfb-below-header-display":"","ast-hfb-mobile-header-display":"","site-post-title":"","ast-breadcrumbs-content":"","ast-featured-img":"","footer-sml-layout":"","ast-disable-related-posts":"","theme-transparent-header-meta":"default","adv-header-id-meta":"","stick-header-meta":"","header-above-stick-meta":"","header-main-stick-meta":"","header-below-stick-meta":"","astra-migrate-meta-layouts":"set","ast-page-background-enabled":"default","ast-page-background-meta":{"desktop":{"background-color":"","background-image":"","background-repeat":"repeat","background-position":"center center","background-size":"auto","background-attachment":"scroll","background-type":"","background-media":"","overlay-type":"","overlay-color":"","overlay-opacity":"","overlay-gradient":""},"tablet":{"background-color":"","background-image":"","background-repeat":"repeat","background-position":"center center","background-size":"auto","background-attachment":"scroll","background-type":"","background-media":"","overlay-type":"","overlay-color":"","overlay-opacity":"","overlay-gradient":""},"mobile":{"background-color":"","background-image":"","background-repeat":"repeat","background-position":"center center","background-size":"auto","background-attachment":"scroll","background-type":"","background-media":"","overlay-type":"","overlay-color":"","overlay-opacity":"","overlay-gradient":""}},"ast-content-background-meta":{"desktop":{"background-color":"var(--ast-global-color-5)","background-image":"","background-repeat":"repeat","background-position":"center center","background-size":"auto","background-attachment":"scroll","background-type":"","background-media":"","overlay-type":"","overlay-color":"","overlay-opacity":"","overlay-gradient":""},"tablet":{"background-color":"var(--ast-global-color-5)","background-image":"","background-repeat":"repeat","background-position":"center center","background-size":"auto","background-attachment":"scroll","background-type":"","background-media":"","overlay-type":"","overlay-color":"","overlay-opacity":"","overlay-gradient":""},"mobile":{"background-color":"var(--ast-global-color-5)","background-image":"","background-repeat":"repeat","background-position":"center center","background-size":"auto","background-attachment":"scroll","background-type":"","background-media":"","overlay-type":"","overlay-color":"","overlay-opacity":"","overlay-gradient":""}}},"product_brand":[],"product_cat":[33,47,34,35,72,197,49,38,89,200],"product_tag":[],"class_list":{"0":"post-5455","1":"product","2":"type-product","3":"status-publish","4":"has-post-thumbnail","6":"product_cat-women","7":"product_cat-haut-hommes","8":"product_cat-haut-femmes","9":"product_cat-men","10":"product_cat-new","11":"product_cat-sweat-shirt-pulls-blousons","12":"product_cat-sweat-jacket-femme","13":"product_cat-sweatshirts-hommes","14":"product_cat-unisexe","15":"product_cat-xmas","16":"desktop-align-center","17":"tablet-align-left","18":"mobile-align-left","20":"first","21":"instock","22":"taxable","23":"shipping-taxable","24":"purchasable","25":"product-type-variable"},"aioseo_notices":[],"_links":{"self":[{"href":"https:\/\/sweatrepublix.com\/en\/wp-json\/wp\/v2\/product\/5455","targetHints":{"allow":["GET"]}}],"collection":[{"href":"https:\/\/sweatrepublix.com\/en\/wp-json\/wp\/v2\/product"}],"about":[{"href":"https:\/\/sweatrepublix.com\/en\/wp-json\/wp\/v2\/types\/product"}],"replies":[{"embeddable":true,"href":"https:\/\/sweatrepublix.com\/en\/wp-json\/wp\/v2\/comments?post=5455"}],"wp:featuredmedia":[{"embeddable":true,"href":"https:\/\/sweatrepublix.com\/en\/wp-json\/wp\/v2\/media\/5465"}],"wp:attachment":[{"href":"https:\/\/sweatrepublix.com\/en\/wp-json\/wp\/v2\/media?parent=5455"}],"wp:term":[{"taxonomy":"product_brand","embeddable":true,"href":"https:\/\/sweatrepublix.com\/en\/wp-json\/wp\/v2\/product_brand?post=5455"},{"taxonomy":"product_cat","embeddable":true,"href":"https:\/\/sweatrepublix.com\/en\/wp-json\/wp\/v2\/product_cat?post=5455"},{"taxonomy":"product_tag","embeddable":true,"href":"https:\/\/sweatrepublix.com\/en\/wp-json\/wp\/v2\/product_tag?post=5455"}],"curies":[{"name":"wp","href":"https:\/\/api.w.org\/{rel}","templated":true}]}}