{"id":5214,"date":"2023-11-01T15:51:18","date_gmt":"2023-11-01T14:51:18","guid":{"rendered":"https:\/\/sweatrepublix.com\/fr\/product\/maillot-de-basket-recycle-all-over\/"},"modified":"2023-11-04T19:13:48","modified_gmt":"2023-11-04T18:13:48","slug":"maillot-de-basket-recycle-all-over","status":"publish","type":"product","link":"https:\/\/sweatrepublix.com\/en\/product\/maillot-de-basket-recycle-all-over\/","title":{"rendered":"Basket Ball Jersey - Rangda"},"content":{"rendered":"<p>Vous cherchez un maillot de basket-ball qui permettra de passer au niveau sup\u00e9rieur\u00a0? Ne cherchez plus\u00a0! Fabriqu\u00e9 en polyester recycl\u00e9, ce maillot haute technologie est con\u00e7u pour que vous soyez au frais et au sec, m\u00eame dans la chaleur de la comp\u00e9tition. Portez-le comme une pi\u00e8ce de streetwear et faites tourner les t\u00eates sur le terrain et en dehors.<\/p>\n<ul>\n<li>100\u00a0% polyester recycl\u00e9<\/li>\n<li>Poids du tissu : 160 g\/m\u00b2 (4,7 oz\/yd\u00b2)<\/li>\n<li>Two-way stretch fabric<\/li>\n<li>Mat\u00e9riau \u00e9vacuant l&rsquo;humidit\u00e9<\/li>\n<li>Regular fit<\/li>\n<li>UPF50+ protection<\/li>\n<li>Panneaux lat\u00e9raux qui peuvent \u00eatre dessin\u00e9s<\/li>\n<li>Le tissu est certifi\u00e9 OEKO-TEX\u00a0100 et GRS (Global Recycled Standard)<\/li>\n<\/ul>","protected":false},"excerpt":{"rendered":"<p>Vous cherchez un maillot de basket-ball qui permettra de passer au niveau sup\u00e9rieur\u00a0? Ne cherchez plus\u00a0! Fabriqu\u00e9 en polyester recycl\u00e9, ce maillot haute technologie est con\u00e7u pour que vous soyez au frais et au sec, m\u00eame dans la chaleur de la comp\u00e9tition. Portez-le comme une pi\u00e8ce de streetwear et faites tourner les t\u00eates sur le [&hellip;]<\/p>\n","protected":false},"featured_media":5226,"comment_status":"open","ping_status":"closed","template":"","meta":{"site-sidebar-layout":"default","site-content-layout":"","ast-site-content-layout":"default","site-content-style":"default","site-sidebar-style":"default","ast-global-header-display":"","ast-banner-title-visibility":"","ast-main-header-display":"","ast-hfb-above-header-display":"","ast-hfb-below-header-display":"","ast-hfb-mobile-header-display":"","site-post-title":"","ast-breadcrumbs-content":"","ast-featured-img":"","footer-sml-layout":"","ast-disable-related-posts":"","theme-transparent-header-meta":"default","adv-header-id-meta":"","stick-header-meta":"","header-above-stick-meta":"","header-main-stick-meta":"","header-below-stick-meta":"","astra-migrate-meta-layouts":"set","ast-page-background-enabled":"default","ast-page-background-meta":{"desktop":{"background-color":"","background-image":"","background-repeat":"repeat","background-position":"center center","background-size":"auto","background-attachment":"scroll","background-type":"","background-media":"","overlay-type":"","overlay-color":"","overlay-opacity":"","overlay-gradient":""},"tablet":{"background-color":"","background-image":"","background-repeat":"repeat","background-position":"center center","background-size":"auto","background-attachment":"scroll","background-type":"","background-media":"","overlay-type":"","overlay-color":"","overlay-opacity":"","overlay-gradient":""},"mobile":{"background-color":"","background-image":"","background-repeat":"repeat","background-position":"center center","background-size":"auto","background-attachment":"scroll","background-type":"","background-media":"","overlay-type":"","overlay-color":"","overlay-opacity":"","overlay-gradient":""}},"ast-content-background-meta":{"desktop":{"background-color":"var(--ast-global-color-5)","background-image":"","background-repeat":"repeat","background-position":"center center","background-size":"auto","background-attachment":"scroll","background-type":"","background-media":"","overlay-type":"","overlay-color":"","overlay-opacity":"","overlay-gradient":""},"tablet":{"background-color":"var(--ast-global-color-5)","background-image":"","background-repeat":"repeat","background-position":"center center","background-size":"auto","background-attachment":"scroll","background-type":"","background-media":"","overlay-type":"","overlay-color":"","overlay-opacity":"","overlay-gradient":""},"mobile":{"background-color":"var(--ast-global-color-5)","background-image":"","background-repeat":"repeat","background-position":"center center","background-size":"auto","background-attachment":"scroll","background-type":"","background-media":"","overlay-type":"","overlay-color":"","overlay-opacity":"","overlay-gradient":""}}},"product_brand":[],"product_cat":[177,33,47,34,35,192,194,196,72,111,89,18],"product_tag":[],"class_list":{"0":"post-5214","1":"product","2":"type-product","3":"status-publish","4":"has-post-thumbnail","6":"product_cat-collection-automne-hiver-2023","7":"product_cat-women","8":"product_cat-haut-hommes","9":"product_cat-haut-femmes","10":"product_cat-men","11":"product_cat-jersey","12":"product_cat-jersey-haut-hommes","13":"product_cat-jersey-unisexe","14":"product_cat-new","15":"product_cat-spring_unisex","16":"product_cat-unisexe","17":"product_cat-clothing","18":"desktop-align-center","19":"tablet-align-left","20":"mobile-align-left","22":"first","23":"instock","24":"taxable","25":"shipping-taxable","26":"purchasable","27":"product-type-variable"},"aioseo_notices":[],"_links":{"self":[{"href":"https:\/\/sweatrepublix.com\/en\/wp-json\/wp\/v2\/product\/5214","targetHints":{"allow":["GET"]}}],"collection":[{"href":"https:\/\/sweatrepublix.com\/en\/wp-json\/wp\/v2\/product"}],"about":[{"href":"https:\/\/sweatrepublix.com\/en\/wp-json\/wp\/v2\/types\/product"}],"replies":[{"embeddable":true,"href":"https:\/\/sweatrepublix.com\/en\/wp-json\/wp\/v2\/comments?post=5214"}],"wp:featuredmedia":[{"embeddable":true,"href":"https:\/\/sweatrepublix.com\/en\/wp-json\/wp\/v2\/media\/5226"}],"wp:attachment":[{"href":"https:\/\/sweatrepublix.com\/en\/wp-json\/wp\/v2\/media?parent=5214"}],"wp:term":[{"taxonomy":"product_brand","embeddable":true,"href":"https:\/\/sweatrepublix.com\/en\/wp-json\/wp\/v2\/product_brand?post=5214"},{"taxonomy":"product_cat","embeddable":true,"href":"https:\/\/sweatrepublix.com\/en\/wp-json\/wp\/v2\/product_cat?post=5214"},{"taxonomy":"product_tag","embeddable":true,"href":"https:\/\/sweatrepublix.com\/en\/wp-json\/wp\/v2\/product_tag?post=5214"}],"curies":[{"name":"wp","href":"https:\/\/api.w.org\/{rel}","templated":true}]}}