{"id":4939,"date":"2023-07-03T21:09:48","date_gmt":"2023-07-03T20:09:48","guid":{"rendered":"https:\/\/sweatrepublix.com\/fr\/product\/haut-court-a-manches-longues-en-matieres-recyclees\/"},"modified":"2023-11-01T17:40:55","modified_gmt":"2023-11-01T16:40:55","slug":"haut-court-a-manches-longues-en-matieres-recyclees","status":"publish","type":"product","link":"https:\/\/sweatrepublix.com\/en\/product\/haut-court-a-manches-longues-en-matieres-recyclees\/","title":{"rendered":"Haut court \u00e0 manches longues en mati\u00e8res recycl\u00e9es"},"content":{"rendered":"<p>Ce haut court \u00e0 manches longues est fabriqu\u00e9 en polyester recycl\u00e9 et en \u00e9lasthanne, faisant de lui un choix \u00e9cologique pour la natation, le sport ou les tenues de sport. Le haut court est dot\u00e9 d&rsquo;une \u00e9tiquette d&rsquo;entretien d\u00e9tachable et d&rsquo;une large ceinture \u00e0 double \u00e9paisseur pour une coupe confortable.<\/p>\n<p> \u2022 Composition du tissu en Europe\u00a0: 88\u00a0%\u00a0polyester recycl\u00e9, 12\u00a0% \u00e9lasthanne<br \/>\n \u2022 Poids du tissu en Europe\u00a0: 230\u00a0g\/m\u00b2 (6,78\u00a0oz\/yd\u00b2)<br \/>\n \u2022 Composition du tissu au Mexique\u00a0:\u00a081\u00a0%\u00a0polyester recycl\u00e9 REPREVE 19\u00a0% LYCRA\u00ae XTRA LIFE\u2122<br \/>\n \u2022 Poids du tissu au Mexique\u00a0: 255\u00a0g\/m\u00b2 (7,52\u00a0oz\/yd\u00b2)<br \/>\n \u2022 SPF50+<br \/>\n\u2022 Coupe courte tendance<br \/>\n \u2022 Ceinture large \u00e0 double \u00e9paisseur<br \/>\n \u2022 Manches raglan<br \/>\n \u2022 \u00c9tiquette d&rsquo;entretien d\u00e9tachable<br \/>\n \u2022 Choisissez une taille au-dessus si vous \u00eates entre deux tailles car ce tissu peut \u00eatre serr\u00e9 sur le corps <br \/>\n \u2022 Composants du produit vierge en Europe provenant d&rsquo;Espagne<br \/>\n \u2022 Composants du produit vierge au Mexique provenant de Colombie<\/p>","protected":false},"excerpt":{"rendered":"<p>Ce haut court \u00e0 manches longues est fabriqu\u00e9 en polyester recycl\u00e9 et en \u00e9lasthanne, faisant de lui un choix \u00e9cologique pour la natation, le sport ou les tenues de sport. Le haut court est dot\u00e9 d&rsquo;une \u00e9tiquette d&rsquo;entretien d\u00e9tachable et d&rsquo;une large ceinture \u00e0 double \u00e9paisseur pour une coupe confortable. \u2022 Composition du tissu en [&hellip;]<\/p>\n","protected":false},"featured_media":4953,"comment_status":"open","ping_status":"closed","template":"","meta":{"site-sidebar-layout":"default","site-content-layout":"","ast-site-content-layout":"default","site-content-style":"default","site-sidebar-style":"default","ast-global-header-display":"","ast-banner-title-visibility":"","ast-main-header-display":"","ast-hfb-above-header-display":"","ast-hfb-below-header-display":"","ast-hfb-mobile-header-display":"","site-post-title":"","ast-breadcrumbs-content":"","ast-featured-img":"","footer-sml-layout":"","ast-disable-related-posts":"","theme-transparent-header-meta":"","adv-header-id-meta":"","stick-header-meta":"","header-above-stick-meta":"","header-main-stick-meta":"","header-below-stick-meta":"","astra-migrate-meta-layouts":"default","ast-page-background-enabled":"default","ast-page-background-meta":{"desktop":{"background-color":"","background-image":"","background-repeat":"repeat","background-position":"center center","background-size":"auto","background-attachment":"scroll","background-type":"","background-media":"","overlay-type":"","overlay-color":"","overlay-opacity":"","overlay-gradient":""},"tablet":{"background-color":"","background-image":"","background-repeat":"repeat","background-position":"center center","background-size":"auto","background-attachment":"scroll","background-type":"","background-media":"","overlay-type":"","overlay-color":"","overlay-opacity":"","overlay-gradient":""},"mobile":{"background-color":"","background-image":"","background-repeat":"repeat","background-position":"center center","background-size":"auto","background-attachment":"scroll","background-type":"","background-media":"","overlay-type":"","overlay-color":"","overlay-opacity":"","overlay-gradient":""}},"ast-content-background-meta":{"desktop":{"background-color":"var(--ast-global-color-5)","background-image":"","background-repeat":"repeat","background-position":"center center","background-size":"auto","background-attachment":"scroll","background-type":"","background-media":"","overlay-type":"","overlay-color":"","overlay-opacity":"","overlay-gradient":""},"tablet":{"background-color":"var(--ast-global-color-5)","background-image":"","background-repeat":"repeat","background-position":"center center","background-size":"auto","background-attachment":"scroll","background-type":"","background-media":"","overlay-type":"","overlay-color":"","overlay-opacity":"","overlay-gradient":""},"mobile":{"background-color":"var(--ast-global-color-5)","background-image":"","background-repeat":"repeat","background-position":"center center","background-size":"auto","background-attachment":"scroll","background-type":"","background-media":"","overlay-type":"","overlay-color":"","overlay-opacity":"","overlay-gradient":""}}},"product_brand":[],"product_cat":[33,34,176,172,45,18],"product_tag":[],"class_list":{"0":"post-4939","1":"product","2":"type-product","3":"status-publish","4":"has-post-thumbnail","6":"product_cat-women","7":"product_cat-haut-femmes","8":"product_cat-popsicles","9":"product_cat-vacances","10":"product_cat-t-shirt-femmes","11":"product_cat-clothing","12":"desktop-align-center","13":"tablet-align-left","14":"mobile-align-left","16":"first","17":"instock","18":"taxable","19":"shipping-taxable","20":"purchasable","21":"product-type-variable"},"aioseo_notices":[],"_links":{"self":[{"href":"https:\/\/sweatrepublix.com\/en\/wp-json\/wp\/v2\/product\/4939","targetHints":{"allow":["GET"]}}],"collection":[{"href":"https:\/\/sweatrepublix.com\/en\/wp-json\/wp\/v2\/product"}],"about":[{"href":"https:\/\/sweatrepublix.com\/en\/wp-json\/wp\/v2\/types\/product"}],"replies":[{"embeddable":true,"href":"https:\/\/sweatrepublix.com\/en\/wp-json\/wp\/v2\/comments?post=4939"}],"wp:featuredmedia":[{"embeddable":true,"href":"https:\/\/sweatrepublix.com\/en\/wp-json\/wp\/v2\/media\/4953"}],"wp:attachment":[{"href":"https:\/\/sweatrepublix.com\/en\/wp-json\/wp\/v2\/media?parent=4939"}],"wp:term":[{"taxonomy":"product_brand","embeddable":true,"href":"https:\/\/sweatrepublix.com\/en\/wp-json\/wp\/v2\/product_brand?post=4939"},{"taxonomy":"product_cat","embeddable":true,"href":"https:\/\/sweatrepublix.com\/en\/wp-json\/wp\/v2\/product_cat?post=4939"},{"taxonomy":"product_tag","embeddable":true,"href":"https:\/\/sweatrepublix.com\/en\/wp-json\/wp\/v2\/product_tag?post=4939"}],"curies":[{"name":"wp","href":"https:\/\/api.w.org\/{rel}","templated":true}]}}