{"id":4922,"date":"2023-07-03T21:05:02","date_gmt":"2023-07-03T20:05:02","guid":{"rendered":"https:\/\/sweatrepublix.com\/fr\/product\/t-shirt-homme\/"},"modified":"2023-11-04T19:30:31","modified_gmt":"2023-11-04T18:30:31","slug":"t-shirt-homme","status":"publish","type":"product","link":"https:\/\/sweatrepublix.com\/en\/product\/t-shirt-homme\/","title":{"rendered":"MEN'S T-SHIRT"},"content":{"rendered":"<p>Get to know your new favorite tee\u2014it's super smooth, super comfortable, and made from a cotton touch polyester jersey that won't fade after washing. <br \/>\n\u2022 95% polyester, 5% elastane (fabric composition may vary by 1%)<br \/>\n\u2022 Premium knit mid-weight jersey<br \/>\n\u2022 Four-way stretch fabric that stretches and recovers on the cross and lengthwise grains<br \/>\n\u2022 Regular fit<br \/>\n\u2022 Blank product components in the US and Mexico sourced from the US<br \/>\n\u2022 Blank product components in the EU sourced from Lithuania<\/p>","protected":false},"excerpt":{"rendered":"<p>D\u00e9couvrez votre nouveau T-shirt pr\u00e9f\u00e9r\u00e9\u00a0: doux, confortable, et fabriqu\u00e9 dans un jersey en polyester au toucher coton qui ne ternit pas au lavage. \u2022 95\u00a0% polyester, 5\u00a0% \u00e9lasthanne (la composition du tissu peut varier de 1\u00a0%) \u2022 Maille jersey de qualit\u00e9 sup\u00e9rieure et de poids moyen \u2022 Mati\u00e8re extensible dans tous les sens \u2013 les [&hellip;]<\/p>\n","protected":false},"featured_media":4931,"comment_status":"open","ping_status":"closed","template":"","meta":{"site-sidebar-layout":"default","site-content-layout":"","ast-site-content-layout":"default","site-content-style":"default","site-sidebar-style":"default","ast-global-header-display":"","ast-banner-title-visibility":"","ast-main-header-display":"","ast-hfb-above-header-display":"","ast-hfb-below-header-display":"","ast-hfb-mobile-header-display":"","site-post-title":"","ast-breadcrumbs-content":"","ast-featured-img":"","footer-sml-layout":"","ast-disable-related-posts":"","theme-transparent-header-meta":"","adv-header-id-meta":"","stick-header-meta":"","header-above-stick-meta":"","header-main-stick-meta":"","header-below-stick-meta":"","astra-migrate-meta-layouts":"default","ast-page-background-enabled":"default","ast-page-background-meta":{"desktop":{"background-color":"","background-image":"","background-repeat":"repeat","background-position":"center center","background-size":"auto","background-attachment":"scroll","background-type":"","background-media":"","overlay-type":"","overlay-color":"","overlay-opacity":"","overlay-gradient":""},"tablet":{"background-color":"","background-image":"","background-repeat":"repeat","background-position":"center center","background-size":"auto","background-attachment":"scroll","background-type":"","background-media":"","overlay-type":"","overlay-color":"","overlay-opacity":"","overlay-gradient":""},"mobile":{"background-color":"","background-image":"","background-repeat":"repeat","background-position":"center center","background-size":"auto","background-attachment":"scroll","background-type":"","background-media":"","overlay-type":"","overlay-color":"","overlay-opacity":"","overlay-gradient":""}},"ast-content-background-meta":{"desktop":{"background-color":"var(--ast-global-color-5)","background-image":"","background-repeat":"repeat","background-position":"center center","background-size":"auto","background-attachment":"scroll","background-type":"","background-media":"","overlay-type":"","overlay-color":"","overlay-opacity":"","overlay-gradient":""},"tablet":{"background-color":"var(--ast-global-color-5)","background-image":"","background-repeat":"repeat","background-position":"center center","background-size":"auto","background-attachment":"scroll","background-type":"","background-media":"","overlay-type":"","overlay-color":"","overlay-opacity":"","overlay-gradient":""},"mobile":{"background-color":"var(--ast-global-color-5)","background-image":"","background-repeat":"repeat","background-position":"center center","background-size":"auto","background-attachment":"scroll","background-type":"","background-media":"","overlay-type":"","overlay-color":"","overlay-opacity":"","overlay-gradient":""}}},"product_brand":[],"product_cat":[47,35,176,36,18],"product_tag":[],"class_list":{"0":"post-4922","1":"product","2":"type-product","3":"status-publish","4":"has-post-thumbnail","6":"product_cat-haut-hommes","7":"product_cat-men","8":"product_cat-popsicles","9":"product_cat-t-shirts-hommes","10":"product_cat-clothing","11":"desktop-align-center","12":"tablet-align-left","13":"mobile-align-left","15":"first","16":"instock","17":"taxable","18":"shipping-taxable","19":"purchasable","20":"product-type-variable"},"aioseo_notices":[],"_links":{"self":[{"href":"https:\/\/sweatrepublix.com\/en\/wp-json\/wp\/v2\/product\/4922","targetHints":{"allow":["GET"]}}],"collection":[{"href":"https:\/\/sweatrepublix.com\/en\/wp-json\/wp\/v2\/product"}],"about":[{"href":"https:\/\/sweatrepublix.com\/en\/wp-json\/wp\/v2\/types\/product"}],"replies":[{"embeddable":true,"href":"https:\/\/sweatrepublix.com\/en\/wp-json\/wp\/v2\/comments?post=4922"}],"wp:featuredmedia":[{"embeddable":true,"href":"https:\/\/sweatrepublix.com\/en\/wp-json\/wp\/v2\/media\/4931"}],"wp:attachment":[{"href":"https:\/\/sweatrepublix.com\/en\/wp-json\/wp\/v2\/media?parent=4922"}],"wp:term":[{"taxonomy":"product_brand","embeddable":true,"href":"https:\/\/sweatrepublix.com\/en\/wp-json\/wp\/v2\/product_brand?post=4922"},{"taxonomy":"product_cat","embeddable":true,"href":"https:\/\/sweatrepublix.com\/en\/wp-json\/wp\/v2\/product_cat?post=4922"},{"taxonomy":"product_tag","embeddable":true,"href":"https:\/\/sweatrepublix.com\/en\/wp-json\/wp\/v2\/product_tag?post=4922"}],"curies":[{"name":"wp","href":"https:\/\/api.w.org\/{rel}","templated":true}]}}