{"id":4719,"date":"2023-07-03T02:59:29","date_gmt":"2023-07-03T01:59:29","guid":{"rendered":"https:\/\/sweatrepublix.com\/fr\/product\/rash-guard-t-shirt-de-compression-popsicles-2\/"},"modified":"2023-11-04T19:20:12","modified_gmt":"2023-11-04T18:20:12","slug":"rash-guard-femme-popsicles","status":"publish","type":"product","link":"https:\/\/sweatrepublix.com\/en\/product\/rash-guard-femme-popsicles\/","title":{"rendered":"Rash Guard (T-shirt de Compression) anti UV Popsicles"},"content":{"rendered":"<p>N&rsquo;ayez pas peur de vous d\u00e9fouler dans ce T-shirt de compression \u00e0 manches longues, doux et polyvalent\u00a0! Il vous prot\u00e8ge du soleil et du vent pendant que vous faites du sport. Sa coupe ajust\u00e9e, ses coutures plates et ergonomiques et sa longueur vous apportent un confort suppl\u00e9mentaire.<\/p>\n<p>\u2022 82% polyester, 18% spandex <br \/>\n\u2022 Poids du tissu : 230 g\/m\u00b2 (6,78 oz\/yd\u00b2) (le poids peut varier de 5 %)<br \/>\n\u2022 Indice SPF de plus de 50<br \/>\n\u2022 Mati\u00e8re tr\u00e8s douce et extensible dans tous les sens : les fibres du tissu se r\u00e9tractent sur la longueur et la largeur<br \/>\n\u2022 Coupe ajust\u00e9e<br \/>\n\u2022 Corps et manches plus longs et confortables<br \/>\n\u2022 Flat seam and coverstitch<br \/>\n\u2022 Blank product components sourced from China<\/p>","protected":false},"excerpt":{"rendered":"<p>N&rsquo;ayez pas peur de vous d\u00e9fouler dans ce T-shirt de compression \u00e0 manches longues, doux et polyvalent\u00a0! Il vous prot\u00e8ge du soleil et du vent pendant que vous faites du sport. Sa coupe ajust\u00e9e, ses coutures plates et ergonomiques et sa longueur vous apportent un confort suppl\u00e9mentaire. \u2022 82\u00a0% polyester, 18\u00a0% \u00e9lasthanne \u2022 Poids du [&hellip;]<\/p>\n","protected":false},"featured_media":4729,"comment_status":"open","ping_status":"closed","template":"","meta":{"site-sidebar-layout":"default","site-content-layout":"default","ast-site-content-layout":"default","site-content-style":"default","site-sidebar-style":"default","ast-global-header-display":"","ast-banner-title-visibility":"","ast-main-header-display":"","ast-hfb-above-header-display":"","ast-hfb-below-header-display":"","ast-hfb-mobile-header-display":"","site-post-title":"","ast-breadcrumbs-content":"","ast-featured-img":"","footer-sml-layout":"","ast-disable-related-posts":"","theme-transparent-header-meta":"default","adv-header-id-meta":"","stick-header-meta":"","header-above-stick-meta":"","header-main-stick-meta":"","header-below-stick-meta":"","astra-migrate-meta-layouts":"default","ast-page-background-enabled":"default","ast-page-background-meta":{"desktop":{"background-color":"","background-image":"","background-repeat":"repeat","background-position":"center center","background-size":"auto","background-attachment":"scroll","background-type":"","background-media":"","overlay-type":"","overlay-color":"","overlay-opacity":"","overlay-gradient":""},"tablet":{"background-color":"","background-image":"","background-repeat":"repeat","background-position":"center center","background-size":"auto","background-attachment":"scroll","background-type":"","background-media":"","overlay-type":"","overlay-color":"","overlay-opacity":"","overlay-gradient":""},"mobile":{"background-color":"","background-image":"","background-repeat":"repeat","background-position":"center center","background-size":"auto","background-attachment":"scroll","background-type":"","background-media":"","overlay-type":"","overlay-color":"","overlay-opacity":"","overlay-gradient":""}},"ast-content-background-meta":{"desktop":{"background-color":"var(--ast-global-color-5)","background-image":"","background-repeat":"repeat","background-position":"center center","background-size":"auto","background-attachment":"scroll","background-type":"","background-media":"","overlay-type":"","overlay-color":"","overlay-opacity":"","overlay-gradient":""},"tablet":{"background-color":"var(--ast-global-color-5)","background-image":"","background-repeat":"repeat","background-position":"center center","background-size":"auto","background-attachment":"scroll","background-type":"","background-media":"","overlay-type":"","overlay-color":"","overlay-opacity":"","overlay-gradient":""},"mobile":{"background-color":"var(--ast-global-color-5)","background-image":"","background-repeat":"repeat","background-position":"center center","background-size":"auto","background-attachment":"scroll","background-type":"","background-media":"","overlay-type":"","overlay-color":"","overlay-opacity":"","overlay-gradient":""}}},"product_brand":[],"product_cat":[33,34,176,191,172,18],"product_tag":[],"class_list":{"0":"post-4719","1":"product","2":"type-product","3":"status-publish","4":"has-post-thumbnail","6":"product_cat-women","7":"product_cat-haut-femmes","8":"product_cat-popsicles","9":"product_cat-rashguard","10":"product_cat-vacances","11":"product_cat-clothing","12":"desktop-align-center","13":"tablet-align-left","14":"mobile-align-left","16":"first","17":"instock","18":"taxable","19":"shipping-taxable","20":"purchasable","21":"product-type-variable"},"aioseo_notices":[],"_links":{"self":[{"href":"https:\/\/sweatrepublix.com\/en\/wp-json\/wp\/v2\/product\/4719","targetHints":{"allow":["GET"]}}],"collection":[{"href":"https:\/\/sweatrepublix.com\/en\/wp-json\/wp\/v2\/product"}],"about":[{"href":"https:\/\/sweatrepublix.com\/en\/wp-json\/wp\/v2\/types\/product"}],"replies":[{"embeddable":true,"href":"https:\/\/sweatrepublix.com\/en\/wp-json\/wp\/v2\/comments?post=4719"}],"wp:featuredmedia":[{"embeddable":true,"href":"https:\/\/sweatrepublix.com\/en\/wp-json\/wp\/v2\/media\/4729"}],"wp:attachment":[{"href":"https:\/\/sweatrepublix.com\/en\/wp-json\/wp\/v2\/media?parent=4719"}],"wp:term":[{"taxonomy":"product_brand","embeddable":true,"href":"https:\/\/sweatrepublix.com\/en\/wp-json\/wp\/v2\/product_brand?post=4719"},{"taxonomy":"product_cat","embeddable":true,"href":"https:\/\/sweatrepublix.com\/en\/wp-json\/wp\/v2\/product_cat?post=4719"},{"taxonomy":"product_tag","embeddable":true,"href":"https:\/\/sweatrepublix.com\/en\/wp-json\/wp\/v2\/product_tag?post=4719"}],"curies":[{"name":"wp","href":"https:\/\/api.w.org\/{rel}","templated":true}]}}