{"id":4662,"date":"2023-07-03T02:43:48","date_gmt":"2023-07-03T01:43:48","guid":{"rendered":"https:\/\/sweatrepublix.com\/fr\/product\/tote-bag-popsicles\/"},"modified":"2023-11-04T19:21:03","modified_gmt":"2023-11-04T18:21:03","slug":"tote-bag-popsicles","status":"publish","type":"product","link":"https:\/\/sweatrepublix.com\/en\/product\/tote-bag-popsicles\/","title":{"rendered":"Tote bag Popsicles"},"content":{"rendered":"<p>A spacious and trendy tote bag to help you carry around everything that matters.<\/p>\n<p>\u2022 100% spun polyester fabric<br \/>\n\u2022 Bag size: 15\u2033 \u00d7 15\u2033 (38.1 \u00d7 38.1 cm)<br \/>\n\u2022 Capacity: 2.6 US gal (10 l)<br \/>\n\u2022 Maximum weight limit: 44lbs (20 kg)<br \/>\n\u2022 Dual handles made from 100% natural cotton bull denim<br \/>\n\u2022 Handle length 11.8\u2033 (30 cm), width 1\u2033 (2.5 cm)<br \/>\n\u2022 The handles can slightly differ depending on the fulfillment location<\/p>","protected":false},"excerpt":{"rendered":"<p>Un tote bag large et tendance pour vous aider \u00e0 transporter tout ce qui compte. \u2022 100 % polyester fil\u00e9, tissu r\u00e9sistant aux intemp\u00e9ries \u2022 Sac 38,1 cm x 38,1 cm (15 \u00a0\u00bb x 15 \u00ab\u00a0) \u2022 Capacit\u00e9 : 10 l (2,6 gal US) \u2022 Limite de poids maximum : 20 kg (44 lb) \u2022 [&hellip;]<\/p>\n","protected":false},"featured_media":4663,"comment_status":"open","ping_status":"closed","template":"","meta":{"site-sidebar-layout":"default","site-content-layout":"","ast-site-content-layout":"default","site-content-style":"default","site-sidebar-style":"default","ast-global-header-display":"","ast-banner-title-visibility":"","ast-main-header-display":"","ast-hfb-above-header-display":"","ast-hfb-below-header-display":"","ast-hfb-mobile-header-display":"","site-post-title":"","ast-breadcrumbs-content":"","ast-featured-img":"","footer-sml-layout":"","ast-disable-related-posts":"","theme-transparent-header-meta":"","adv-header-id-meta":"","stick-header-meta":"","header-above-stick-meta":"","header-main-stick-meta":"","header-below-stick-meta":"","astra-migrate-meta-layouts":"default","ast-page-background-enabled":"default","ast-page-background-meta":{"desktop":{"background-color":"","background-image":"","background-repeat":"repeat","background-position":"center center","background-size":"auto","background-attachment":"scroll","background-type":"","background-media":"","overlay-type":"","overlay-color":"","overlay-opacity":"","overlay-gradient":""},"tablet":{"background-color":"","background-image":"","background-repeat":"repeat","background-position":"center center","background-size":"auto","background-attachment":"scroll","background-type":"","background-media":"","overlay-type":"","overlay-color":"","overlay-opacity":"","overlay-gradient":""},"mobile":{"background-color":"","background-image":"","background-repeat":"repeat","background-position":"center center","background-size":"auto","background-attachment":"scroll","background-type":"","background-media":"","overlay-type":"","overlay-color":"","overlay-opacity":"","overlay-gradient":""}},"ast-content-background-meta":{"desktop":{"background-color":"var(--ast-global-color-5)","background-image":"","background-repeat":"repeat","background-position":"center center","background-size":"auto","background-attachment":"scroll","background-type":"","background-media":"","overlay-type":"","overlay-color":"","overlay-opacity":"","overlay-gradient":""},"tablet":{"background-color":"var(--ast-global-color-5)","background-image":"","background-repeat":"repeat","background-position":"center center","background-size":"auto","background-attachment":"scroll","background-type":"","background-media":"","overlay-type":"","overlay-color":"","overlay-opacity":"","overlay-gradient":""},"mobile":{"background-color":"var(--ast-global-color-5)","background-image":"","background-repeat":"repeat","background-position":"center center","background-size":"auto","background-attachment":"scroll","background-type":"","background-media":"","overlay-type":"","overlay-color":"","overlay-opacity":"","overlay-gradient":""}}},"product_brand":[],"product_cat":[17,176,120,172,102],"product_tag":[],"class_list":{"0":"post-4662","1":"product","2":"type-product","3":"status-publish","4":"has-post-thumbnail","6":"product_cat-accessoires","7":"product_cat-popsicles","8":"product_cat-sac","9":"product_cat-vacances","10":"product_cat-tote-bag","11":"desktop-align-center","12":"tablet-align-left","13":"mobile-align-left","15":"first","16":"instock","17":"taxable","18":"shipping-taxable","19":"purchasable","20":"product-type-simple"},"aioseo_notices":[],"_links":{"self":[{"href":"https:\/\/sweatrepublix.com\/en\/wp-json\/wp\/v2\/product\/4662","targetHints":{"allow":["GET"]}}],"collection":[{"href":"https:\/\/sweatrepublix.com\/en\/wp-json\/wp\/v2\/product"}],"about":[{"href":"https:\/\/sweatrepublix.com\/en\/wp-json\/wp\/v2\/types\/product"}],"replies":[{"embeddable":true,"href":"https:\/\/sweatrepublix.com\/en\/wp-json\/wp\/v2\/comments?post=4662"}],"wp:featuredmedia":[{"embeddable":true,"href":"https:\/\/sweatrepublix.com\/en\/wp-json\/wp\/v2\/media\/4663"}],"wp:attachment":[{"href":"https:\/\/sweatrepublix.com\/en\/wp-json\/wp\/v2\/media?parent=4662"}],"wp:term":[{"taxonomy":"product_brand","embeddable":true,"href":"https:\/\/sweatrepublix.com\/en\/wp-json\/wp\/v2\/product_brand?post=4662"},{"taxonomy":"product_cat","embeddable":true,"href":"https:\/\/sweatrepublix.com\/en\/wp-json\/wp\/v2\/product_cat?post=4662"},{"taxonomy":"product_tag","embeddable":true,"href":"https:\/\/sweatrepublix.com\/en\/wp-json\/wp\/v2\/product_tag?post=4662"}],"curies":[{"name":"wp","href":"https:\/\/api.w.org\/{rel}","templated":true}]}}