{"id":4210,"date":"2023-07-03T00:40:15","date_gmt":"2023-07-02T23:40:15","guid":{"rendered":"https:\/\/sweatrepublix.com\/fr\/product\/t-shirt-pour-femme\/"},"modified":"2023-11-04T19:08:13","modified_gmt":"2023-11-04T18:08:13","slug":"t-shirt-femme-tropical","status":"publish","type":"product","link":"https:\/\/sweatrepublix.com\/en\/product\/t-shirt-femme-tropical\/","title":{"rendered":"T-shirt Femme All over print Tropical Island"},"content":{"rendered":"<p>D\u00e9couvrez votre nouveau T-shirt pr\u00e9f\u00e9r\u00e9\u00a0: il est super doux, tr\u00e8s confortable et fabriqu\u00e9 dans un jersey de polyester au toucher coton qui ne ternit pas au lavage. <\/p>\n<p>\u2022 95% polyester, 5% elastane (fabric composition may vary by 1%)<br \/>\n\u2022 Premium knit mid-weight jersey<br \/>\n\u2022 Mati\u00e8re extensible dans tous les sens : les fibres du tissu se r\u00e9tractent sur la longueur et la largeur<br \/>\n\u2022 Regular fit<\/p>","protected":false},"excerpt":{"rendered":"<p>D\u00e9couvrez votre nouveau T-shirt pr\u00e9f\u00e9r\u00e9\u00a0: il est super doux, tr\u00e8s confortable et fabriqu\u00e9 dans un jersey de polyester au toucher coton qui ne ternit pas au lavage. \u2022 95\u00a0% polyester, 5\u00a0% \u00e9lasthanne (la composition du tissu peut varier de 1\u00a0%) \u2022 Maille jersey de qualit\u00e9 sup\u00e9rieure et de poids moyen \u2022 Mati\u00e8re extensible dans tous [&hellip;]<\/p>\n","protected":false},"featured_media":4219,"comment_status":"open","ping_status":"closed","template":"","meta":{"site-sidebar-layout":"default","site-content-layout":"default","ast-site-content-layout":"default","site-content-style":"default","site-sidebar-style":"default","ast-global-header-display":"","ast-banner-title-visibility":"","ast-main-header-display":"","ast-hfb-above-header-display":"","ast-hfb-below-header-display":"","ast-hfb-mobile-header-display":"","site-post-title":"","ast-breadcrumbs-content":"","ast-featured-img":"","footer-sml-layout":"","ast-disable-related-posts":"","theme-transparent-header-meta":"default","adv-header-id-meta":"","stick-header-meta":"","header-above-stick-meta":"","header-main-stick-meta":"","header-below-stick-meta":"","astra-migrate-meta-layouts":"default","ast-page-background-enabled":"default","ast-page-background-meta":{"desktop":{"background-color":"","background-image":"","background-repeat":"repeat","background-position":"center center","background-size":"auto","background-attachment":"scroll","background-type":"","background-media":"","overlay-type":"","overlay-color":"","overlay-opacity":"","overlay-gradient":""},"tablet":{"background-color":"","background-image":"","background-repeat":"repeat","background-position":"center center","background-size":"auto","background-attachment":"scroll","background-type":"","background-media":"","overlay-type":"","overlay-color":"","overlay-opacity":"","overlay-gradient":""},"mobile":{"background-color":"","background-image":"","background-repeat":"repeat","background-position":"center center","background-size":"auto","background-attachment":"scroll","background-type":"","background-media":"","overlay-type":"","overlay-color":"","overlay-opacity":"","overlay-gradient":""}},"ast-content-background-meta":{"desktop":{"background-color":"var(--ast-global-color-5)","background-image":"","background-repeat":"repeat","background-position":"center center","background-size":"auto","background-attachment":"scroll","background-type":"","background-media":"","overlay-type":"","overlay-color":"","overlay-opacity":"","overlay-gradient":""},"tablet":{"background-color":"var(--ast-global-color-5)","background-image":"","background-repeat":"repeat","background-position":"center center","background-size":"auto","background-attachment":"scroll","background-type":"","background-media":"","overlay-type":"","overlay-color":"","overlay-opacity":"","overlay-gradient":""},"mobile":{"background-color":"var(--ast-global-color-5)","background-image":"","background-repeat":"repeat","background-position":"center center","background-size":"auto","background-attachment":"scroll","background-type":"","background-media":"","overlay-type":"","overlay-color":"","overlay-opacity":"","overlay-gradient":""}}},"product_brand":[],"product_cat":[33,34,172,45,174,18],"product_tag":[],"class_list":{"0":"post-4210","1":"product","2":"type-product","3":"status-publish","4":"has-post-thumbnail","6":"product_cat-women","7":"product_cat-haut-femmes","8":"product_cat-vacances","9":"product_cat-t-shirt-femmes","10":"product_cat-tropical-island","11":"product_cat-clothing","12":"desktop-align-center","13":"tablet-align-left","14":"mobile-align-left","16":"first","17":"instock","18":"taxable","19":"shipping-taxable","20":"purchasable","21":"product-type-variable"},"aioseo_notices":[],"_links":{"self":[{"href":"https:\/\/sweatrepublix.com\/en\/wp-json\/wp\/v2\/product\/4210","targetHints":{"allow":["GET"]}}],"collection":[{"href":"https:\/\/sweatrepublix.com\/en\/wp-json\/wp\/v2\/product"}],"about":[{"href":"https:\/\/sweatrepublix.com\/en\/wp-json\/wp\/v2\/types\/product"}],"replies":[{"embeddable":true,"href":"https:\/\/sweatrepublix.com\/en\/wp-json\/wp\/v2\/comments?post=4210"}],"wp:featuredmedia":[{"embeddable":true,"href":"https:\/\/sweatrepublix.com\/en\/wp-json\/wp\/v2\/media\/4219"}],"wp:attachment":[{"href":"https:\/\/sweatrepublix.com\/en\/wp-json\/wp\/v2\/media?parent=4210"}],"wp:term":[{"taxonomy":"product_brand","embeddable":true,"href":"https:\/\/sweatrepublix.com\/en\/wp-json\/wp\/v2\/product_brand?post=4210"},{"taxonomy":"product_cat","embeddable":true,"href":"https:\/\/sweatrepublix.com\/en\/wp-json\/wp\/v2\/product_cat?post=4210"},{"taxonomy":"product_tag","embeddable":true,"href":"https:\/\/sweatrepublix.com\/en\/wp-json\/wp\/v2\/product_tag?post=4210"}],"curies":[{"name":"wp","href":"https:\/\/api.w.org\/{rel}","templated":true}]}}