{"id":3975,"date":"2023-06-27T22:17:10","date_gmt":"2023-06-27T21:17:10","guid":{"rendered":"https:\/\/sweatrepublix.com\/fr\/product\/unisex-bomber-jacket\/"},"modified":"2023-11-04T19:16:40","modified_gmt":"2023-11-04T18:16:40","slug":"unisex-bomber-jacket","status":"publish","type":"product","link":"https:\/\/sweatrepublix.com\/en\/product\/unisex-bomber-jacket\/","title":{"rendered":"Unisex Bomber Jacket"},"content":{"rendered":"<p>Ajoutez un peu de piquant \u00e0 votre garde-robe avec cette veste bombardier \u00e0 imprim\u00e9 all-over \u00e9clatant. \u00c0 porter sur un t-shirt basique, ou \u00e0 superposer sur un sweat \u00e0 capuche bien chaud, il sera magnifique de toute fa\u00e7on. Avec une doublure polaire bross\u00e9e \u00e0 l&rsquo;int\u00e9rieur, et une coupe unisexe d\u00e9contract\u00e9e, cette veste bombardier est un truc de r\u00eave, alors faites vite !<\/p>\n<p>\u2022 100% polyester<br \/>\n\u2022 Fabric weight: 220 g\/m\u00b2 (6,49 oz\/yd\u00b2) (weight may vary by 5%)<br \/>\n\u2022 Brushed fleece fabric inside<br \/>\n\u2022 Unisex fit<br \/>\n\u2022 Comes with drawstrings<br \/>\n\u2022 Overlock seams<br \/>\n\u2022 Silver YKK zipper<br \/>\n\u2022 2 self-fabric pockets<\/p>","protected":false},"excerpt":{"rendered":"<p>Ajoutez un peu de piquant \u00e0 votre garde-robe avec cette veste bombardier \u00e0 imprim\u00e9 all-over \u00e9clatant. \u00c0 porter sur un t-shirt basique, ou \u00e0 superposer sur un sweat \u00e0 capuche bien chaud, il sera magnifique de toute fa\u00e7on. Avec une doublure polaire bross\u00e9e \u00e0 l&rsquo;int\u00e9rieur, et une coupe unisexe d\u00e9contract\u00e9e, cette veste bombardier est un [&hellip;]<\/p>\n","protected":false},"featured_media":4041,"comment_status":"open","ping_status":"closed","template":"","meta":{"site-sidebar-layout":"default","site-content-layout":"default","ast-site-content-layout":"default","site-content-style":"default","site-sidebar-style":"default","ast-global-header-display":"","ast-banner-title-visibility":"","ast-main-header-display":"","ast-hfb-above-header-display":"","ast-hfb-below-header-display":"","ast-hfb-mobile-header-display":"","site-post-title":"","ast-breadcrumbs-content":"","ast-featured-img":"","footer-sml-layout":"","ast-disable-related-posts":"","theme-transparent-header-meta":"default","adv-header-id-meta":"","stick-header-meta":"","header-above-stick-meta":"","header-main-stick-meta":"","header-below-stick-meta":"","astra-migrate-meta-layouts":"default","ast-page-background-enabled":"default","ast-page-background-meta":{"desktop":{"background-color":"","background-image":"","background-repeat":"repeat","background-position":"center center","background-size":"auto","background-attachment":"scroll","background-type":"","background-media":"","overlay-type":"","overlay-color":"","overlay-opacity":"","overlay-gradient":""},"tablet":{"background-color":"","background-image":"","background-repeat":"repeat","background-position":"center center","background-size":"auto","background-attachment":"scroll","background-type":"","background-media":"","overlay-type":"","overlay-color":"","overlay-opacity":"","overlay-gradient":""},"mobile":{"background-color":"","background-image":"","background-repeat":"repeat","background-position":"center center","background-size":"auto","background-attachment":"scroll","background-type":"","background-media":"","overlay-type":"","overlay-color":"","overlay-opacity":"","overlay-gradient":""}},"ast-content-background-meta":{"desktop":{"background-color":"var(--ast-global-color-5)","background-image":"","background-repeat":"repeat","background-position":"center center","background-size":"auto","background-attachment":"scroll","background-type":"","background-media":"","overlay-type":"","overlay-color":"","overlay-opacity":"","overlay-gradient":""},"tablet":{"background-color":"var(--ast-global-color-5)","background-image":"","background-repeat":"repeat","background-position":"center center","background-size":"auto","background-attachment":"scroll","background-type":"","background-media":"","overlay-type":"","overlay-color":"","overlay-opacity":"","overlay-gradient":""},"mobile":{"background-color":"var(--ast-global-color-5)","background-image":"","background-repeat":"repeat","background-position":"center center","background-size":"auto","background-attachment":"scroll","background-type":"","background-media":"","overlay-type":"","overlay-color":"","overlay-opacity":"","overlay-gradient":""}}},"product_brand":[],"product_cat":[155,33,47,34,35,72,197,49,38,111,89,18],"product_tag":[],"class_list":{"0":"post-3975","1":"product","2":"type-product","3":"status-publish","4":"has-post-thumbnail","6":"product_cat-france","7":"product_cat-women","8":"product_cat-haut-hommes","9":"product_cat-haut-femmes","10":"product_cat-men","11":"product_cat-new","12":"product_cat-sweat-shirt-pulls-blousons","13":"product_cat-sweat-jacket-femme","14":"product_cat-sweatshirts-hommes","15":"product_cat-spring_unisex","16":"product_cat-unisexe","17":"product_cat-clothing","18":"desktop-align-center","19":"tablet-align-left","20":"mobile-align-left","22":"first","23":"instock","24":"taxable","25":"shipping-taxable","26":"purchasable","27":"product-type-variable"},"aioseo_notices":[],"_links":{"self":[{"href":"https:\/\/sweatrepublix.com\/en\/wp-json\/wp\/v2\/product\/3975","targetHints":{"allow":["GET"]}}],"collection":[{"href":"https:\/\/sweatrepublix.com\/en\/wp-json\/wp\/v2\/product"}],"about":[{"href":"https:\/\/sweatrepublix.com\/en\/wp-json\/wp\/v2\/types\/product"}],"replies":[{"embeddable":true,"href":"https:\/\/sweatrepublix.com\/en\/wp-json\/wp\/v2\/comments?post=3975"}],"wp:featuredmedia":[{"embeddable":true,"href":"https:\/\/sweatrepublix.com\/en\/wp-json\/wp\/v2\/media\/4041"}],"wp:attachment":[{"href":"https:\/\/sweatrepublix.com\/en\/wp-json\/wp\/v2\/media?parent=3975"}],"wp:term":[{"taxonomy":"product_brand","embeddable":true,"href":"https:\/\/sweatrepublix.com\/en\/wp-json\/wp\/v2\/product_brand?post=3975"},{"taxonomy":"product_cat","embeddable":true,"href":"https:\/\/sweatrepublix.com\/en\/wp-json\/wp\/v2\/product_cat?post=3975"},{"taxonomy":"product_tag","embeddable":true,"href":"https:\/\/sweatrepublix.com\/en\/wp-json\/wp\/v2\/product_tag?post=3975"}],"curies":[{"name":"wp","href":"https:\/\/api.w.org\/{rel}","templated":true}]}}