{"id":3625,"date":"2023-06-26T12:51:04","date_gmt":"2023-06-26T11:51:04","guid":{"rendered":"https:\/\/sweatrepublix.com\/fr\/product\/bas-de-maillot-de-bain-eco-responsable-taille-haute\/"},"modified":"2023-11-04T19:32:29","modified_gmt":"2023-11-04T18:32:29","slug":"bas-de-maillot-de-bain-eco-responsable-taille-haute","status":"publish","type":"product","link":"https:\/\/sweatrepublix.com\/en\/product\/bas-de-maillot-de-bain-eco-responsable-taille-haute\/","title":{"rendered":"Maillot de bain &#8211; bikini"},"content":{"rendered":"<p>C&rsquo;est trop facile de tomber amoureux de ce maillot. Les coussinets amovibles et sa double \u00e9paisseur le rendent confortable \u00e0 porter toute la journ\u00e9e au bord de la piscine ou \u00e0 la plage.<br \/>\nComposition du tissu dans l&rsquo;UE\u00a0: 88\u00a0% polyester recycl\u00e9, 12\u00a0% \u00e9lasthanne<br \/>\nPoids du tissu dans l&rsquo;UE\u00a0: 230 g\/m\u00b2 (192,21 g\/yd\u00b2), le poids peut varier de 5 %<br \/>\nDouble \u00e9paisseur et non-r\u00e9versible<br \/>\n\u2022 Removable padding<br \/>\nEtiquette d&rsquo;entretien d\u00e9tachable<br \/>\nCouture en zig-zag<\/p>","protected":false},"excerpt":{"rendered":"<p>C&rsquo;est trop facile de tomber amoureux de ce maillot. Les coussinets amovibles et sa double \u00e9paisseur le rendent confortable \u00e0 porter toute la journ\u00e9e au bord de la piscine ou \u00e0 la plage. Composition du tissu dans l&rsquo;UE\u00a0: 88\u00a0% polyester recycl\u00e9, 12\u00a0% \u00e9lasthanne Poids du tissu dans l&rsquo;UE\u00a0: 230 g\/m\u00b2 (192,21 g\/yd\u00b2), le poids peut [&hellip;]<\/p>\n","protected":false},"featured_media":3747,"comment_status":"open","ping_status":"closed","template":"","meta":{"site-sidebar-layout":"default","site-content-layout":"default","ast-site-content-layout":"default","site-content-style":"default","site-sidebar-style":"default","ast-global-header-display":"","ast-banner-title-visibility":"","ast-main-header-display":"","ast-hfb-above-header-display":"","ast-hfb-below-header-display":"","ast-hfb-mobile-header-display":"","site-post-title":"","ast-breadcrumbs-content":"","ast-featured-img":"","footer-sml-layout":"","ast-disable-related-posts":"","theme-transparent-header-meta":"default","adv-header-id-meta":"","stick-header-meta":"","header-above-stick-meta":"","header-main-stick-meta":"","header-below-stick-meta":"","astra-migrate-meta-layouts":"default","ast-page-background-enabled":"default","ast-page-background-meta":{"desktop":{"background-color":"","background-image":"","background-repeat":"repeat","background-position":"center center","background-size":"auto","background-attachment":"scroll","background-type":"","background-media":"","overlay-type":"","overlay-color":"","overlay-opacity":"","overlay-gradient":""},"tablet":{"background-color":"","background-image":"","background-repeat":"repeat","background-position":"center center","background-size":"auto","background-attachment":"scroll","background-type":"","background-media":"","overlay-type":"","overlay-color":"","overlay-opacity":"","overlay-gradient":""},"mobile":{"background-color":"","background-image":"","background-repeat":"repeat","background-position":"center center","background-size":"auto","background-attachment":"scroll","background-type":"","background-media":"","overlay-type":"","overlay-color":"","overlay-opacity":"","overlay-gradient":""}},"ast-content-background-meta":{"desktop":{"background-color":"var(--ast-global-color-5)","background-image":"","background-repeat":"repeat","background-position":"center center","background-size":"auto","background-attachment":"scroll","background-type":"","background-media":"","overlay-type":"","overlay-color":"","overlay-opacity":"","overlay-gradient":""},"tablet":{"background-color":"var(--ast-global-color-5)","background-image":"","background-repeat":"repeat","background-position":"center center","background-size":"auto","background-attachment":"scroll","background-type":"","background-media":"","overlay-type":"","overlay-color":"","overlay-opacity":"","overlay-gradient":""},"mobile":{"background-color":"var(--ast-global-color-5)","background-image":"","background-repeat":"repeat","background-position":"center center","background-size":"auto","background-attachment":"scroll","background-type":"","background-media":"","overlay-type":"","overlay-color":"","overlay-opacity":"","overlay-gradient":""}}},"product_brand":[],"product_cat":[154,155,33,187,72,18],"product_tag":[],"class_list":{"0":"post-3625","1":"product","2":"type-product","3":"status-publish","4":"has-post-thumbnail","6":"product_cat-bikini","7":"product_cat-france","8":"product_cat-women","9":"product_cat-swimsuits","10":"product_cat-new","11":"product_cat-clothing","12":"desktop-align-center","13":"tablet-align-left","14":"mobile-align-left","16":"first","17":"instock","18":"taxable","19":"shipping-taxable","20":"purchasable","21":"product-type-variable"},"aioseo_notices":[],"_links":{"self":[{"href":"https:\/\/sweatrepublix.com\/en\/wp-json\/wp\/v2\/product\/3625","targetHints":{"allow":["GET"]}}],"collection":[{"href":"https:\/\/sweatrepublix.com\/en\/wp-json\/wp\/v2\/product"}],"about":[{"href":"https:\/\/sweatrepublix.com\/en\/wp-json\/wp\/v2\/types\/product"}],"replies":[{"embeddable":true,"href":"https:\/\/sweatrepublix.com\/en\/wp-json\/wp\/v2\/comments?post=3625"}],"wp:featuredmedia":[{"embeddable":true,"href":"https:\/\/sweatrepublix.com\/en\/wp-json\/wp\/v2\/media\/3747"}],"wp:attachment":[{"href":"https:\/\/sweatrepublix.com\/en\/wp-json\/wp\/v2\/media?parent=3625"}],"wp:term":[{"taxonomy":"product_brand","embeddable":true,"href":"https:\/\/sweatrepublix.com\/en\/wp-json\/wp\/v2\/product_brand?post=3625"},{"taxonomy":"product_cat","embeddable":true,"href":"https:\/\/sweatrepublix.com\/en\/wp-json\/wp\/v2\/product_cat?post=3625"},{"taxonomy":"product_tag","embeddable":true,"href":"https:\/\/sweatrepublix.com\/en\/wp-json\/wp\/v2\/product_tag?post=3625"}],"curies":[{"name":"wp","href":"https:\/\/api.w.org\/{rel}","templated":true}]}}