{"id":3286,"date":"2023-04-30T21:25:26","date_gmt":"2023-04-30T20:25:26","guid":{"rendered":"https:\/\/sweatrepublix.com\/fr\/product\/rash-guard-rafflesia\/"},"modified":"2023-11-04T19:51:05","modified_gmt":"2023-11-04T18:51:05","slug":"rash-guard-rafflesia-pink","status":"publish","type":"product","link":"https:\/\/sweatrepublix.com\/en\/product\/rash-guard-rafflesia-pink\/","title":{"rendered":"All over print Rash Guard Rafflesia pink"},"content":{"rendered":"<p>N&rsquo;ayez pas peur de vous d\u00e9fouler dans ce T-shirt de compression \u00e0 manches longues, doux et polyvalent ! Il vous prot\u00e8ge du soleil et du vent pendant que vous faites du sport. Sa coupe ajust\u00e9e, ses coutures plates et ergonomiques et sa longueur vous apportent un confort suppl\u00e9mentaire.<\/p>\n<p>The design is Rafflesia, an Indonesian flower, a wonder of nature. Click here to learn more about the largest flower in the world:<br \/>\n<a href=\"https:\/\/www.nationalgeographic.com\/environment\/article\/cultivating-the-worlds-largest-stinkiest-flower-is-no-small-task\">https:\/\/www.nationalgeographic.com\/environment\/article\/cultivating-the-worlds-largest-stinkiest-flower-is-no-small-task<\/a><\/p>\n<p><strong>Benefits of \"All over print\" which is an on-demand manufacturing:<\/strong><br \/>\nThis product is made especially for you as soon as you place an order, which is why it takes us a bit longer to deliver it to you.<br \/>\n<strong>Making products on demand instead of in bulk helps reduce overproduction, so thank you for making thoughtful purchasing decisions!<\/strong><\/p>\n<p><a href=\"https:\/\/sweatrepublix.com\/en\/foire-aux-questions-faq\/info-produit\/\">Product info<\/a><\/p>","protected":false},"excerpt":{"rendered":"<p>N&rsquo;ayez pas peur de vous d\u00e9fouler dans ce T-shirt de compression \u00e0 manches longues, doux et polyvalent ! Il vous prot\u00e8ge du soleil et du vent pendant que vous faites du sport. Sa coupe ajust\u00e9e, ses coutures plates et ergonomiques et sa longueur vous apportent un confort suppl\u00e9mentaire. Le design est une fleur Indon\u00e9sienne, une [&hellip;]<\/p>\n","protected":false},"featured_media":3296,"comment_status":"open","ping_status":"closed","template":"","meta":{"site-sidebar-layout":"default","site-content-layout":"default","ast-site-content-layout":"default","site-content-style":"default","site-sidebar-style":"default","ast-global-header-display":"","ast-banner-title-visibility":"","ast-main-header-display":"","ast-hfb-above-header-display":"","ast-hfb-below-header-display":"","ast-hfb-mobile-header-display":"","site-post-title":"","ast-breadcrumbs-content":"","ast-featured-img":"","footer-sml-layout":"","ast-disable-related-posts":"","theme-transparent-header-meta":"default","adv-header-id-meta":"","stick-header-meta":"","header-above-stick-meta":"","header-main-stick-meta":"","header-below-stick-meta":"","astra-migrate-meta-layouts":"set","ast-page-background-enabled":"default","ast-page-background-meta":{"desktop":{"background-color":"","background-image":"","background-repeat":"repeat","background-position":"center center","background-size":"auto","background-attachment":"scroll","background-type":"","background-media":"","overlay-type":"","overlay-color":"","overlay-opacity":"","overlay-gradient":""},"tablet":{"background-color":"","background-image":"","background-repeat":"repeat","background-position":"center center","background-size":"auto","background-attachment":"scroll","background-type":"","background-media":"","overlay-type":"","overlay-color":"","overlay-opacity":"","overlay-gradient":""},"mobile":{"background-color":"","background-image":"","background-repeat":"repeat","background-position":"center center","background-size":"auto","background-attachment":"scroll","background-type":"","background-media":"","overlay-type":"","overlay-color":"","overlay-opacity":"","overlay-gradient":""}},"ast-content-background-meta":{"desktop":{"background-color":"var(--ast-global-color-5)","background-image":"","background-repeat":"repeat","background-position":"center center","background-size":"auto","background-attachment":"scroll","background-type":"","background-media":"","overlay-type":"","overlay-color":"","overlay-opacity":"","overlay-gradient":""},"tablet":{"background-color":"var(--ast-global-color-5)","background-image":"","background-repeat":"repeat","background-position":"center center","background-size":"auto","background-attachment":"scroll","background-type":"","background-media":"","overlay-type":"","overlay-color":"","overlay-opacity":"","overlay-gradient":""},"mobile":{"background-color":"var(--ast-global-color-5)","background-image":"","background-repeat":"repeat","background-position":"center center","background-size":"auto","background-attachment":"scroll","background-type":"","background-media":"","overlay-type":"","overlay-color":"","overlay-opacity":"","overlay-gradient":""}}},"product_brand":[],"product_cat":[106,109,33,34,191,18],"product_tag":[],"class_list":{"0":"post-3286","1":"product","2":"type-product","3":"status-publish","4":"has-post-thumbnail","6":"product_cat-spring2023","7":"product_cat-spring_woman","8":"product_cat-women","9":"product_cat-haut-femmes","10":"product_cat-rashguard","11":"product_cat-clothing","12":"desktop-align-center","13":"tablet-align-left","14":"mobile-align-left","16":"first","17":"instock","18":"taxable","19":"shipping-taxable","20":"purchasable","21":"product-type-variable"},"aioseo_notices":[],"_links":{"self":[{"href":"https:\/\/sweatrepublix.com\/en\/wp-json\/wp\/v2\/product\/3286","targetHints":{"allow":["GET"]}}],"collection":[{"href":"https:\/\/sweatrepublix.com\/en\/wp-json\/wp\/v2\/product"}],"about":[{"href":"https:\/\/sweatrepublix.com\/en\/wp-json\/wp\/v2\/types\/product"}],"replies":[{"embeddable":true,"href":"https:\/\/sweatrepublix.com\/en\/wp-json\/wp\/v2\/comments?post=3286"}],"wp:featuredmedia":[{"embeddable":true,"href":"https:\/\/sweatrepublix.com\/en\/wp-json\/wp\/v2\/media\/3296"}],"wp:attachment":[{"href":"https:\/\/sweatrepublix.com\/en\/wp-json\/wp\/v2\/media?parent=3286"}],"wp:term":[{"taxonomy":"product_brand","embeddable":true,"href":"https:\/\/sweatrepublix.com\/en\/wp-json\/wp\/v2\/product_brand?post=3286"},{"taxonomy":"product_cat","embeddable":true,"href":"https:\/\/sweatrepublix.com\/en\/wp-json\/wp\/v2\/product_cat?post=3286"},{"taxonomy":"product_tag","embeddable":true,"href":"https:\/\/sweatrepublix.com\/en\/wp-json\/wp\/v2\/product_tag?post=3286"}],"curies":[{"name":"wp","href":"https:\/\/api.w.org\/{rel}","templated":true}]}}