{"id":3117,"date":"2023-03-31T20:22:07","date_gmt":"2023-03-31T19:22:07","guid":{"rendered":"https:\/\/sweatrepublix.com\/fr\/product\/t-shirt-homme-2\/"},"modified":"2023-11-04T19:10:43","modified_gmt":"2023-11-04T18:10:43","slug":"t-shirt-rose-marbre-rangkong","status":"publish","type":"product","link":"https:\/\/sweatrepublix.com\/en\/product\/t-shirt-rose-marbre-rangkong\/","title":{"rendered":"All over print t-shirt marble rose Rangkong"},"content":{"rendered":"<p>Get to know your new favorite tee\u2014it's super smooth, super comfortable, and made from a cotton touch polyester jersey that won't fade after washing.<\/p>\n<p>The image is Rangkong, an Indonesian Hornbill, click here to learn more about this endangered species:<br \/>\n<a href=\"https:\/\/rangkong.org\/en\/enggang-in-indonesia\/helmeted-hornbill\">https:\/\/rangkong.org\/en\/enggang-in-indonesia\/helmeted-hornbill<\/a><\/p>\n<p><strong>Benefits of \"All over print\" which is an on-demand manufacturing:<\/strong><br \/>\nThis product is made especially for you as soon as you place an order, which is why it takes us a bit longer to deliver it to you.<br \/>\n<strong>Making products on demand instead of in bulk helps reduce overproduction, so thank you for making thoughtful purchasing decisions!<\/strong><\/p>\n<p><a href=\"https:\/\/sweatrepublix.com\/en\/foire-aux-questions-faq\/info-produit\/\">Product info<\/a><\/p>","protected":false},"excerpt":{"rendered":"<p>D\u00e9couvrez votre nouveau T-shirt pr\u00e9f\u00e9r\u00e9\u00a0: doux, confortable, et fabriqu\u00e9 dans un jersey en polyester au toucher coton qui ne ternit pas au lavage. Le design est un oiseau Indon\u00e9sien, cliquer ici pour apprendre plus sur cet esp\u00e8ce en danger : https:\/\/rangkong.org\/en\/enggang-in-indonesia\/helmeted-hornbill Avantages de la fabrication \u00ab\u00a0All over print\u00a0\u00bb qui est une m\u00e9thode de produire \u00e0 [&hellip;]<\/p>\n","protected":false},"featured_media":3125,"comment_status":"open","ping_status":"closed","template":"","meta":{"site-sidebar-layout":"default","site-content-layout":"default","ast-site-content-layout":"default","site-content-style":"default","site-sidebar-style":"default","ast-global-header-display":"","ast-banner-title-visibility":"","ast-main-header-display":"","ast-hfb-above-header-display":"","ast-hfb-below-header-display":"","ast-hfb-mobile-header-display":"","site-post-title":"","ast-breadcrumbs-content":"","ast-featured-img":"","footer-sml-layout":"","ast-disable-related-posts":"","theme-transparent-header-meta":"default","adv-header-id-meta":"","stick-header-meta":"","header-above-stick-meta":"","header-main-stick-meta":"","header-below-stick-meta":"","astra-migrate-meta-layouts":"default","ast-page-background-enabled":"default","ast-page-background-meta":{"desktop":{"background-color":"","background-image":"","background-repeat":"repeat","background-position":"center center","background-size":"auto","background-attachment":"scroll","background-type":"","background-media":"","overlay-type":"","overlay-color":"","overlay-opacity":"","overlay-gradient":""},"tablet":{"background-color":"","background-image":"","background-repeat":"repeat","background-position":"center center","background-size":"auto","background-attachment":"scroll","background-type":"","background-media":"","overlay-type":"","overlay-color":"","overlay-opacity":"","overlay-gradient":""},"mobile":{"background-color":"","background-image":"","background-repeat":"repeat","background-position":"center center","background-size":"auto","background-attachment":"scroll","background-type":"","background-media":"","overlay-type":"","overlay-color":"","overlay-opacity":"","overlay-gradient":""}},"ast-content-background-meta":{"desktop":{"background-color":"var(--ast-global-color-5)","background-image":"","background-repeat":"repeat","background-position":"center center","background-size":"auto","background-attachment":"scroll","background-type":"","background-media":"","overlay-type":"","overlay-color":"","overlay-opacity":"","overlay-gradient":""},"tablet":{"background-color":"var(--ast-global-color-5)","background-image":"","background-repeat":"repeat","background-position":"center center","background-size":"auto","background-attachment":"scroll","background-type":"","background-media":"","overlay-type":"","overlay-color":"","overlay-opacity":"","overlay-gradient":""},"mobile":{"background-color":"var(--ast-global-color-5)","background-image":"","background-repeat":"repeat","background-position":"center center","background-size":"auto","background-attachment":"scroll","background-type":"","background-media":"","overlay-type":"","overlay-color":"","overlay-opacity":"","overlay-gradient":""}}},"product_brand":[],"product_cat":[106,47,110,35,36,18],"product_tag":[],"class_list":{"0":"post-3117","1":"product","2":"type-product","3":"status-publish","4":"has-post-thumbnail","6":"product_cat-spring2023","7":"product_cat-haut-hommes","8":"product_cat-spring_man","9":"product_cat-men","10":"product_cat-t-shirts-hommes","11":"product_cat-clothing","12":"desktop-align-center","13":"tablet-align-left","14":"mobile-align-left","16":"first","17":"instock","18":"taxable","19":"shipping-taxable","20":"purchasable","21":"product-type-variable"},"aioseo_notices":[],"_links":{"self":[{"href":"https:\/\/sweatrepublix.com\/en\/wp-json\/wp\/v2\/product\/3117","targetHints":{"allow":["GET"]}}],"collection":[{"href":"https:\/\/sweatrepublix.com\/en\/wp-json\/wp\/v2\/product"}],"about":[{"href":"https:\/\/sweatrepublix.com\/en\/wp-json\/wp\/v2\/types\/product"}],"replies":[{"embeddable":true,"href":"https:\/\/sweatrepublix.com\/en\/wp-json\/wp\/v2\/comments?post=3117"}],"wp:featuredmedia":[{"embeddable":true,"href":"https:\/\/sweatrepublix.com\/en\/wp-json\/wp\/v2\/media\/3125"}],"wp:attachment":[{"href":"https:\/\/sweatrepublix.com\/en\/wp-json\/wp\/v2\/media?parent=3117"}],"wp:term":[{"taxonomy":"product_brand","embeddable":true,"href":"https:\/\/sweatrepublix.com\/en\/wp-json\/wp\/v2\/product_brand?post=3117"},{"taxonomy":"product_cat","embeddable":true,"href":"https:\/\/sweatrepublix.com\/en\/wp-json\/wp\/v2\/product_cat?post=3117"},{"taxonomy":"product_tag","embeddable":true,"href":"https:\/\/sweatrepublix.com\/en\/wp-json\/wp\/v2\/product_tag?post=3117"}],"curies":[{"name":"wp","href":"https:\/\/api.w.org\/{rel}","templated":true}]}}