{"id":2902,"date":"2023-03-30T02:33:41","date_gmt":"2023-03-30T01:33:41","guid":{"rendered":"https:\/\/sweatrepublix.com\/fr\/product\/coupe-vent-court-all-over-femme\/"},"modified":"2023-11-04T19:23:19","modified_gmt":"2023-11-04T18:23:19","slug":"coupe-vent-gris-rangkong","status":"publish","type":"product","link":"https:\/\/sweatrepublix.com\/en\/product\/coupe-vent-gris-rangkong\/","title":{"rendered":"All over print windbreaker gray Rangkong"},"content":{"rendered":"<p>Faites des randonn\u00e9es avec style sans que la pluie ne vous g\u00eane\u00a0: ce coupe-vent est l\u00e9ger, imperm\u00e9able \u00e0 l&rsquo;eau et adapt\u00e9 \u00e0 tous les types d&rsquo;aventure. Les fonctionnalit\u00e9s incluent des poches \u00e0 fente lat\u00e9rale, une doublure en maille respirante et des cordons de serrage r\u00e9glables sur la capuche et la taille pour soutenir tous vos looks ext\u00e9rieurs \u00e9l\u00e9gants.<\/p>\n<p>The image is Rangkong, an Indonesian Hornbill, click here to learn more about this endangered species:<br \/>\n<a href=\"https:\/\/rangkong.org\/en\/enggang-in-indonesia\/helmeted-hornbill\">https:\/\/rangkong.org\/en\/enggang-in-indonesia\/helmeted-hornbill<\/a><\/p>\n<p><strong>Benefits of \"All over print\" which is an on-demand manufacturing:<\/strong><br \/>\nThis product is made especially for you as soon as you place an order, which is why it takes us a bit longer to deliver it to you.<br \/>\n<strong>Making products on demand instead of in bulk helps reduce overproduction, so thank you for making thoughtful purchasing decisions!<\/strong><\/p>\n<p><a href=\"https:\/\/sweatrepublix.com\/en\/foire-aux-questions-faq\/livraison-coupe-vent\/\"><span style=\"text-decoration: underline;\">This product is only available to delivery to the following countries:<\/span><\/a><\/p>\n<p><strong>If your shipping address is outside these countries, please choose a different product.<\/strong><\/p>\n<p><a href=\"https:\/\/sweatrepublix.com\/en\/foire-aux-questions-faq\/info-produit\/\">Product info<\/a><\/p>","protected":false},"excerpt":{"rendered":"<p>Faites des randonn\u00e9es avec style sans que la pluie ne vous g\u00eane\u00a0: ce coupe-vent est l\u00e9ger, imperm\u00e9able \u00e0 l&rsquo;eau et adapt\u00e9 \u00e0 tous les types d&rsquo;aventure. Les fonctionnalit\u00e9s incluent des poches \u00e0 fente lat\u00e9rale, une doublure en maille respirante et des cordons de serrage r\u00e9glables sur la capuche et la taille pour soutenir tous vos [&hellip;]<\/p>\n","protected":false},"featured_media":2910,"comment_status":"open","ping_status":"closed","template":"","meta":{"site-sidebar-layout":"default","site-content-layout":"default","ast-site-content-layout":"default","site-content-style":"default","site-sidebar-style":"default","ast-global-header-display":"","ast-banner-title-visibility":"","ast-main-header-display":"","ast-hfb-above-header-display":"","ast-hfb-below-header-display":"","ast-hfb-mobile-header-display":"","site-post-title":"","ast-breadcrumbs-content":"","ast-featured-img":"","footer-sml-layout":"","ast-disable-related-posts":"","theme-transparent-header-meta":"default","adv-header-id-meta":"","stick-header-meta":"","header-above-stick-meta":"","header-main-stick-meta":"","header-below-stick-meta":"","astra-migrate-meta-layouts":"default","ast-page-background-enabled":"default","ast-page-background-meta":{"desktop":{"background-color":"","background-image":"","background-repeat":"repeat","background-position":"center center","background-size":"auto","background-attachment":"scroll","background-type":"","background-media":"","overlay-type":"","overlay-color":"","overlay-opacity":"","overlay-gradient":""},"tablet":{"background-color":"","background-image":"","background-repeat":"repeat","background-position":"center center","background-size":"auto","background-attachment":"scroll","background-type":"","background-media":"","overlay-type":"","overlay-color":"","overlay-opacity":"","overlay-gradient":""},"mobile":{"background-color":"","background-image":"","background-repeat":"repeat","background-position":"center center","background-size":"auto","background-attachment":"scroll","background-type":"","background-media":"","overlay-type":"","overlay-color":"","overlay-opacity":"","overlay-gradient":""}},"ast-content-background-meta":{"desktop":{"background-color":"var(--ast-global-color-5)","background-image":"","background-repeat":"repeat","background-position":"center center","background-size":"auto","background-attachment":"scroll","background-type":"","background-media":"","overlay-type":"","overlay-color":"","overlay-opacity":"","overlay-gradient":""},"tablet":{"background-color":"var(--ast-global-color-5)","background-image":"","background-repeat":"repeat","background-position":"center center","background-size":"auto","background-attachment":"scroll","background-type":"","background-media":"","overlay-type":"","overlay-color":"","overlay-opacity":"","overlay-gradient":""},"mobile":{"background-color":"var(--ast-global-color-5)","background-image":"","background-repeat":"repeat","background-position":"center center","background-size":"auto","background-attachment":"scroll","background-type":"","background-media":"","overlay-type":"","overlay-color":"","overlay-opacity":"","overlay-gradient":""}}},"product_brand":[],"product_cat":[106,189,109,33,34,18],"product_tag":[],"class_list":{"0":"post-2902","1":"product","2":"type-product","3":"status-publish","4":"has-post-thumbnail","6":"product_cat-spring2023","7":"product_cat-coupes-vent","8":"product_cat-spring_woman","9":"product_cat-women","10":"product_cat-haut-femmes","11":"product_cat-clothing","12":"desktop-align-center","13":"tablet-align-left","14":"mobile-align-left","16":"first","17":"instock","18":"taxable","19":"shipping-taxable","20":"purchasable","21":"product-type-variable"},"aioseo_notices":[],"_links":{"self":[{"href":"https:\/\/sweatrepublix.com\/en\/wp-json\/wp\/v2\/product\/2902","targetHints":{"allow":["GET"]}}],"collection":[{"href":"https:\/\/sweatrepublix.com\/en\/wp-json\/wp\/v2\/product"}],"about":[{"href":"https:\/\/sweatrepublix.com\/en\/wp-json\/wp\/v2\/types\/product"}],"replies":[{"embeddable":true,"href":"https:\/\/sweatrepublix.com\/en\/wp-json\/wp\/v2\/comments?post=2902"}],"wp:featuredmedia":[{"embeddable":true,"href":"https:\/\/sweatrepublix.com\/en\/wp-json\/wp\/v2\/media\/2910"}],"wp:attachment":[{"href":"https:\/\/sweatrepublix.com\/en\/wp-json\/wp\/v2\/media?parent=2902"}],"wp:term":[{"taxonomy":"product_brand","embeddable":true,"href":"https:\/\/sweatrepublix.com\/en\/wp-json\/wp\/v2\/product_brand?post=2902"},{"taxonomy":"product_cat","embeddable":true,"href":"https:\/\/sweatrepublix.com\/en\/wp-json\/wp\/v2\/product_cat?post=2902"},{"taxonomy":"product_tag","embeddable":true,"href":"https:\/\/sweatrepublix.com\/en\/wp-json\/wp\/v2\/product_tag?post=2902"}],"curies":[{"name":"wp","href":"https:\/\/api.w.org\/{rel}","templated":true}]}}