{"id":2566,"date":"2023-03-26T00:57:24","date_gmt":"2023-03-25T23:57:24","guid":{"rendered":"https:\/\/sweatrepublix.com\/fr\/product\/all-over-print-short-de-yoga-pink-rafflesia\/"},"modified":"2023-11-01T17:52:45","modified_gmt":"2023-11-01T16:52:45","slug":"yoga-short-pink-rafflesia","status":"publish","type":"product","link":"https:\/\/sweatrepublix.com\/en\/product\/yoga-short-pink-rafflesia\/","title":{"rendered":"All over print : short Yoga Rafflesia (pink)"},"content":{"rendered":"<p>These shorts have a body-flattering fit that will make you feel super comfortable even during the most intense workouts. They come with a high waistband and are made from soft microfiber yarn.<\/p>\n<p>The design is Rafflesia, an Indonesian flower, a wonder of nature. Click here to learn more about the largest flower in the world:<br \/>\n<a href=\"https:\/\/www.nationalgeographic.com\/environment\/article\/cultivating-the-worlds-largest-stinkiest-flower-is-no-small-task\">https:\/\/www.nationalgeographic.com\/environment\/article\/cultivating-the-worlds-largest-stinkiest-flower-is-no-small-task<\/a><\/p>\n<p><strong>Benefits of \"All over print\" which is an on-demand manufacturing:<\/strong><br \/>\nThis product is made especially for you as soon as you place an order, which is why it takes us a bit longer to deliver it to you.<br \/>\nMaking products on demand instead of in bulk helps reduce overproduction, so thank you for making thoughtful purchasing decisions!<\/p>\n<p><a href=\"https:\/\/sweatrepublix.com\/en\/foire-aux-questions-faq\/info-produit\/\">Product info<\/a><\/p>","protected":false},"excerpt":{"rendered":"<p>Ce short a une coupe flatteuse, qui vous mettra parfaitement \u00e0 l&rsquo;aise m\u00eame pendant vos entra\u00eenements les plus intenses. Il poss\u00e8de une ceinture haute et est fabriqu\u00e9 \u00e0 partir de fils en microfibres souples. Le design est une fleur Indon\u00e9sienne, une merveille de la nature. Cliquer ici pour apprendre plus sur la plus grande fleur [&hellip;]<\/p>\n","protected":false},"featured_media":2574,"comment_status":"open","ping_status":"closed","template":"","meta":{"site-sidebar-layout":"default","site-content-layout":"default","ast-site-content-layout":"default","site-content-style":"default","site-sidebar-style":"default","ast-global-header-display":"","ast-banner-title-visibility":"","ast-main-header-display":"","ast-hfb-above-header-display":"","ast-hfb-below-header-display":"","ast-hfb-mobile-header-display":"","site-post-title":"","ast-breadcrumbs-content":"","ast-featured-img":"","footer-sml-layout":"","ast-disable-related-posts":"","theme-transparent-header-meta":"default","adv-header-id-meta":"","stick-header-meta":"","header-above-stick-meta":"","header-main-stick-meta":"","header-below-stick-meta":"","astra-migrate-meta-layouts":"default","ast-page-background-enabled":"default","ast-page-background-meta":{"desktop":{"background-color":"","background-image":"","background-repeat":"repeat","background-position":"center center","background-size":"auto","background-attachment":"scroll","background-type":"","background-media":"","overlay-type":"","overlay-color":"","overlay-opacity":"","overlay-gradient":""},"tablet":{"background-color":"","background-image":"","background-repeat":"repeat","background-position":"center center","background-size":"auto","background-attachment":"scroll","background-type":"","background-media":"","overlay-type":"","overlay-color":"","overlay-opacity":"","overlay-gradient":""},"mobile":{"background-color":"","background-image":"","background-repeat":"repeat","background-position":"center center","background-size":"auto","background-attachment":"scroll","background-type":"","background-media":"","overlay-type":"","overlay-color":"","overlay-opacity":"","overlay-gradient":""}},"ast-content-background-meta":{"desktop":{"background-color":"var(--ast-global-color-5)","background-image":"","background-repeat":"repeat","background-position":"center center","background-size":"auto","background-attachment":"scroll","background-type":"","background-media":"","overlay-type":"","overlay-color":"","overlay-opacity":"","overlay-gradient":""},"tablet":{"background-color":"var(--ast-global-color-5)","background-image":"","background-repeat":"repeat","background-position":"center center","background-size":"auto","background-attachment":"scroll","background-type":"","background-media":"","overlay-type":"","overlay-color":"","overlay-opacity":"","overlay-gradient":""},"mobile":{"background-color":"var(--ast-global-color-5)","background-image":"","background-repeat":"repeat","background-position":"center center","background-size":"auto","background-attachment":"scroll","background-type":"","background-media":"","overlay-type":"","overlay-color":"","overlay-opacity":"","overlay-gradient":""}}},"product_brand":[],"product_cat":[39,106,109,33,44,18],"product_tag":[],"class_list":{"0":"post-2566","1":"product","2":"type-product","3":"status-publish","4":"has-post-thumbnail","6":"product_cat-bas","7":"product_cat-spring2023","8":"product_cat-spring_woman","9":"product_cat-women","10":"product_cat-shorts-femmes","11":"product_cat-clothing","12":"desktop-align-center","13":"tablet-align-left","14":"mobile-align-left","16":"first","17":"instock","18":"taxable","19":"shipping-taxable","20":"purchasable","21":"product-type-variable"},"aioseo_notices":[],"_links":{"self":[{"href":"https:\/\/sweatrepublix.com\/en\/wp-json\/wp\/v2\/product\/2566","targetHints":{"allow":["GET"]}}],"collection":[{"href":"https:\/\/sweatrepublix.com\/en\/wp-json\/wp\/v2\/product"}],"about":[{"href":"https:\/\/sweatrepublix.com\/en\/wp-json\/wp\/v2\/types\/product"}],"replies":[{"embeddable":true,"href":"https:\/\/sweatrepublix.com\/en\/wp-json\/wp\/v2\/comments?post=2566"}],"wp:featuredmedia":[{"embeddable":true,"href":"https:\/\/sweatrepublix.com\/en\/wp-json\/wp\/v2\/media\/2574"}],"wp:attachment":[{"href":"https:\/\/sweatrepublix.com\/en\/wp-json\/wp\/v2\/media?parent=2566"}],"wp:term":[{"taxonomy":"product_brand","embeddable":true,"href":"https:\/\/sweatrepublix.com\/en\/wp-json\/wp\/v2\/product_brand?post=2566"},{"taxonomy":"product_cat","embeddable":true,"href":"https:\/\/sweatrepublix.com\/en\/wp-json\/wp\/v2\/product_cat?post=2566"},{"taxonomy":"product_tag","embeddable":true,"href":"https:\/\/sweatrepublix.com\/en\/wp-json\/wp\/v2\/product_tag?post=2566"}],"curies":[{"name":"wp","href":"https:\/\/api.w.org\/{rel}","templated":true}]}}