{"id":2408,"date":"2023-03-25T20:44:55","date_gmt":"2023-03-25T19:44:55","guid":{"rendered":"https:\/\/sweatrepublix.com\/fr\/product\/rafflesia-t-shirt-unisexe\/"},"modified":"2023-11-04T19:44:53","modified_gmt":"2023-11-04T18:44:53","slug":"t-shirt-unisexe-rafflesia","status":"publish","type":"product","link":"https:\/\/sweatrepublix.com\/en\/product\/t-shirt-unisexe-rafflesia\/","title":{"rendered":"T-shirt unisex Rafflesia"},"content":{"rendered":"<p>Everyone needs the perfect t-shirt to complement an everyday, laid-back look. The ideal top for so many occasions, this unisex lightweight cotton tee will keep you comfy and looking smart.<br \/>\nThe design is Rafflesia, an Indonesian flower, a wonder of nature. Click here to learn more about the largest flower in the world:<br \/>\n<a href=\"https:\/\/www.nationalgeographic.com\/environment\/article\/cultivating-the-worlds-largest-stinkiest-flower-is-no-small-task\">https:\/\/www.nationalgeographic.com\/environment\/article\/cultivating-the-worlds-largest-stinkiest-flower-is-no-small-task<\/a><\/p>\n<p><strong>This product is on-demand-manufactured.<\/strong><br \/>\nWhich means itt is made especially for you as soon as you place an order, which is why it takes us a bit longer to deliver it to you. <strong>Making products on demand instead of in bulk helps reduce overproduction, so thank you for making thoughtful purchasing decisions!<\/strong><\/p>\n<p><a href=\"https:\/\/sweatrepublix.com\/en\/foire-aux-questions-faq\/info-produit\/\">Product info<\/a><\/p>","protected":false},"excerpt":{"rendered":"<p>Doux et l\u00e9ger, ce T-Shirt est \u00e9lastique et confortable et la coupe unisexe est flatteuse pour tous. Le design est une fleur Indon\u00e9sienne, une merveille de la nature. Cliquer ici pour apprendre plus sur la plus grande fleur au monde : https:\/\/www.geo.fr\/environnement\/letrange-vie-de-rafflesia-arnoldii-la-plus-grande-fleur-au-monde-204125 Ce produit est fabriqu\u00e9 \u00e0 la demande. Cela signifie qu&rsquo;il est fabriqu\u00e9 sp\u00e9cialement [&hellip;]<\/p>\n","protected":false},"featured_media":2454,"comment_status":"open","ping_status":"closed","template":"","meta":{"site-sidebar-layout":"default","site-content-layout":"default","ast-site-content-layout":"default","site-content-style":"default","site-sidebar-style":"default","ast-global-header-display":"","ast-banner-title-visibility":"","ast-main-header-display":"","ast-hfb-above-header-display":"","ast-hfb-below-header-display":"","ast-hfb-mobile-header-display":"","site-post-title":"","ast-breadcrumbs-content":"","ast-featured-img":"","footer-sml-layout":"","ast-disable-related-posts":"","theme-transparent-header-meta":"default","adv-header-id-meta":"","stick-header-meta":"","header-above-stick-meta":"","header-main-stick-meta":"","header-below-stick-meta":"","astra-migrate-meta-layouts":"default","ast-page-background-enabled":"default","ast-page-background-meta":{"desktop":{"background-color":"","background-image":"","background-repeat":"repeat","background-position":"center center","background-size":"auto","background-attachment":"scroll","background-type":"","background-media":"","overlay-type":"","overlay-color":"","overlay-opacity":"","overlay-gradient":""},"tablet":{"background-color":"","background-image":"","background-repeat":"repeat","background-position":"center center","background-size":"auto","background-attachment":"scroll","background-type":"","background-media":"","overlay-type":"","overlay-color":"","overlay-opacity":"","overlay-gradient":""},"mobile":{"background-color":"","background-image":"","background-repeat":"repeat","background-position":"center center","background-size":"auto","background-attachment":"scroll","background-type":"","background-media":"","overlay-type":"","overlay-color":"","overlay-opacity":"","overlay-gradient":""}},"ast-content-background-meta":{"desktop":{"background-color":"var(--ast-global-color-5)","background-image":"","background-repeat":"repeat","background-position":"center center","background-size":"auto","background-attachment":"scroll","background-type":"","background-media":"","overlay-type":"","overlay-color":"","overlay-opacity":"","overlay-gradient":""},"tablet":{"background-color":"var(--ast-global-color-5)","background-image":"","background-repeat":"repeat","background-position":"center center","background-size":"auto","background-attachment":"scroll","background-type":"","background-media":"","overlay-type":"","overlay-color":"","overlay-opacity":"","overlay-gradient":""},"mobile":{"background-color":"var(--ast-global-color-5)","background-image":"","background-repeat":"repeat","background-position":"center center","background-size":"auto","background-attachment":"scroll","background-type":"","background-media":"","overlay-type":"","overlay-color":"","overlay-opacity":"","overlay-gradient":""}}},"product_brand":[],"product_cat":[106,33,47,34,35,72,92,45,36,195,111,89,18],"product_tag":[],"class_list":{"0":"post-2408","1":"product","2":"type-product","3":"status-publish","4":"has-post-thumbnail","6":"product_cat-spring2023","7":"product_cat-women","8":"product_cat-haut-hommes","9":"product_cat-haut-femmes","10":"product_cat-men","11":"product_cat-new","12":"product_cat-bunga-bangkai","13":"product_cat-t-shirt-femmes","14":"product_cat-t-shirts-hommes","15":"product_cat-tshirts","16":"product_cat-spring_unisex","17":"product_cat-unisexe","18":"product_cat-clothing","19":"desktop-align-center","20":"tablet-align-left","21":"mobile-align-left","23":"first","24":"instock","25":"taxable","26":"shipping-taxable","27":"purchasable","28":"product-type-variable","29":"has-default-attributes"},"aioseo_notices":[],"_links":{"self":[{"href":"https:\/\/sweatrepublix.com\/en\/wp-json\/wp\/v2\/product\/2408","targetHints":{"allow":["GET"]}}],"collection":[{"href":"https:\/\/sweatrepublix.com\/en\/wp-json\/wp\/v2\/product"}],"about":[{"href":"https:\/\/sweatrepublix.com\/en\/wp-json\/wp\/v2\/types\/product"}],"replies":[{"embeddable":true,"href":"https:\/\/sweatrepublix.com\/en\/wp-json\/wp\/v2\/comments?post=2408"}],"wp:featuredmedia":[{"embeddable":true,"href":"https:\/\/sweatrepublix.com\/en\/wp-json\/wp\/v2\/media\/2454"}],"wp:attachment":[{"href":"https:\/\/sweatrepublix.com\/en\/wp-json\/wp\/v2\/media?parent=2408"}],"wp:term":[{"taxonomy":"product_brand","embeddable":true,"href":"https:\/\/sweatrepublix.com\/en\/wp-json\/wp\/v2\/product_brand?post=2408"},{"taxonomy":"product_cat","embeddable":true,"href":"https:\/\/sweatrepublix.com\/en\/wp-json\/wp\/v2\/product_cat?post=2408"},{"taxonomy":"product_tag","embeddable":true,"href":"https:\/\/sweatrepublix.com\/en\/wp-json\/wp\/v2\/product_tag?post=2408"}],"curies":[{"name":"wp","href":"https:\/\/api.w.org\/{rel}","templated":true}]}}