{"id":1669,"date":"2022-12-22T03:47:24","date_gmt":"2022-12-22T02:47:24","guid":{"rendered":"https:\/\/sweatrepublix.com\/fr\/product\/hoodie-gris-batik-barong\/"},"modified":"2023-03-26T00:03:05","modified_gmt":"2023-03-25T23:03:05","slug":"hoodie-gris-batik-barong","status":"publish","type":"product","link":"https:\/\/sweatrepublix.com\/en\/product\/hoodie-gris-batik-barong\/","title":{"rendered":"All over print : hoodie gris Batik Barong"},"content":{"rendered":"<p>Sweat \u00e0 capuche confortable avec un ext\u00e9rieur doux, un imprim\u00e9 \u00e9clatant et une polaire bross\u00e9e encore plus douce \u00e0 l&rsquo;int\u00e9rieur. Parfait pour les journ\u00e9es fra\u00eeches !<\/p>\n<p><strong>Benefits of \"All over print\" which is an on-demand manufacturing:<\/strong><br \/>\nThis product is made especially for you as soon as you place an order, which is why it takes us a bit longer to deliver it to you.<br \/>\nMaking products on demand instead of in bulk helps reduce overproduction, so thank you for making thoughtful purchasing decisions!<br \/>\nMerci donc de prendre des d\u00e9cisions d&rsquo;achat r\u00e9fl\u00e9chies !<\/p>\n<p>Plus d&rsquo;info sur le produit se trouve dans la <a href=\"https:\/\/sweatrepublix.com\/en\/foire-aux-questions-faq\/\">FAQ<\/a>.<br \/>\nMa source d&rsquo;inspiration pour le design:<br \/>\n1) <a href=\"https:\/\/sweatrepublix.com\/en\/batik\/\">Batik<\/a><br \/>\n2) <a href=\"https:\/\/sweatrepublix.com\/en\/barong\/\">Barong<\/a><\/p>","protected":false},"excerpt":{"rendered":"<p>Sweat \u00e0 capuche confortable avec un ext\u00e9rieur doux, un imprim\u00e9 \u00e9clatant et une polaire bross\u00e9e encore plus douce \u00e0 l&rsquo;int\u00e9rieur. Parfait pour les journ\u00e9es fra\u00eeches ! Avantages de la fabrication \u00ab\u00a0All over print\u00a0\u00bb qui est une m\u00e9thode de produire \u00e0 la demande : Ce produit est fabriqu\u00e9 sp\u00e9cialement pour vous d\u00e8s que vous passez commande, [&hellip;]<\/p>\n","protected":false},"featured_media":1717,"comment_status":"open","ping_status":"closed","template":"","meta":{"site-sidebar-layout":"default","site-content-layout":"default","ast-site-content-layout":"default","site-content-style":"default","site-sidebar-style":"default","ast-global-header-display":"","ast-banner-title-visibility":"","ast-main-header-display":"","ast-hfb-above-header-display":"","ast-hfb-below-header-display":"","ast-hfb-mobile-header-display":"","site-post-title":"","ast-breadcrumbs-content":"","ast-featured-img":"","footer-sml-layout":"","ast-disable-related-posts":"","theme-transparent-header-meta":"default","adv-header-id-meta":"","stick-header-meta":"","header-above-stick-meta":"","header-main-stick-meta":"","header-below-stick-meta":"","astra-migrate-meta-layouts":"default","ast-page-background-enabled":"default","ast-page-background-meta":{"desktop":{"background-color":"","background-image":"","background-repeat":"repeat","background-position":"center center","background-size":"auto","background-attachment":"scroll","background-type":"","background-media":"","overlay-type":"","overlay-color":"","overlay-opacity":"","overlay-gradient":""},"tablet":{"background-color":"","background-image":"","background-repeat":"repeat","background-position":"center center","background-size":"auto","background-attachment":"scroll","background-type":"","background-media":"","overlay-type":"","overlay-color":"","overlay-opacity":"","overlay-gradient":""},"mobile":{"background-color":"","background-image":"","background-repeat":"repeat","background-position":"center center","background-size":"auto","background-attachment":"scroll","background-type":"","background-media":"","overlay-type":"","overlay-color":"","overlay-opacity":"","overlay-gradient":""}},"ast-content-background-meta":{"desktop":{"background-color":"var(--ast-global-color-5)","background-image":"","background-repeat":"repeat","background-position":"center center","background-size":"auto","background-attachment":"scroll","background-type":"","background-media":"","overlay-type":"","overlay-color":"","overlay-opacity":"","overlay-gradient":""},"tablet":{"background-color":"var(--ast-global-color-5)","background-image":"","background-repeat":"repeat","background-position":"center center","background-size":"auto","background-attachment":"scroll","background-type":"","background-media":"","overlay-type":"","overlay-color":"","overlay-opacity":"","overlay-gradient":""},"mobile":{"background-color":"var(--ast-global-color-5)","background-image":"","background-repeat":"repeat","background-position":"center center","background-size":"auto","background-attachment":"scroll","background-type":"","background-media":"","overlay-type":"","overlay-color":"","overlay-opacity":"","overlay-gradient":""}}},"product_brand":[],"product_cat":[47,35,38,18],"product_tag":[],"class_list":{"0":"post-1669","1":"product","2":"type-product","3":"status-publish","4":"has-post-thumbnail","6":"product_cat-haut-hommes","7":"product_cat-men","8":"product_cat-sweatshirts-hommes","9":"product_cat-clothing","10":"desktop-align-center","11":"tablet-align-left","12":"mobile-align-left","14":"first","15":"instock","16":"taxable","17":"shipping-taxable","18":"purchasable","19":"product-type-variable"},"aioseo_notices":[],"_links":{"self":[{"href":"https:\/\/sweatrepublix.com\/en\/wp-json\/wp\/v2\/product\/1669","targetHints":{"allow":["GET"]}}],"collection":[{"href":"https:\/\/sweatrepublix.com\/en\/wp-json\/wp\/v2\/product"}],"about":[{"href":"https:\/\/sweatrepublix.com\/en\/wp-json\/wp\/v2\/types\/product"}],"replies":[{"embeddable":true,"href":"https:\/\/sweatrepublix.com\/en\/wp-json\/wp\/v2\/comments?post=1669"}],"wp:featuredmedia":[{"embeddable":true,"href":"https:\/\/sweatrepublix.com\/en\/wp-json\/wp\/v2\/media\/1717"}],"wp:attachment":[{"href":"https:\/\/sweatrepublix.com\/en\/wp-json\/wp\/v2\/media?parent=1669"}],"wp:term":[{"taxonomy":"product_brand","embeddable":true,"href":"https:\/\/sweatrepublix.com\/en\/wp-json\/wp\/v2\/product_brand?post=1669"},{"taxonomy":"product_cat","embeddable":true,"href":"https:\/\/sweatrepublix.com\/en\/wp-json\/wp\/v2\/product_cat?post=1669"},{"taxonomy":"product_tag","embeddable":true,"href":"https:\/\/sweatrepublix.com\/en\/wp-json\/wp\/v2\/product_tag?post=1669"}],"curies":[{"name":"wp","href":"https:\/\/api.w.org\/{rel}","templated":true}]}}