{"id":709,"date":"2022-11-17T21:29:05","date_gmt":"2022-11-17T21:29:05","guid":{"rendered":"https:\/\/sweatrepublix.com\/?page_id=709"},"modified":"2022-12-22T00:07:53","modified_gmt":"2022-12-21T23:07:53","slug":"barong","status":"publish","type":"page","link":"https:\/\/sweatrepublix.com\/en\/barong\/","title":{"rendered":"Barong"},"content":{"rendered":"<div class=\"wp-block-cover alignwide is-light\"><span aria-hidden=\"true\" class=\"wp-block-cover__background has-white-background-color has-background-dim-70 has-background-dim\"><\/span><img decoding=\"async\" width=\"665\" height=\"1000\" class=\"wp-block-cover__image-background wp-image-1581\" alt=\"\" src=\"https:\/\/sweatrepublix.com\/wp-content\/uploads\/2022\/12\/Barong_and_Kris_dance.jpg\" data-object-fit=\"cover\" srcset=\"https:\/\/sweatrepublix.com\/wp-content\/uploads\/2022\/12\/Barong_and_Kris_dance.jpg 665w, https:\/\/sweatrepublix.com\/wp-content\/uploads\/2022\/12\/Barong_and_Kris_dance-200x300.jpg 200w, https:\/\/sweatrepublix.com\/wp-content\/uploads\/2022\/12\/Barong_and_Kris_dance-8x12.jpg 8w, https:\/\/sweatrepublix.com\/wp-content\/uploads\/2022\/12\/Barong_and_Kris_dance-600x902.jpg 600w\" sizes=\"(max-width: 665px) 100vw, 665px\" \/><div class=\"wp-block-cover__inner-container is-layout-flow wp-block-cover-is-layout-flow\">\n<p><strong>Who is <em>Barong <\/em>?<\/strong><\/p>\n\n\n\n<p class=\"has-small-font-size\"><mark style=\"background-color:rgba(0, 0, 0, 0)\" class=\"has-inline-color has-ast-global-color-3-color\"><strong><em>Barong <\/em><\/strong>is the king of the spirits and the enemy of <strong><em>Rangda<\/em><\/strong>. According to Balinese mythology, <strong><em>Barong <\/em><\/strong>is a symbol of justice and is often represented as lions, cows, or even dragons. The Balinese believe that everything that exists is a duality, which brings balance to the universe. Therefore, without the existence of evil, good cannot exist. This concept is called <strong><em>Rwa Bhineda<\/em><\/strong> (which means: two opposites). Birth balances death, young balances old, positive balances negative, joy balances sorrow, order balances chaos and so on. To reach the perfect balance the universe is continuously adjusting.<\/mark><\/p>\n\n\n\n<p class=\"has-small-font-size\"><mark style=\"background-color:rgba(0, 0, 0, 0)\" class=\"has-inline-color has-ast-global-color-3-color\">As the king of good spirits, <strong><em>Barong <\/em><\/strong>leads an endless fight against the queen of demons <strong><em>Rangda<\/em><\/strong>. The battle between <strong><em>Barong <\/em><\/strong>and <strong><em>Rangda <\/em><\/strong>is presented in the dance. <strong><em>Barong<\/em><\/strong>the eternal fight between good and evil. <\/mark><strong><em>Barong <\/em><\/strong>go to battle, with an army provided by <strong><em>Airlangga <\/em><\/strong>(the prince of the kingdom, son of <strong><em>Rangda<\/em><\/strong>), to bring <strong><em>Rangda <\/em><\/strong>to justice. <strong><em>Rangda<\/em><\/strong>, \u00e9tant une puissante sorci\u00e8re, a jet\u00e9 un sort aux soldats pour qu&rsquo;ils se poignardent avec <strong><em>Keris <\/em><\/strong>(read: Ke-riss also known as <strong><em>Kriss<\/em><\/strong>; an Indonesian traditional dagger). On the other hand, <strong><em>Barong<\/em><\/strong>, protects the soldiers so the Keris don't pierce their skin. <\/p>\n\n\n\n<p class=\"has-small-font-size\">During the dance, the dancers are in a trance. They do not hurt themselves despite the fact that they stab themselves with a sharp weapon, which fascinates tourists who watch closely. The dance can be performed all night long and when daybreak appears, the dancers come out of their trance. Once the trance is over, <strong><em>Barong <\/em><\/strong>and his army finally overthrow <strong><em>Rangda<\/em><\/strong>. Barong's victory <strong><em>Barong <\/em><\/strong>affirms his protection of the kingdom, but <strong><em>Rangda <\/em><\/strong>doesn't die. She is reincarnated <strong><em>Barong <\/em><\/strong>must defeat her another day.<\/p>\n\n\n\n<p class=\"has-small-font-size\">A <strong><em>Barong <\/em><\/strong>consists of two parts: the head and the body; in the Barong dance, <strong><em>Barong<\/em><\/strong>two people are needed to animate it. Barong masks <strong><em>Barong <\/em><\/strong>are considered sacred objects and require intricate and meticulous craftsmanship. Although Barong masks <strong><em>Barong <\/em><\/strong>have become popular collectibles for foreigners, for the Balinese, they are honored beyond their aesthetic values. Each village has a <strong><em>Barong <\/em><\/strong>which is considered its guardian. Kept in the village temple, the mask is brought out only for special occasions. It is asked to grant blessings to the people of the village or to restore the balance of cosmic forces.<\/p>\n\n\n\n<p><strong>Why did I choose <em>Barong <\/em>?<\/strong><\/p>\n\n\n\n<p class=\"has-small-font-size\">Unlike many fairy tales or stories, this battle between <strong><em>Barong<\/em><\/strong> and <strong><em>Rangda <\/em><\/strong>does not end with \"and they lived happily ever after\". This battle is a perpetual war, which intertwines the complex relationship between good and evil. Like the concept mentioned above, <strong><em>Rwa Bhineda<\/em><\/strong>, order balances chaos. But the universe is constantly adjusting to achieve the perfect balance.<\/p>\n\n\n\n<p class=\"has-small-font-size\">I love the concept of good over evil not being permanent, because in life there are also ups and downs. We should be thankful for the good times, but we should always be prepared for the bad (surprises).<\/p>\n\n\n\n<p class=\"has-small-font-size\">When I first started CrossFit, I hated many of the moves. After several years of practice, I hate them less. I see every workout as a battle between one part of me that wants to be better, stronger, and healthier as I get older, and the other part that wants to skip one or two things, or even an entire workout, just because it's tiriesome or it's cold outside.<\/p>\n\n\n\n<p class=\"has-small-font-size\">Each of us has a battle to fight each day and <em><strong>Barong <\/strong><\/em>teaches us to pick up our gear to fight another day.<\/p>\n\n\n\n<p><strong>Read more:<\/strong><\/p>\n\n\n\n<p class=\"has-small-font-size\"><a href=\"https:\/\/volunteerprogramsbali.org\/rwa-bhineda-the-philosophy-of-balance\/\">https:\/\/volunteerprogramsbali.org\/rwa-bhineda-the-philosophy-of-balance\/<\/a><\/p>\n\n\n\n<p class=\"has-small-font-size\"><a href=\"https:\/\/unicare-clinic.com\/rangda-queen-leak-balinese-ghost\/\">https:\/\/unicare-clinic.com\/rangda-queen-leak-balinese-ghost\/<\/a><\/p>\n\n\n\n<p class=\"has-small-font-size\"><a href=\"https:\/\/www.baliaround.com\/barong-and-rangda-balinese-two-opposites\/\">https:\/\/www.baliaround.com\/barong-and-rangda-balinese-two-opposites\/<\/a><\/p>\n\n\n\n<p class=\"has-small-font-size\"><a href=\"https:\/\/en.wikipedia.org\/wiki\/Barong_dance\">https:\/\/en.wikipedia.org\/wiki\/Barong_dance<\/a><\/p>\n\n\n\n<p class=\"has-small-font-size\"><a href=\"https:\/\/en.wikipedia.org\/wiki\/Barong_(mythology)\">https:\/\/en.wikipedia.org\/wiki\/Barong_(mythology)<\/a><\/p>\n<\/div><\/div>","protected":false},"excerpt":{"rendered":"","protected":false},"author":1,"featured_media":0,"parent":0,"menu_order":0,"comment_status":"closed","ping_status":"closed","template":"","meta":{"site-sidebar-layout":"default","site-content-layout":"","ast-site-content-layout":"default","site-content-style":"default","site-sidebar-style":"default","ast-global-header-display":"","ast-banner-title-visibility":"","ast-main-header-display":"","ast-hfb-above-header-display":"","ast-hfb-below-header-display":"","ast-hfb-mobile-header-display":"","site-post-title":"","ast-breadcrumbs-content":"","ast-featured-img":"","footer-sml-layout":"","ast-disable-related-posts":"","theme-transparent-header-meta":"","adv-header-id-meta":"","stick-header-meta":"","header-above-stick-meta":"","header-main-stick-meta":"","header-below-stick-meta":"","astra-migrate-meta-layouts":"default","ast-page-background-enabled":"default","ast-page-background-meta":{"desktop":{"background-color":"","background-image":"","background-repeat":"repeat","background-position":"center center","background-size":"auto","background-attachment":"scroll","background-type":"","background-media":"","overlay-type":"","overlay-color":"","overlay-opacity":"","overlay-gradient":""},"tablet":{"background-color":"","background-image":"","background-repeat":"repeat","background-position":"center center","background-size":"auto","background-attachment":"scroll","background-type":"","background-media":"","overlay-type":"","overlay-color":"","overlay-opacity":"","overlay-gradient":""},"mobile":{"background-color":"","background-image":"","background-repeat":"repeat","background-position":"center center","background-size":"auto","background-attachment":"scroll","background-type":"","background-media":"","overlay-type":"","overlay-color":"","overlay-opacity":"","overlay-gradient":""}},"ast-content-background-meta":{"desktop":{"background-color":"var(--ast-global-color-5)","background-image":"","background-repeat":"repeat","background-position":"center center","background-size":"auto","background-attachment":"scroll","background-type":"","background-media":"","overlay-type":"","overlay-color":"","overlay-opacity":"","overlay-gradient":""},"tablet":{"background-color":"var(--ast-global-color-5)","background-image":"","background-repeat":"repeat","background-position":"center center","background-size":"auto","background-attachment":"scroll","background-type":"","background-media":"","overlay-type":"","overlay-color":"","overlay-opacity":"","overlay-gradient":""},"mobile":{"background-color":"var(--ast-global-color-5)","background-image":"","background-repeat":"repeat","background-position":"center center","background-size":"auto","background-attachment":"scroll","background-type":"","background-media":"","overlay-type":"","overlay-color":"","overlay-opacity":"","overlay-gradient":""}},"footnotes":""},"class_list":["post-709","page","type-page","status-publish","hentry"],"aioseo_notices":[],"_links":{"self":[{"href":"https:\/\/sweatrepublix.com\/en\/wp-json\/wp\/v2\/pages\/709","targetHints":{"allow":["GET"]}}],"collection":[{"href":"https:\/\/sweatrepublix.com\/en\/wp-json\/wp\/v2\/pages"}],"about":[{"href":"https:\/\/sweatrepublix.com\/en\/wp-json\/wp\/v2\/types\/page"}],"author":[{"embeddable":true,"href":"https:\/\/sweatrepublix.com\/en\/wp-json\/wp\/v2\/users\/1"}],"replies":[{"embeddable":true,"href":"https:\/\/sweatrepublix.com\/en\/wp-json\/wp\/v2\/comments?post=709"}],"version-history":[{"count":15,"href":"https:\/\/sweatrepublix.com\/en\/wp-json\/wp\/v2\/pages\/709\/revisions"}],"predecessor-version":[{"id":1596,"href":"https:\/\/sweatrepublix.com\/en\/wp-json\/wp\/v2\/pages\/709\/revisions\/1596"}],"wp:attachment":[{"href":"https:\/\/sweatrepublix.com\/en\/wp-json\/wp\/v2\/media?parent=709"}],"curies":[{"name":"wp","href":"https:\/\/api.w.org\/{rel}","templated":true}]}}