{"id":701,"date":"2022-11-17T21:18:58","date_gmt":"2022-11-17T21:18:58","guid":{"rendered":"https:\/\/sweatrepublix.com\/?page_id=701"},"modified":"2022-12-22T00:09:59","modified_gmt":"2022-12-21T23:09:59","slug":"batik","status":"publish","type":"page","link":"https:\/\/sweatrepublix.com\/en\/batik\/","title":{"rendered":"Batik"},"content":{"rendered":"<p style=\"font-size:25px\"><strong>What is Batik?<\/strong><\/p>\n\n\n\n<figure class=\"wp-block-gallery has-nested-images columns-5 is-cropped is-style-square wp-block-gallery-1 is-layout-flex wp-block-gallery-is-layout-flex\">\n<figure class=\"wp-block-image size-large\"><img decoding=\"async\" width=\"1024\" height=\"512\" data-id=\"436\" src=\"https:\/\/sweatrepublix.com\/wp-content\/uploads\/2022\/08\/Web-BG-1024x512.png\" alt=\"\" class=\"wp-image-436\" srcset=\"https:\/\/sweatrepublix.com\/wp-content\/uploads\/2022\/08\/Web-BG-1024x512.png 1024w, https:\/\/sweatrepublix.com\/wp-content\/uploads\/2022\/08\/Web-BG-800x400.png 800w, https:\/\/sweatrepublix.com\/wp-content\/uploads\/2022\/08\/Web-BG-300x150.png 300w, https:\/\/sweatrepublix.com\/wp-content\/uploads\/2022\/08\/Web-BG-768x384.png 768w, https:\/\/sweatrepublix.com\/wp-content\/uploads\/2022\/08\/Web-BG-1536x768.png 1536w, https:\/\/sweatrepublix.com\/wp-content\/uploads\/2022\/08\/Web-BG-2048x1024.png 2048w\" sizes=\"(max-width: 1024px) 100vw, 1024px\" \/><figcaption class=\"wp-element-caption\">Batik of Sweat Republix<\/figcaption><\/figure>\n\n\n\n<figure class=\"wp-block-image size-large\"><img decoding=\"async\" width=\"1024\" height=\"683\" data-id=\"1527\" src=\"https:\/\/sweatrepublix.com\/wp-content\/uploads\/2022\/12\/2048px-Batik_pedalaman_-_parang_klithik-1024x683.jpg\" alt=\"\" class=\"wp-image-1527\" srcset=\"https:\/\/sweatrepublix.com\/wp-content\/uploads\/2022\/12\/2048px-Batik_pedalaman_-_parang_klithik-1024x683.jpg 1024w, https:\/\/sweatrepublix.com\/wp-content\/uploads\/2022\/12\/2048px-Batik_pedalaman_-_parang_klithik-800x533.jpg 800w, https:\/\/sweatrepublix.com\/wp-content\/uploads\/2022\/12\/2048px-Batik_pedalaman_-_parang_klithik-300x200.jpg 300w, https:\/\/sweatrepublix.com\/wp-content\/uploads\/2022\/12\/2048px-Batik_pedalaman_-_parang_klithik-768x512.jpg 768w, https:\/\/sweatrepublix.com\/wp-content\/uploads\/2022\/12\/2048px-Batik_pedalaman_-_parang_klithik-1536x1024.jpg 1536w, https:\/\/sweatrepublix.com\/wp-content\/uploads\/2022\/12\/2048px-Batik_pedalaman_-_parang_klithik-18x12.jpg 18w, https:\/\/sweatrepublix.com\/wp-content\/uploads\/2022\/12\/2048px-Batik_pedalaman_-_parang_klithik-1320x880.jpg 1320w, https:\/\/sweatrepublix.com\/wp-content\/uploads\/2022\/12\/2048px-Batik_pedalaman_-_parang_klithik.jpg 2048w\" sizes=\"(max-width: 1024px) 100vw, 1024px\" \/><figcaption class=\"wp-element-caption\">Contemporary inland batik from Solo, Indonesia, with parang klithik pattern.<\/figcaption><\/figure>\n\n\n\n<figure class=\"wp-block-image size-large\"><img decoding=\"async\" width=\"733\" height=\"1024\" data-id=\"1531\" src=\"https:\/\/sweatrepublix.com\/wp-content\/uploads\/2022\/12\/Raffles_A_Javan_in_the_Court_dress-733x1024.jpg\" alt=\"\" class=\"wp-image-1531\" srcset=\"https:\/\/sweatrepublix.com\/wp-content\/uploads\/2022\/12\/Raffles_A_Javan_in_the_Court_dress-733x1024.jpg 733w, https:\/\/sweatrepublix.com\/wp-content\/uploads\/2022\/12\/Raffles_A_Javan_in_the_Court_dress-scaled-800x1118.jpg 800w, https:\/\/sweatrepublix.com\/wp-content\/uploads\/2022\/12\/Raffles_A_Javan_in_the_Court_dress-215x300.jpg 215w, https:\/\/sweatrepublix.com\/wp-content\/uploads\/2022\/12\/Raffles_A_Javan_in_the_Court_dress-768x1073.jpg 768w, https:\/\/sweatrepublix.com\/wp-content\/uploads\/2022\/12\/Raffles_A_Javan_in_the_Court_dress-1099x1536.jpg 1099w, https:\/\/sweatrepublix.com\/wp-content\/uploads\/2022\/12\/Raffles_A_Javan_in_the_Court_dress-1465x2048.jpg 1465w, https:\/\/sweatrepublix.com\/wp-content\/uploads\/2022\/12\/Raffles_A_Javan_in_the_Court_dress-9x12.jpg 9w, https:\/\/sweatrepublix.com\/wp-content\/uploads\/2022\/12\/Raffles_A_Javan_in_the_Court_dress-1320x1845.jpg 1320w, https:\/\/sweatrepublix.com\/wp-content\/uploads\/2022\/12\/Raffles_A_Javan_in_the_Court_dress-scaled.jpg 1832w\" sizes=\"(max-width: 733px) 100vw, 733px\" \/><figcaption class=\"wp-element-caption\">Drawing of a Javanese man in court dress.<\/figcaption><\/figure>\n\n\n\n<figure class=\"wp-block-image size-large\"><img decoding=\"async\" width=\"668\" height=\"1024\" data-id=\"1532\" src=\"https:\/\/sweatrepublix.com\/wp-content\/uploads\/2022\/12\/Stone_statue_of_Mahakala-668x1024.jpg\" alt=\"\" class=\"wp-image-1532\" srcset=\"https:\/\/sweatrepublix.com\/wp-content\/uploads\/2022\/12\/Stone_statue_of_Mahakala-668x1024.jpg 668w, https:\/\/sweatrepublix.com\/wp-content\/uploads\/2022\/12\/Stone_statue_of_Mahakala-scaled-800x1226.jpg 800w, https:\/\/sweatrepublix.com\/wp-content\/uploads\/2022\/12\/Stone_statue_of_Mahakala-196x300.jpg 196w, https:\/\/sweatrepublix.com\/wp-content\/uploads\/2022\/12\/Stone_statue_of_Mahakala-768x1177.jpg 768w, https:\/\/sweatrepublix.com\/wp-content\/uploads\/2022\/12\/Stone_statue_of_Mahakala-1002x1536.jpg 1002w, https:\/\/sweatrepublix.com\/wp-content\/uploads\/2022\/12\/Stone_statue_of_Mahakala-1336x2048.jpg 1336w, https:\/\/sweatrepublix.com\/wp-content\/uploads\/2022\/12\/Stone_statue_of_Mahakala-8x12.jpg 8w, https:\/\/sweatrepublix.com\/wp-content\/uploads\/2022\/12\/Stone_statue_of_Mahakala-1320x2023.jpg 1320w, https:\/\/sweatrepublix.com\/wp-content\/uploads\/2022\/12\/Stone_statue_of_Mahakala-scaled.jpg 1670w\" sizes=\"(max-width: 668px) 100vw, 668px\" \/><figcaption class=\"wp-element-caption\">Batik <em>Kawung<\/em>&nbsp;pattern on Mahakala statue, from the temple in&nbsp;<a href=\"https:\/\/en.wikipedia.org\/wiki\/Singhasari\">Singhasari<\/a>,&nbsp;<a href=\"https:\/\/en.wikipedia.org\/wiki\/East_Java\">East Java<\/a> , 1275-1300<\/figcaption><\/figure>\n\n\n\n<figure class=\"wp-block-image size-large\"><img decoding=\"async\" width=\"1024\" height=\"675\" data-id=\"1537\" src=\"https:\/\/sweatrepublix.com\/wp-content\/uploads\/2022\/12\/Pertunjukkan_Nani_Tari_Topeng_Losari-1024x675.jpg\" alt=\"\" class=\"wp-image-1537\" srcset=\"https:\/\/sweatrepublix.com\/wp-content\/uploads\/2022\/12\/Pertunjukkan_Nani_Tari_Topeng_Losari-1024x675.jpg 1024w, https:\/\/sweatrepublix.com\/wp-content\/uploads\/2022\/12\/Pertunjukkan_Nani_Tari_Topeng_Losari-800x528.jpg 800w, https:\/\/sweatrepublix.com\/wp-content\/uploads\/2022\/12\/Pertunjukkan_Nani_Tari_Topeng_Losari-300x198.jpg 300w, https:\/\/sweatrepublix.com\/wp-content\/uploads\/2022\/12\/Pertunjukkan_Nani_Tari_Topeng_Losari-768x507.jpg 768w, https:\/\/sweatrepublix.com\/wp-content\/uploads\/2022\/12\/Pertunjukkan_Nani_Tari_Topeng_Losari-18x12.jpg 18w, https:\/\/sweatrepublix.com\/wp-content\/uploads\/2022\/12\/Pertunjukkan_Nani_Tari_Topeng_Losari.jpg 1119w\" sizes=\"(max-width: 1024px) 100vw, 1024px\" \/><figcaption class=\"wp-element-caption\">Samba mask for Nani Losari dance performance from Cirebon (read: chi-re-bon), West Java.<\/figcaption><\/figure>\n<\/figure>\n\n\n\n<p style=\"font-size:5px\"><\/p>\n\n\n\n<p class=\"has-small-font-size\">\"Batik\" \/bat\u026ak\/ is inscribed by Unesco in 2009 as Indonesian Intangible Cultural Heritage of Humanity. The Indonesian word \"Batik\" comes from Javanese \"bathik\" (\ua9a7\ua99b\ua9b6\ua98f\ua9c0) meaning throwing\/putting dots over and over again.     <\/p>\n\n\n\n<p style=\"font-size:5px\"><img decoding=\"async\" width=\"400\" height=\"250\" class=\"wp-image-1528\" style=\"width: 400px;\" src=\"https:\/\/sweatrepublix.com\/wp-content\/uploads\/2022\/12\/Proses_Nembok_Salah_Satu_Tahapan_Membatik_Tulis.jpg\" alt=\"\" srcset=\"https:\/\/sweatrepublix.com\/wp-content\/uploads\/2022\/12\/Proses_Nembok_Salah_Satu_Tahapan_Membatik_Tulis.jpg 2048w, https:\/\/sweatrepublix.com\/wp-content\/uploads\/2022\/12\/Proses_Nembok_Salah_Satu_Tahapan_Membatik_Tulis-800x500.jpg 800w, https:\/\/sweatrepublix.com\/wp-content\/uploads\/2022\/12\/Proses_Nembok_Salah_Satu_Tahapan_Membatik_Tulis-300x188.jpg 300w, https:\/\/sweatrepublix.com\/wp-content\/uploads\/2022\/12\/Proses_Nembok_Salah_Satu_Tahapan_Membatik_Tulis-1024x640.jpg 1024w, https:\/\/sweatrepublix.com\/wp-content\/uploads\/2022\/12\/Proses_Nembok_Salah_Satu_Tahapan_Membatik_Tulis-768x480.jpg 768w, https:\/\/sweatrepublix.com\/wp-content\/uploads\/2022\/12\/Proses_Nembok_Salah_Satu_Tahapan_Membatik_Tulis-1536x960.jpg 1536w, https:\/\/sweatrepublix.com\/wp-content\/uploads\/2022\/12\/Proses_Nembok_Salah_Satu_Tahapan_Membatik_Tulis-18x12.jpg 18w, https:\/\/sweatrepublix.com\/wp-content\/uploads\/2022\/12\/Proses_Nembok_Salah_Satu_Tahapan_Membatik_Tulis-1320x825.jpg 1320w\" sizes=\"(max-width: 400px) 100vw, 400px\" \/><\/p>\n\n\n\n<p style=\"font-size:3px\"><\/p>\n\n\n\n<p class=\"has-small-font-size\">Batik is a traditional textile with rich intangible cultural values that has been passed down from generation to generation in Java and other regions since the early 19th century. It has become more widely available since then, particularly since the mid-1980s 1,2,4,7 . <\/p>\n\n\n\n<p style=\"font-size:5px\"><img decoding=\"async\" width=\"350\" height=\"251\" class=\"wp-image-1530\" style=\"width: 350px;\" src=\"https:\/\/sweatrepublix.com\/wp-content\/uploads\/2022\/12\/COLLECTIE_TROPENMUSEUM_Studioportret_van_twee_Javaanse_batiksters_TMnr_60027241.jpg\" alt=\"\" srcset=\"https:\/\/sweatrepublix.com\/wp-content\/uploads\/2022\/12\/COLLECTIE_TROPENMUSEUM_Studioportret_van_twee_Javaanse_batiksters_TMnr_60027241.jpg 700w, https:\/\/sweatrepublix.com\/wp-content\/uploads\/2022\/12\/COLLECTIE_TROPENMUSEUM_Studioportret_van_twee_Javaanse_batiksters_TMnr_60027241-300x215.jpg 300w, https:\/\/sweatrepublix.com\/wp-content\/uploads\/2022\/12\/COLLECTIE_TROPENMUSEUM_Studioportret_van_twee_Javaanse_batiksters_TMnr_60027241-18x12.jpg 18w, https:\/\/sweatrepublix.com\/wp-content\/uploads\/2022\/12\/COLLECTIE_TROPENMUSEUM_Studioportret_van_twee_Javaanse_batiksters_TMnr_60027241-600x429.jpg 600w\" sizes=\"(max-width: 350px) 100vw, 350px\" \/>           <img decoding=\"async\" width=\"350\" height=\"255\" class=\"wp-image-1533\" style=\"width: 350px;\" src=\"https:\/\/sweatrepublix.com\/wp-content\/uploads\/2022\/12\/COLLECTIE_TROPENMUSEUM_Batikken_het_oplossen_van_de_overbodige_waslaag_TMnr_10014215.jpg\" alt=\"\" srcset=\"https:\/\/sweatrepublix.com\/wp-content\/uploads\/2022\/12\/COLLECTIE_TROPENMUSEUM_Batikken_het_oplossen_van_de_overbodige_waslaag_TMnr_10014215.jpg 700w, https:\/\/sweatrepublix.com\/wp-content\/uploads\/2022\/12\/COLLECTIE_TROPENMUSEUM_Batikken_het_oplossen_van_de_overbodige_waslaag_TMnr_10014215-300x218.jpg 300w, https:\/\/sweatrepublix.com\/wp-content\/uploads\/2022\/12\/COLLECTIE_TROPENMUSEUM_Batikken_het_oplossen_van_de_overbodige_waslaag_TMnr_10014215-18x12.jpg 18w, https:\/\/sweatrepublix.com\/wp-content\/uploads\/2022\/12\/COLLECTIE_TROPENMUSEUM_Batikken_het_oplossen_van_de_overbodige_waslaag_TMnr_10014215-600x436.jpg 600w\" sizes=\"(max-width: 350px) 100vw, 350px\" \/><\/p>\n\n\n\n<p style=\"font-size:3px\"><\/p>\n\n\n\n<p class=\"has-small-font-size\">Indonesian batik is made by applying hot wax to fabric, in dots or lines, using a stylus-like copper instrument (tjanting Fig 1 ) or copper pads (tjap Fig 2 ). The wax helps to resist the natural or synthetic dyeing process, carried out by hand. The fabric is then boiled and\/or scraped to remove the wax, this process being repeated for each dye. Batik designs have deep symbolism related to social status, local community, nature, history and cultural heritage.<\/p>\n\n\n\n<p style=\"font-size:5px\"><img decoding=\"async\" width=\"400\" height=\"225\" class=\"wp-image-1534\" style=\"width: 400px;\" src=\"https:\/\/sweatrepublix.com\/wp-content\/uploads\/2022\/12\/Tjanting.jpg\" alt=\"\" srcset=\"https:\/\/sweatrepublix.com\/wp-content\/uploads\/2022\/12\/Tjanting.jpg 640w, https:\/\/sweatrepublix.com\/wp-content\/uploads\/2022\/12\/Tjanting-300x169.jpg 300w, https:\/\/sweatrepublix.com\/wp-content\/uploads\/2022\/12\/Tjanting-18x10.jpg 18w, https:\/\/sweatrepublix.com\/wp-content\/uploads\/2022\/12\/Tjanting-600x338.jpg 600w\" sizes=\"(max-width: 400px) 100vw, 400px\" \/>     <img decoding=\"async\" width=\"350\" height=\"233\" class=\"wp-image-1535\" style=\"width: 350px;\" src=\"https:\/\/sweatrepublix.com\/wp-content\/uploads\/2022\/12\/Batik_Trusmi_Cirebon_11-scaled.jpg\" alt=\"\" srcset=\"https:\/\/sweatrepublix.com\/wp-content\/uploads\/2022\/12\/Batik_Trusmi_Cirebon_11-scaled.jpg 2560w, https:\/\/sweatrepublix.com\/wp-content\/uploads\/2022\/12\/Batik_Trusmi_Cirebon_11-scaled-800x533.jpg 800w, https:\/\/sweatrepublix.com\/wp-content\/uploads\/2022\/12\/Batik_Trusmi_Cirebon_11-300x200.jpg 300w, https:\/\/sweatrepublix.com\/wp-content\/uploads\/2022\/12\/Batik_Trusmi_Cirebon_11-1024x683.jpg 1024w, https:\/\/sweatrepublix.com\/wp-content\/uploads\/2022\/12\/Batik_Trusmi_Cirebon_11-768x512.jpg 768w, https:\/\/sweatrepublix.com\/wp-content\/uploads\/2022\/12\/Batik_Trusmi_Cirebon_11-1536x1024.jpg 1536w, https:\/\/sweatrepublix.com\/wp-content\/uploads\/2022\/12\/Batik_Trusmi_Cirebon_11-2048x1365.jpg 2048w, https:\/\/sweatrepublix.com\/wp-content\/uploads\/2022\/12\/Batik_Trusmi_Cirebon_11-18x12.jpg 18w, https:\/\/sweatrepublix.com\/wp-content\/uploads\/2022\/12\/Batik_Trusmi_Cirebon_11-1320x880.jpg 1320w\" sizes=\"(max-width: 350px) 100vw, 350px\" \/><\/p>\n\n\n\n<p style=\"font-size:3px\"><\/p>\n\n\n\n<p class=\"has-small-font-size\">According to Unesco (1), Batik is described as the traditional handcrafted textile rich in intangible cultural values, passed down for generations in Java and elsewhere\u00a0since early 19th Century, made by applying dots and lines of hot wax to cloth using a copper pen-like instrument (canthing tulis\u00a0\/t\u0283ant\u026a\u014b tul\u026as\/), or copper stamps (canthing cap \/t\u0283ant\u026a\u014b t\u0283ap\/), as a resist to hand-dyeing later removed by boiling and\/or scraping, repeating the process for each colour.<\/p>\n\n\n\n<p style=\"font-size:5px\"><img decoding=\"async\" width=\"400\" height=\"272\" class=\"wp-image-1536\" style=\"width: 400px;\" src=\"https:\/\/sweatrepublix.com\/wp-content\/uploads\/2022\/12\/Printing_wax-resin_resist_for_Batik_with_a_Tjap_Yogyakarta_1996.jpg\" alt=\"\" srcset=\"https:\/\/sweatrepublix.com\/wp-content\/uploads\/2022\/12\/Printing_wax-resin_resist_for_Batik_with_a_Tjap_Yogyakarta_1996.jpg 2303w, https:\/\/sweatrepublix.com\/wp-content\/uploads\/2022\/12\/Printing_wax-resin_resist_for_Batik_with_a_Tjap_Yogyakarta_1996-800x544.jpg 800w, https:\/\/sweatrepublix.com\/wp-content\/uploads\/2022\/12\/Printing_wax-resin_resist_for_Batik_with_a_Tjap_Yogyakarta_1996-300x204.jpg 300w, https:\/\/sweatrepublix.com\/wp-content\/uploads\/2022\/12\/Printing_wax-resin_resist_for_Batik_with_a_Tjap_Yogyakarta_1996-1024x697.jpg 1024w, https:\/\/sweatrepublix.com\/wp-content\/uploads\/2022\/12\/Printing_wax-resin_resist_for_Batik_with_a_Tjap_Yogyakarta_1996-768x523.jpg 768w, https:\/\/sweatrepublix.com\/wp-content\/uploads\/2022\/12\/Printing_wax-resin_resist_for_Batik_with_a_Tjap_Yogyakarta_1996-1536x1045.jpg 1536w, https:\/\/sweatrepublix.com\/wp-content\/uploads\/2022\/12\/Printing_wax-resin_resist_for_Batik_with_a_Tjap_Yogyakarta_1996-2048x1393.jpg 2048w, https:\/\/sweatrepublix.com\/wp-content\/uploads\/2022\/12\/Printing_wax-resin_resist_for_Batik_with_a_Tjap_Yogyakarta_1996-18x12.jpg 18w, https:\/\/sweatrepublix.com\/wp-content\/uploads\/2022\/12\/Printing_wax-resin_resist_for_Batik_with_a_Tjap_Yogyakarta_1996-1320x898.jpg 1320w\" sizes=\"(max-width: 400px) 100vw, 400px\" \/><\/p>\n\n\n\n<p style=\"font-size:5px\"><\/p>\n\n\n\n<p><strong>Read more:<\/strong><\/p>\n\n\n\n<p class=\"has-small-font-size\">1. Extract from the document of the UN\/UNESCO Convention for the Safeguarding of the Intangible Cultural Heritage: <a href=\"https:\/\/ich.unesco.org\/fr\/RL\/le-batik-indonsien-00170\">https:\/\/ich.unesco.org\/fr\/RL\/le-batik-indonsien-00170<\/a><\/p>\n\n\n\n<p class=\"has-small-font-size\">2. International Batik Day: <a href=\"https:\/\/lepetitjournal.com\/vivre-a-jakarta\/symbole-batik-indonesie-232292\">https:\/\/lepetitjournal.com\/vivre-a-jakarta\/symbole-batik-indonesie-232292<\/a><\/p>\n\n\n\n<p class=\"has-small-font-size\">3. Vid\u00e9o sur Batik par l&rsquo;Unesco : <a href=\"https:\/\/www.youtube.com\/watch?v=wylWYSHkzoQ&amp;ab_channel=UNESCO\" target=\"_blank\" rel=\"noopener\" title=\"\">https:\/\/www.youtube.com\/watch?v=wylWYSHkzoQ&amp;ab_channel=UNESCO<\/a><\/p>\n\n\n\n<p style=\"font-size:3px\"><\/p>","protected":false},"excerpt":{"rendered":"<p>Qu&rsquo;est-ce que le Batik ? \u00ab\u00a0Batik\u00a0\u00bb \/bat\u026ak\/ est inscrit par l&rsquo;Unesco en 2009 au patrimoine culturel immat\u00e9riel indon\u00e9sien de l&rsquo;humanit\u00e9. Le mot indon\u00e9sien \u00ab\u00a0Batik\u00a0\u00bb vient du javanais \u00ab\u00a0bathik\u00a0\u00bb (\ua9a7\ua99b\ua9b6\ua98f\ua9c0) qui signifie jeter\/poser des points encore et encore. Le batik est un textile traditionnel auquel des valeurs culturelles immat\u00e9rielles tr\u00e8s riches sont associ\u00e9es et qui se [&hellip;]<\/p>\n","protected":false},"author":1,"featured_media":0,"parent":0,"menu_order":0,"comment_status":"closed","ping_status":"closed","template":"","meta":{"site-sidebar-layout":"default","site-content-layout":"","ast-site-content-layout":"default","site-content-style":"default","site-sidebar-style":"default","ast-global-header-display":"","ast-banner-title-visibility":"","ast-main-header-display":"","ast-hfb-above-header-display":"","ast-hfb-below-header-display":"","ast-hfb-mobile-header-display":"","site-post-title":"","ast-breadcrumbs-content":"","ast-featured-img":"","footer-sml-layout":"","ast-disable-related-posts":"","theme-transparent-header-meta":"","adv-header-id-meta":"","stick-header-meta":"","header-above-stick-meta":"","header-main-stick-meta":"","header-below-stick-meta":"","astra-migrate-meta-layouts":"default","ast-page-background-enabled":"default","ast-page-background-meta":{"desktop":{"background-color":"","background-image":"","background-repeat":"repeat","background-position":"center center","background-size":"auto","background-attachment":"scroll","background-type":"","background-media":"","overlay-type":"","overlay-color":"","overlay-opacity":"","overlay-gradient":""},"tablet":{"background-color":"","background-image":"","background-repeat":"repeat","background-position":"center center","background-size":"auto","background-attachment":"scroll","background-type":"","background-media":"","overlay-type":"","overlay-color":"","overlay-opacity":"","overlay-gradient":""},"mobile":{"background-color":"","background-image":"","background-repeat":"repeat","background-position":"center center","background-size":"auto","background-attachment":"scroll","background-type":"","background-media":"","overlay-type":"","overlay-color":"","overlay-opacity":"","overlay-gradient":""}},"ast-content-background-meta":{"desktop":{"background-color":"var(--ast-global-color-5)","background-image":"","background-repeat":"repeat","background-position":"center center","background-size":"auto","background-attachment":"scroll","background-type":"","background-media":"","overlay-type":"","overlay-color":"","overlay-opacity":"","overlay-gradient":""},"tablet":{"background-color":"var(--ast-global-color-5)","background-image":"","background-repeat":"repeat","background-position":"center center","background-size":"auto","background-attachment":"scroll","background-type":"","background-media":"","overlay-type":"","overlay-color":"","overlay-opacity":"","overlay-gradient":""},"mobile":{"background-color":"var(--ast-global-color-5)","background-image":"","background-repeat":"repeat","background-position":"center center","background-size":"auto","background-attachment":"scroll","background-type":"","background-media":"","overlay-type":"","overlay-color":"","overlay-opacity":"","overlay-gradient":""}},"footnotes":""},"class_list":["post-701","page","type-page","status-publish","hentry"],"aioseo_notices":[],"_links":{"self":[{"href":"https:\/\/sweatrepublix.com\/en\/wp-json\/wp\/v2\/pages\/701","targetHints":{"allow":["GET"]}}],"collection":[{"href":"https:\/\/sweatrepublix.com\/en\/wp-json\/wp\/v2\/pages"}],"about":[{"href":"https:\/\/sweatrepublix.com\/en\/wp-json\/wp\/v2\/types\/page"}],"author":[{"embeddable":true,"href":"https:\/\/sweatrepublix.com\/en\/wp-json\/wp\/v2\/users\/1"}],"replies":[{"embeddable":true,"href":"https:\/\/sweatrepublix.com\/en\/wp-json\/wp\/v2\/comments?post=701"}],"version-history":[{"count":25,"href":"https:\/\/sweatrepublix.com\/en\/wp-json\/wp\/v2\/pages\/701\/revisions"}],"predecessor-version":[{"id":1598,"href":"https:\/\/sweatrepublix.com\/en\/wp-json\/wp\/v2\/pages\/701\/revisions\/1598"}],"wp:attachment":[{"href":"https:\/\/sweatrepublix.com\/en\/wp-json\/wp\/v2\/media?parent=701"}],"curies":[{"name":"wp","href":"https:\/\/api.w.org\/{rel}","templated":true}]}}