{"id":505,"date":"2022-12-13T12:17:15","date_gmt":"2022-12-13T11:17:15","guid":{"rendered":"https:\/\/sweatrepublix.com\/?page_id=505"},"modified":"2022-12-13T12:48:18","modified_gmt":"2022-12-13T11:48:18","slug":"refund_returns","status":"publish","type":"page","link":"https:\/\/sweatrepublix.com\/en\/refund_returns\/","title":{"rendered":"Conditions g\u00e9n\u00e9rales de vente (CGV)"},"content":{"rendered":"<p><strong>Conditions g\u00e9n\u00e9rales de vente<\/strong><\/p>\n\n\n\n<p>Entre vous et l&rsquo;auto-entrepreneur Hapsari Gemala&nbsp;: Situ\u00e9e au 21 a chemin des montboucons 25000 Besan\u00e7on, immatricul\u00e9e au Registre du Commerce et des Soci\u00e9t\u00e9s de RCS Besan\u00e7on sous le num\u00e9ro SIRET 918 657&nbsp;701, Nom commercial&nbsp;: Sweatrepublix<\/p>\n\n\n\n<p><\/p>\n\n\n\n<p>Il a \u00e9t\u00e9 expos\u00e9 et convenu ce qui suit :<\/p>\n\n\n\n<p><strong>PREAMBULE<\/strong><br>Le Vendeur est \u00e9diteur de Produits et Services de v\u00eatements de sport et accessoires \u00e0 destination de consommateurs commercialis\u00e9s par l\u2019interm\u00e9diaire de son site Internet (www.sweatrepublix.com). La liste et le descriptif des biens et services propos\u00e9s par l&rsquo;auto-entrepreneur peuvent \u00eatre consult\u00e9s sur le site susmentionn\u00e9.<br><br><strong>Article 1 : Objet<\/strong><br>Les pr\u00e9sentes Conditions G\u00e9n\u00e9rales de Vente d\u00e9terminent les droits et obligations des parties dans le cadre de la vente en ligne de Produits ou Services propos\u00e9s par le Vendeur.<br><br><strong>Article 2 : Dispositions g\u00e9n\u00e9rales<\/strong><br>Les pr\u00e9sentes Conditions G\u00e9n\u00e9rales de Vente (CGV) r\u00e9gissent les ventes de Produits ou de Services, effectu\u00e9es au travers des sites Internet de l&rsquo;auto-entrepreneur, et sont partie int\u00e9grante du Contrat entre l\u2019Acheteur et le Vendeur. Elle sont pleinement opposable \u00e0 l&rsquo;Acheteur qui les a accept\u00e9 avant de passer commande.<br><br>Le Vendeur se r\u00e9serve la possibilit\u00e9 de modifier les pr\u00e9sentes, \u00e0 tout moment par la publication d\u2019une nouvelle version sur son site Internet. Les CGV applicables alors sont celles \u00e9tant en vigueur \u00e0 la date du paiement (ou du premier paiement en cas de paiements multiples) de la commande.<br><br>L&rsquo;auto-entrepreneur s\u2019assure \u00e9galement que leur acceptation soit claire et sans r\u00e9serve en mettant en place une case \u00e0 cocher et un clic de validation. Le Client d\u00e9clare avoir pris connaissance de l\u2019ensemble des pr\u00e9sentes Conditions G\u00e9n\u00e9rales de Vente, et le cas \u00e9ch\u00e9ant des Conditions Particuli\u00e8res de Vente li\u00e9es \u00e0 un produit ou \u00e0 un service, et les accepter sans restriction ni r\u00e9serve.<br><br>Le Client d\u00e9clare \u00eatre en mesure de contracter l\u00e9galement en vertu des lois fran\u00e7aises ou valablement repr\u00e9senter la personne physique ou morale pour laquelle il s\u2019engage.<br><br>Sauf preuve contraire les informations enregistr\u00e9es par l&rsquo;auto-entrepreneur constituent la preuve de l\u2019ensemble des transactions.<br><br><strong>Article 3 : Prix<\/strong><br>Les prix des produits vendus au travers des sites Internet sont indiqu\u00e9s en Euros hors taxes et pr\u00e9cis\u00e9ment d\u00e9termin\u00e9s sur les pages de descriptifs des Produits. Ils sont \u00e9galement indiqu\u00e9s en euros toutes taxes comprises (TVA + autres taxes \u00e9ventuelles) sur la page de commande des produits, et hors frais sp\u00e9cifiques d&rsquo;exp\u00e9dition.<br><br><strong>Article 4 : Produits et services<\/strong><br>Les caract\u00e9ristiques essentielles des biens, des services et leurs prix respectifs sont mis \u00e0 disposition de l\u2019acheteur sur les sites Internet de la soci\u00e9t\u00e9, de m\u00eame, le cas \u00e9ch\u00e9ant, que le mode d&rsquo;utilisation du produit. Conform\u00e9ment \u00e0 l&rsquo;article L112-1 du Code la consommation, le consommateur est inform\u00e9, par voie de marquage, d&rsquo;\u00e9tiquetage, d&rsquo;affichage ou par tout autre proc\u00e9d\u00e9 appropri\u00e9, des prix et des conditions particuli\u00e8res de la vente et de l&rsquo;ex\u00e9cution des services avant toute conclusion du contrat de vente. Dans tous les cas, le montant total d\u00fb par l&rsquo;Acheteur est indiqu\u00e9 sur la page de confirmation de la commande. Le prix de vente du produit est celui en vigueur indiqu\u00e9 au jour de la commande, celui-ci ne comportant par les frais de ports factur\u00e9s en suppl\u00e9ment. Ces \u00e9ventuels frais sont indiqu\u00e9s \u00e0 l&rsquo;Acheteur lors du process de vente, et en tout \u00e9tat de cause au moment de la confirmation de la commande. Le Vendeur se r\u00e9serve la possibilit\u00e9 de modifier ses prix \u00e0 tout moment, tout en garantissant l&rsquo;application du prix indiqu\u00e9 au moment de la commande.<br><br><strong>Article 5 : Modalit\u00e9s de livraison<\/strong><br>Les produits sont livr\u00e9s \u00e0 l&rsquo;adresse de livraison qui a \u00e9t\u00e9 indiqu\u00e9e lors de la commande et dans les d\u00e9lais indiqu\u00e9s. Ces d\u00e9lais ne prennent pas en compte le d\u00e9lai de pr\u00e9paration de la commande.<br><br><strong>Article 6 : Paiement<\/strong><br>Le paiement est exigible imm\u00e9diatement \u00e0 la commande, y compris pour les produits en pr\u00e9commande. Le paiement s\u00e9curis\u00e9 en ligne par carte bancaire est r\u00e9alis\u00e9 par notre prestataire de paiement. Ce service int\u00e8gre la norme de s\u00e9curit\u00e9 SSL. Vos donn\u00e9es banquaires&nbsp;: num\u00e9ro de carte, bancaire, date d\u2019expiration, code CVX sont transmises crypt\u00e9es sur le serveur de la banque sans transiter sur les supports physiques du serveur Sweatrepublix. Sweatrepublix ne traite aucun num\u00e9ro de carte de cr\u00e9dit.<\/p>\n\n\n\n<p>Une fois le paiement lanc\u00e9 par le Client, la transaction est imm\u00e9diatement d\u00e9bit\u00e9e apr\u00e8s v\u00e9rification des informations. Conform\u00e9ment aux dispositions du Code mon\u00e9taire et financier, l\u2019engagement de payer donn\u00e9 par carte est irr\u00e9vocable. En communiquant ses informations bancaires lors de la vente, le Client autorise le Vendeur \u00e0 d\u00e9biter sa carte du montant relatif au prix indiqu\u00e9. Le Client confirme qu\u2019il est bien le titulaire l\u00e9gal de la carte \u00e0 d\u00e9biter et qu\u2019il est l\u00e9galement en droit d\u2019en faire usage. En cas d\u2019erreur, ou d\u2019impossibilit\u00e9 de d\u00e9biter la carte, la Vente est imm\u00e9diatement r\u00e9solue de plein droit et la commande annul\u00e9e.<br><br><strong>Article 7 : D\u00e9lai de r\u00e9tractation<\/strong><br>Conform\u00e9ment aux dispositions de l&rsquo;article L 221-5 du Code de la consommation, l&rsquo;Acheteur dispose du droit de se r\u00e9tracter sans donner de motif, dans un d\u00e9lai de quatorze (14) jours \u00e0 la date de r\u00e9ception de sa commande.<br><br>Le droit de r\u00e9tractation peut \u00eatre exerc\u00e9 en contactant l&rsquo;auto-entrepreneur par mail \u00e0 cette adresse : <a href=\"mailto:contact@sweatrepublix.com\">contact@sweatrepublix.com<\/a>. Des instructions pour effectuer le retour vous seront alors retourn\u00e9es \u00e0 l\u2019adresse mail que vous avez utilis\u00e9 pour faire votre demande de retour. Aucun retour ne doit \u00eatre fait sans avoir obtenu l\u2019accord de Swetrepublix.<br><br>En cas d\u2019exercice du droit de r\u00e9tractation dans le d\u00e9lai susmentionn\u00e9, le prix du ou des produits achet\u00e9s et les frais d\u2019envoi seront rembours\u00e9s, les frais de retour restant \u00e0 la charge du Client.<\/p>\n\n\n\n<ul class=\"wp-block-list\">\n<li>Les produits renvoy\u00e9s doivent \u00eatre dans le m\u00eame \u00e9tat que lorsque vous les avez re\u00e7us (non port\u00e9s, non lav\u00e9s et encore \u00e9tiquet\u00e9s)<\/li>\n\n\n\n<li>Les frais d\u2019exp\u00e9dition de retour restent \u00e0 la charge du client, Sweatrepublix ne saura \u00eatre tenu responsable en cas de perte d\u2019un ou plusieurs articles durant le retour du colis.<\/li>\n\n\n\n<li>A r\u00e9ception du ou des produits concern\u00e9(s), la soci\u00e9t\u00e9 Sweatrepublix remboursera au Client la somme d\u00e9j\u00e0 vers\u00e9e lors de la commande en ligne. Les remboursements des produits seront effectu\u00e9s par la Soci\u00e9t\u00e9 Sweatrepublix dans un d\u00e9lai maximum de 15 jours apr\u00e8s la r\u00e9ception par elle des dits produits. Le remboursement s\u2019effectuera suivant le m\u00eame mode de r\u00e8glement choisi par le client au moment de sa commande ou par la remise de bon d\u2019achat.&nbsp;<\/li>\n<\/ul>\n\n\n\n<p><br><strong>Article 8 : Garanties<\/strong><br>Conform\u00e9ment \u00e0 la loi, le Vendeur assume les garanties suivantes : de conformit\u00e9 et relative aux vices cach\u00e9s des produits. Le Vendeur rembourse l&rsquo;acheteur ou \u00e9change les produits apparemment d\u00e9fectueux ou ne correspondant pas \u00e0 la commande effectu\u00e9e. La demande de remboursement doit s&rsquo;effectuer par mail \u00e0 cette adresse : <a href=\"mailto:contact@sweatrepublix.com\">contact@sweatrepublix.com<\/a> nous prendrons alors contact avec vous.<br><br><strong>Article 9 : R\u00e9clamations et m\u00e9diation<\/strong><br>Le cas \u00e9ch\u00e9ant, l\u2019Acheteur peut pr\u00e9senter toute r\u00e9clamation en contactant l&rsquo;auto-entrepreneur par mail \u00e0 cette adresse : <a href=\"mailto:contact@sweatrepublix.com\">contact@sweatrepublix.com<\/a>.<\/p>\n\n\n\n<p>Conform\u00e9ment aux articles L.616-1 et R.616-1 du code de la consommation, nous proposons un dispositif de m\u00e9diation de la consommation. L&rsquo;entit\u00e9 de m\u00e9diation retenue est : CNPM &#8211; MEDIATION DE LA CONSOMMATION. En cas de litige, vous pouvez d\u00e9poser votre r\u00e9clamation sur son site : https:\/\/cnpm-mediation-consommation.eu ou par voie postale en \u00e9crivant \u00e0 CNPM &#8211; MEDIATION &#8211; CONSOMMATION &#8211; 27 avenue de la lib\u00e9ration &#8211; 42400 Saint-Chamond<\/p>\n\n\n\n<p>Lien d\u2019information pour l\u2019union europ\u00e9enne&nbsp;:<br>https:\/\/ec.europa.eu\/consumers\/odr<\/p>\n\n\n\n<p><br><strong>Article 10 : Force majeure<\/strong><br>L\u2019ex\u00e9cution des obligations du vendeur au terme des pr\u00e9sentes est suspendue en cas de survenance d\u2019un cas fortuit ou de force majeure qui en emp\u00eacherait l\u2019ex\u00e9cution. Le vendeur avisera le client de la survenance d\u2019un tel \u00e9v\u00e8nement d\u00e8s que possible.<br><br><strong>Article 11 : Protection des donn\u00e9es personnelles<\/strong><br>Conform\u00e9ment au R\u00e8glement 2016\/679 du 27 avril 2016 relatif \u00e0 la protection des personnes physiques \u00e0 l&rsquo;\u00e9gard du traitement des donn\u00e9es \u00e0 caract\u00e8re personnel et \u00e0 la libre circulation de ces donn\u00e9es, le Vendeur met en place un traitement de donn\u00e9es personnelles qui a pour finalit\u00e9 la vente et la livraison de produits et services d\u00e9finis au pr\u00e9sent contrat. Nous travaillons avec un distributeur de produits imprim\u00e9s \u00e0 la demande les informations n\u00e9cessaires \u00e0 la livraison des produits sont partag\u00e9es avec eux.<\/p>\n\n\n\n<p><strong>Article 12 Annulation de la vente par le vendeur<\/strong><\/p>\n\n\n\n<p>Nous nous r\u00e9servons le droit d\u2019annuler votre commande en vous le notifiant par \u00e9crit (email). L\u2019annulation de votre commande engendre le remboursement des sommes vers\u00e9es (commande et frais de livraison) mais ne donne pas droit \u00e0 des dommages et int\u00e9r\u00eats.<\/p>\n\n\n\n<p>La commande peut \u00eatre annul\u00e9e pour les motifs suivants&nbsp;:<\/p>\n\n\n\n<ul class=\"wp-block-list\">\n<li>Erreur manifeste dans le prix affich\u00e9 sur le site<\/li>\n\n\n\n<li>Cas de force majeur<\/li>\n\n\n\n<li>Vous n\u2019avez pas l\u2019\u00e2ge l\u00e9gal n\u00e9cessaire \u00e0 la conclusion du contrat de vente<\/li>\n\n\n\n<li>Non-paiement<\/li>\n\n\n\n<li>Produit non disponible en stock<\/li>\n\n\n\n<li>Informations fournies incorrects ou impossibles \u00e0 v\u00e9rifier<\/li>\n<\/ul>\n\n\n\n<p><strong>Article 13&nbsp;: Propri\u00e9t\u00e9s intellectuelles<\/strong><\/p>\n\n\n\n<p>L\u2019ensemble des logos design et contenu du site sont la propri\u00e9t\u00e9 de la soci\u00e9t\u00e9 commerciale Sweat Republix EI Gemala Hapsari. Interdiction de les reproduire enti\u00e8rement ou partiellement sans autorisation.<\/p>\n\n\n\n<p>La marque Sweat Republix est une marque d\u00e9pos\u00e9e<\/p>\n\n\n\n<p><\/p>\n\n\n\n<p><strong>Article 14 informations compl\u00e9mentaires<\/strong><\/p>\n\n\n\n<p><strong>Comment vos produits sont-ils fabriqu\u00e9s ?<\/strong><br>Nous travaillons avec un distributeur de produits imprim\u00e9s \u00e0 la demande. Ils sont pr\u00e9sents dans<br>le monde entier, donc selon l&rsquo;endroit o\u00f9 vous vous trouvez, vos commandes sont imprim\u00e9es et<br>exp\u00e9di\u00e9es depuis le site qui peut le faire le plus efficacement !<\/p>\n\n\n\n<p><br><strong>Comment puis-je suivre ma commande ?<\/strong><br>Vous recevrez un lien de suivi par e-mail lorsque votre commande sera exp\u00e9di\u00e9e. Si vous avez<br>des questions concernant le suivi ou l&rsquo;exp\u00e9dition de votre commande, \u00e9crivez-nous \u00e0<br><a href=\"mailto:contact@sweatrepublix.com\">contact@sweatrepublix.com<\/a><\/p>\n\n\n\n<p><strong>Article 15\u00a0: Formulaire de r\u00e9tractation<\/strong><\/p>\n\n\n\n<p>MOD\u00c8LE DE FORMULAIRE DE R\u00c9TRACTATION<\/p>\n\n\n\n<p><\/p>\n\n\n\n<p>(Veuillez compl\u00e9ter et renvoyer le pr\u00e9sent formulaire uniquement si vous souhaitez vous r\u00e9tracter du contrat.)<\/p>\n\n\n\n<p>A l&rsquo;attention de la soci\u00e9t\u00e9 Sweat Republix repr\u00e9sent\u00e9e par l\u2019EI Gemala Hapsari, adresse mail contact@sweatrepublix.com :<\/p>\n\n\n\n<p>Je\/nous (*) vous notifie\/notifions (*) par la pr\u00e9sente ma\/notre (*) r\u00e9tractation du contrat portant sur la vente du bien (*)\/pour la prestation de services (*) ci-dessous (merci d\u2019indiquer le num\u00e9ro de commande) :<\/p>\n\n\n\n<p>Command\u00e9 le (*)\/re\u00e7u le (*) :<\/p>\n\n\n\n<p>Nom du (des) consommateur(s) :<\/p>\n\n\n\n<p>Adresse du (des) consommateur(s) :<\/p>\n\n\n\n<p>Signature du (des) consommateur(s) (uniquement en cas de notification du pr\u00e9sent formulaire sur papier) :<\/p>\n\n\n\n<p>Date :<\/p>\n\n\n\n<p>(*) Rayez la mention inutile.<\/p>\n\n\n\n<p><\/p>","protected":false},"excerpt":{"rendered":"<p>Conditions g\u00e9n\u00e9rales de vente Entre vous et l&rsquo;auto-entrepreneur Hapsari Gemala&nbsp;: Situ\u00e9e au 21 a chemin des montboucons 25000 Besan\u00e7on, immatricul\u00e9e au Registre du Commerce et des Soci\u00e9t\u00e9s de RCS Besan\u00e7on sous le num\u00e9ro SIRET 918 657&nbsp;701, Nom commercial&nbsp;: Sweatrepublix Il a \u00e9t\u00e9 expos\u00e9 et convenu ce qui suit : PREAMBULELe Vendeur est \u00e9diteur de Produits [&hellip;]<\/p>\n","protected":false},"author":1,"featured_media":0,"parent":0,"menu_order":0,"comment_status":"closed","ping_status":"closed","template":"","meta":{"site-sidebar-layout":"default","site-content-layout":"","ast-site-content-layout":"default","site-content-style":"default","site-sidebar-style":"default","ast-global-header-display":"","ast-banner-title-visibility":"","ast-main-header-display":"","ast-hfb-above-header-display":"","ast-hfb-below-header-display":"","ast-hfb-mobile-header-display":"","site-post-title":"","ast-breadcrumbs-content":"","ast-featured-img":"","footer-sml-layout":"","ast-disable-related-posts":"","theme-transparent-header-meta":"","adv-header-id-meta":"","stick-header-meta":"","header-above-stick-meta":"","header-main-stick-meta":"","header-below-stick-meta":"","astra-migrate-meta-layouts":"default","ast-page-background-enabled":"default","ast-page-background-meta":{"desktop":{"background-color":"","background-image":"","background-repeat":"repeat","background-position":"center center","background-size":"auto","background-attachment":"scroll","background-type":"","background-media":"","overlay-type":"","overlay-color":"","overlay-opacity":"","overlay-gradient":""},"tablet":{"background-color":"","background-image":"","background-repeat":"repeat","background-position":"center center","background-size":"auto","background-attachment":"scroll","background-type":"","background-media":"","overlay-type":"","overlay-color":"","overlay-opacity":"","overlay-gradient":""},"mobile":{"background-color":"","background-image":"","background-repeat":"repeat","background-position":"center center","background-size":"auto","background-attachment":"scroll","background-type":"","background-media":"","overlay-type":"","overlay-color":"","overlay-opacity":"","overlay-gradient":""}},"ast-content-background-meta":{"desktop":{"background-color":"var(--ast-global-color-5)","background-image":"","background-repeat":"repeat","background-position":"center center","background-size":"auto","background-attachment":"scroll","background-type":"","background-media":"","overlay-type":"","overlay-color":"","overlay-opacity":"","overlay-gradient":""},"tablet":{"background-color":"var(--ast-global-color-5)","background-image":"","background-repeat":"repeat","background-position":"center center","background-size":"auto","background-attachment":"scroll","background-type":"","background-media":"","overlay-type":"","overlay-color":"","overlay-opacity":"","overlay-gradient":""},"mobile":{"background-color":"var(--ast-global-color-5)","background-image":"","background-repeat":"repeat","background-position":"center center","background-size":"auto","background-attachment":"scroll","background-type":"","background-media":"","overlay-type":"","overlay-color":"","overlay-opacity":"","overlay-gradient":""}},"footnotes":""},"class_list":["post-505","page","type-page","status-publish","hentry"],"aioseo_notices":[],"_links":{"self":[{"href":"https:\/\/sweatrepublix.com\/en\/wp-json\/wp\/v2\/pages\/505","targetHints":{"allow":["GET"]}}],"collection":[{"href":"https:\/\/sweatrepublix.com\/en\/wp-json\/wp\/v2\/pages"}],"about":[{"href":"https:\/\/sweatrepublix.com\/en\/wp-json\/wp\/v2\/types\/page"}],"author":[{"embeddable":true,"href":"https:\/\/sweatrepublix.com\/en\/wp-json\/wp\/v2\/users\/1"}],"replies":[{"embeddable":true,"href":"https:\/\/sweatrepublix.com\/en\/wp-json\/wp\/v2\/comments?post=505"}],"version-history":[{"count":4,"href":"https:\/\/sweatrepublix.com\/en\/wp-json\/wp\/v2\/pages\/505\/revisions"}],"predecessor-version":[{"id":1357,"href":"https:\/\/sweatrepublix.com\/en\/wp-json\/wp\/v2\/pages\/505\/revisions\/1357"}],"wp:attachment":[{"href":"https:\/\/sweatrepublix.com\/en\/wp-json\/wp\/v2\/media?parent=505"}],"curies":[{"name":"wp","href":"https:\/\/api.w.org\/{rel}","templated":true}]}}