{"id":3087,"date":"2023-03-30T17:51:29","date_gmt":"2023-03-30T16:51:29","guid":{"rendered":"https:\/\/sweatrepublix.com\/?page_id=3087"},"modified":"2023-03-30T19:23:06","modified_gmt":"2023-03-30T18:23:06","slug":"info-produit","status":"publish","type":"page","link":"https:\/\/sweatrepublix.com\/en\/foire-aux-questions-faq\/info-produit\/","title":{"rendered":"Product Information"},"content":{"rendered":"<p style=\"font-size:15px\"><strong>All over print hoodie unisex<\/strong><\/p>\n\n\n\n<p>\u2022 70% polyester, 27% cotton, 3% elastane<br>\u2022 Fabric weight: 8.85 oz\/yd\u00b2 (300 g\/m\u00b2), weight may vary by 5%<br>\u2022 Soft cotton-feel fabric face<br>\u2022 Brushed fleece fabric inside<br>\u2022 Double-lined hood with design on both sides<br>\u2022 Unisex style<br>\u2022 Comes with drawstrings<br>\u2022 Overlock seams<br>\u2022 Blank product components in Mexico sourced from Poland and Mexico<br>\u2022 Blank product components in the EU sourced from China and Poland<\/p>\n\n\n\n<p id=\"product-info-hoodie\" style=\"font-size:5px\"><\/p>\n\n\n\n<p style=\"font-size:5px\"><\/p>\n\n\n\n<p><strong>All over print leggings woman<\/strong><\/p>\n\n\n\n<p>\u2022 82% polyester, 18% spandex<br>\u2022 Four-way stretch, which means fabric stretches and recovers on the cross and lengthwise grains.<br>\u2022 Made with a smooth, comfortable microfiber yarn<br>\u2022 Raised waistband<br>\u2022 Precision-cut and hand-sewn after printing<\/p>\n\n\n\n<p style=\"font-size:5px\"><\/p>\n\n\n\n<p><strong>All over print t-shirt woman<\/strong><\/p>\n\n\n\n<p>\u2022 92% polyester, 8% spandex<br>\u2022 Fabric weight: 4.42 oz\/yd\u00b2 (150 g\/m\u00b2)<br>\u2022 MaxDri moisture management &amp; MicroBlok anti-microbial fabric<br>\u2022 Very soft four-way stretch sports mesh fabric<br>\u2022 Comfortable fit<br>\u2022 Overlock and coverstitch<\/p>\n\n\n\n<p style=\"font-size:5px\"><\/p>\n\n\n\n<p><strong>All over print t-shirt man<\/strong><\/p>\n\n\n\n<p>\u2022 92% polyester, 8% spandex<br>\u2022 Fabric weight: 4.42 oz\/yd\u00b2 (150 g\/m\u00b2), weight may vary by 5%<br>\u2022 MaxDri moisture management &amp; MicroBlok anti-microbial fabric<br>\u2022 Very soft four-way stretch sports mesh fabric<br>\u2022 Comfortable fit<br>\u2022 Overlock and coverstitch<br>\u2022 Blank product components sourced from China<\/p>\n\n\n\n<p style=\"font-size:5px\"><\/p>\n\n\n\n<p><strong>All over print crop-top woman<\/strong><\/p>\n\n\n\n<p>\u2022 95% polyester, 5% elastane (fabric composition may vary by 1%)<br>\u2022 Premium knit mid-weight jersey<br>\u2022 Stretch fabric<br>\u2022 Regular fit<\/p>\n\n\n\n<p style=\"font-size:5px\"><\/p>\n\n\n\n<p><strong>All over print: recycled shorts man<\/strong><\/p>\n\n\n\n<p>\u2022 91% recycled polyester, 9% spandex (fabric composition may vary by 3%)<br>\u2022 Fabric weight: 5.13 oz. \/yd. \u00b2 (174 g\/m\u00b2)<br>\u2022 Four-way stretch moisture-wicking microfiber fabric<br>\u2022 Breathable and fast-drying material<br>\u2022 UPF50+ protection<br>\u2022 6.5\u2033 (16.5 cm) inseam<br>\u2022 Elastic waistband with a flat white drawstring<br>\u2022 Mesh side pockets<br>\u2022 No inner lining<br>\u2022 Composants du produit vierge provenant de la Chine<\/p>\n\n\n\n<p style=\"font-size:5px\"><\/p>\n\n\n\n<p><strong>All over print unisex Bomber Jacket<\/strong><\/p>\n\n\n\n<p>\u2022 100% polyester<br>\u2022 Fabric weight: 220 g\/m\u00b2 (6,49 oz\/yd\u00b2) (weight may vary by 5%)<br>\u2022 Brushed fleece fabric inside<br>\u2022 Unisex fit<br>\u2022 Comes with drawstrings<br>\u2022 Overlock seams<br>\u2022 Silver YKK zipper<br>\u2022 2 self-fabric pockets<br>\u2022 Blank product components sourced from the US and China<\/p>\n\n\n\n<p style=\"font-size:5px\"><\/p>\n\n\n\n<p><strong>All over print drawstring bag<\/strong><\/p>\n\n\n\n<p>\u2022 100% spun polyester<br>\u2022 One size: 15\u2033 \u00d7 17\u2033 (38.1 cm \u00d7 43.2 cm)<br>\u2022 Fabric weight in the EU (may vary by 5%): 6.64 oz\/yd\u00b2 (225 g\/m\u00b2)\"<br>\u2022 Maximum weight limit: 33 lbs (15 kg)<br>\u2022 Twin cotton handles<br>\u2022 Drawstring closure<br>\u2022 Blank product components sourced from China<\/p>\n\n\n\n<p style=\"font-size:5px\"><\/p>\n\n\n\n<p><strong>All over print recycled short woman<\/strong><\/p>\n\n\n\n<p>\u2022 91% recycled polyester, 9% spandex (fabric composition may vary by 3%)<br>\u2022 Fabric weight: 5.13 oz. \/yd. \u00b2 (174 g\/m\u00b2)<br>\u2022 Four-way stretch moisture-wicking microfiber fabric<br>\u2022 Breathable and fast-drying material<br>\u2022 UPF50+ protection<br>\u2022 6.5\u2033 (16.5 cm) inseam<br>\u2022 Elastic waistband with a flat white drawstring<br>\u2022 Mesh side pockets<br>\u2022 No inner lining<br>\u2022 Blank product components in Mexico sourced from China and Mexico<br>\u2022 Blank product components in the EU sourced from China and Lithuania<\/p>\n\n\n\n<p style=\"font-size:5px\"><\/p>\n\n\n\n<p><strong>All over print biker short<\/strong><\/p>\n\n\n\n<p>\u2022 82&nbsp;% polyester, 18&nbsp;% spandex<br>\u2022 Fabric weight: 250 g\/m\u00b2 (208,94 g\/yd\u00b2), weight may vary by 5%<br>- Comfortable elastic belt: 2.5 cm (1 \")<br>\u2022 High-waisted fit<br>\u2022 Butt-lifting cut<br>\u2022 Coupe qui soul\u00e8ve les fesses<br>\u2022 Flattering length that looks good on all body types<br>\u2022&nbsp;Produit vierge au Mexique provenant de Chine<br>\u2022 Blank products in Europe sourced from China and Lithuania<\/p>\n\n\n\n<p style=\"font-size:5px\"><\/p>\n\n\n\n<p><strong>All over print windbreaker<\/strong><\/p>\n\n\n\n<p>\u2022 100&nbsp;% polyester<br>\u2022 Breathable mesh lining, reduces static<br>\u2022 Water resistant<br>\u2022 Elastic cuffs<br>\u2022 Adjustable drawcords on the hood and waist<br>\u2022 Half-zippable front<br>\u2022 Side-slit pockets<br>\u2022 Blank product sourced from China<\/p>\n\n\n\n<p style=\"font-size:5px\"><\/p>\n\n\n\n<p><strong>All over print short yoga<\/strong><\/p>\n\n\n\n<p>\u2022 82&nbsp;% polyester, 18&nbsp;% \u00e9lasthanne<br>\u2022 Very soft four-way stretch fabric<br>\u2022 Comfortable high waistband<br>\u2022 Flat seam and coverstitch<br>\u2022 Blank product components in the US and Mexico sourced from China<br>\u2022 Blank product components in the EU sourced from China and Lithuania<\/p>\n\n\n\n<p style=\"font-size:5px\"><\/p>\n\n\n\n<p><strong>All over print yoga capri<\/strong><\/p>\n\n\n\n<p>\u2022 82&nbsp;% polyester, 18&nbsp;% \u00e9lasthanne<br>\u2022 Mid-calf length<br>\u2022 Very soft four-way stretch fabric<br>\u2022 Comfortable high waistband<br>\u2022 Flat seam and coverstitch<br>\u2022 Blank product components in the US and Mexico sourced from China<br>\u2022 Blank product components in the EU sourced from China and Lithuania<\/p>\n\n\n\n<p style=\"font-size:5px\"><\/p>\n\n\n\n<p><strong>T-shirt unisex<\/strong><\/p>\n\n\n\n<p>\u2022 100% combed and ring-spun cotton (Heather colors contain polyester)<br>\u2022 Fabric weight: 4.2 oz\/yd\u00b2 (142 g\/m\u00b2)<br>\u2022 Pre-shrunk fabric<br>\u2022 Removable lable<br>\u2022 Side-seamed construction<br>\u2022 Shoulder-to-shoulder taping<br>\u2022 Blank product sourced from Guatemala, Nicaragua, Mexico, Honduras, or the US<\/p>\n\n\n\n<p style=\"font-size:5px\"><\/p>\n\n\n\n<p><strong>All over print fanny pack<\/strong><\/p>\n\n\n\n<p>\u2022 100&nbsp;% polyester<br>\u2022 Fabric weight\u00a0: 325 g\/m\u00b2 (9.56 oz\/yd\u00b2), weight may vary by 5 %<br>\u2022 Dimensions&nbsp;: hauteur: 16&nbsp;cm (6.5&Prime;), longueur: 33&nbsp;cm (13&Prime;), profondeur: 7&nbsp;cm (2\u00be\u00a0\u00bb)<br>\u2022 Water-resistant material<br>\u2022 Top zipper with 2 sliders<br>\u2022 Silky lining, piped inside hems<br>\u2022 1\u00bc\u2033 (2.54 cm) wide adjustable straps with plastic strap regulators<br>\u2022 Blank product components sourced from China<\/p>\n\n\n\n<p style=\"font-size:5px\"><\/p>\n\n\n\n<p> <strong>All over print tote bag<\/strong><\/p>\n\n\n\n<p>\u2022 100% spun polyester fabric<br>\u2022 Bag size: 15\u2033 \u00d7 15\u2033 (38.1 \u00d7 38.1 cm)<br>\u2022 Capacity: 2.6 US gal (10 l)<br>\u2022 Maximum weight limit: 44lbs (20 kg)<br>\u2022 Dual handles made from 100% natural cotton bull denim<br>\u2022 Handle length 11.8\u2033 (30 cm), width 1\u2033 (2.5 cm)<br>\u2022 The handles can slightly differ depending on the fulfillment location<\/p>\n\n\n\n<p style=\"font-size:5px\"><\/p>\n\n\n\n<p> <strong>All over print gym bag<\/strong><\/p>\n\n\n\n<p>\u2022 100&nbsp;% polyester<br>\u2022 Poids du tissu&nbsp;:&nbsp;336&nbsp;g\/m\u00b2 (9,91&nbsp;oz\/yd\u00b2)<br>\u2022 Water-resistant and durable<br>\u2022 Sturdy fabric with fusible backing to add firmness<br>\u2022 T-piping for stability<br>\u2022 Inside pocket for valuables<br>\u2022 Inside pocket for valuables<\/p>\n\n\n\n<p style=\"font-size:5px\"><\/p>\n\n\n\n<p><strong>Pastel baseball hat<\/strong><\/p>\n\n\n\n<p>\u2022 100&nbsp;% coton chino<br>\u2022 Soft, unstructured crown<br>\u2022 6-panel, low-profile<br>\u2022 Pre-curved peak<br>\u2022 Stitched eyelets<br>\u2022 Self-fabric strap with a tri-glide buckle<br>\u2022 Sponge-clean only<br>\u2022 Blank product sourced from China<\/p>\n\n\n\n<p style=\"font-size:5px\"><\/p>\n\n\n\n<p><strong>Vintage Cotton Twill Cap<\/strong><\/p>\n\n\n\n<p>\u2022 100% cotton twill<br>\u2022 6-panel unstructured cap with a low profile<br>\u2022 6 sewn eyelets<br>\u2022 Black sweatband<br>\u2022 Metal snap buckle with an antique brass finish<\/p>\n\n\n\n<p><\/p>","protected":false},"excerpt":{"rendered":"<p>All over print hoodie taille unisexe \u2022 70 % polyester, 27 % coton, 3 % \u00e9lasthanne\u2022 Poids du tissu : 300 g\/m\u00b2 (8,85 oz\/yd\u00b2) (le poids peut varier de 5 %)\u2022 Tissu en coton doux au toucher\u2022 Polaire bross\u00e9e \u00e0 l&rsquo;int\u00e9rieur\u2022 Capuche doubl\u00e9e avec motif des deux c\u00f4t\u00e9s\u2022 Style unisexe\u2022 Coutures surjet\u00e9es\u2022 Livr\u00e9 avec les [&hellip;]<\/p>\n","protected":false},"author":1,"featured_media":0,"parent":1735,"menu_order":0,"comment_status":"closed","ping_status":"closed","template":"","meta":{"site-sidebar-layout":"default","site-content-layout":"","ast-site-content-layout":"default","site-content-style":"default","site-sidebar-style":"default","ast-global-header-display":"","ast-banner-title-visibility":"","ast-main-header-display":"","ast-hfb-above-header-display":"","ast-hfb-below-header-display":"","ast-hfb-mobile-header-display":"","site-post-title":"","ast-breadcrumbs-content":"","ast-featured-img":"","footer-sml-layout":"","ast-disable-related-posts":"","theme-transparent-header-meta":"","adv-header-id-meta":"","stick-header-meta":"","header-above-stick-meta":"","header-main-stick-meta":"","header-below-stick-meta":"","astra-migrate-meta-layouts":"default","ast-page-background-enabled":"default","ast-page-background-meta":{"desktop":{"background-color":"","background-image":"","background-repeat":"repeat","background-position":"center center","background-size":"auto","background-attachment":"scroll","background-type":"","background-media":"","overlay-type":"","overlay-color":"","overlay-opacity":"","overlay-gradient":""},"tablet":{"background-color":"","background-image":"","background-repeat":"repeat","background-position":"center center","background-size":"auto","background-attachment":"scroll","background-type":"","background-media":"","overlay-type":"","overlay-color":"","overlay-opacity":"","overlay-gradient":""},"mobile":{"background-color":"","background-image":"","background-repeat":"repeat","background-position":"center center","background-size":"auto","background-attachment":"scroll","background-type":"","background-media":"","overlay-type":"","overlay-color":"","overlay-opacity":"","overlay-gradient":""}},"ast-content-background-meta":{"desktop":{"background-color":"var(--ast-global-color-5)","background-image":"","background-repeat":"repeat","background-position":"center center","background-size":"auto","background-attachment":"scroll","background-type":"","background-media":"","overlay-type":"","overlay-color":"","overlay-opacity":"","overlay-gradient":""},"tablet":{"background-color":"var(--ast-global-color-5)","background-image":"","background-repeat":"repeat","background-position":"center center","background-size":"auto","background-attachment":"scroll","background-type":"","background-media":"","overlay-type":"","overlay-color":"","overlay-opacity":"","overlay-gradient":""},"mobile":{"background-color":"var(--ast-global-color-5)","background-image":"","background-repeat":"repeat","background-position":"center center","background-size":"auto","background-attachment":"scroll","background-type":"","background-media":"","overlay-type":"","overlay-color":"","overlay-opacity":"","overlay-gradient":""}},"footnotes":""},"class_list":["post-3087","page","type-page","status-publish","hentry"],"aioseo_notices":[],"_links":{"self":[{"href":"https:\/\/sweatrepublix.com\/en\/wp-json\/wp\/v2\/pages\/3087","targetHints":{"allow":["GET"]}}],"collection":[{"href":"https:\/\/sweatrepublix.com\/en\/wp-json\/wp\/v2\/pages"}],"about":[{"href":"https:\/\/sweatrepublix.com\/en\/wp-json\/wp\/v2\/types\/page"}],"author":[{"embeddable":true,"href":"https:\/\/sweatrepublix.com\/en\/wp-json\/wp\/v2\/users\/1"}],"replies":[{"embeddable":true,"href":"https:\/\/sweatrepublix.com\/en\/wp-json\/wp\/v2\/comments?post=3087"}],"version-history":[{"count":6,"href":"https:\/\/sweatrepublix.com\/en\/wp-json\/wp\/v2\/pages\/3087\/revisions"}],"predecessor-version":[{"id":3104,"href":"https:\/\/sweatrepublix.com\/en\/wp-json\/wp\/v2\/pages\/3087\/revisions\/3104"}],"up":[{"embeddable":true,"href":"https:\/\/sweatrepublix.com\/en\/wp-json\/wp\/v2\/pages\/1735"}],"wp:attachment":[{"href":"https:\/\/sweatrepublix.com\/en\/wp-json\/wp\/v2\/media?parent=3087"}],"curies":[{"name":"wp","href":"https:\/\/api.w.org\/{rel}","templated":true}]}}